{"id":203,"date":"2023-10-26T06:39:56","date_gmt":"2023-10-26T06:39:56","guid":{"rendered":"https:\/\/wheelrestore.com\/?page_id=203"},"modified":"2025-05-22T11:52:14","modified_gmt":"2025-05-22T11:52:14","slug":"kontaktujte-nas","status":"publish","type":"page","link":"https:\/\/wheelrestore.com\/cs\/kontaktujte-nas\/","title":{"rendered":"Kontaktujte n\u00e1s"},"content":{"rendered":"<div class=\"wpb-content-wrapper\"><div class=\"nm-row nm-row-boxed vc_row wpb_row\"><div class=\"nm_column wpb_column vc_column_container col-sm-12 vc_col-sm-12\"><div class=\"vc_column-inner\"><div class=\"wpb_wrapper\"><!-- start breadcrumbs -->\n\n\t\t\t<p id=\"breadcrumbs\">\n    <span><span><a href=\"https:\/\/wheelrestore.com\/cs\/\">Home<\/a><\/span><\/span>\n<\/p>\n\t\t\t<!-- end breadcrumbs --><\/div><\/div><\/div><\/div><div class=\"nm-row nm-row-boxed vc_row wpb_row\"><div class=\"nm_column wpb_column vc_column_container col-sm-4 vc_col-sm-4\"><div class=\"vc_column-inner\"><div class=\"wpb_wrapper\"><div class=\"vc_empty_space\"   style=\"height: 25px\"><span class=\"vc_empty_space_inner\"><\/span><\/div><h1 style=\"font-size: 34px;line-height: 1.1;text-align: left;font-family:Roboto;font-weight:900;font-style:normal\" class=\"vc_custom_heading\" >KONTAKTUJTE N\u00c1S<\/h1><div class=\"vc_empty_space\"   style=\"height: 15px\"><span class=\"vc_empty_space_inner\"><\/span><\/div><\/div><\/div><\/div><div class=\"nm_column wpb_column vc_column_container col-sm-8 vc_col-sm-8\"><div class=\"vc_column-inner\"><div class=\"wpb_wrapper\"><div class=\"vc_empty_space\"   style=\"height: 25px\"><span class=\"vc_empty_space_inner\"><\/span><\/div>\n\t<div class=\"wpb_text_column wpb_content_element\" >\n\t\t<div class=\"wpb_wrapper\">\n\t\t\t<p>Pot\u0159ebujete pomoci s produktem Wheel Restore nebo m\u00e1te dotaz? Kontaktujte n\u00e1\u0161 t\u00fdm Wheel Restore. Vypl\u0148te n\u00ed\u017ee uveden\u00fd kontaktn\u00ed formul\u00e1\u0159 a my se v\u00e1m brzy ozveme.<\/p>\n\n\t\t<\/div>\n\t<\/div>\n<div class=\"vc_empty_space\"   style=\"height: 15px\"><span class=\"vc_empty_space_inner\"><\/span><\/div><\/div><\/div><\/div><\/div><div class=\"nm-row nm-row-full vc_row wpb_row\"><div class=\"nm_column wpb_column vc_column_container col-sm-12 vc_col-sm-12\"><div class=\"vc_column-inner\"><div class=\"wpb_wrapper\"><div class=\"vc_empty_space\"   style=\"height: 32px\"><span class=\"vc_empty_space_inner\"><\/span><\/div><\/div><\/div><\/div><\/div><div class=\"nm-row nm-row-boxed vc_row wpb_row\"><div class=\"nm_column wpb_column vc_column_container col-sm-8 vc_col-sm-8\"><div class=\"vc_column-inner\"><div class=\"wpb_wrapper\">\n<div class=\"wpcf7 no-js\" id=\"wpcf7-f11-o1\" lang=\"en-US\" dir=\"ltr\" data-wpcf7-id=\"11\">\n<div class=\"screen-reader-response\"><p role=\"status\" aria-live=\"polite\" aria-atomic=\"true\"><\/p> <ul><\/ul><\/div>\n<form action=\"\/cs\/wp-json\/wp\/v2\/pages\/203#wpcf7-f11-o1\" method=\"post\" class=\"wpcf7-form init\" aria-label=\"Kontaktn\u00ed formul\u00e1\u0159\" novalidate=\"novalidate\" data-status=\"init\" data-trp-original-action=\"\/cs\/wp-json\/wp\/v2\/pages\/203#wpcf7-f11-o1\">\n<fieldset class=\"hidden-fields-container\"><input type=\"hidden\" name=\"_wpcf7\" value=\"11\" \/><input type=\"hidden\" name=\"_wpcf7_version\" value=\"6.1.5\" \/><input type=\"hidden\" name=\"_wpcf7_locale\" value=\"en_US\" \/><input type=\"hidden\" name=\"_wpcf7_unit_tag\" value=\"wpcf7-f11-o1\" \/><input type=\"hidden\" name=\"_wpcf7_container_post\" value=\"0\" \/><input type=\"hidden\" name=\"_wpcf7_posted_data_hash\" value=\"\" \/>\n<\/fieldset>\n<div class=\"col-sm-6\" style=\"flex-grow: 1\">\n\t<p><label> Va\u0161e jm\u00e9no?<br \/>\n<span class=\"wpcf7-form-control-wrap\" data-name=\"your-name\"><input size=\"40\" maxlength=\"400\" class=\"wpcf7-form-control wpcf7-text wpcf7-validates-as-required\" autocomplete=\"name\" aria-required=\"true\" aria-invalid=\"false\" value=\"\" type=\"text\" name=\"your-name\" \/><\/span> <\/label>\n\t<\/p>\n<\/div>\n<div class=\"col-sm-6\" style=\"flex-grow: 1\">\n\t<p><label> V\u00e1\u0161 e-mail?<br \/>\n<span class=\"wpcf7-form-control-wrap\" data-name=\"your-email\"><input size=\"40\" maxlength=\"400\" class=\"wpcf7-form-control wpcf7-email wpcf7-validates-as-required wpcf7-text wpcf7-validates-as-email\" autocomplete=\"email\" aria-required=\"true\" aria-invalid=\"false\" value=\"\" type=\"email\" name=\"your-email\" \/><\/span> <\/label>\n\t<\/p>\n<\/div>\n<div class=\"col-sm-6\" style=\"flex-grow: 1\">\n\t<p><label> Va\u0161e telefonn\u00ed \u010d\u00edslo?<br \/>\n<span class=\"wpcf7-form-control-wrap\" data-name=\"tel-917\"><input size=\"40\" maxlength=\"400\" class=\"wpcf7-form-control wpcf7-tel wpcf7-validates-as-required wpcf7-text wpcf7-validates-as-tel\" autocomplete=\"tel\" aria-required=\"true\" aria-invalid=\"false\" value=\"\" type=\"tel\" name=\"tel-917\" \/><\/span> <\/label>\n\t<\/p>\n<\/div>\n<div class=\"col-sm-6\" style=\"flex-grow: 1\">\n\t<p><label> Spole\u010dnost<br \/>\n<span class=\"wpcf7-form-control-wrap\" data-name=\"your-company\"><input size=\"40\" maxlength=\"400\" class=\"wpcf7-form-control wpcf7-text wpcf7-validates-as-required\" autocomplete=\"organization\" aria-required=\"true\" aria-invalid=\"false\" value=\"\" type=\"text\" name=\"your-company\" \/><\/span> <\/label>\n\t<\/p>\n<\/div>\n<div class=\"col-sm-6\" style=\"flex-grow: 1\">\n\t<p><label> Va\u0161e zem\u011b<br \/>\n<span class=\"wpcf7-form-control-wrap\" data-name=\"your-country\"><input size=\"40\" maxlength=\"400\" class=\"wpcf7-form-control wpcf7-text wpcf7-validates-as-required\" autocomplete=\"country\" aria-required=\"true\" aria-invalid=\"false\" value=\"\" type=\"text\" name=\"your-country\" \/><\/span> <\/label>\n\t<\/p>\n<\/div>\n<div class=\"col-sm-6\" style=\"flex-grow: 1\">\n\t<p><label> Kde jste se o n\u00e1s dozv\u011bd\u011bli?<br \/>\n<span class=\"wpcf7-form-control-wrap\" data-name=\"where-about\"><input size=\"40\" maxlength=\"400\" class=\"wpcf7-form-control wpcf7-text\" aria-invalid=\"false\" value=\"\" type=\"text\" name=\"where-about\" \/><\/span> <\/label>\n\t<\/p>\n<\/div>\n<div class=\"col-sm-6\" style=\"flex-grow: 1\">\n\t<p><label> Jak\u00fd je v\u00e1\u0161 hlavn\u00ed z\u00e1jem?<\/label><br \/>\n<span class=\"wpcf7-form-control-wrap\" data-name=\"checkbox-plastic\"><span class=\"wpcf7-form-control wpcf7-checkbox\"><span class=\"wpcf7-list-item first\"><label><input type=\"checkbox\" name=\"checkbox-plastic[]\" value=\"Distribution\" \/><span class=\"wpcf7-list-item-label\">Distribuce<\/span><\/label><\/span><span class=\"wpcf7-list-item\"><label><input type=\"checkbox\" name=\"checkbox-plastic[]\" value=\"Financing\" \/><span class=\"wpcf7-list-item-label\">Financov\u00e1n\u00ed<\/span><\/label><\/span><span class=\"wpcf7-list-item\"><label><input type=\"checkbox\" name=\"checkbox-plastic[]\" value=\"Diamond Cut Machine\" \/><span class=\"wpcf7-list-item-label\">Stroj na \u0159ez\u00e1n\u00ed diamant\u016f<\/span><\/label><\/span><span class=\"wpcf7-list-item\"><label><input type=\"checkbox\" name=\"checkbox-plastic[]\" value=\"Automatic Wheel Painting Robot\" \/><span class=\"wpcf7-list-item-label\">Automatick\u00fd robot pro lakov\u00e1n\u00ed kol<\/span><\/label><\/span><span class=\"wpcf7-list-item\"><label><input type=\"checkbox\" name=\"checkbox-plastic[]\" value=\"Wheel Blast Cabinet\" \/><span class=\"wpcf7-list-item-label\">Sk\u0159\u00ed\u0148ka na otrysk\u00e1v\u00e1n\u00ed kol<\/span><\/label><\/span><span class=\"wpcf7-list-item\"><label><input type=\"checkbox\" name=\"checkbox-plastic[]\" value=\"Wheel Straightener\" \/><span class=\"wpcf7-list-item-label\">Vyrovn\u00e1va\u010dka kol<\/span><\/label><\/span><span class=\"wpcf7-list-item\"><label><input type=\"checkbox\" name=\"checkbox-plastic[]\" value=\"Tyre Bead Breaker\" \/><span class=\"wpcf7-list-item-label\">Rozb\u00edje\u010d patek pneumatik<\/span><\/label><\/span><span class=\"wpcf7-list-item last\"><label><input type=\"checkbox\" name=\"checkbox-plastic[]\" value=\"Wheel Prep and Spray Bays\" \/><span class=\"wpcf7-list-item-label\">P\u0159\u00edprava kol a prostory pro st\u0159\u00edk\u00e1n\u00ed<\/span><\/label><\/span><\/span><\/span>\n\t<\/p>\n<\/div>\n<div class=\"col-sm-6\" style=\"flex-grow: 1\">\n\t<p><label> Dal\u0161\u00ed p\u0159ipom\u00ednky<br \/>\n<span class=\"wpcf7-form-control-wrap\" data-name=\"your-message\"><textarea cols=\"40\" rows=\"10\" maxlength=\"2000\" class=\"wpcf7-form-control wpcf7-textarea\" aria-invalid=\"false\" name=\"your-message\"><\/textarea><\/span> <\/label>\n\t<\/p>\n<\/div>\n<div id=\"cf7sr-69e17fd85fc04\" class=\"cf7sr-g-turnstile\" data-theme=\"light\" data-language=\"auto\" data-size=\"normal\" data-appearance=\"always\" data-sitekey=\"0x4AAAAAAA5xiFo_x3gkQ4tE\"><\/div><span class=\"wpcf7-form-control-wrap cf7sr-turnstile\" data-name=\"cf7sr-turnstile\"><input type=\"hidden\" name=\"cf7sr-turnstile\" value=\"\" class=\"wpcf7-form-control\"><\/span>\n<\/p>\n<div class=\"col-sm-12\" style=\"flex-grow: 1\">\n\t<p><input class=\"wpcf7-form-control wpcf7-submit has-spinner\" type=\"submit\" value=\"Odeslat\" \/>\n\t<\/p>\n<\/div><div class=\"wpcf7-response-output\" aria-hidden=\"true\"><\/div>\n<input type=\"hidden\" name=\"trp-form-language\" value=\"cs\"\/><\/form>\n<\/div>\n<\/div><\/div><\/div><div class=\"nm_column wpb_column vc_column_container col-sm-4 vc_col-sm-4\"><div class=\"vc_column-inner\"><div class=\"wpb_wrapper\"><div class=\"vc_empty_space\"   style=\"height: 32px\"><span class=\"vc_empty_space_inner\"><\/span><\/div><h2 style=\"font-size: 18px;color: #020202;text-align: left;font-family:Montserrat;font-weight:700;font-style:normal\" class=\"vc_custom_heading\" >KANCEL\u00c1\u0158E<\/h2><div class=\"vc_empty_space\"   style=\"height: 20px\"><span class=\"vc_empty_space_inner\"><\/span><\/div>\r\n    <div class=\"nm-divider separator_align_center\">\r\n        <div class=\"nm-divider-line\" style=\"height:2px; \"><\/div>\r\n    <\/div><div class=\"vc_empty_space\"   style=\"height: 20px\"><span class=\"vc_empty_space_inner\"><\/span><\/div><h2 style=\"font-size: 18px;color: #7a003c;text-align: left;font-family:Montserrat;font-weight:700;font-style:normal\" class=\"vc_custom_heading\" >Centr\u00e1la HBC Group - D\u00e1nsko<\/h2><div class=\"vc_empty_space\"   style=\"height: 10px\"><span class=\"vc_empty_space_inner\"><\/span><\/div>\n\t<div class=\"wpb_text_column wpb_content_element\" >\n\t\t<div class=\"wpb_wrapper\">\n\t\t\t<p>Hobrovej 961-965<br \/>\nDK9530 St\u00f8vring, D\u00e1nsko<br \/>\nE-mail:\u00a0<a href=\"mailto:info@hbc-system.com\">info@hbc-system.com<\/a><br \/>\nTelefon: <a href=\"tel:004570227070\">+45 7022 7070<\/a><br \/>\nDI\u010c: DK 40293698<\/p>\n\n\t\t<\/div>\n\t<\/div>\n<div class=\"vc_empty_space\"   style=\"height: 20px\"><span class=\"vc_empty_space_inner\"><\/span><\/div>\r\n    <div class=\"nm-divider separator_align_center\">\r\n        <div class=\"nm-divider-line\" style=\"height:2px; \"><\/div>\r\n    <\/div><div class=\"vc_empty_space\"   style=\"height: 20px\"><span class=\"vc_empty_space_inner\"><\/span><\/div><h2 style=\"font-size: 18px;color: #7a003c;text-align: left;font-family:Montserrat;font-weight:700;font-style:normal\" class=\"vc_custom_heading\" >HBC Group North America Inc.<\/h2><div class=\"vc_empty_space\"   style=\"height: 10px\"><span class=\"vc_empty_space_inner\"><\/span><\/div>\n\t<div class=\"wpb_text_column wpb_content_element\" >\n\t\t<div class=\"wpb_wrapper\">\n\t\t\t<p>370 Jay st., Brooklyn,<br \/>\nNew York, 11201, Spojen\u00e9 st\u00e1ty americk\u00e9<\/p>\n\n\t\t<\/div>\n\t<\/div>\n\n\t<div class=\"wpb_text_column wpb_content_element\" >\n\t\t<div class=\"wpb_wrapper\">\n\t\t\t<div class=\"wpb_text_column wpb_content_element vc_custom_1682506002008 text_white\">\n<div class=\"wpb_wrapper\">\n<p>E-mail:\u00a0<a href=\"mailto:info@hbc-system.com\">info@hbc-system.com<\/a><br \/>\nTel: \u00a0<a href=\"tel:0019179638280\">+1 917 963 8280<\/a><\/p>\n<\/div>\n<\/div>\n\n\t\t<\/div>\n\t<\/div>\n<div class=\"vc_empty_space\"   style=\"height: 20px\"><span class=\"vc_empty_space_inner\"><\/span><\/div>\r\n    <div class=\"nm-divider separator_align_center\">\r\n        <div class=\"nm-divider-line\" style=\"height:2px; \"><\/div>\r\n    <\/div><div class=\"vc_empty_space\"   style=\"height: 20px\"><span class=\"vc_empty_space_inner\"><\/span><\/div><h2 style=\"font-size: 18px;color: #7a003c;text-align: left;font-family:Montserrat;font-weight:700;font-style:normal\" class=\"vc_custom_heading\" >HBC Group N\u011bmecko<\/h2><div class=\"vc_empty_space\"   style=\"height: 10px\"><span class=\"vc_empty_space_inner\"><\/span><\/div>\n\t<div class=\"wpb_text_column wpb_content_element\" >\n\t\t<div class=\"wpb_wrapper\">\n\t\t\t<div class=\"wpb_text_column wpb_content_element vc_custom_1682506002008 text_white\">\n<div class=\"wpb_wrapper\">\n<p>E-mail:\u00a0<a href=\"mailto:verkauf@hbc-system.com\">verkauf@hbc-system.com<\/a><br \/>\nTel: \u00a0<a href=\"tel:004943190499891\">+49 43190499891<\/a><br \/>\nFax: +49 4307900192<\/p>\n<\/div>\n<\/div>\n\n\t\t<\/div>\n\t<\/div>\n<div class=\"vc_empty_space\"   style=\"height: 20px\"><span class=\"vc_empty_space_inner\"><\/span><\/div><\/div><\/div><\/div><\/div><div class=\"nm-row nm-row-full vc_row wpb_row\"><div class=\"nm_column wpb_column vc_column_container col-sm-12 vc_col-sm-12\"><div class=\"vc_column-inner\"><div class=\"wpb_wrapper\"><div class=\"vc_empty_space\"   style=\"height: 50px\"><span class=\"vc_empty_space_inner\"><\/span><\/div><\/div><\/div><\/div><\/div>\n<\/div>","protected":false},"excerpt":{"rendered":"Beratung auf Deutsch Interessiert an unseren Felgenreparaturl\u00f6sungen? Kontaktieren Sie unser Vertriebsteam oder buchen Sie eine unverbindliche, kostenlose Demo: +49 431 90499891","protected":false},"author":1,"featured_media":0,"parent":0,"menu_order":0,"comment_status":"closed","ping_status":"closed","template":"templates\/page-full.php","meta":{"content-type":"","footnotes":""},"class_list":["post-203","page","type-page","status-publish","hentry"],"yoast_head":"<!-- This site is optimized with the Yoast SEO Premium plugin v21.4 (Yoast SEO v27.4) - https:\/\/yoast.com\/product\/yoast-seo-premium-wordpress\/ -->\n<title>Contact Wheel Restore - Get in Touch With our Team<\/title>\n<meta name=\"description\" content=\"Need help with a Wheel Restore product or have a question? Reach out to our team\u2014we\u2019re here to help with wheel repair solutions and support.\" \/>\n<meta name=\"robots\" content=\"index, follow, max-snippet:-1, max-image-preview:large, max-video-preview:-1\" \/>\n<link rel=\"canonical\" href=\"https:\/\/wheelrestore.com\/cs\/kontaktujte-nas\/\" \/>\n<meta property=\"og:locale\" content=\"cs_CZ\" \/>\n<meta property=\"og:type\" content=\"article\" \/>\n<meta property=\"og:title\" content=\"Contact us\" \/>\n<meta property=\"og:description\" content=\"Need help with a Wheel Restore product or have a question? Reach out to our team\u2014we\u2019re here to help with wheel repair solutions and support.\" \/>\n<meta property=\"og:url\" content=\"https:\/\/wheelrestore.com\/cs\/kontaktujte-nas\/\" \/>\n<meta property=\"og:site_name\" content=\"WheelRestore\" \/>\n<meta property=\"article:modified_time\" content=\"2025-05-22T11:52:14+00:00\" \/>\n<meta name=\"twitter:card\" content=\"summary_large_image\" \/>\n<meta name=\"twitter:label1\" content=\"Odhadovan\u00e1 doba \u010dten\u00ed\" \/>\n\t<meta name=\"twitter:data1\" content=\"1 minuta\" \/>\n<script type=\"application\/ld+json\" class=\"yoast-schema-graph\">{\"@context\":\"https:\\\/\\\/schema.org\",\"@graph\":[{\"@type\":\"WebPage\",\"@id\":\"https:\\\/\\\/wheelrestore.com\\\/contact-us\\\/\",\"url\":\"https:\\\/\\\/wheelrestore.com\\\/contact-us\\\/\",\"name\":\"Contact Wheel Restore - Get in Touch With our Team\",\"isPartOf\":{\"@id\":\"https:\\\/\\\/wheelrestore.com\\\/#website\"},\"datePublished\":\"2023-10-26T06:39:56+00:00\",\"dateModified\":\"2025-05-22T11:52:14+00:00\",\"description\":\"Need help with a Wheel Restore product or have a question? Reach out to our team\u2014we\u2019re here to help with wheel repair solutions and support.\",\"breadcrumb\":{\"@id\":\"https:\\\/\\\/wheelrestore.com\\\/contact-us\\\/#breadcrumb\"},\"inLanguage\":\"cs\",\"potentialAction\":[{\"@type\":\"ReadAction\",\"target\":[\"https:\\\/\\\/wheelrestore.com\\\/contact-us\\\/\"]}]},{\"@type\":\"BreadcrumbList\",\"@id\":\"https:\\\/\\\/wheelrestore.com\\\/contact-us\\\/#breadcrumb\",\"itemListElement\":[{\"@type\":\"ListItem\",\"position\":1,\"name\":\"Home\",\"item\":\"https:\\\/\\\/wheelrestore.com\\\/\"},{\"@type\":\"ListItem\",\"position\":2,\"name\":\"Contact us\"}]},{\"@type\":\"WebSite\",\"@id\":\"https:\\\/\\\/wheelrestore.com\\\/#website\",\"url\":\"https:\\\/\\\/wheelrestore.com\\\/\",\"name\":\"WheelRestore\",\"description\":\"\",\"potentialAction\":[{\"@type\":\"SearchAction\",\"target\":{\"@type\":\"EntryPoint\",\"urlTemplate\":\"https:\\\/\\\/wheelrestore.com\\\/?s={search_term_string}\"},\"query-input\":{\"@type\":\"PropertyValueSpecification\",\"valueRequired\":true,\"valueName\":\"search_term_string\"}}],\"inLanguage\":\"cs\"}]}<\/script>\n<!-- \/ Yoast SEO Premium plugin. -->","yoast_head_json":{"title":"Kontakt Wheel Restore - Kontaktujte n\u00e1\u0161 t\u00fdm","description":"Pot\u0159ebujete pomoci s produktem Wheel Restore nebo m\u00e1te dotaz? Obra\u0165te se na n\u00e1\u0161 t\u00fdm - jsme tu pro v\u00e1s, abychom v\u00e1m pomohli s \u0159e\u0161en\u00edm oprav kol a podporou.","robots":{"index":"index","follow":"follow","max-snippet":"max-snippet:-1","max-image-preview":"max-image-preview:large","max-video-preview":"max-video-preview:-1"},"canonical":"https:\/\/wheelrestore.com\/cs\/kontaktujte-nas\/","og_locale":"cs_CZ","og_type":"article","og_title":"Contact us","og_description":"Need help with a Wheel Restore product or have a question? Reach out to our team\u2014we\u2019re here to help with wheel repair solutions and support.","og_url":"https:\/\/wheelrestore.com\/cs\/kontaktujte-nas\/","og_site_name":"WheelRestore","article_modified_time":"2025-05-22T11:52:14+00:00","twitter_card":"summary_large_image","twitter_misc":{"Odhadovan\u00e1 doba \u010dten\u00ed":"1 minuta"},"schema":{"@context":"https:\/\/schema.org","@graph":[{"@type":"WebPage","@id":"https:\/\/wheelrestore.com\/contact-us\/","url":"https:\/\/wheelrestore.com\/contact-us\/","name":"Kontakt Wheel Restore - Kontaktujte n\u00e1\u0161 t\u00fdm","isPartOf":{"@id":"https:\/\/wheelrestore.com\/#website"},"datePublished":"2023-10-26T06:39:56+00:00","dateModified":"2025-05-22T11:52:14+00:00","description":"Pot\u0159ebujete pomoci s produktem Wheel Restore nebo m\u00e1te dotaz? Obra\u0165te se na n\u00e1\u0161 t\u00fdm - jsme tu pro v\u00e1s, abychom v\u00e1m pomohli s \u0159e\u0161en\u00edm oprav kol a podporou.","breadcrumb":{"@id":"https:\/\/wheelrestore.com\/contact-us\/#breadcrumb"},"inLanguage":"cs","potentialAction":[{"@type":"ReadAction","target":["https:\/\/wheelrestore.com\/contact-us\/"]}]},{"@type":"BreadcrumbList","@id":"https:\/\/wheelrestore.com\/contact-us\/#breadcrumb","itemListElement":[{"@type":"ListItem","position":1,"name":"Home","item":"https:\/\/wheelrestore.com\/"},{"@type":"ListItem","position":2,"name":"Contact us"}]},{"@type":"WebSite","@id":"https:\/\/wheelrestore.com\/#website","url":"https:\/\/wheelrestore.com\/","name":"WheelRestore","description":"","potentialAction":[{"@type":"SearchAction","target":{"@type":"EntryPoint","urlTemplate":"https:\/\/wheelrestore.com\/?s={search_term_string}"},"query-input":{"@type":"PropertyValueSpecification","valueRequired":true,"valueName":"search_term_string"}}],"inLanguage":"cs"}]}},"_links":{"self":[{"href":"https:\/\/wheelrestore.com\/cs\/wp-json\/wp\/v2\/pages\/203","targetHints":{"allow":["GET"]}}],"collection":[{"href":"https:\/\/wheelrestore.com\/cs\/wp-json\/wp\/v2\/pages"}],"about":[{"href":"https:\/\/wheelrestore.com\/cs\/wp-json\/wp\/v2\/types\/page"}],"author":[{"embeddable":true,"href":"https:\/\/wheelrestore.com\/cs\/wp-json\/wp\/v2\/users\/1"}],"replies":[{"embeddable":true,"href":"https:\/\/wheelrestore.com\/cs\/wp-json\/wp\/v2\/comments?post=203"}],"version-history":[{"count":26,"href":"https:\/\/wheelrestore.com\/cs\/wp-json\/wp\/v2\/pages\/203\/revisions"}],"predecessor-version":[{"id":2320,"href":"https:\/\/wheelrestore.com\/cs\/wp-json\/wp\/v2\/pages\/203\/revisions\/2320"}],"wp:attachment":[{"href":"https:\/\/wheelrestore.com\/cs\/wp-json\/wp\/v2\/media?parent=203"}],"curies":[{"name":"wp","href":"https:\/\/api.w.org\/{rel}","templated":true}]}}