{"id":3,"date":"2023-03-31T07:07:37","date_gmt":"2023-03-31T07:07:37","guid":{"rendered":"https:\/\/wheelrestore.com\/?page_id=3"},"modified":"2025-08-28T12:55:30","modified_gmt":"2025-08-28T12:55:30","slug":"privacy-policy","status":"publish","type":"page","link":"https:\/\/wheelrestore.com\/cs\/privacy-policy\/","title":{"rendered":"Z\u00e1sady ochrany osobn\u00edch \u00fadaj\u016f"},"content":{"rendered":"<div class=\"wpb-content-wrapper\"><div class=\"nm-row nm-row-full vc_row wpb_row\"><div class=\"nm_column wpb_column vc_column_container col-sm-12 vc_col-sm-12\"><div class=\"vc_column-inner\"><div class=\"wpb_wrapper\"><div class=\"vc_empty_space\"   style=\"height: 32px\"><span class=\"vc_empty_space_inner\"><\/span><\/div>\n\t<div class=\"wpb_text_column wpb_content_element\" >\n\t\t<div class=\"wpb_wrapper\">\n\t\t\t<h1 style=\"text-align: left;\">Z\u00e1sady ochrany osobn\u00edch \u00fadaj\u016f<\/h1>\n\n\t\t<\/div>\n\t<\/div>\n<div class=\"vc_empty_space\"   style=\"height: 32px\"><span class=\"vc_empty_space_inner\"><\/span><\/div><\/div><\/div><\/div><\/div><div class=\"nm-row nm-row-boxed vc_row wpb_row\"><div class=\"nm_column wpb_column vc_column_container col-sm-6 vc_col-sm-6\"><div class=\"vc_column-inner\"><div class=\"wpb_wrapper\">\n\t<div class=\"wpb_text_column wpb_content_element\" >\n\t\t<div class=\"wpb_wrapper\">\n\t\t\t<p>Ve spole\u010dnosti Wheel Restore respektujeme va\u0161e soukrom\u00ed a zavazujeme se chr\u00e1nit va\u0161e osobn\u00ed \u00fadaje. Tyto z\u00e1sady ochrany osobn\u00edch \u00fadaj\u016f vysv\u011btluj\u00ed, jak shroma\u017e\u010fujeme, pou\u017e\u00edv\u00e1me a chr\u00e1n\u00edme va\u0161e \u00fadaje p\u0159i n\u00e1v\u0161t\u011bv\u011b na\u0161ich webov\u00fdch str\u00e1nek, interakci s na\u0161imi slu\u017ebami nebo n\u00e1kupu na\u0161ich produkt\u016f.<\/p>\n<h3><strong>1. Informace, kter\u00e9 shroma\u017e\u010fujeme<\/strong><\/h3>\n<p>M\u016f\u017eeme shroma\u017e\u010fovat n\u00e1sleduj\u00edc\u00ed typy osobn\u00edch \u00fadaj\u016f:<\/p>\n<p>Kontaktn\u00ed informace: Jm\u00e9no, e-mailov\u00e1 adresa, telefonn\u00ed \u010d\u00edslo, \u00fadaje o spole\u010dnosti.<br \/>Informace o \u00fa\u010dtu: Pokud si vytvo\u0159\u00edte \u00fa\u010det, p\u0159ihla\u0161ovac\u00ed \u00fadaje.<br \/>\u00dadaje o transakc\u00edch: Historie n\u00e1kup\u016f, informace o platb\u00e1ch a faktura\u010dn\u00ed \u00fadaje.<br \/>\u00dadaje o pou\u017eit\u00ed: Jak\u00fdm zp\u016fsobem pracujete s na\u0161imi webov\u00fdmi str\u00e1nkami, v\u010detn\u011b nav\u0161t\u00edven\u00fdch str\u00e1nek a kliknut\u00fdch odkaz\u016f.<br \/>Marketingov\u00e9 preference: Va\u0161e preference t\u00fdkaj\u00edc\u00ed se komunikace s n\u00e1mi.<\/p>\n<h3><strong>2. Jak pou\u017e\u00edv\u00e1me va\u0161e informace<\/strong><\/h3>\n<p>Va\u0161e osobn\u00ed \u00fadaje pou\u017e\u00edv\u00e1me k:<\/p>\n<p>poskytovat a zlep\u0161ovat na\u0161e produkty a slu\u017eby.<br \/>Zpracov\u00e1n\u00ed objedn\u00e1vek, plateb a dod\u00e1vek.<br \/>komunikovat s v\u00e1mi ohledn\u011b va\u0161eho \u00fa\u010dtu, objedn\u00e1vek nebo dotaz\u016f.<br \/>zas\u00edl\u00e1n\u00ed marketingov\u00fdch sd\u011blen\u00ed, pokud jste se k tomu p\u0159ihl\u00e1sili.<br \/>dodr\u017eovat z\u00e1konn\u00e9 povinnosti a chr\u00e1nit na\u0161e z\u00e1konn\u00e1 pr\u00e1va.<\/p>\n<h3><strong>3. Sd\u00edlen\u00ed va\u0161ich informac\u00ed<\/strong><\/h3>\n<p>Va\u0161e osobn\u00ed \u00fadaje neprod\u00e1v\u00e1me ani nepronaj\u00edm\u00e1me t\u0159et\u00edm stran\u00e1m. Va\u0161e \u00fadaje m\u016f\u017eeme sd\u00edlet s:<\/p>\n<p>Poskytovatel\u00e9 slu\u017eeb: Spole\u010dnosti, kter\u00e9 n\u00e1m pom\u00e1haj\u00ed s provozem (nap\u0159. zpracovatel\u00e9 plateb, IT slu\u017eby).<br \/>Pr\u00e1vn\u00ed org\u00e1ny: Pokud to vy\u017eaduje z\u00e1kon nebo ochrana na\u0161ich pr\u00e1v.<\/p>\n<h3><strong>4. Soubory cookie a sledov\u00e1n\u00ed<\/strong><\/h3>\n<p>Na\u0161e webov\u00e9 str\u00e1nky mohou pou\u017e\u00edvat soubory cookie a podobn\u00e9 technologie, aby zlep\u0161ily va\u0161e prohl\u00ed\u017een\u00ed a shroma\u017e\u010fovaly \u00fadaje o pou\u017e\u00edv\u00e1n\u00ed. P\u0159edvolby soubor\u016f cookie m\u016f\u017eete spravovat prost\u0159ednictv\u00edm nastaven\u00ed prohl\u00ed\u017ee\u010de.<\/p>\n\n\t\t<\/div>\n\t<\/div>\n<\/div><\/div><\/div><div class=\"nm_column wpb_column vc_column_container col-sm-6 vc_col-sm-6\"><div class=\"vc_column-inner\"><div class=\"wpb_wrapper\">\n\t<div class=\"wpb_text_column wpb_content_element\" >\n\t\t<div class=\"wpb_wrapper\">\n\t\t\t<h3><strong>5. Va\u0161e pr\u00e1va<\/strong><\/h3>\n<p>V z\u00e1vislosti na m\u00edst\u011b, kde se nach\u00e1z\u00edte, m\u016f\u017eete m\u00edt pr\u00e1vo na:<\/p>\n<p>p\u0159\u00edstup k osobn\u00edm \u00fadaj\u016fm, kter\u00e9 o v\u00e1s uchov\u00e1v\u00e1me.<br \/>Opravte nebo aktualizujte sv\u00e9 \u00fadaje.<br \/>Po\u017e\u00e1dat o vymaz\u00e1n\u00ed sv\u00fdch osobn\u00edch \u00fadaj\u016f.<br \/>vzn\u00e9st n\u00e1mitku nebo omezit zpracov\u00e1n\u00ed va\u0161ich \u00fadaj\u016f.<br \/>Odvolat souhlas s marketingovou komunikac\u00ed.<br \/>Chcete-li uplatnit sv\u00e1 pr\u00e1va, kontaktujte n\u00e1s na adrese: <a href=\"mailto:info@wheelrestore.com\">info@wheelrestore.com<\/a>.<\/p>\n<h3><strong>6. Zabezpe\u010den\u00ed dat<\/strong><\/h3>\n<p>Prov\u00e1d\u00edme vhodn\u00e1 technick\u00e1 a organiza\u010dn\u00ed opat\u0159en\u00ed na ochranu va\u0161ich \u00fadaj\u016f p\u0159ed neopr\u00e1vn\u011bn\u00fdm p\u0159\u00edstupem, zm\u011bnou, zve\u0159ejn\u011bn\u00edm nebo zni\u010den\u00edm.<\/p>\n<h3><strong>7. Uchov\u00e1v\u00e1n\u00ed \u00fadaj\u016f<\/strong><\/h3>\n<p>Osobn\u00ed \u00fadaje uchov\u00e1v\u00e1me pouze tak dlouho, jak je to nezbytn\u00e9 pro \u00fa\u010dely uveden\u00e9 v t\u011bchto z\u00e1sad\u00e1ch nebo jak to vy\u017eaduje z\u00e1kon.<\/p>\n<h3><strong>8. Odkazy t\u0159et\u00edch stran<\/strong><\/h3>\n<p>Na\u0161e webov\u00e9 str\u00e1nky mohou obsahovat odkazy na webov\u00e9 str\u00e1nky t\u0159et\u00edch stran. Nejsme zodpov\u011bdn\u00ed za ochranu osobn\u00edch \u00fadaj\u016f na t\u011bchto webov\u00fdch str\u00e1nk\u00e1ch a doporu\u010dujeme v\u00e1m, abyste si prostudovali jejich z\u00e1sady ochrany osobn\u00edch \u00fadaj\u016f.<\/p>\n<h3><strong>9. Aktualizace t\u011bchto z\u00e1sad<\/strong><\/h3>\n<p>Tyto z\u00e1sady ochrany osobn\u00edch \u00fadaj\u016f m\u016f\u017eeme \u010das od \u010dasu aktualizovat. Nejnov\u011bj\u0161\u00ed verze bude v\u017edy k dispozici na na\u0161ich webov\u00fdch str\u00e1nk\u00e1ch. Doporu\u010dujeme v\u00e1m, abyste si je pravideln\u011b prohl\u00ed\u017eeli.<\/p>\n<h3><strong>10. Kontaktujte n\u00e1s<\/strong><\/h3>\n<p>Pokud m\u00e1te jak\u00e9koli dotazy nebo obavy t\u00fdkaj\u00edc\u00ed se t\u011bchto z\u00e1sad ochrany osobn\u00edch \u00fadaj\u016f nebo toho, jak s va\u0161imi osobn\u00edmi \u00fadaji nakl\u00e1d\u00e1me, kontaktujte n\u00e1s:<\/p>\n<p>Obnova kol<br \/>Hobrovej 963<br \/><a href=\"mailto:info@wheelrestore.com\">info@wheelrestore.com<\/a><br \/>+45 7022 7070<\/p>\n\n\t\t<\/div>\n\t<\/div>\n<\/div><\/div><\/div><\/div><div class=\"nm-row nm-row-full vc_row wpb_row\"><div class=\"nm_column wpb_column vc_column_container col-sm-12 vc_col-sm-12\"><div class=\"vc_column-inner\"><div class=\"wpb_wrapper\"><div class=\"vc_empty_space\"   style=\"height: 60px\"><span class=\"vc_empty_space_inner\"><\/span><\/div><\/div><\/div><\/div><\/div><\/div>","protected":false},"excerpt":{"rendered":"Privacy Policy At Wheel Restore, we respect your privacy and are committed to protecting your personal data. This privacy policy explains how we collect, use, and safeguard your information when you visit our website, interact with our services, or purchase our products. 1. Information We Collect We may collect the following types of personal information: [...]","protected":false},"author":1,"featured_media":0,"parent":0,"menu_order":0,"comment_status":"closed","ping_status":"open","template":"","meta":{"content-type":"","footnotes":""},"class_list":["post-3","page","type-page","status-publish","hentry"],"yoast_head":"<!-- This site is optimized with the Yoast SEO Premium plugin v21.4 (Yoast SEO v25.0) - https:\/\/yoast.com\/wordpress\/plugins\/seo\/ -->\n<title>Privacy Policy - WheelRestore<\/title>\n<meta name=\"robots\" content=\"index, follow, max-snippet:-1, max-image-preview:large, max-video-preview:-1\" \/>\n<link rel=\"canonical\" href=\"https:\/\/wheelrestore.com\/cs\/privacy-policy\/\" \/>\n<meta property=\"og:locale\" content=\"cs_CZ\" \/>\n<meta property=\"og:type\" content=\"article\" \/>\n<meta property=\"og:title\" content=\"Privacy Policy\" \/>\n<meta property=\"og:url\" content=\"https:\/\/wheelrestore.com\/cs\/privacy-policy\/\" \/>\n<meta property=\"og:site_name\" content=\"WheelRestore\" \/>\n<meta property=\"article:modified_time\" content=\"2025-08-28T12:55:30+00:00\" \/>\n<meta name=\"twitter:card\" content=\"summary_large_image\" \/>\n<meta name=\"twitter:label1\" content=\"Odhadovan\u00e1 doba \u010dten\u00ed\" \/>\n\t<meta name=\"twitter:data1\" content=\"5 minut\" \/>\n<script type=\"application\/ld+json\" class=\"yoast-schema-graph\">{\"@context\":\"https:\/\/schema.org\",\"@graph\":[{\"@type\":\"WebPage\",\"@id\":\"https:\/\/wheelrestore.com\/privacy-policy\/\",\"url\":\"https:\/\/wheelrestore.com\/privacy-policy\/\",\"name\":\"Privacy Policy - WheelRestore\",\"isPartOf\":{\"@id\":\"https:\/\/wheelrestore.com\/#website\"},\"datePublished\":\"2023-03-31T07:07:37+00:00\",\"dateModified\":\"2025-08-28T12:55:30+00:00\",\"breadcrumb\":{\"@id\":\"https:\/\/wheelrestore.com\/privacy-policy\/#breadcrumb\"},\"inLanguage\":\"cs\",\"potentialAction\":[{\"@type\":\"ReadAction\",\"target\":[\"https:\/\/wheelrestore.com\/privacy-policy\/\"]}]},{\"@type\":\"BreadcrumbList\",\"@id\":\"https:\/\/wheelrestore.com\/privacy-policy\/#breadcrumb\",\"itemListElement\":[{\"@type\":\"ListItem\",\"position\":1,\"name\":\"Home\",\"item\":\"https:\/\/wheelrestore.com\/\"},{\"@type\":\"ListItem\",\"position\":2,\"name\":\"Privacy Policy\"}]},{\"@type\":\"WebSite\",\"@id\":\"https:\/\/wheelrestore.com\/#website\",\"url\":\"https:\/\/wheelrestore.com\/\",\"name\":\"WheelRestore\",\"description\":\"\",\"potentialAction\":[{\"@type\":\"SearchAction\",\"target\":{\"@type\":\"EntryPoint\",\"urlTemplate\":\"https:\/\/wheelrestore.com\/?s={search_term_string}\"},\"query-input\":{\"@type\":\"PropertyValueSpecification\",\"valueRequired\":true,\"valueName\":\"search_term_string\"}}],\"inLanguage\":\"cs\"}]}<\/script>\n<!-- \/ Yoast SEO Premium plugin. -->","yoast_head_json":{"title":"Z\u00e1sady ochrany osobn\u00edch \u00fadaj\u016f - WheelRestore","robots":{"index":"index","follow":"follow","max-snippet":"max-snippet:-1","max-image-preview":"max-image-preview:large","max-video-preview":"max-video-preview:-1"},"canonical":"https:\/\/wheelrestore.com\/cs\/privacy-policy\/","og_locale":"cs_CZ","og_type":"article","og_title":"Privacy Policy","og_url":"https:\/\/wheelrestore.com\/cs\/privacy-policy\/","og_site_name":"WheelRestore","article_modified_time":"2025-08-28T12:55:30+00:00","twitter_card":"summary_large_image","twitter_misc":{"Odhadovan\u00e1 doba \u010dten\u00ed":"5 minut"},"schema":{"@context":"https:\/\/schema.org","@graph":[{"@type":"WebPage","@id":"https:\/\/wheelrestore.com\/privacy-policy\/","url":"https:\/\/wheelrestore.com\/privacy-policy\/","name":"Z\u00e1sady ochrany osobn\u00edch \u00fadaj\u016f - WheelRestore","isPartOf":{"@id":"https:\/\/wheelrestore.com\/#website"},"datePublished":"2023-03-31T07:07:37+00:00","dateModified":"2025-08-28T12:55:30+00:00","breadcrumb":{"@id":"https:\/\/wheelrestore.com\/privacy-policy\/#breadcrumb"},"inLanguage":"cs","potentialAction":[{"@type":"ReadAction","target":["https:\/\/wheelrestore.com\/privacy-policy\/"]}]},{"@type":"BreadcrumbList","@id":"https:\/\/wheelrestore.com\/privacy-policy\/#breadcrumb","itemListElement":[{"@type":"ListItem","position":1,"name":"Home","item":"https:\/\/wheelrestore.com\/"},{"@type":"ListItem","position":2,"name":"Privacy Policy"}]},{"@type":"WebSite","@id":"https:\/\/wheelrestore.com\/#website","url":"https:\/\/wheelrestore.com\/","name":"WheelRestore","description":"","potentialAction":[{"@type":"SearchAction","target":{"@type":"EntryPoint","urlTemplate":"https:\/\/wheelrestore.com\/?s={search_term_string}"},"query-input":{"@type":"PropertyValueSpecification","valueRequired":true,"valueName":"search_term_string"}}],"inLanguage":"cs"}]}},"_links":{"self":[{"href":"https:\/\/wheelrestore.com\/cs\/wp-json\/wp\/v2\/pages\/3","targetHints":{"allow":["GET"]}}],"collection":[{"href":"https:\/\/wheelrestore.com\/cs\/wp-json\/wp\/v2\/pages"}],"about":[{"href":"https:\/\/wheelrestore.com\/cs\/wp-json\/wp\/v2\/types\/page"}],"author":[{"embeddable":true,"href":"https:\/\/wheelrestore.com\/cs\/wp-json\/wp\/v2\/users\/1"}],"replies":[{"embeddable":true,"href":"https:\/\/wheelrestore.com\/cs\/wp-json\/wp\/v2\/comments?post=3"}],"version-history":[{"count":4,"href":"https:\/\/wheelrestore.com\/cs\/wp-json\/wp\/v2\/pages\/3\/revisions"}],"predecessor-version":[{"id":3377,"href":"https:\/\/wheelrestore.com\/cs\/wp-json\/wp\/v2\/pages\/3\/revisions\/3377"}],"wp:attachment":[{"href":"https:\/\/wheelrestore.com\/cs\/wp-json\/wp\/v2\/media?parent=3"}],"curies":[{"name":"wp","href":"https:\/\/api.w.org\/{rel}","templated":true}]}}