{"id":88,"date":"2023-10-23T21:40:27","date_gmt":"2023-10-23T21:40:27","guid":{"rendered":"https:\/\/wheelrestore.com\/?page_id=88"},"modified":"2025-05-08T10:02:58","modified_gmt":"2025-05-08T10:02:58","slug":"financing","status":"publish","type":"page","link":"https:\/\/wheelrestore.com\/cs\/financing\/","title":{"rendered":"Financov\u00e1n\u00ed"},"content":{"rendered":"<div class=\"wpb-content-wrapper\"><div class=\"nm-row nm-row-boxed vc_row wpb_row\"><div class=\"nm_column wpb_column vc_column_container col-sm-12 vc_col-sm-12\"><div class=\"vc_column-inner\"><div class=\"wpb_wrapper\"><!-- start breadcrumbs -->\n\n\t\t\t<p id=\"breadcrumbs\">\n    <span><span><a href=\"https:\/\/wheelrestore.com\/cs\/\">Home<\/a><\/span><\/span>\n<\/p>\n\t\t\t<!-- end breadcrumbs --><\/div><\/div><\/div><\/div><div class=\"nm-row nm-row-boxed vc_row wpb_row nm-row-flex nm-row-col-middle\"><div class=\"nm_column wpb_column vc_column_container col-sm-7 vc_col-sm-7\"><div class=\"vc_column-inner\"><div class=\"wpb_wrapper\"><div class=\"vc_empty_space\"   style=\"height: 32px\"><span class=\"vc_empty_space_inner\"><\/span><\/div><h1 style=\"font-size: 34px;color: #111111;line-height: 1.1;text-align: left;font-family:Roboto;font-weight:700;font-style:normal\" class=\"vc_custom_heading\" >ATRAKTIVN\u00cd \u0158E\u0160EN\u00cd FINANCOV\u00c1N\u00cd<\/h1><h2 style=\"font-size: 26px;color: #111111;line-height: 1.2;text-align: left;font-family:Roboto;font-weight:400;font-style:normal\" class=\"vc_custom_heading\" >Vyu\u017eijte stabiln\u00ed, dlouhodob\u00e9 financov\u00e1n\u00ed s konkurenceschopn\u00fdmi sazbami<\/h2><div class=\"vc_empty_space\"   style=\"height: 20px\"><span class=\"vc_empty_space_inner\"><\/span><\/div>\n\t<div class=\"wpb_text_column wpb_content_element\" >\n\t\t<div class=\"wpb_wrapper\">\n\t\t\t<p>Wheel Restore nab\u00edz\u00ed jedine\u010dnou mo\u017enost financov\u00e1n\u00ed podporovanou d\u00e1nskou vl\u00e1dou, kter\u00e1 je speci\u00e1ln\u011b ur\u010dena na podporu exportn\u00edch aktivit. To z\u00e1kazn\u00edk\u016fm poskytuje v\u00fdznamn\u00e9 v\u00fdhody, v\u010detn\u011b p\u0159\u00edstupu k dlouhodob\u00e9mu, stabiln\u00edmu financov\u00e1n\u00ed za vysoce konkuren\u010dn\u00ed sazby, co\u017e sni\u017euje finan\u010dn\u00ed z\u00e1t\u011b\u017e. S podporou d\u016fv\u011bryhodn\u00e9 d\u00e1nsk\u00e9 agentury pro v\u00fdvozn\u00ed \u00fav\u011bry v\u00e1m toto \u0159e\u0161en\u00ed financov\u00e1n\u00ed umo\u017e\u0148uje investovat do za\u0159\u00edzen\u00ed Wheel Restore s jistotou a klidem.<\/p>\n\n\t\t<\/div>\n\t<\/div>\n<div class=\"vc_empty_space\"   style=\"height: 32px\"><span class=\"vc_empty_space_inner\"><\/span><\/div><\/div><\/div><\/div><div class=\"nm_column wpb_column vc_column_container col-sm-5 vc_col-sm-5\"><div class=\"vc_column-inner\"><div class=\"wpb_wrapper\">\n\t<div  class=\"wpb_single_image wpb_content_element vc_align_center\">\n\t\t\n\t\t<figure class=\"wpb_wrapper vc_figure\">\n\t\t\t<div class=\"vc_single_image-wrapper   vc_box_border_grey\"><img loading=\"lazy\" decoding=\"async\" width=\"850\" height=\"622\" src=\"https:\/\/wheelrestore.com\/wp-content\/uploads\/2024\/10\/EIFO-logo-web.webp\" class=\"vc_single_image-img attachment-full\" alt=\"\" title=\"EIFO-logo-web\" srcset=\"https:\/\/wheelrestore.com\/wp-content\/uploads\/2024\/10\/EIFO-logo-web.webp 850w, https:\/\/wheelrestore.com\/wp-content\/uploads\/2024\/10\/EIFO-logo-web-300x220.webp 300w, https:\/\/wheelrestore.com\/wp-content\/uploads\/2024\/10\/EIFO-logo-web-768x562.webp 768w, https:\/\/wheelrestore.com\/wp-content\/uploads\/2024\/10\/EIFO-logo-web-16x12.webp 16w\" sizes=\"auto, (max-width: 850px) 100vw, 850px\" \/><\/div>\n\t\t<\/figure>\n\t<\/div>\n<\/div><\/div><\/div><\/div><div class=\"nm-row nm-row-full-nopad vc_row wpb_row  vc_custom_1746698555710\"><div class=\"nm_column wpb_column vc_column_container col-sm-12 vc_col-sm-12\"><div class=\"vc_column-inner\"><div class=\"wpb_wrapper\"><div class=\"templatera_shortcode\"><p><\/p>\r\n<\/div><\/div><\/div><\/div><\/div><div class=\"nm-row nm-row-boxed vc_row wpb_row nm-row-flex nm-row-col-middle\"><div class=\"nm_column wpb_column vc_column_container col-sm-6 vc_col-sm-6\"><div class=\"vc_column-inner\"><div class=\"wpb_wrapper\"><h2 style=\"font-size: 26px;color: #010101;line-height: 1.2;text-align: center;font-family:Roboto;font-weight:500;font-style:normal\" class=\"vc_custom_heading\" >Jak to funguje<\/h2>\n\t<div  class=\"wpb_single_image wpb_content_element vc_align_left\">\n\t\t\n\t\t<figure class=\"wpb_wrapper vc_figure\">\n\t\t\t<div class=\"vc_single_image-wrapper   vc_box_border_grey\"><img loading=\"lazy\" decoding=\"async\" width=\"900\" height=\"500\" src=\"https:\/\/wheelrestore.com\/wp-content\/uploads\/2024\/10\/EIFO-animation-1.webp\" class=\"vc_single_image-img attachment-full\" alt=\"\" title=\"EIFO-animace\" srcset=\"https:\/\/wheelrestore.com\/wp-content\/uploads\/2024\/10\/EIFO-animation-1.webp 900w, https:\/\/wheelrestore.com\/wp-content\/uploads\/2024\/10\/EIFO-animation-1-300x167.webp 300w, https:\/\/wheelrestore.com\/wp-content\/uploads\/2024\/10\/EIFO-animation-1-768x427.webp 768w, https:\/\/wheelrestore.com\/wp-content\/uploads\/2024\/10\/EIFO-animation-1-18x10.webp 18w\" sizes=\"auto, (max-width: 900px) 100vw, 900px\" \/><\/div>\n\t\t<\/figure>\n\t<\/div>\n<\/div><\/div><\/div><div class=\"nm_column wpb_column vc_column_container col-sm-6 vc_col-sm-6 vc_custom_1729158553628\"><div class=\"vc_column-inner\"><div class=\"wpb_wrapper\">\n\t<div class=\"wpb_text_column wpb_content_element\" >\n\t\t<div class=\"wpb_wrapper\">\n\t\t\t<p><strong>1. \u00dav\u011br od na\u0161\u00ed banky<\/strong><br \/>\nVe spolupr\u00e1ci s na\u0161\u00ed bankou v\u00e1m nab\u00edz\u00edme \u00fav\u011brovou linku na v\u00e1\u0161 n\u00e1kup, kter\u00e1 v\u00e1m poskytne alespo\u0148 181 dn\u00ed na zaplacen\u00ed. Pro dlouhodob\u011bj\u0161\u00ed mo\u017enosti nab\u00edz\u00ed v\u011bt\u0161ina na\u0161ich smluv o financov\u00e1n\u00ed dobu spl\u00e1cen\u00ed 3 a\u017e 5 let. Aby to v\u0161ak bylo mo\u017en\u00e9, vy\u017eaduje na\u0161e banka z\u00e1ruku za splacen\u00ed.<\/p>\n<p><strong>2. Kryt\u00ed rizik pomoc\u00ed EIFO<\/strong><br \/>\nEIFO poskytuje z\u00e1ruku, kter\u00e1 kryje riziko banky. D\u00edky tomu v\u00e1m banka m\u016f\u017ee poskytnout \u00fav\u011br a usnadnit v\u00e1m financov\u00e1n\u00ed n\u00e1kupu.<\/p>\n<p><strong>3. Bezprobl\u00e9mov\u00e9 schvalov\u00e1n\u00ed<\/strong><br \/>\nNa\u0161e banka \u017e\u00e1d\u00e1 o z\u00e1ruku online prost\u0159ednictv\u00edm EIFO, co\u017e zaji\u0161\u0165uje rychl\u00fd proces, tak\u017ee produkt obdr\u017e\u00edte bez prodlen\u00ed. EIFO posoud\u00ed va\u0161i \u00fav\u011bruschopnost na z\u00e1klad\u011b va\u0161ich finan\u010dn\u00edch v\u00fdkaz\u016f, \u010d\u00edm\u017e zajist\u00ed hladk\u00fd pr\u016fb\u011bh transakce.<\/p>\n\n\t\t<\/div>\n\t<\/div>\n<\/div><\/div><\/div><\/div><div class=\"nm-row nm-row-boxed vc_row wpb_row nm-row-flex nm-row-equal-height  vc_custom_1729158253684\"><div class=\"nm_column wpb_column vc_column_container col-sm-4 vc_col-sm-4 vc_custom_1729499204055\"><div class=\"vc_column-inner\"><div class=\"wpb_wrapper\"><h3 style=\"font-size: 22px;color: #111111;line-height: 1.2;text-align: left;font-family:Roboto;font-weight:500;font-style:normal\" class=\"vc_custom_heading\" >Proces n\u00e1stupu na palubu<\/h3><div class=\"vc_empty_space\"   style=\"height: 20px\"><span class=\"vc_empty_space_inner\"><\/span><\/div><h3 style=\"font-size: 16px;color: #111111;line-height: 1.5;text-align: left;font-family:Roboto;font-weight:400;font-style:normal\" class=\"vc_custom_heading\" >P\u0159edlo\u017een\u00ed finan\u010dn\u00edch v\u00fdkaz\u016f za posledn\u00ed 3 roky.<\/h3><div class=\"vc_empty_space\"   style=\"height: 20px\"><span class=\"vc_empty_space_inner\"><\/span><\/div><h3 style=\"font-size: 16px;color: #111111;line-height: 1.5;text-align: left;font-family:Roboto;font-weight:400;font-style:normal\" class=\"vc_custom_heading\" >Spole\u010dn\u00e1 sch\u016fzka za \u00fa\u010delem finalizace \u010d\u00e1stky a doby trv\u00e1n\u00ed financov\u00e1n\u00ed.<\/h3><div class=\"vc_empty_space\"   style=\"height: 20px\"><span class=\"vc_empty_space_inner\"><\/span><\/div><h3 style=\"font-size: 22px;color: #111111;line-height: 1.2;text-align: left;font-family:Roboto;font-weight:500;font-style:normal\" class=\"vc_custom_heading\" >Kalkulace n\u00e1klad\u016f<\/h3><div class=\"vc_empty_space\"   style=\"height: 20px\"><span class=\"vc_empty_space_inner\"><\/span><\/div><h3 style=\"font-size: 16px;color: #111111;line-height: 1.2;text-align: left;font-family:Roboto;font-weight:500;font-style:normal\" class=\"vc_custom_heading\" >Financov\u00e1n\u00ed za sazbu EURIBOR + 2,20% (orienta\u010dn\u00ed sazba)<\/h3><div class=\"vc_empty_space\"   style=\"height: 20px\"><span class=\"vc_empty_space_inner\"><\/span><\/div><h3 style=\"font-size: 16px;color: #111111;line-height: 1.2;text-align: left;font-family:Roboto;font-weight:500;font-style:normal\" class=\"vc_custom_heading\" >Jednor\u00e1zov\u00e1 rizikov\u00e1 pr\u00e9mie<\/h3><div class=\"vc_empty_space\"   style=\"height: 5px\"><span class=\"vc_empty_space_inner\"><\/span><\/div><h3 style=\"font-size: 16px;color: #6b6b6b;line-height: 1.5;text-align: left;font-family:Roboto;font-weight:400;font-style:normal\" class=\"vc_custom_heading\" >Za z\u00e1ruku zaplat\u00edte EIFO rizikovou pr\u00e9mii. Tato jednor\u00e1zov\u00e1 pr\u00e9mie se vypo\u010d\u00edt\u00e1v\u00e1 na z\u00e1klad\u011b bonity va\u0161\u00ed spole\u010dnosti, ratingu, kter\u00fd j\u00ed p\u0159id\u011bl\u00edme na z\u00e1klad\u011b finan\u010dn\u00ed anal\u00fdzy, politick\u00e9 situace ve va\u0161\u00ed zemi a vyhodnocen\u00e9ho rizika zem\u011b. Pr\u00e9mie rovn\u011b\u017e zohled\u0148uje dobu trv\u00e1n\u00ed \u00fav\u011bru.<\/h3><\/div><\/div><\/div><div class=\"nm_column wpb_column vc_column_container col-sm-4 vc_col-sm-4 vc_custom_1729159150887\"><div class=\"vc_column-inner\"><div class=\"wpb_wrapper\"><h3 style=\"font-size: 22px;color: #111111;line-height: 1.2;text-align: left;font-family:Roboto;font-weight:500;font-style:normal\" class=\"vc_custom_heading\" >V\u00fdhody pro v\u00e1s<\/h3><div class=\"vc_empty_space\"   style=\"height: 20px\"><span class=\"vc_empty_space_inner\"><\/span><\/div>\n\t<div class=\"wpb_text_column wpb_content_element\" >\n\t\t<div class=\"wpb_wrapper\">\n\t\t\t<p><strong>Konkuren\u010dn\u00ed podm\u00ednky<\/strong>: EIFO p\u0159eb\u00edr\u00e1 riziko a umo\u017e\u0148uje v\u00e1m zajistit dlouhodob\u00e9 financov\u00e1n\u00ed va\u0161ich d\u00e1nsk\u00fdch n\u00e1kup\u016f za atraktivn\u00edch podm\u00ednek.<br \/>\n<strong>Stabiln\u00ed platby<\/strong>: U\u017e\u00edvejte si p\u0159edv\u00eddateln\u00e9 pololetn\u00ed spl\u00e1tky, kter\u00e9 zlep\u0161uj\u00ed \u0159\u00edzen\u00ed pen\u011b\u017en\u00edch tok\u016f.<br \/>\n<strong>Podlo\u017eka s hodnocen\u00edm AAA<\/strong>: Vyu\u017eijte jistotu d\u00e1nsk\u00e9 st\u00e1tn\u00ed podpory s ratingem AAA, kter\u00e1 v\u00e1m zajist\u00ed d\u016fv\u011bru ve va\u0161e finan\u010dn\u00ed dohody.<\/p>\n\n\t\t<\/div>\n\t<\/div>\n<\/div><\/div><\/div><div class=\"nm_column wpb_column vc_column_container col-sm-4 vc_col-sm-4 vc_custom_1729166743714\"><div class=\"vc_column-inner\"><div class=\"wpb_wrapper\"><h3 style=\"font-size: 22px;color: #111111;line-height: 1.2;text-align: left;font-family:Roboto;font-weight:500;font-style:normal\" class=\"vc_custom_heading\" >Co to vy\u017eaduje?<\/h3><div class=\"vc_empty_space\"   style=\"height: 20px\"><span class=\"vc_empty_space_inner\"><\/span><\/div>\n\t<div class=\"wpb_text_column wpb_content_element\" >\n\t\t<div class=\"wpb_wrapper\">\n\t\t\t<p><strong>3 roky provozu<\/strong>: V\u00e1\u0161 podnik mus\u00ed b\u00fdt v provozu alespo\u0148 t\u0159i roky a mus\u00ed m\u00edt k dispozici posledn\u00ed t\u0159i v\u00fdro\u010dn\u00ed zpr\u00e1vy.<br \/>\n<strong>Pozitivn\u00ed trend EBITDA<\/strong>: Spole\u010dnost mus\u00ed prok\u00e1zat pozitivn\u00ed v\u00fdvoj EBITDA za posledn\u00ed t\u0159i roky, co\u017e dokl\u00e1d\u00e1 jej\u00ed finan\u010dn\u00ed zdrav\u00ed a ziskovost.<br \/>\n<strong>15% Z\u00e1loha<\/strong>: Pro zah\u00e1jen\u00ed procesu financov\u00e1n\u00ed je vy\u017eadov\u00e1na minim\u00e1ln\u00ed z\u00e1loha ve v\u00fd\u0161i 15% hodnoty smlouvy.<br \/>\n<strong>Pom\u011br vlastn\u00edho kapit\u00e1lu: <\/strong>Spole\u010dnost mus\u00ed m\u00edt vlastn\u00ed kapit\u00e1l vy\u0161\u0161\u00ed ne\u017e trojn\u00e1sobek financovan\u00e9 \u010d\u00e1stky, co\u017e je 85% hodnoty zak\u00e1zky. To zaji\u0161\u0165uje finan\u010dn\u00ed stabilitu a minimalizuje riziko<br \/>\n<strong>\u00dav\u011bruschopnost<\/strong>: EIFO posoud\u00ed \u00fav\u011bruschopnost va\u0161eho podniku na z\u00e1klad\u011b finan\u010dn\u00edch v\u00fdkaz\u016f a dal\u0161\u00ed dokumentace.<\/p>\n\n\t\t<\/div>\n\t<\/div>\n<\/div><\/div><\/div><\/div><div class=\"nm-row nm-row-boxed vc_row wpb_row  vc_custom_1729163584148\"><div class=\"nm_column wpb_column vc_column_container col-sm-12 vc_col-sm-12\"><div class=\"vc_column-inner\"><div class=\"wpb_wrapper\"><h4 style=\"font-size: 14px;color: #111111;line-height: 1.4;text-align: left;font-family:Roboto;font-weight:300;font-style:italic\" class=\"vc_custom_heading\" >EIFO je d\u00e1nsk\u00e1 n\u00e1rodn\u00ed propaga\u010dn\u00ed banka a agentura pro v\u00fdvozn\u00ed \u00fav\u011bry, kter\u00e9 jsou spojeny do jedn\u00e9 finan\u010dn\u00ed instituce. Jako st\u00e1tn\u00ed finan\u010dn\u00ed instituce s glob\u00e1ln\u00ed perspektivou a \u00fav\u011brov\u00fdm ratingem AAA p\u016fsob\u00ed EIFO jako hnac\u00ed s\u00edla a podporovatel nov\u00fdch podnik\u016f a obchodu mezi d\u00e1nsk\u00fdmi spole\u010dnostmi a jejich partnery po cel\u00e9m sv\u011bt\u011b. EIFO m\u00e1 v\u00edce ne\u017e 5 000 z\u00e1kazn\u00edk\u016f a celkov\u00fd objem obchod\u016f \u010din\u00ed p\u0159ibli\u017en\u011b 20 miliard EUR. D\u00edky sv\u00e9 ochot\u011b riskovat p\u0159i financov\u00e1n\u00ed otev\u00edr\u00e1 EIFO cestu t\u011bm, kte\u0159\u00ed se odv\u00e1\u017e\u00ed myslet ve v\u011bt\u0161\u00edm. Proto\u017ee sv\u011bt je z\u00e1le\u017eitost\u00ed D\u00e1nska.<\/h4><\/div><\/div><\/div><\/div><div class=\"nm-row nm-row-full-nopad vc_row wpb_row  vc_custom_1698140593128\"><div class=\"nm_column wpb_column vc_column_container col-sm-12 vc_col-sm-12\"><div class=\"vc_column-inner\"><div class=\"wpb_wrapper\"><div class=\"vc_empty_space\"   style=\"height: 38px\"><span class=\"vc_empty_space_inner\"><\/span><\/div><div class=\"nm-row nm-row-boxed inner\"><div class=\"nm_column nm_column_inner col-sm-12 vc_col-sm-12\"><div class=\"wpb_wrapper\"><h2 style=\"font-size: 28px;line-height: 36px;text-align: center\" class=\"vc_custom_heading\" >Po\u017e\u00e1dejte o schv\u00e1len\u00ed financov\u00e1n\u00ed n\u00ed\u017ee<\/h2><\/div><\/div><\/div>\n\t<div class=\"wpb_raw_code wpb_content_element wpb_raw_html\" >\n\t\t<div class=\"wpb_wrapper\">\n\t\t\t<iframe loading=\"lazy\" style=\"display: block; background: #000; border: none; height: 690px; width: 100%;\" title=\"pron\u00e1jem\" src=\"https:\/\/wheelrestore-785d8.web.app\" width=\"100%\" height=\"100%\"><\/iframe>\n\t\t<\/div>\n\t<\/div>\n<\/div><\/div><\/div><\/div>\n<\/div>","protected":false},"excerpt":{"rendered":"","protected":false},"author":1,"featured_media":0,"parent":0,"menu_order":0,"comment_status":"closed","ping_status":"closed","template":"templates\/page-full.php","meta":{"content-type":"","footnotes":""},"class_list":["post-88","page","type-page","status-publish","hentry"],"yoast_head":"<!-- This site is optimized with the Yoast SEO Premium plugin v21.4 (Yoast SEO v27.4) - https:\/\/yoast.com\/product\/yoast-seo-premium-wordpress\/ -->\n<title>Flexible Financing Solutions for Wheel Restore Products<\/title>\n<meta name=\"description\" content=\"Discover flexible financing options for Wheel Restore equipment. Invest with confidence and peace of mind. Start with a custom plan.\" \/>\n<meta name=\"robots\" content=\"index, follow, max-snippet:-1, max-image-preview:large, max-video-preview:-1\" \/>\n<link rel=\"canonical\" href=\"https:\/\/wheelrestore.com\/cs\/financing\/\" \/>\n<meta property=\"og:locale\" content=\"cs_CZ\" \/>\n<meta property=\"og:type\" content=\"article\" \/>\n<meta property=\"og:title\" content=\"Financing\" \/>\n<meta property=\"og:description\" content=\"Discover flexible financing options for Wheel Restore equipment. Invest with confidence and peace of mind. Start with a custom plan.\" \/>\n<meta property=\"og:url\" content=\"https:\/\/wheelrestore.com\/cs\/financing\/\" \/>\n<meta property=\"og:site_name\" content=\"WheelRestore\" \/>\n<meta property=\"article:modified_time\" content=\"2025-05-08T10:02:58+00:00\" \/>\n<meta name=\"twitter:card\" content=\"summary_large_image\" \/>\n<meta name=\"twitter:label1\" content=\"Odhadovan\u00e1 doba \u010dten\u00ed\" \/>\n\t<meta name=\"twitter:data1\" content=\"5 minut\" \/>\n<script type=\"application\/ld+json\" class=\"yoast-schema-graph\">{\"@context\":\"https:\\\/\\\/schema.org\",\"@graph\":[{\"@type\":\"WebPage\",\"@id\":\"https:\\\/\\\/wheelrestore.com\\\/financing\\\/\",\"url\":\"https:\\\/\\\/wheelrestore.com\\\/financing\\\/\",\"name\":\"Flexible Financing Solutions for Wheel Restore Products\",\"isPartOf\":{\"@id\":\"https:\\\/\\\/wheelrestore.com\\\/#website\"},\"datePublished\":\"2023-10-23T21:40:27+00:00\",\"dateModified\":\"2025-05-08T10:02:58+00:00\",\"description\":\"Discover flexible financing options for Wheel Restore equipment. Invest with confidence and peace of mind. Start with a custom plan.\",\"breadcrumb\":{\"@id\":\"https:\\\/\\\/wheelrestore.com\\\/financing\\\/#breadcrumb\"},\"inLanguage\":\"cs\",\"potentialAction\":[{\"@type\":\"ReadAction\",\"target\":[\"https:\\\/\\\/wheelrestore.com\\\/financing\\\/\"]}]},{\"@type\":\"BreadcrumbList\",\"@id\":\"https:\\\/\\\/wheelrestore.com\\\/financing\\\/#breadcrumb\",\"itemListElement\":[{\"@type\":\"ListItem\",\"position\":1,\"name\":\"Home\",\"item\":\"https:\\\/\\\/wheelrestore.com\\\/\"},{\"@type\":\"ListItem\",\"position\":2,\"name\":\"Financing\"}]},{\"@type\":\"WebSite\",\"@id\":\"https:\\\/\\\/wheelrestore.com\\\/#website\",\"url\":\"https:\\\/\\\/wheelrestore.com\\\/\",\"name\":\"WheelRestore\",\"description\":\"\",\"potentialAction\":[{\"@type\":\"SearchAction\",\"target\":{\"@type\":\"EntryPoint\",\"urlTemplate\":\"https:\\\/\\\/wheelrestore.com\\\/?s={search_term_string}\"},\"query-input\":{\"@type\":\"PropertyValueSpecification\",\"valueRequired\":true,\"valueName\":\"search_term_string\"}}],\"inLanguage\":\"cs\"}]}<\/script>\n<!-- \/ Yoast SEO Premium plugin. -->","yoast_head_json":{"title":"Flexibiln\u00ed \u0159e\u0161en\u00ed financov\u00e1n\u00ed pro produkty Wheel Restore","description":"Objevte flexibiln\u00ed mo\u017enosti financov\u00e1n\u00ed za\u0159\u00edzen\u00ed Wheel Restore. Investujte s jistotou a klidem. Za\u010dn\u011bte s vlastn\u00edm pl\u00e1nem.","robots":{"index":"index","follow":"follow","max-snippet":"max-snippet:-1","max-image-preview":"max-image-preview:large","max-video-preview":"max-video-preview:-1"},"canonical":"https:\/\/wheelrestore.com\/cs\/financing\/","og_locale":"cs_CZ","og_type":"article","og_title":"Financing","og_description":"Discover flexible financing options for Wheel Restore equipment. Invest with confidence and peace of mind. Start with a custom plan.","og_url":"https:\/\/wheelrestore.com\/cs\/financing\/","og_site_name":"WheelRestore","article_modified_time":"2025-05-08T10:02:58+00:00","twitter_card":"summary_large_image","twitter_misc":{"Odhadovan\u00e1 doba \u010dten\u00ed":"5 minut"},"schema":{"@context":"https:\/\/schema.org","@graph":[{"@type":"WebPage","@id":"https:\/\/wheelrestore.com\/financing\/","url":"https:\/\/wheelrestore.com\/financing\/","name":"Flexibiln\u00ed \u0159e\u0161en\u00ed financov\u00e1n\u00ed pro produkty Wheel Restore","isPartOf":{"@id":"https:\/\/wheelrestore.com\/#website"},"datePublished":"2023-10-23T21:40:27+00:00","dateModified":"2025-05-08T10:02:58+00:00","description":"Objevte flexibiln\u00ed mo\u017enosti financov\u00e1n\u00ed za\u0159\u00edzen\u00ed Wheel Restore. Investujte s jistotou a klidem. Za\u010dn\u011bte s vlastn\u00edm pl\u00e1nem.","breadcrumb":{"@id":"https:\/\/wheelrestore.com\/financing\/#breadcrumb"},"inLanguage":"cs","potentialAction":[{"@type":"ReadAction","target":["https:\/\/wheelrestore.com\/financing\/"]}]},{"@type":"BreadcrumbList","@id":"https:\/\/wheelrestore.com\/financing\/#breadcrumb","itemListElement":[{"@type":"ListItem","position":1,"name":"Home","item":"https:\/\/wheelrestore.com\/"},{"@type":"ListItem","position":2,"name":"Financing"}]},{"@type":"WebSite","@id":"https:\/\/wheelrestore.com\/#website","url":"https:\/\/wheelrestore.com\/","name":"WheelRestore","description":"","potentialAction":[{"@type":"SearchAction","target":{"@type":"EntryPoint","urlTemplate":"https:\/\/wheelrestore.com\/?s={search_term_string}"},"query-input":{"@type":"PropertyValueSpecification","valueRequired":true,"valueName":"search_term_string"}}],"inLanguage":"cs"}]}},"_links":{"self":[{"href":"https:\/\/wheelrestore.com\/cs\/wp-json\/wp\/v2\/pages\/88","targetHints":{"allow":["GET"]}}],"collection":[{"href":"https:\/\/wheelrestore.com\/cs\/wp-json\/wp\/v2\/pages"}],"about":[{"href":"https:\/\/wheelrestore.com\/cs\/wp-json\/wp\/v2\/types\/page"}],"author":[{"embeddable":true,"href":"https:\/\/wheelrestore.com\/cs\/wp-json\/wp\/v2\/users\/1"}],"replies":[{"embeddable":true,"href":"https:\/\/wheelrestore.com\/cs\/wp-json\/wp\/v2\/comments?post=88"}],"version-history":[{"count":29,"href":"https:\/\/wheelrestore.com\/cs\/wp-json\/wp\/v2\/pages\/88\/revisions"}],"predecessor-version":[{"id":2193,"href":"https:\/\/wheelrestore.com\/cs\/wp-json\/wp\/v2\/pages\/88\/revisions\/2193"}],"wp:attachment":[{"href":"https:\/\/wheelrestore.com\/cs\/wp-json\/wp\/v2\/media?parent=88"}],"curies":[{"name":"wp","href":"https:\/\/api.w.org\/{rel}","templated":true}]}}