{"id":3324,"date":"2025-08-19T11:01:06","date_gmt":"2025-08-19T11:01:06","guid":{"rendered":"https:\/\/wheelrestore.com\/?page_id=3324"},"modified":"2025-08-19T12:19:57","modified_gmt":"2025-08-19T12:19:57","slug":"become-a-distributor","status":"publish","type":"page","link":"https:\/\/wheelrestore.com\/de_de\/uber-uns\/become-a-distributor\/","title":{"rendered":"Vertriebspartner werden"},"content":{"rendered":"<div class=\"wpb-content-wrapper\"><div class=\"nm-row nm-row-boxed vc_row wpb_row\"><div class=\"nm_column wpb_column vc_column_container col-sm-12 vc_col-sm-12\"><div class=\"vc_column-inner\"><div class=\"wpb_wrapper\"><!-- start breadcrumbs -->\n\n\t\t\t<p id=\"breadcrumbs\">\n    <span><span><a href=\"https:\/\/wheelrestore.com\/de_de\/\">Startseite<\/a><\/span><\/span>\n<\/p>\n\t\t\t<!-- end breadcrumbs --><\/div><\/div><\/div><\/div><div class=\"nm-row nm-row-boxed vc_row wpb_row nm-row-flex nm-row-col-middle\"><div class=\"nm_column wpb_column vc_column_container col-sm-4 vc_col-sm-4\"><div class=\"vc_column-inner\"><div class=\"wpb_wrapper\"><div class=\"vc_empty_space\"   style=\"height: 25px\"><span class=\"vc_empty_space_inner\"><\/span><\/div><h1 style=\"font-size: 34px;line-height: 1.1;text-align: left;font-family:Roboto;font-weight:900;font-style:normal\" class=\"vc_custom_heading\" >WERDEN SIE EIN<br \/>\nWHEEL RESTORE<br \/>\nVERTRIEBSSTELLE<\/h1><div class=\"vc_empty_space\"   style=\"height: 15px\"><span class=\"vc_empty_space_inner\"><\/span><\/div><\/div><\/div><\/div><div class=\"nm_column wpb_column vc_column_container col-sm-8 vc_col-sm-8\"><div class=\"vc_column-inner\"><div class=\"wpb_wrapper\"><div class=\"vc_empty_space\"   style=\"height: 25px\"><span class=\"vc_empty_space_inner\"><\/span><\/div>\n\t<div class=\"wpb_text_column wpb_content_element\" >\n\t\t<div class=\"wpb_wrapper\">\n\t\t\t<p>Sind Sie bereit, Ihr Gesch\u00e4ft mit einer vertrauensw\u00fcrdigen, innovativen Marke im Bereich der Radreparaturtechnologie zu erweitern? Unser Vertriebspartnerprogramm richtet sich an etablierte Vertriebspartner, Gro\u00dfh\u00e4ndler und Importeure, die ihr Portfolio erweitern und innovative L\u00f6sungen auf den Markt bringen m\u00f6chten.<\/p>\n<p>Wenn Sie eine Werkstatt oder ein Einzelh\u00e4ndler sind und Ausr\u00fcstung kaufen m\u00f6chten, erkunden Sie bitte unsere <a href=\"https:\/\/wheelrestore.com\/de_de\/produkte\/\">Produktseiten<\/a> f\u00fcr weitere Informationen.<\/p>\n\n\t\t<\/div>\n\t<\/div>\n<div class=\"vc_empty_space\"   style=\"height: 25px\"><span class=\"vc_empty_space_inner\"><\/span><\/div><\/div><\/div><\/div><\/div><div class=\"nm-row nm-row-full vc_row wpb_row\"><div class=\"nm_column wpb_column vc_column_container col-sm-12 vc_col-sm-12\"><div class=\"vc_column-inner\"><div class=\"wpb_wrapper\"><div class=\"vc_empty_space\"   style=\"height: 25px\"><span class=\"vc_empty_space_inner\"><\/span><\/div>\r\n    <div class=\"nm-divider separator_align_center\">\r\n        <div class=\"nm-divider-line\" style=\"background:#7a003c;\"><\/div>\r\n    <\/div><\/div><\/div><\/div><\/div><div class=\"nm-row nm-row-boxed vc_row wpb_row\"><div class=\"nm_column wpb_column vc_column_container col-sm-12 vc_col-sm-12\"><div class=\"vc_column-inner\"><div class=\"wpb_wrapper\">\n\t<div class=\"wpb_raw_code wpb_content_element wpb_raw_html\" >\n\t\t<div class=\"wpb_wrapper\">\n\t\t\t<script src=\"https:\/\/js-eu1.hsforms.net\/forms\/embed\/145503136.js\" defer><\/script>\n<div class=\"hs-form-frame\" data-region=\"eu1\" data-form-id=\"36be79a2-dc46-4ec2-919f-342947be285a\" data-portal-id=\"145503136\"><\/div>\n\t\t<\/div>\n\t<\/div>\n<\/div><\/div><\/div><\/div><div class=\"nm-row nm-row-full vc_row wpb_row\"><div class=\"nm_column wpb_column vc_column_container col-sm-12 vc_col-sm-12\"><div class=\"vc_column-inner\"><div class=\"wpb_wrapper\"><div class=\"vc_empty_space\"   style=\"height: 32px\"><span class=\"vc_empty_space_inner\"><\/span><\/div><\/div><\/div><\/div><\/div>\n<\/div>","protected":false},"excerpt":{"rendered":"Home BECOME A WHEEL RESTORE DISTRIBUTOR Are you ready to expand your business with a trusted, innovative brand in wheel repair technology? Our distributor program is designed for established distributors, wholesalers, and importers who want to grow their portfolio and bring cutting-edge solutions to their market. If you're a workshop or retailer looking to purchase [...]","protected":false},"author":2,"featured_media":0,"parent":94,"menu_order":0,"comment_status":"closed","ping_status":"closed","template":"","meta":{"content-type":"","footnotes":""},"class_list":["post-3324","page","type-page","status-publish","hentry"],"yoast_head":"<!-- This site is optimized with the Yoast SEO Premium plugin v21.4 (Yoast SEO v25.0) - https:\/\/yoast.com\/wordpress\/plugins\/seo\/ -->\n<title>Become a Distributor - WheelRestore<\/title>\n<meta name=\"robots\" content=\"index, follow, max-snippet:-1, max-image-preview:large, max-video-preview:-1\" \/>\n<link rel=\"canonical\" href=\"https:\/\/wheelrestore.com\/de_de\/uber-uns\/become-a-distributor\/\" \/>\n<meta property=\"og:locale\" content=\"de_DE\" \/>\n<meta property=\"og:type\" content=\"article\" \/>\n<meta property=\"og:title\" content=\"Become a Distributor\" \/>\n<meta property=\"og:url\" content=\"https:\/\/wheelrestore.com\/de_de\/uber-uns\/become-a-distributor\/\" \/>\n<meta property=\"og:site_name\" content=\"WheelRestore\" \/>\n<meta property=\"article:modified_time\" content=\"2025-08-19T12:19:57+00:00\" \/>\n<meta name=\"twitter:card\" content=\"summary_large_image\" \/>\n<meta name=\"twitter:label1\" content=\"Gesch\u00e4tzte Lesezeit\" \/>\n\t<meta name=\"twitter:data1\" content=\"1\u00a0Minute\" \/>\n<script type=\"application\/ld+json\" class=\"yoast-schema-graph\">{\"@context\":\"https:\/\/schema.org\",\"@graph\":[{\"@type\":\"WebPage\",\"@id\":\"https:\/\/wheelrestore.com\/about-us\/become-a-distributor\/\",\"url\":\"https:\/\/wheelrestore.com\/about-us\/become-a-distributor\/\",\"name\":\"Become a Distributor - WheelRestore\",\"isPartOf\":{\"@id\":\"https:\/\/wheelrestore.com\/#website\"},\"datePublished\":\"2025-08-19T11:01:06+00:00\",\"dateModified\":\"2025-08-19T12:19:57+00:00\",\"breadcrumb\":{\"@id\":\"https:\/\/wheelrestore.com\/about-us\/become-a-distributor\/#breadcrumb\"},\"inLanguage\":\"de\",\"potentialAction\":[{\"@type\":\"ReadAction\",\"target\":[\"https:\/\/wheelrestore.com\/about-us\/become-a-distributor\/\"]}]},{\"@type\":\"BreadcrumbList\",\"@id\":\"https:\/\/wheelrestore.com\/about-us\/become-a-distributor\/#breadcrumb\",\"itemListElement\":[{\"@type\":\"ListItem\",\"position\":1,\"name\":\"Home\",\"item\":\"https:\/\/wheelrestore.com\/\"},{\"@type\":\"ListItem\",\"position\":2,\"name\":\"About us\",\"item\":\"https:\/\/wheelrestore.com\/about-us\/\"},{\"@type\":\"ListItem\",\"position\":3,\"name\":\"Become a Distributor\"}]},{\"@type\":\"WebSite\",\"@id\":\"https:\/\/wheelrestore.com\/#website\",\"url\":\"https:\/\/wheelrestore.com\/\",\"name\":\"WheelRestore\",\"description\":\"\",\"potentialAction\":[{\"@type\":\"SearchAction\",\"target\":{\"@type\":\"EntryPoint\",\"urlTemplate\":\"https:\/\/wheelrestore.com\/?s={search_term_string}\"},\"query-input\":{\"@type\":\"PropertyValueSpecification\",\"valueRequired\":true,\"valueName\":\"search_term_string\"}}],\"inLanguage\":\"de\"}]}<\/script>\n<!-- \/ Yoast SEO Premium plugin. -->","yoast_head_json":{"title":"Vertriebspartner werden - WheelRestore","robots":{"index":"index","follow":"follow","max-snippet":"max-snippet:-1","max-image-preview":"max-image-preview:large","max-video-preview":"max-video-preview:-1"},"canonical":"https:\/\/wheelrestore.com\/de_de\/uber-uns\/become-a-distributor\/","og_locale":"de_DE","og_type":"article","og_title":"Become a Distributor","og_url":"https:\/\/wheelrestore.com\/de_de\/uber-uns\/become-a-distributor\/","og_site_name":"WheelRestore","article_modified_time":"2025-08-19T12:19:57+00:00","twitter_card":"summary_large_image","twitter_misc":{"Gesch\u00e4tzte Lesezeit":"1\u00a0Minute"},"schema":{"@context":"https:\/\/schema.org","@graph":[{"@type":"WebPage","@id":"https:\/\/wheelrestore.com\/about-us\/become-a-distributor\/","url":"https:\/\/wheelrestore.com\/about-us\/become-a-distributor\/","name":"Vertriebspartner werden - WheelRestore","isPartOf":{"@id":"https:\/\/wheelrestore.com\/#website"},"datePublished":"2025-08-19T11:01:06+00:00","dateModified":"2025-08-19T12:19:57+00:00","breadcrumb":{"@id":"https:\/\/wheelrestore.com\/about-us\/become-a-distributor\/#breadcrumb"},"inLanguage":"de","potentialAction":[{"@type":"ReadAction","target":["https:\/\/wheelrestore.com\/about-us\/become-a-distributor\/"]}]},{"@type":"BreadcrumbList","@id":"https:\/\/wheelrestore.com\/about-us\/become-a-distributor\/#breadcrumb","itemListElement":[{"@type":"ListItem","position":1,"name":"Home","item":"https:\/\/wheelrestore.com\/"},{"@type":"ListItem","position":2,"name":"About us","item":"https:\/\/wheelrestore.com\/about-us\/"},{"@type":"ListItem","position":3,"name":"Become a Distributor"}]},{"@type":"WebSite","@id":"https:\/\/wheelrestore.com\/#website","url":"https:\/\/wheelrestore.com\/","name":"WheelRestore","description":"","potentialAction":[{"@type":"SearchAction","target":{"@type":"EntryPoint","urlTemplate":"https:\/\/wheelrestore.com\/?s={search_term_string}"},"query-input":{"@type":"PropertyValueSpecification","valueRequired":true,"valueName":"search_term_string"}}],"inLanguage":"de"}]}},"_links":{"self":[{"href":"https:\/\/wheelrestore.com\/de_de\/wp-json\/wp\/v2\/pages\/3324","targetHints":{"allow":["GET"]}}],"collection":[{"href":"https:\/\/wheelrestore.com\/de_de\/wp-json\/wp\/v2\/pages"}],"about":[{"href":"https:\/\/wheelrestore.com\/de_de\/wp-json\/wp\/v2\/types\/page"}],"author":[{"embeddable":true,"href":"https:\/\/wheelrestore.com\/de_de\/wp-json\/wp\/v2\/users\/2"}],"replies":[{"embeddable":true,"href":"https:\/\/wheelrestore.com\/de_de\/wp-json\/wp\/v2\/comments?post=3324"}],"version-history":[{"count":5,"href":"https:\/\/wheelrestore.com\/de_de\/wp-json\/wp\/v2\/pages\/3324\/revisions"}],"predecessor-version":[{"id":3326,"href":"https:\/\/wheelrestore.com\/de_de\/wp-json\/wp\/v2\/pages\/3324\/revisions\/3326"}],"up":[{"embeddable":true,"href":"https:\/\/wheelrestore.com\/de_de\/wp-json\/wp\/v2\/pages\/94"}],"wp:attachment":[{"href":"https:\/\/wheelrestore.com\/de_de\/wp-json\/wp\/v2\/media?parent=3324"}],"curies":[{"name":"wp","href":"https:\/\/api.w.org\/{rel}","templated":true}]}}