{"id":88,"date":"2023-10-23T21:40:27","date_gmt":"2023-10-23T21:40:27","guid":{"rendered":"https:\/\/wheelrestore.com\/?page_id=88"},"modified":"2025-05-08T10:02:58","modified_gmt":"2025-05-08T10:02:58","slug":"finanzierung","status":"publish","type":"page","link":"https:\/\/wheelrestore.com\/de_de\/finanzierung\/","title":{"rendered":"Finanzierung"},"content":{"rendered":"<div class=\"wpb-content-wrapper\"><div class=\"nm-row nm-row-boxed vc_row wpb_row\"><div class=\"nm_column wpb_column vc_column_container col-sm-12 vc_col-sm-12\"><div class=\"vc_column-inner\"><div class=\"wpb_wrapper\"><!-- start breadcrumbs -->\n\n\t\t\t<p id=\"breadcrumbs\">\n    <span><span><a href=\"https:\/\/wheelrestore.com\/de_de\/\">Startseite<\/a><\/span><\/span>\n<\/p>\n\t\t\t<!-- end breadcrumbs --><\/div><\/div><\/div><\/div><div class=\"nm-row nm-row-boxed vc_row wpb_row nm-row-flex nm-row-col-middle\"><div class=\"nm_column wpb_column vc_column_container col-sm-7 vc_col-sm-7\"><div class=\"vc_column-inner\"><div class=\"wpb_wrapper\"><div class=\"vc_empty_space\"   style=\"height: 32px\"><span class=\"vc_empty_space_inner\"><\/span><\/div><h1 style=\"font-size: 34px;color: #111111;line-height: 1.1;text-align: left;font-family:Roboto;font-weight:700;font-style:normal\" class=\"vc_custom_heading\" >ATTRAKTIVE FINANZIERUNGSL\u00d6SUNGEN<\/h1><h2 style=\"font-size: 26px;color: #111111;line-height: 1.2;text-align: left;font-family:Roboto;font-weight:400;font-style:normal\" class=\"vc_custom_heading\" >Profitieren Sie von einer stabilen, langfristigen Finanzierung zu wettbewerbsf\u00e4higen Zinss\u00e4tzen<\/h2><div class=\"vc_empty_space\"   style=\"height: 20px\"><span class=\"vc_empty_space_inner\"><\/span><\/div>\n\t<div class=\"wpb_text_column wpb_content_element\" >\n\t\t<div class=\"wpb_wrapper\">\n\t\t\t<p>Wheel Restore bietet eine einzigartige, von der d\u00e4nischen Regierung unterst\u00fctzte Finanzierungsoption, die speziell zur Unterst\u00fctzung von Exportaktivit\u00e4ten entwickelt wurde. Dies bietet den Kunden erhebliche Vorteile, einschlie\u00dflich des Zugangs zu einer langfristigen, stabilen Finanzierung zu \u00e4u\u00dferst wettbewerbsf\u00e4higen Zinss\u00e4tzen, wodurch die finanzielle Belastung verringert wird. Mit der Unterst\u00fctzung der vertrauensw\u00fcrdigen d\u00e4nischen Exportkreditagentur erm\u00f6glicht Ihnen diese Finanzierungsl\u00f6sung, mit Vertrauen und Seelenfrieden in Wheel Restore Anlagen zu investieren.<\/p>\n\n\t\t<\/div>\n\t<\/div>\n<div class=\"vc_empty_space\"   style=\"height: 32px\"><span class=\"vc_empty_space_inner\"><\/span><\/div><\/div><\/div><\/div><div class=\"nm_column wpb_column vc_column_container col-sm-5 vc_col-sm-5\"><div class=\"vc_column-inner\"><div class=\"wpb_wrapper\">\n\t<div  class=\"wpb_single_image wpb_content_element vc_align_center\">\n\t\t\n\t\t<figure class=\"wpb_wrapper vc_figure\">\n\t\t\t<div class=\"vc_single_image-wrapper   vc_box_border_grey\"><img loading=\"lazy\" decoding=\"async\" width=\"850\" height=\"622\" src=\"https:\/\/wheelrestore.com\/wp-content\/uploads\/2024\/10\/EIFO-logo-web.webp\" class=\"vc_single_image-img attachment-full\" alt=\"\" title=\"EIFO-logo-web\" srcset=\"https:\/\/wheelrestore.com\/wp-content\/uploads\/2024\/10\/EIFO-logo-web.webp 850w, https:\/\/wheelrestore.com\/wp-content\/uploads\/2024\/10\/EIFO-logo-web-300x220.webp 300w, https:\/\/wheelrestore.com\/wp-content\/uploads\/2024\/10\/EIFO-logo-web-768x562.webp 768w, https:\/\/wheelrestore.com\/wp-content\/uploads\/2024\/10\/EIFO-logo-web-16x12.webp 16w\" sizes=\"auto, (max-width: 850px) 100vw, 850px\" \/><\/div>\n\t\t<\/figure>\n\t<\/div>\n<\/div><\/div><\/div><\/div><div class=\"nm-row nm-row-full-nopad vc_row wpb_row  vc_custom_1746698555710\"><div class=\"nm_column wpb_column vc_column_container col-sm-12 vc_col-sm-12\"><div class=\"vc_column-inner\"><div class=\"wpb_wrapper\"><div class=\"templatera_shortcode\"><div class=\"nm-row nm-row-full vc_row wpb_row  vc_custom_1746696670426\"><div class=\"nm_column wpb_column vc_column_container col-sm-12 vc_col-sm-12\"><div class=\"vc_column-inner\"><div class=\"wpb_wrapper\"><div class=\"nm-row nm-row-boxed inner nm-row-flex nm-row-col-middle  vc_custom_1746696491422\"><div class=\"nm_column nm_column_inner col-sm-12 vc_col-sm-12\"><div class=\"wpb_wrapper\">\n\t<div class=\"wpb_text_column wpb_content_element\" >\n\t\t<div class=\"wpb_wrapper\">\n\t\t\t<div style=\"display: flex; flex-wrap: wrap; justify-content: center; gap: 16px; text-align: center;\">\n<div style=\"font-size: 28px; font-weight: normal;\">\ud83c\udde9\ud83c\uddea\u00a0 <span style=\"color: #333333;\">Beratung auf Deutsch<\/span><\/div>\n<div style=\"font-size: 28px;\"><a style=\"text-decoration: none; font-weight: bold;\" href=\"tel:+4943190499891\">+49 431 90499891<\/a><\/div>\n<\/div>\n\n\t\t<\/div>\n\t<\/div>\n<\/div><\/div><\/div><\/div><\/div><\/div><\/div>\r\n<\/div><\/div><\/div><\/div><\/div><div class=\"nm-row nm-row-boxed vc_row wpb_row nm-row-flex nm-row-col-middle\"><div class=\"nm_column wpb_column vc_column_container col-sm-6 vc_col-sm-6\"><div class=\"vc_column-inner\"><div class=\"wpb_wrapper\"><h2 style=\"font-size: 26px;color: #010101;line-height: 1.2;text-align: center;font-family:Roboto;font-weight:500;font-style:normal\" class=\"vc_custom_heading\" >Wie es funktioniert<\/h2>\n\t<div  class=\"wpb_single_image wpb_content_element vc_align_left\">\n\t\t\n\t\t<figure class=\"wpb_wrapper vc_figure\">\n\t\t\t<div class=\"vc_single_image-wrapper   vc_box_border_grey\"><img loading=\"lazy\" decoding=\"async\" width=\"900\" height=\"500\" src=\"https:\/\/wheelrestore.com\/wp-content\/uploads\/2024\/10\/EIFO-animation-1.webp\" class=\"vc_single_image-img attachment-full\" alt=\"\" title=\"EIFO-Animation\" srcset=\"https:\/\/wheelrestore.com\/wp-content\/uploads\/2024\/10\/EIFO-animation-1.webp 900w, https:\/\/wheelrestore.com\/wp-content\/uploads\/2024\/10\/EIFO-animation-1-300x167.webp 300w, https:\/\/wheelrestore.com\/wp-content\/uploads\/2024\/10\/EIFO-animation-1-768x427.webp 768w, https:\/\/wheelrestore.com\/wp-content\/uploads\/2024\/10\/EIFO-animation-1-18x10.webp 18w\" sizes=\"auto, (max-width: 900px) 100vw, 900px\" \/><\/div>\n\t\t<\/figure>\n\t<\/div>\n<\/div><\/div><\/div><div class=\"nm_column wpb_column vc_column_container col-sm-6 vc_col-sm-6 vc_custom_1729158553628\"><div class=\"vc_column-inner\"><div class=\"wpb_wrapper\">\n\t<div class=\"wpb_text_column wpb_content_element\" >\n\t\t<div class=\"wpb_wrapper\">\n\t\t\t<p><strong>1. Kredit von unserer Bank<\/strong><br \/>\nWir arbeiten mit unserer Bank zusammen, um Ihnen einen Kreditrahmen f\u00fcr Ihren Kauf anzubieten, der Ihnen ein Zahlungsziel von mindestens 181 Tagen einr\u00e4umt. F\u00fcr l\u00e4ngerfristige Optionen bieten die meisten unserer Finanzierungsvertr\u00e4ge eine R\u00fcckzahlungsfrist von 3 bis 5 Jahren. Um dies zu erm\u00f6glichen, verlangt unsere Bank jedoch eine B\u00fcrgschaft f\u00fcr die Zahlung.<\/p>\n<p><strong>2. Risikodeckung mit dem EIFO<\/strong><br \/>\nDas EIFO \u00fcbernimmt eine Garantie, die das Risiko der Bank abdeckt. Dadurch kann die Bank Ihnen den Kredit gew\u00e4hren, was Ihnen die Finanzierung des Kaufs erleichtert.<\/p>\n<p><strong>3. Nahtlose Freigabe<\/strong><br \/>\nUnsere Bank beantragt die B\u00fcrgschaft online \u00fcber das EIFO, was eine schnelle Abwicklung gew\u00e4hrleistet, so dass Sie das Produkt ohne Verz\u00f6gerungen erhalten k\u00f6nnen. Das EIFO pr\u00fcft Ihre Kreditw\u00fcrdigkeit auf der Grundlage Ihrer Finanzausweise und gew\u00e4hrleistet so eine reibungslose Transaktion.<\/p>\n\n\t\t<\/div>\n\t<\/div>\n<\/div><\/div><\/div><\/div><div class=\"nm-row nm-row-boxed vc_row wpb_row nm-row-flex nm-row-equal-height  vc_custom_1729158253684\"><div class=\"nm_column wpb_column vc_column_container col-sm-4 vc_col-sm-4 vc_custom_1729499204055\"><div class=\"vc_column-inner\"><div class=\"wpb_wrapper\"><h3 style=\"font-size: 22px;color: #111111;line-height: 1.2;text-align: left;font-family:Roboto;font-weight:500;font-style:normal\" class=\"vc_custom_heading\" >Onboarding-Prozess<\/h3><div class=\"vc_empty_space\"   style=\"height: 20px\"><span class=\"vc_empty_space_inner\"><\/span><\/div><h3 style=\"font-size: 16px;color: #111111;line-height: 1.5;text-align: left;font-family:Roboto;font-weight:400;font-style:normal\" class=\"vc_custom_heading\" >Vorlage der Jahresabschl\u00fcsse der letzten 3 Jahre.<\/h3><div class=\"vc_empty_space\"   style=\"height: 20px\"><span class=\"vc_empty_space_inner\"><\/span><\/div><h3 style=\"font-size: 16px;color: #111111;line-height: 1.5;text-align: left;font-family:Roboto;font-weight:400;font-style:normal\" class=\"vc_custom_heading\" >Eine gemeinsame Sitzung, um den Finanzierungsbetrag und die Laufzeit festzulegen.<\/h3><div class=\"vc_empty_space\"   style=\"height: 20px\"><span class=\"vc_empty_space_inner\"><\/span><\/div><h3 style=\"font-size: 22px;color: #111111;line-height: 1.2;text-align: left;font-family:Roboto;font-weight:500;font-style:normal\" class=\"vc_custom_heading\" >Kostenrechnung<\/h3><div class=\"vc_empty_space\"   style=\"height: 20px\"><span class=\"vc_empty_space_inner\"><\/span><\/div><h3 style=\"font-size: 16px;color: #111111;line-height: 1.2;text-align: left;font-family:Roboto;font-weight:500;font-style:normal\" class=\"vc_custom_heading\" >Finanzierung zum EURIBOR + 2,20% (indikativer Zinssatz)<\/h3><div class=\"vc_empty_space\"   style=\"height: 20px\"><span class=\"vc_empty_space_inner\"><\/span><\/div><h3 style=\"font-size: 16px;color: #111111;line-height: 1.2;text-align: left;font-family:Roboto;font-weight:500;font-style:normal\" class=\"vc_custom_heading\" >Eine einmalige Risikopr\u00e4mie<\/h3><div class=\"vc_empty_space\"   style=\"height: 5px\"><span class=\"vc_empty_space_inner\"><\/span><\/div><h3 style=\"font-size: 16px;color: #6b6b6b;line-height: 1.5;text-align: left;font-family:Roboto;font-weight:400;font-style:normal\" class=\"vc_custom_heading\" >F\u00fcr die Garantie zahlen Sie eine Risikopr\u00e4mie an das EIFO. Diese einmalige Pr\u00e4mie wird auf der Grundlage der Kreditw\u00fcrdigkeit Ihres Unternehmens, des von uns nach einer Finanzanalyse vergebenen Ratings, der politischen Lage in Ihrem Land und des bewerteten L\u00e4nderrisikos berechnet. Bei der Pr\u00e4mie wird auch die Kreditlaufzeit ber\u00fccksichtigt.<\/h3><\/div><\/div><\/div><div class=\"nm_column wpb_column vc_column_container col-sm-4 vc_col-sm-4 vc_custom_1729159150887\"><div class=\"vc_column-inner\"><div class=\"wpb_wrapper\"><h3 style=\"font-size: 22px;color: #111111;line-height: 1.2;text-align: left;font-family:Roboto;font-weight:500;font-style:normal\" class=\"vc_custom_heading\" >Vorteile f\u00fcr Sie<\/h3><div class=\"vc_empty_space\"   style=\"height: 20px\"><span class=\"vc_empty_space_inner\"><\/span><\/div>\n\t<div class=\"wpb_text_column wpb_content_element\" >\n\t\t<div class=\"wpb_wrapper\">\n\t\t\t<p><strong>Wettbewerbliche Bedingungen<\/strong>: Das EIFO \u00fcbernimmt das Risiko und erm\u00f6glicht Ihnen eine langfristige Finanzierung Ihrer d\u00e4nischen Eink\u00e4ufe zu attraktiven Konditionen.<br \/>\n<strong>Stabile Zahlungen<\/strong>: Vorhersehbare halbj\u00e4hrliche Raten, die das Cashflow-Management verbessern.<br \/>\n<strong>AAA-bewertetes Backing<\/strong>: Profitieren Sie von der Sicherheit der d\u00e4nischen Staatshilfe mit AAA-Rating, die Ihnen Vertrauen in Ihre Finanzierungsvereinbarungen gibt.<\/p>\n\n\t\t<\/div>\n\t<\/div>\n<\/div><\/div><\/div><div class=\"nm_column wpb_column vc_column_container col-sm-4 vc_col-sm-4 vc_custom_1729166743714\"><div class=\"vc_column-inner\"><div class=\"wpb_wrapper\"><h3 style=\"font-size: 22px;color: #111111;line-height: 1.2;text-align: left;font-family:Roboto;font-weight:500;font-style:normal\" class=\"vc_custom_heading\" >Was ist daf\u00fcr erforderlich?<\/h3><div class=\"vc_empty_space\"   style=\"height: 20px\"><span class=\"vc_empty_space_inner\"><\/span><\/div>\n\t<div class=\"wpb_text_column wpb_content_element\" >\n\t\t<div class=\"wpb_wrapper\">\n\t\t\t<p><strong>3 Jahre Betrieb<\/strong>: Ihr Unternehmen muss seit mindestens 3 Jahren t\u00e4tig sein, und die letzten drei Jahresberichte m\u00fcssen zur Einsichtnahme vorliegen.<br \/>\n<strong>Positiver EBITDA-Trend<\/strong>: Das Unternehmen muss in den letzten drei Jahren einen positiven EBITDA-Trend vorweisen k\u00f6nnen, der seine finanzielle Gesundheit und Rentabilit\u00e4t unter Beweis stellt.<br \/>\n<strong>15% Anzahlung<\/strong>: Eine Mindestanzahlung von 15% des Auftragswerts ist erforderlich, um den Finanzierungsprozess einzuleiten.<br \/>\n<strong>Eigenkapitalquote: <\/strong>Das Unternehmen muss \u00fcber ein Eigenkapital verf\u00fcgen, das das Dreifache des finanzierten Betrags \u00fcbersteigt, was 85% des Auftragswerts entspricht. Dies gew\u00e4hrleistet finanzielle Stabilit\u00e4t und minimiert das Risiko<br \/>\n<strong>Kreditw\u00fcrdigkeit<\/strong>: Das EIFO wird die Kreditw\u00fcrdigkeit Ihres Unternehmens anhand der Jahresabschl\u00fcsse und zus\u00e4tzlicher Unterlagen beurteilen.<\/p>\n\n\t\t<\/div>\n\t<\/div>\n<\/div><\/div><\/div><\/div><div class=\"nm-row nm-row-boxed vc_row wpb_row  vc_custom_1729163584148\"><div class=\"nm_column wpb_column vc_column_container col-sm-12 vc_col-sm-12\"><div class=\"vc_column-inner\"><div class=\"wpb_wrapper\"><h4 style=\"font-size: 14px;color: #111111;line-height: 1.4;text-align: left;font-family:Roboto;font-weight:300;font-style:italic\" class=\"vc_custom_heading\" >Das EIFO ist die nationale F\u00f6rderbank und die Exportkreditagentur D\u00e4nemarks in einem Finanzinstitut vereint. Als staatliches Finanzinstitut mit einer globalen Perspektive und einem AAA-Kreditrating fungiert das EIFO als treibende Kraft und Erm\u00f6glicher f\u00fcr neue Unternehmungen und den Handel zwischen d\u00e4nischen Unternehmen und ihren Partnern weltweit. Das EIFO hat mehr als 5.000 Kunden und ein Gesch\u00e4ftsvolumen von insgesamt rund 20 Mrd. EUR. Mit unserer Bereitschaft, bei Finanzierungen Risiken einzugehen, ebnet das EIFO den Weg f\u00fcr diejenigen, die es wagen, gr\u00f6\u00dfer zu denken. Denn die Welt ist D\u00e4nemarks Sache.<\/h4><\/div><\/div><\/div><\/div><div class=\"nm-row nm-row-full-nopad vc_row wpb_row  vc_custom_1698140593128\"><div class=\"nm_column wpb_column vc_column_container col-sm-12 vc_col-sm-12\"><div class=\"vc_column-inner\"><div class=\"wpb_wrapper\"><div class=\"vc_empty_space\"   style=\"height: 38px\"><span class=\"vc_empty_space_inner\"><\/span><\/div><div class=\"nm-row nm-row-boxed inner\"><div class=\"nm_column nm_column_inner col-sm-12 vc_col-sm-12\"><div class=\"wpb_wrapper\"><h2 style=\"font-size: 28px;line-height: 36px;text-align: center\" class=\"vc_custom_heading\" >Beantragen Sie unten Ihre Finanzierungsgenehmigung<\/h2><\/div><\/div><\/div>\n\t<div class=\"wpb_raw_code wpb_content_element wpb_raw_html\" >\n\t\t<div class=\"wpb_wrapper\">\n\t\t\t<iframe loading=\"lazy\" style=\"display: block; background: #000; border: none; height: 690px; width: 100%;\" title=\"Vermietung\" src=\"https:\/\/wheelrestore-785d8.web.app\" width=\"100%\" height=\"100%\"><\/iframe>\n\t\t<\/div>\n\t<\/div>\n<\/div><\/div><\/div><\/div>\n<\/div>","protected":false},"excerpt":{"rendered":"\ud83c\udde9\ud83c\uddea Beratung auf Deutsch +49 431 90499891","protected":false},"author":1,"featured_media":0,"parent":0,"menu_order":0,"comment_status":"closed","ping_status":"closed","template":"templates\/page-full.php","meta":{"content-type":"","footnotes":""},"class_list":["post-88","page","type-page","status-publish","hentry"],"yoast_head":"<!-- This site is optimized with the Yoast SEO Premium plugin v21.4 (Yoast SEO v27.4) - https:\/\/yoast.com\/product\/yoast-seo-premium-wordpress\/ -->\n<title>Flexible Financing Solutions for Wheel Restore Products<\/title>\n<meta name=\"description\" content=\"Discover flexible financing options for Wheel Restore equipment. Invest with confidence and peace of mind. Start with a custom plan.\" \/>\n<meta name=\"robots\" content=\"index, follow, max-snippet:-1, max-image-preview:large, max-video-preview:-1\" \/>\n<link rel=\"canonical\" href=\"https:\/\/wheelrestore.com\/de_de\/finanzierung\/\" \/>\n<meta property=\"og:locale\" content=\"de_DE\" \/>\n<meta property=\"og:type\" content=\"article\" \/>\n<meta property=\"og:title\" content=\"Financing\" \/>\n<meta property=\"og:description\" content=\"Discover flexible financing options for Wheel Restore equipment. Invest with confidence and peace of mind. Start with a custom plan.\" \/>\n<meta property=\"og:url\" content=\"https:\/\/wheelrestore.com\/de_de\/finanzierung\/\" \/>\n<meta property=\"og:site_name\" content=\"WheelRestore\" \/>\n<meta property=\"article:modified_time\" content=\"2025-05-08T10:02:58+00:00\" \/>\n<meta name=\"twitter:card\" content=\"summary_large_image\" \/>\n<meta name=\"twitter:label1\" content=\"Gesch\u00e4tzte Lesezeit\" \/>\n\t<meta name=\"twitter:data1\" content=\"5\u00a0Minuten\" \/>\n<script type=\"application\/ld+json\" class=\"yoast-schema-graph\">{\"@context\":\"https:\\\/\\\/schema.org\",\"@graph\":[{\"@type\":\"WebPage\",\"@id\":\"https:\\\/\\\/wheelrestore.com\\\/financing\\\/\",\"url\":\"https:\\\/\\\/wheelrestore.com\\\/financing\\\/\",\"name\":\"Flexible Financing Solutions for Wheel Restore Products\",\"isPartOf\":{\"@id\":\"https:\\\/\\\/wheelrestore.com\\\/#website\"},\"datePublished\":\"2023-10-23T21:40:27+00:00\",\"dateModified\":\"2025-05-08T10:02:58+00:00\",\"description\":\"Discover flexible financing options for Wheel Restore equipment. Invest with confidence and peace of mind. Start with a custom plan.\",\"breadcrumb\":{\"@id\":\"https:\\\/\\\/wheelrestore.com\\\/financing\\\/#breadcrumb\"},\"inLanguage\":\"de\",\"potentialAction\":[{\"@type\":\"ReadAction\",\"target\":[\"https:\\\/\\\/wheelrestore.com\\\/financing\\\/\"]}]},{\"@type\":\"BreadcrumbList\",\"@id\":\"https:\\\/\\\/wheelrestore.com\\\/financing\\\/#breadcrumb\",\"itemListElement\":[{\"@type\":\"ListItem\",\"position\":1,\"name\":\"Home\",\"item\":\"https:\\\/\\\/wheelrestore.com\\\/\"},{\"@type\":\"ListItem\",\"position\":2,\"name\":\"Financing\"}]},{\"@type\":\"WebSite\",\"@id\":\"https:\\\/\\\/wheelrestore.com\\\/#website\",\"url\":\"https:\\\/\\\/wheelrestore.com\\\/\",\"name\":\"WheelRestore\",\"description\":\"\",\"potentialAction\":[{\"@type\":\"SearchAction\",\"target\":{\"@type\":\"EntryPoint\",\"urlTemplate\":\"https:\\\/\\\/wheelrestore.com\\\/?s={search_term_string}\"},\"query-input\":{\"@type\":\"PropertyValueSpecification\",\"valueRequired\":true,\"valueName\":\"search_term_string\"}}],\"inLanguage\":\"de\"}]}<\/script>\n<!-- \/ Yoast SEO Premium plugin. -->","yoast_head_json":{"title":"Flexible Finanzierungsl\u00f6sungen f\u00fcr Wheel Restore Produkte","description":"Flexible Finanzierungsm\u00f6glichkeiten f\u00fcr professionelle Maschinen. Investieren Sie sicher und starten Sie mit einem individuellen Plan.","robots":{"index":"index","follow":"follow","max-snippet":"max-snippet:-1","max-image-preview":"max-image-preview:large","max-video-preview":"max-video-preview:-1"},"canonical":"https:\/\/wheelrestore.com\/de_de\/finanzierung\/","og_locale":"de_DE","og_type":"article","og_title":"Financing","og_description":"Discover flexible financing options for Wheel Restore equipment. Invest with confidence and peace of mind. Start with a custom plan.","og_url":"https:\/\/wheelrestore.com\/de_de\/finanzierung\/","og_site_name":"WheelRestore","article_modified_time":"2025-05-08T10:02:58+00:00","twitter_card":"summary_large_image","twitter_misc":{"Gesch\u00e4tzte Lesezeit":"5\u00a0Minuten"},"schema":{"@context":"https:\/\/schema.org","@graph":[{"@type":"WebPage","@id":"https:\/\/wheelrestore.com\/financing\/","url":"https:\/\/wheelrestore.com\/financing\/","name":"Flexible Finanzierungsl\u00f6sungen f\u00fcr Wheel Restore Produkte","isPartOf":{"@id":"https:\/\/wheelrestore.com\/#website"},"datePublished":"2023-10-23T21:40:27+00:00","dateModified":"2025-05-08T10:02:58+00:00","description":"Flexible Finanzierungsm\u00f6glichkeiten f\u00fcr professionelle Maschinen. Investieren Sie sicher und starten Sie mit einem individuellen Plan.","breadcrumb":{"@id":"https:\/\/wheelrestore.com\/financing\/#breadcrumb"},"inLanguage":"de","potentialAction":[{"@type":"ReadAction","target":["https:\/\/wheelrestore.com\/financing\/"]}]},{"@type":"BreadcrumbList","@id":"https:\/\/wheelrestore.com\/financing\/#breadcrumb","itemListElement":[{"@type":"ListItem","position":1,"name":"Home","item":"https:\/\/wheelrestore.com\/"},{"@type":"ListItem","position":2,"name":"Financing"}]},{"@type":"WebSite","@id":"https:\/\/wheelrestore.com\/#website","url":"https:\/\/wheelrestore.com\/","name":"WheelRestore","description":"","potentialAction":[{"@type":"SearchAction","target":{"@type":"EntryPoint","urlTemplate":"https:\/\/wheelrestore.com\/?s={search_term_string}"},"query-input":{"@type":"PropertyValueSpecification","valueRequired":true,"valueName":"search_term_string"}}],"inLanguage":"de"}]}},"_links":{"self":[{"href":"https:\/\/wheelrestore.com\/de_de\/wp-json\/wp\/v2\/pages\/88","targetHints":{"allow":["GET"]}}],"collection":[{"href":"https:\/\/wheelrestore.com\/de_de\/wp-json\/wp\/v2\/pages"}],"about":[{"href":"https:\/\/wheelrestore.com\/de_de\/wp-json\/wp\/v2\/types\/page"}],"author":[{"embeddable":true,"href":"https:\/\/wheelrestore.com\/de_de\/wp-json\/wp\/v2\/users\/1"}],"replies":[{"embeddable":true,"href":"https:\/\/wheelrestore.com\/de_de\/wp-json\/wp\/v2\/comments?post=88"}],"version-history":[{"count":29,"href":"https:\/\/wheelrestore.com\/de_de\/wp-json\/wp\/v2\/pages\/88\/revisions"}],"predecessor-version":[{"id":2193,"href":"https:\/\/wheelrestore.com\/de_de\/wp-json\/wp\/v2\/pages\/88\/revisions\/2193"}],"wp:attachment":[{"href":"https:\/\/wheelrestore.com\/de_de\/wp-json\/wp\/v2\/media?parent=88"}],"curies":[{"name":"wp","href":"https:\/\/api.w.org\/{rel}","templated":true}]}}