{"id":3,"date":"2023-03-31T07:07:37","date_gmt":"2023-03-31T07:07:37","guid":{"rendered":"https:\/\/wheelrestore.com\/?page_id=3"},"modified":"2025-08-28T12:55:30","modified_gmt":"2025-08-28T12:55:30","slug":"privacy-policy","status":"publish","type":"page","link":"https:\/\/wheelrestore.com\/es_es\/privacy-policy\/","title":{"rendered":"Pol\u00edtica de privacidad"},"content":{"rendered":"<div class=\"wpb-content-wrapper\"><div class=\"nm-row nm-row-full vc_row wpb_row\"><div class=\"nm_column wpb_column vc_column_container col-sm-12 vc_col-sm-12\"><div class=\"vc_column-inner\"><div class=\"wpb_wrapper\"><div class=\"vc_empty_space\"   style=\"height: 32px\"><span class=\"vc_empty_space_inner\"><\/span><\/div>\n\t<div class=\"wpb_text_column wpb_content_element\" >\n\t\t<div class=\"wpb_wrapper\">\n\t\t\t<h1 style=\"text-align: left;\">Pol\u00edtica de privacidad<\/h1>\n\n\t\t<\/div>\n\t<\/div>\n<div class=\"vc_empty_space\"   style=\"height: 32px\"><span class=\"vc_empty_space_inner\"><\/span><\/div><\/div><\/div><\/div><\/div><div class=\"nm-row nm-row-boxed vc_row wpb_row\"><div class=\"nm_column wpb_column vc_column_container col-sm-6 vc_col-sm-6\"><div class=\"vc_column-inner\"><div class=\"wpb_wrapper\">\n\t<div class=\"wpb_text_column wpb_content_element\" >\n\t\t<div class=\"wpb_wrapper\">\n\t\t\t<p>En Wheel Restore respetamos su privacidad y nos comprometemos a proteger sus datos personales. Esta pol\u00edtica de privacidad explica c\u00f3mo recopilamos, utilizamos y protegemos su informaci\u00f3n cuando visita nuestro sitio web, interact\u00faa con nuestros servicios o compra nuestros productos.<\/p>\n<h3><strong>1. Informaci\u00f3n que recopilamos<\/strong><\/h3>\n<p>Podemos recopilar los siguientes tipos de informaci\u00f3n personal:<\/p>\n<p>Informaci\u00f3n de contacto: Nombre, direcci\u00f3n de correo electr\u00f3nico, n\u00famero de tel\u00e9fono, datos de la empresa.<br \/>Informaci\u00f3n sobre la cuenta: Credenciales de inicio de sesi\u00f3n si crea una cuenta.<br \/>Datos de las transacciones: Historial de compras, informaci\u00f3n de pagos y detalles de facturaci\u00f3n.<br \/>Datos de uso: C\u00f3mo interact\u00faa con nuestro sitio web, incluidas las p\u00e1ginas visitadas y los enlaces en los que ha hecho clic.<br \/>Preferencias de marketing: Sus preferencias en cuanto a comunicaciones nuestras.<\/p>\n<h3><strong>2. C\u00f3mo utilizamos su informaci\u00f3n<\/strong><\/h3>\n<p>Utilizamos sus datos personales para:<\/p>\n<p>Proporcionar y mejorar nuestros productos y servicios.<br \/>Tramitar pedidos, pagos y entregas.<br \/>Comunicarnos con usted en relaci\u00f3n con su cuenta, pedidos o consultas.<br \/>Enviar comunicaciones de marketing si ha optado por ello.<br \/>Cumplir con las obligaciones legales y proteger nuestros derechos legales.<\/p>\n<h3><strong>3. Compartir su informaci\u00f3n<\/strong><\/h3>\n<p>No vendemos ni alquilamos sus datos personales a terceros. Podemos compartir su informaci\u00f3n con<\/p>\n<p>Proveedores de servicios: Empresas que nos ayudan en las operaciones (por ejemplo, procesadores de pagos, servicios inform\u00e1ticos).<br \/>Autoridades legales: Cuando lo exija la ley o para proteger nuestros derechos.<\/p>\n<h3><strong>4. Cookies y rastreo<\/strong><\/h3>\n<p>Nuestro sitio web puede utilizar cookies y tecnolog\u00edas similares para mejorar su experiencia de navegaci\u00f3n y recopilar datos de uso. Puede gestionar sus preferencias de cookies a trav\u00e9s de la configuraci\u00f3n de su navegador.<\/p>\n\n\t\t<\/div>\n\t<\/div>\n<\/div><\/div><\/div><div class=\"nm_column wpb_column vc_column_container col-sm-6 vc_col-sm-6\"><div class=\"vc_column-inner\"><div class=\"wpb_wrapper\">\n\t<div class=\"wpb_text_column wpb_content_element\" >\n\t\t<div class=\"wpb_wrapper\">\n\t\t\t<h3><strong>5. Sus derechos<\/strong><\/h3>\n<p>Dependiendo de su ubicaci\u00f3n, puede tener derecho a:<\/p>\n<p>Acceder a los datos personales que tenemos sobre usted.<br \/>Corrija o actualice su informaci\u00f3n.<br \/>Solicitar la supresi\u00f3n de sus datos personales.<br \/>Oponerse o restringir el tratamiento de sus datos.<br \/>Retirar el consentimiento para recibir comunicaciones comerciales.<br \/>Para ejercer sus derechos, p\u00f3ngase en contacto con nosotros en <a href=\"mailto:info@wheelrestore.com\">info@wheelrestore.com<\/a>.<\/p>\n<h3><strong>6. Seguridad de los datos<\/strong><\/h3>\n<p>Aplicamos las medidas t\u00e9cnicas y organizativas adecuadas para proteger sus datos contra el acceso no autorizado, la alteraci\u00f3n, la divulgaci\u00f3n o la destrucci\u00f3n.<\/p>\n<h3><strong>7. 7. Conservaci\u00f3n de datos<\/strong><\/h3>\n<p>Conservamos los datos personales s\u00f3lo el tiempo necesario para los fines descritos en esta pol\u00edtica o seg\u00fan lo exija la ley.<\/p>\n<h3><strong>8. Enlaces de terceros<\/strong><\/h3>\n<p>Nuestro sitio web puede contener enlaces a sitios web de terceros. No somos responsables de las pr\u00e1cticas de privacidad de estos sitios web y le animamos a revisar sus pol\u00edticas de privacidad.<\/p>\n<h3><strong>9. Actualizaciones de esta pol\u00edtica<\/strong><\/h3>\n<p>Es posible que actualicemos esta pol\u00edtica de privacidad de vez en cuando. La \u00faltima versi\u00f3n estar\u00e1 siempre disponible en nuestro sitio web. Le recomendamos que la revise peri\u00f3dicamente.<\/p>\n<h3><strong>10. Contacto<\/strong><\/h3>\n<p>Si tiene alguna pregunta o duda sobre esta pol\u00edtica de privacidad o sobre c\u00f3mo tratamos sus datos personales, p\u00f3ngase en contacto con nosotros:<\/p>\n<p>Restaurar rueda<br \/>Hobrovej 963<br \/><a href=\"mailto:info@wheelrestore.com\">info@wheelrestore.com<\/a><br \/>+45 7022 7070<\/p>\n\n\t\t<\/div>\n\t<\/div>\n<\/div><\/div><\/div><\/div><div class=\"nm-row nm-row-full vc_row wpb_row\"><div class=\"nm_column wpb_column vc_column_container col-sm-12 vc_col-sm-12\"><div class=\"vc_column-inner\"><div class=\"wpb_wrapper\"><div class=\"vc_empty_space\"   style=\"height: 60px\"><span class=\"vc_empty_space_inner\"><\/span><\/div><\/div><\/div><\/div><\/div><\/div>","protected":false},"excerpt":{"rendered":"Privacy Policy At Wheel Restore, we respect your privacy and are committed to protecting your personal data. This privacy policy explains how we collect, use, and safeguard your information when you visit our website, interact with our services, or purchase our products. 1. Information We Collect We may collect the following types of personal information: [...]","protected":false},"author":1,"featured_media":0,"parent":0,"menu_order":0,"comment_status":"closed","ping_status":"open","template":"","meta":{"content-type":"","footnotes":""},"class_list":["post-3","page","type-page","status-publish","hentry"],"yoast_head":"<!-- This site is optimized with the Yoast SEO Premium plugin v21.4 (Yoast SEO v25.0) - https:\/\/yoast.com\/wordpress\/plugins\/seo\/ -->\n<title>Privacy Policy - WheelRestore<\/title>\n<meta name=\"robots\" content=\"index, follow, max-snippet:-1, max-image-preview:large, max-video-preview:-1\" \/>\n<link rel=\"canonical\" href=\"https:\/\/wheelrestore.com\/es_es\/privacy-policy\/\" \/>\n<meta property=\"og:locale\" content=\"es_ES\" \/>\n<meta property=\"og:type\" content=\"article\" \/>\n<meta property=\"og:title\" content=\"Privacy Policy\" \/>\n<meta property=\"og:url\" content=\"https:\/\/wheelrestore.com\/es_es\/privacy-policy\/\" \/>\n<meta property=\"og:site_name\" content=\"WheelRestore\" \/>\n<meta property=\"article:modified_time\" content=\"2025-08-28T12:55:30+00:00\" \/>\n<meta name=\"twitter:card\" content=\"summary_large_image\" \/>\n<meta name=\"twitter:label1\" content=\"Tiempo de lectura\" \/>\n\t<meta name=\"twitter:data1\" content=\"5 minutos\" \/>\n<script type=\"application\/ld+json\" class=\"yoast-schema-graph\">{\"@context\":\"https:\/\/schema.org\",\"@graph\":[{\"@type\":\"WebPage\",\"@id\":\"https:\/\/wheelrestore.com\/privacy-policy\/\",\"url\":\"https:\/\/wheelrestore.com\/privacy-policy\/\",\"name\":\"Privacy Policy - WheelRestore\",\"isPartOf\":{\"@id\":\"https:\/\/wheelrestore.com\/#website\"},\"datePublished\":\"2023-03-31T07:07:37+00:00\",\"dateModified\":\"2025-08-28T12:55:30+00:00\",\"breadcrumb\":{\"@id\":\"https:\/\/wheelrestore.com\/privacy-policy\/#breadcrumb\"},\"inLanguage\":\"es\",\"potentialAction\":[{\"@type\":\"ReadAction\",\"target\":[\"https:\/\/wheelrestore.com\/privacy-policy\/\"]}]},{\"@type\":\"BreadcrumbList\",\"@id\":\"https:\/\/wheelrestore.com\/privacy-policy\/#breadcrumb\",\"itemListElement\":[{\"@type\":\"ListItem\",\"position\":1,\"name\":\"Home\",\"item\":\"https:\/\/wheelrestore.com\/\"},{\"@type\":\"ListItem\",\"position\":2,\"name\":\"Privacy Policy\"}]},{\"@type\":\"WebSite\",\"@id\":\"https:\/\/wheelrestore.com\/#website\",\"url\":\"https:\/\/wheelrestore.com\/\",\"name\":\"WheelRestore\",\"description\":\"\",\"potentialAction\":[{\"@type\":\"SearchAction\",\"target\":{\"@type\":\"EntryPoint\",\"urlTemplate\":\"https:\/\/wheelrestore.com\/?s={search_term_string}\"},\"query-input\":{\"@type\":\"PropertyValueSpecification\",\"valueRequired\":true,\"valueName\":\"search_term_string\"}}],\"inLanguage\":\"es\"}]}<\/script>\n<!-- \/ Yoast SEO Premium plugin. -->","yoast_head_json":{"title":"Pol\u00edtica de privacidad - WheelRestore","robots":{"index":"index","follow":"follow","max-snippet":"max-snippet:-1","max-image-preview":"max-image-preview:large","max-video-preview":"max-video-preview:-1"},"canonical":"https:\/\/wheelrestore.com\/es_es\/privacy-policy\/","og_locale":"es_ES","og_type":"article","og_title":"Privacy Policy","og_url":"https:\/\/wheelrestore.com\/es_es\/privacy-policy\/","og_site_name":"WheelRestore","article_modified_time":"2025-08-28T12:55:30+00:00","twitter_card":"summary_large_image","twitter_misc":{"Tiempo de lectura":"5 minutos"},"schema":{"@context":"https:\/\/schema.org","@graph":[{"@type":"WebPage","@id":"https:\/\/wheelrestore.com\/privacy-policy\/","url":"https:\/\/wheelrestore.com\/privacy-policy\/","name":"Pol\u00edtica de privacidad - WheelRestore","isPartOf":{"@id":"https:\/\/wheelrestore.com\/#website"},"datePublished":"2023-03-31T07:07:37+00:00","dateModified":"2025-08-28T12:55:30+00:00","breadcrumb":{"@id":"https:\/\/wheelrestore.com\/privacy-policy\/#breadcrumb"},"inLanguage":"es","potentialAction":[{"@type":"ReadAction","target":["https:\/\/wheelrestore.com\/privacy-policy\/"]}]},{"@type":"BreadcrumbList","@id":"https:\/\/wheelrestore.com\/privacy-policy\/#breadcrumb","itemListElement":[{"@type":"ListItem","position":1,"name":"Home","item":"https:\/\/wheelrestore.com\/"},{"@type":"ListItem","position":2,"name":"Privacy Policy"}]},{"@type":"WebSite","@id":"https:\/\/wheelrestore.com\/#website","url":"https:\/\/wheelrestore.com\/","name":"WheelRestore","description":"","potentialAction":[{"@type":"SearchAction","target":{"@type":"EntryPoint","urlTemplate":"https:\/\/wheelrestore.com\/?s={search_term_string}"},"query-input":{"@type":"PropertyValueSpecification","valueRequired":true,"valueName":"search_term_string"}}],"inLanguage":"es"}]}},"_links":{"self":[{"href":"https:\/\/wheelrestore.com\/es_es\/wp-json\/wp\/v2\/pages\/3","targetHints":{"allow":["GET"]}}],"collection":[{"href":"https:\/\/wheelrestore.com\/es_es\/wp-json\/wp\/v2\/pages"}],"about":[{"href":"https:\/\/wheelrestore.com\/es_es\/wp-json\/wp\/v2\/types\/page"}],"author":[{"embeddable":true,"href":"https:\/\/wheelrestore.com\/es_es\/wp-json\/wp\/v2\/users\/1"}],"replies":[{"embeddable":true,"href":"https:\/\/wheelrestore.com\/es_es\/wp-json\/wp\/v2\/comments?post=3"}],"version-history":[{"count":4,"href":"https:\/\/wheelrestore.com\/es_es\/wp-json\/wp\/v2\/pages\/3\/revisions"}],"predecessor-version":[{"id":3377,"href":"https:\/\/wheelrestore.com\/es_es\/wp-json\/wp\/v2\/pages\/3\/revisions\/3377"}],"wp:attachment":[{"href":"https:\/\/wheelrestore.com\/es_es\/wp-json\/wp\/v2\/media?parent=3"}],"curies":[{"name":"wp","href":"https:\/\/api.w.org\/{rel}","templated":true}]}}