{"id":3,"date":"2023-03-31T07:07:37","date_gmt":"2023-03-31T07:07:37","guid":{"rendered":"https:\/\/wheelrestore.com\/?page_id=3"},"modified":"2025-08-28T12:55:30","modified_gmt":"2025-08-28T12:55:30","slug":"privacy-policy","status":"publish","type":"page","link":"https:\/\/wheelrestore.com\/fi\/privacy-policy\/","title":{"rendered":"Tietosuojak\u00e4yt\u00e4nt\u00f6"},"content":{"rendered":"<div class=\"wpb-content-wrapper\"><div class=\"nm-row nm-row-full vc_row wpb_row\"><div class=\"nm_column wpb_column vc_column_container col-sm-12 vc_col-sm-12\"><div class=\"vc_column-inner\"><div class=\"wpb_wrapper\"><div class=\"vc_empty_space\"   style=\"height: 32px\"><span class=\"vc_empty_space_inner\"><\/span><\/div>\n\t<div class=\"wpb_text_column wpb_content_element\" >\n\t\t<div class=\"wpb_wrapper\">\n\t\t\t<h1 style=\"text-align: left;\">Tietosuojak\u00e4yt\u00e4nt\u00f6<\/h1>\n\n\t\t<\/div>\n\t<\/div>\n<div class=\"vc_empty_space\"   style=\"height: 32px\"><span class=\"vc_empty_space_inner\"><\/span><\/div><\/div><\/div><\/div><\/div><div class=\"nm-row nm-row-boxed vc_row wpb_row\"><div class=\"nm_column wpb_column vc_column_container col-sm-6 vc_col-sm-6\"><div class=\"vc_column-inner\"><div class=\"wpb_wrapper\">\n\t<div class=\"wpb_text_column wpb_content_element\" >\n\t\t<div class=\"wpb_wrapper\">\n\t\t\t<p>Me Wheel Restoressa kunnioitamme yksityisyytt\u00e4si ja olemme sitoutuneet suojelemaan henkil\u00f6tietojasi. T\u00e4ss\u00e4 tietosuojak\u00e4yt\u00e4nn\u00f6ss\u00e4 selitet\u00e4\u00e4n, miten ker\u00e4\u00e4mme, k\u00e4yt\u00e4mme ja suojaamme tietojasi, kun vierailet verkkosivustollamme, olet vuorovaikutuksessa palveluidemme kanssa tai ostat tuotteitamme.<\/p>\n<h3><strong>1. Ker\u00e4\u00e4m\u00e4mme tiedot<\/strong><\/h3>\n<p>Voimme ker\u00e4t\u00e4 seuraavanlaisia henkil\u00f6tietoja:<\/p>\n<p>Yhteystiedot: Nimi, s\u00e4hk\u00f6postiosoite, puhelinnumero, yrityksen tiedot.<br \/>Tilin tiedot: Kirjautumistiedot, jos luot tilin.<br \/>Tapahtumatiedot: Ostohistoria, maksutiedot ja laskutustiedot.<br \/>K\u00e4ytt\u00f6tiedot: K\u00e4ytt\u00f6tiedot: Miten olet vuorovaikutuksessa verkkosivustomme kanssa, mukaan lukien sivut, joilla olet vieraillut, ja linkit, joita olet napsauttanut.<br \/>Markkinointimieltymykset: Mieltymyksesi meid\u00e4n viestinn\u00e4ss\u00e4mme.<\/p>\n<h3><strong>2. Miten k\u00e4yt\u00e4mme tietojasi<\/strong><\/h3>\n<p>K\u00e4yt\u00e4mme henkil\u00f6tietojasi seuraaviin tarkoituksiin:<\/p>\n<p>Tuotteidemme ja palveluidemme tarjoaminen ja parantaminen.<br \/>K\u00e4sittele tilaukset, maksut ja toimitukset.<br \/>Viestimme kanssasi tilist\u00e4si, tilauksistasi tai tiedusteluistasi.<br \/>Markkinointiviestinn\u00e4n l\u00e4hett\u00e4minen, jos olet valinnut sen.<br \/>lakis\u00e4\u00e4teisten velvoitteiden noudattaminen ja laillisten oikeuksiemme suojaaminen.<\/p>\n<h3><strong>3. Tietojesi jakaminen<\/strong><\/h3>\n<p>Emme myy tai vuokraa henkil\u00f6tietojasi kolmansille osapuolille. Voimme jakaa tietojasi seuraaville tahoille:<\/p>\n<p>Palveluntarjoajat: Yritykset, jotka avustavat meit\u00e4 toiminnassa (esim. maksujen k\u00e4sittelij\u00e4t, IT-palvelut).<br \/>Oikeusviranomaiset: Kun laki sit\u00e4 vaatii tai suojellaksemme oikeuksiamme.<\/p>\n<h3><strong>4. Ev\u00e4steet ja seuranta<\/strong><\/h3>\n<p>Verkkosivustomme voi k\u00e4ytt\u00e4\u00e4 ev\u00e4steit\u00e4 ja vastaavia tekniikoita parantaakseen selauskokemustasi ja ker\u00e4t\u00e4kseen k\u00e4ytt\u00f6tietoja. Voit hallita ev\u00e4steasetuksiasi selaimesi asetuksista.<\/p>\n\n\t\t<\/div>\n\t<\/div>\n<\/div><\/div><\/div><div class=\"nm_column wpb_column vc_column_container col-sm-6 vc_col-sm-6\"><div class=\"vc_column-inner\"><div class=\"wpb_wrapper\">\n\t<div class=\"wpb_text_column wpb_content_element\" >\n\t\t<div class=\"wpb_wrapper\">\n\t\t\t<h3><strong>5. Oikeutesi<\/strong><\/h3>\n<p>Sijainnistasi riippuen sinulla voi olla oikeus:<\/p>\n<p>p\u00e4\u00e4st\u00e4 k\u00e4siksi hallussamme oleviin henkil\u00f6tietoihin.<br \/>Korjaa tai p\u00e4ivit\u00e4 tietosi.<br \/>Pyyd\u00e4 henkil\u00f6tietojesi poistamista.<br \/>Vastustaa tietojesi k\u00e4sittely\u00e4 tai rajoittaa sit\u00e4.<br \/>Peruuta suostumuksesi markkinointiviestint\u00e4\u00e4n.<br \/>Jos haluat k\u00e4ytt\u00e4\u00e4 oikeuksiasi, ota meihin yhteytt\u00e4: <a href=\"mailto:info@wheelrestore.com\">info@wheelrestore.com<\/a>.<\/p>\n<h3><strong>6. Tietoturva<\/strong><\/h3>\n<p>Toteutamme asianmukaisia teknisi\u00e4 ja organisatorisia toimenpiteit\u00e4 suojellaksemme tietojasi luvattomalta k\u00e4yt\u00f6lt\u00e4, muuttamiselta, paljastamiselta tai tuhoamiselta.<\/p>\n<h3><strong>7. Tietojen s\u00e4ilytt\u00e4minen<\/strong><\/h3>\n<p>S\u00e4ilyt\u00e4mme henkil\u00f6tietoja vain niin kauan kuin se on tarpeen t\u00e4ss\u00e4 k\u00e4yt\u00e4nn\u00f6ss\u00e4mme esitettyj\u00e4 tarkoituksia varten tai lain edellytt\u00e4m\u00e4ll\u00e4 tavalla.<\/p>\n<h3><strong>8. Kolmannen osapuolen linkit<\/strong><\/h3>\n<p>Verkkosivustomme voi sis\u00e4lt\u00e4\u00e4 linkkej\u00e4 kolmansien osapuolten verkkosivustoille. Emme ole vastuussa n\u00e4iden verkkosivustojen tietosuojak\u00e4yt\u00e4nn\u00f6ist\u00e4, ja kehotamme sinua tutustumaan niiden tietosuojak\u00e4yt\u00e4nt\u00f6ihin.<\/p>\n<h3><strong>9. T\u00e4m\u00e4n politiikan p\u00e4ivitykset<\/strong><\/h3>\n<p>Saatamme p\u00e4ivitt\u00e4\u00e4 t\u00e4t\u00e4 tietosuojak\u00e4yt\u00e4nt\u00f6\u00e4 aika ajoin. Uusin versio on aina saatavilla verkkosivustollamme. Kehotamme sinua tarkistamaan sen s\u00e4\u00e4nn\u00f6llisesti.<\/p>\n<h3><strong>10. Ota yhteytt\u00e4<\/strong><\/h3>\n<p>Jos sinulla on kysymyksi\u00e4 tai huolenaiheita t\u00e4st\u00e4 tietosuojak\u00e4yt\u00e4nn\u00f6st\u00e4 tai siit\u00e4, miten k\u00e4sittelemme henkil\u00f6tietojasi, ota meihin yhteytt\u00e4:<\/p>\n<p>Py\u00f6r\u00e4n palauttaminen<br \/>Hobrovej 963<br \/><a href=\"mailto:info@wheelrestore.com\">info@wheelrestore.com<\/a><br \/>+45 7022 7070<\/p>\n\n\t\t<\/div>\n\t<\/div>\n<\/div><\/div><\/div><\/div><div class=\"nm-row nm-row-full vc_row wpb_row\"><div class=\"nm_column wpb_column vc_column_container col-sm-12 vc_col-sm-12\"><div class=\"vc_column-inner\"><div class=\"wpb_wrapper\"><div class=\"vc_empty_space\"   style=\"height: 60px\"><span class=\"vc_empty_space_inner\"><\/span><\/div><\/div><\/div><\/div><\/div><\/div>","protected":false},"excerpt":{"rendered":"Privacy Policy At Wheel Restore, we respect your privacy and are committed to protecting your personal data. This privacy policy explains how we collect, use, and safeguard your information when you visit our website, interact with our services, or purchase our products. 1. Information We Collect We may collect the following types of personal information: [...]","protected":false},"author":1,"featured_media":0,"parent":0,"menu_order":0,"comment_status":"closed","ping_status":"open","template":"","meta":{"content-type":"","footnotes":""},"class_list":["post-3","page","type-page","status-publish","hentry"],"yoast_head":"<!-- This site is optimized with the Yoast SEO Premium plugin v21.4 (Yoast SEO v25.0) - https:\/\/yoast.com\/wordpress\/plugins\/seo\/ -->\n<title>Privacy Policy - WheelRestore<\/title>\n<meta name=\"robots\" content=\"index, follow, max-snippet:-1, max-image-preview:large, max-video-preview:-1\" \/>\n<link rel=\"canonical\" href=\"https:\/\/wheelrestore.com\/fi\/privacy-policy\/\" \/>\n<meta property=\"og:locale\" content=\"fi_FI\" \/>\n<meta property=\"og:type\" content=\"article\" \/>\n<meta property=\"og:title\" content=\"Privacy Policy\" \/>\n<meta property=\"og:url\" content=\"https:\/\/wheelrestore.com\/fi\/privacy-policy\/\" \/>\n<meta property=\"og:site_name\" content=\"WheelRestore\" \/>\n<meta property=\"article:modified_time\" content=\"2025-08-28T12:55:30+00:00\" \/>\n<meta name=\"twitter:card\" content=\"summary_large_image\" \/>\n<meta name=\"twitter:label1\" content=\"Arvioitu lukuaika\" \/>\n\t<meta name=\"twitter:data1\" content=\"5 minuuttia\" \/>\n<script type=\"application\/ld+json\" class=\"yoast-schema-graph\">{\"@context\":\"https:\/\/schema.org\",\"@graph\":[{\"@type\":\"WebPage\",\"@id\":\"https:\/\/wheelrestore.com\/privacy-policy\/\",\"url\":\"https:\/\/wheelrestore.com\/privacy-policy\/\",\"name\":\"Privacy Policy - WheelRestore\",\"isPartOf\":{\"@id\":\"https:\/\/wheelrestore.com\/#website\"},\"datePublished\":\"2023-03-31T07:07:37+00:00\",\"dateModified\":\"2025-08-28T12:55:30+00:00\",\"breadcrumb\":{\"@id\":\"https:\/\/wheelrestore.com\/privacy-policy\/#breadcrumb\"},\"inLanguage\":\"fi\",\"potentialAction\":[{\"@type\":\"ReadAction\",\"target\":[\"https:\/\/wheelrestore.com\/privacy-policy\/\"]}]},{\"@type\":\"BreadcrumbList\",\"@id\":\"https:\/\/wheelrestore.com\/privacy-policy\/#breadcrumb\",\"itemListElement\":[{\"@type\":\"ListItem\",\"position\":1,\"name\":\"Home\",\"item\":\"https:\/\/wheelrestore.com\/\"},{\"@type\":\"ListItem\",\"position\":2,\"name\":\"Privacy Policy\"}]},{\"@type\":\"WebSite\",\"@id\":\"https:\/\/wheelrestore.com\/#website\",\"url\":\"https:\/\/wheelrestore.com\/\",\"name\":\"WheelRestore\",\"description\":\"\",\"potentialAction\":[{\"@type\":\"SearchAction\",\"target\":{\"@type\":\"EntryPoint\",\"urlTemplate\":\"https:\/\/wheelrestore.com\/?s={search_term_string}\"},\"query-input\":{\"@type\":\"PropertyValueSpecification\",\"valueRequired\":true,\"valueName\":\"search_term_string\"}}],\"inLanguage\":\"fi\"}]}<\/script>\n<!-- \/ Yoast SEO Premium plugin. -->","yoast_head_json":{"title":"Tietosuojak\u00e4yt\u00e4nt\u00f6 - WheelRestore","robots":{"index":"index","follow":"follow","max-snippet":"max-snippet:-1","max-image-preview":"max-image-preview:large","max-video-preview":"max-video-preview:-1"},"canonical":"https:\/\/wheelrestore.com\/fi\/privacy-policy\/","og_locale":"fi_FI","og_type":"article","og_title":"Privacy Policy","og_url":"https:\/\/wheelrestore.com\/fi\/privacy-policy\/","og_site_name":"WheelRestore","article_modified_time":"2025-08-28T12:55:30+00:00","twitter_card":"summary_large_image","twitter_misc":{"Arvioitu lukuaika":"5 minuuttia"},"schema":{"@context":"https:\/\/schema.org","@graph":[{"@type":"WebPage","@id":"https:\/\/wheelrestore.com\/privacy-policy\/","url":"https:\/\/wheelrestore.com\/privacy-policy\/","name":"Tietosuojak\u00e4yt\u00e4nt\u00f6 - WheelRestore","isPartOf":{"@id":"https:\/\/wheelrestore.com\/#website"},"datePublished":"2023-03-31T07:07:37+00:00","dateModified":"2025-08-28T12:55:30+00:00","breadcrumb":{"@id":"https:\/\/wheelrestore.com\/privacy-policy\/#breadcrumb"},"inLanguage":"fi","potentialAction":[{"@type":"ReadAction","target":["https:\/\/wheelrestore.com\/privacy-policy\/"]}]},{"@type":"BreadcrumbList","@id":"https:\/\/wheelrestore.com\/privacy-policy\/#breadcrumb","itemListElement":[{"@type":"ListItem","position":1,"name":"Home","item":"https:\/\/wheelrestore.com\/"},{"@type":"ListItem","position":2,"name":"Privacy Policy"}]},{"@type":"WebSite","@id":"https:\/\/wheelrestore.com\/#website","url":"https:\/\/wheelrestore.com\/","name":"WheelRestore","description":"","potentialAction":[{"@type":"SearchAction","target":{"@type":"EntryPoint","urlTemplate":"https:\/\/wheelrestore.com\/?s={search_term_string}"},"query-input":{"@type":"PropertyValueSpecification","valueRequired":true,"valueName":"search_term_string"}}],"inLanguage":"fi"}]}},"_links":{"self":[{"href":"https:\/\/wheelrestore.com\/fi\/wp-json\/wp\/v2\/pages\/3","targetHints":{"allow":["GET"]}}],"collection":[{"href":"https:\/\/wheelrestore.com\/fi\/wp-json\/wp\/v2\/pages"}],"about":[{"href":"https:\/\/wheelrestore.com\/fi\/wp-json\/wp\/v2\/types\/page"}],"author":[{"embeddable":true,"href":"https:\/\/wheelrestore.com\/fi\/wp-json\/wp\/v2\/users\/1"}],"replies":[{"embeddable":true,"href":"https:\/\/wheelrestore.com\/fi\/wp-json\/wp\/v2\/comments?post=3"}],"version-history":[{"count":4,"href":"https:\/\/wheelrestore.com\/fi\/wp-json\/wp\/v2\/pages\/3\/revisions"}],"predecessor-version":[{"id":3377,"href":"https:\/\/wheelrestore.com\/fi\/wp-json\/wp\/v2\/pages\/3\/revisions\/3377"}],"wp:attachment":[{"href":"https:\/\/wheelrestore.com\/fi\/wp-json\/wp\/v2\/media?parent=3"}],"curies":[{"name":"wp","href":"https:\/\/api.w.org\/{rel}","templated":true}]}}