{"id":88,"date":"2023-10-23T21:40:27","date_gmt":"2023-10-23T21:40:27","guid":{"rendered":"https:\/\/wheelrestore.com\/?page_id=88"},"modified":"2025-05-08T10:02:58","modified_gmt":"2025-05-08T10:02:58","slug":"financing","status":"publish","type":"page","link":"https:\/\/wheelrestore.com\/fi\/financing\/","title":{"rendered":"Rahoitus"},"content":{"rendered":"<div class=\"wpb-content-wrapper\"><div class=\"nm-row nm-row-boxed vc_row wpb_row\"><div class=\"nm_column wpb_column vc_column_container col-sm-12 vc_col-sm-12\"><div class=\"vc_column-inner\"><div class=\"wpb_wrapper\"><!-- start breadcrumbs -->\n\n\t\t\t<p id=\"breadcrumbs\">\n    <span><span><a href=\"https:\/\/wheelrestore.com\/fi\/\">Etusivu<\/a><\/span><\/span>\n<\/p>\n\t\t\t<!-- end breadcrumbs --><\/div><\/div><\/div><\/div><div class=\"nm-row nm-row-boxed vc_row wpb_row nm-row-flex nm-row-col-middle\"><div class=\"nm_column wpb_column vc_column_container col-sm-7 vc_col-sm-7\"><div class=\"vc_column-inner\"><div class=\"wpb_wrapper\"><div class=\"vc_empty_space\"   style=\"height: 32px\"><span class=\"vc_empty_space_inner\"><\/span><\/div><h1 style=\"font-size: 34px;color: #111111;line-height: 1.1;text-align: left;font-family:Roboto;font-weight:700;font-style:normal\" class=\"vc_custom_heading\" >HOUKUTTELEVIA RAHOITUSRATKAISUJA<\/h1><h2 style=\"font-size: 26px;color: #111111;line-height: 1.2;text-align: left;font-family:Roboto;font-weight:400;font-style:normal\" class=\"vc_custom_heading\" >Vakaa, pitk\u00e4aikainen ja kilpailukykyinen rahoitus.<\/h2><div class=\"vc_empty_space\"   style=\"height: 20px\"><span class=\"vc_empty_space_inner\"><\/span><\/div>\n\t<div class=\"wpb_text_column wpb_content_element\" >\n\t\t<div class=\"wpb_wrapper\">\n\t\t\t<p>Wheel Restore tarjoaa ainutlaatuisen Tanskan valtion tukeman rahoitusvaihtoehdon, joka on suunniteltu erityisesti vientitoiminnan tukemiseen. T\u00e4m\u00e4 tarjoaa asiakkaille merkitt\u00e4vi\u00e4 etuja, kuten pitk\u00e4aikaisen ja vakaan rahoituksen eritt\u00e4in kilpailukykyiseen hintaan, mik\u00e4 v\u00e4hent\u00e4\u00e4 taloudellisia rasitteita. Tanskan luotettavan vientiluottolaitoksen tuella t\u00e4m\u00e4 rahoitusratkaisu antaa sinulle mahdollisuuden investoida Wheel Restoren laitteisiin luottavaisin mielin ja rauhassa.<\/p>\n\n\t\t<\/div>\n\t<\/div>\n<div class=\"vc_empty_space\"   style=\"height: 32px\"><span class=\"vc_empty_space_inner\"><\/span><\/div><\/div><\/div><\/div><div class=\"nm_column wpb_column vc_column_container col-sm-5 vc_col-sm-5\"><div class=\"vc_column-inner\"><div class=\"wpb_wrapper\">\n\t<div  class=\"wpb_single_image wpb_content_element vc_align_center\">\n\t\t\n\t\t<figure class=\"wpb_wrapper vc_figure\">\n\t\t\t<div class=\"vc_single_image-wrapper   vc_box_border_grey\"><img loading=\"lazy\" decoding=\"async\" width=\"850\" height=\"622\" src=\"https:\/\/wheelrestore.com\/wp-content\/uploads\/2024\/10\/EIFO-logo-web.webp\" class=\"vc_single_image-img attachment-full\" alt=\"\" title=\"EIFO-logo-web\" srcset=\"https:\/\/wheelrestore.com\/wp-content\/uploads\/2024\/10\/EIFO-logo-web.webp 850w, https:\/\/wheelrestore.com\/wp-content\/uploads\/2024\/10\/EIFO-logo-web-300x220.webp 300w, https:\/\/wheelrestore.com\/wp-content\/uploads\/2024\/10\/EIFO-logo-web-768x562.webp 768w, https:\/\/wheelrestore.com\/wp-content\/uploads\/2024\/10\/EIFO-logo-web-16x12.webp 16w\" sizes=\"auto, (max-width: 850px) 100vw, 850px\" \/><\/div>\n\t\t<\/figure>\n\t<\/div>\n<\/div><\/div><\/div><\/div><div class=\"nm-row nm-row-full-nopad vc_row wpb_row  vc_custom_1746698555710\"><div class=\"nm_column wpb_column vc_column_container col-sm-12 vc_col-sm-12\"><div class=\"vc_column-inner\"><div class=\"wpb_wrapper\"><div class=\"templatera_shortcode\"><p><\/p>\r\n<\/div><\/div><\/div><\/div><\/div><div class=\"nm-row nm-row-boxed vc_row wpb_row nm-row-flex nm-row-col-middle\"><div class=\"nm_column wpb_column vc_column_container col-sm-6 vc_col-sm-6\"><div class=\"vc_column-inner\"><div class=\"wpb_wrapper\"><h2 style=\"font-size: 26px;color: #010101;line-height: 1.2;text-align: center;font-family:Roboto;font-weight:500;font-style:normal\" class=\"vc_custom_heading\" >Miten se toimii<\/h2>\n\t<div  class=\"wpb_single_image wpb_content_element vc_align_left\">\n\t\t\n\t\t<figure class=\"wpb_wrapper vc_figure\">\n\t\t\t<div class=\"vc_single_image-wrapper   vc_box_border_grey\"><img loading=\"lazy\" decoding=\"async\" width=\"900\" height=\"500\" src=\"https:\/\/wheelrestore.com\/wp-content\/uploads\/2024\/10\/EIFO-animation-1.webp\" class=\"vc_single_image-img attachment-full\" alt=\"\" title=\"EIFO-animaatio\" srcset=\"https:\/\/wheelrestore.com\/wp-content\/uploads\/2024\/10\/EIFO-animation-1.webp 900w, https:\/\/wheelrestore.com\/wp-content\/uploads\/2024\/10\/EIFO-animation-1-300x167.webp 300w, https:\/\/wheelrestore.com\/wp-content\/uploads\/2024\/10\/EIFO-animation-1-768x427.webp 768w, https:\/\/wheelrestore.com\/wp-content\/uploads\/2024\/10\/EIFO-animation-1-18x10.webp 18w\" sizes=\"auto, (max-width: 900px) 100vw, 900px\" \/><\/div>\n\t\t<\/figure>\n\t<\/div>\n<\/div><\/div><\/div><div class=\"nm_column wpb_column vc_column_container col-sm-6 vc_col-sm-6 vc_custom_1729158553628\"><div class=\"vc_column-inner\"><div class=\"wpb_wrapper\">\n\t<div class=\"wpb_text_column wpb_content_element\" >\n\t\t<div class=\"wpb_wrapper\">\n\t\t\t<p><strong>1. Luotto pankistamme<\/strong><br \/>\nTeemme yhteisty\u00f6t\u00e4 pankkimme kanssa tarjotaksemme sinulle luottolimiitti\u00e4 ostoksellesi, joka antaa sinulle v\u00e4hint\u00e4\u00e4n 181 p\u00e4iv\u00e4\u00e4 maksuaikaa. Pidempiaikaisia vaihtoehtoja varten useimmat rahoitussopimuksemme tarjoavat 3-5 vuoden takaisinmaksuajan. Jotta t\u00e4m\u00e4 olisi mahdollista, pankkimme vaatii kuitenkin takauksen maksusta.<\/p>\n<p><strong>2. Riskien kattaminen EIFO:lla<\/strong><br \/>\nEIFO ryhtyy toimiin tarjoamalla takauksen, joka kattaa pankin riskin. N\u00e4in pankki voi my\u00f6nt\u00e4\u00e4 sinulle luoton, mik\u00e4 helpottaa oston rahoittamista.<\/p>\n<p><strong>3. Saumaton hyv\u00e4ksynt\u00e4<\/strong><br \/>\nPankkimme hakee takuuta verkossa EIFO:n kautta, mik\u00e4 takaa nopean prosessin, jotta voit saada tuotteen ilman viiv\u00e4styksi\u00e4. EIFO arvioi luottokelpoisuutesi tilinp\u00e4\u00e4t\u00f6stietojesi perusteella, mik\u00e4 takaa sujuvan tapahtuman.<\/p>\n\n\t\t<\/div>\n\t<\/div>\n<\/div><\/div><\/div><\/div><div class=\"nm-row nm-row-boxed vc_row wpb_row nm-row-flex nm-row-equal-height  vc_custom_1729158253684\"><div class=\"nm_column wpb_column vc_column_container col-sm-4 vc_col-sm-4 vc_custom_1729499204055\"><div class=\"vc_column-inner\"><div class=\"wpb_wrapper\"><h3 style=\"font-size: 22px;color: #111111;line-height: 1.2;text-align: left;font-family:Roboto;font-weight:500;font-style:normal\" class=\"vc_custom_heading\" >K\u00e4ytt\u00f6\u00f6nottoprosessi<\/h3><div class=\"vc_empty_space\"   style=\"height: 20px\"><span class=\"vc_empty_space_inner\"><\/span><\/div><h3 style=\"font-size: 16px;color: #111111;line-height: 1.5;text-align: left;font-family:Roboto;font-weight:400;font-style:normal\" class=\"vc_custom_heading\" >Kolmen viimeisen vuoden tilinp\u00e4\u00e4t\u00f6stiedot.<\/h3><div class=\"vc_empty_space\"   style=\"height: 20px\"><span class=\"vc_empty_space_inner\"><\/span><\/div><h3 style=\"font-size: 16px;color: #111111;line-height: 1.5;text-align: left;font-family:Roboto;font-weight:400;font-style:normal\" class=\"vc_custom_heading\" >Yhteinen kokous rahoituksen m\u00e4\u00e4r\u00e4n ja keston viimeistelemiseksi.<\/h3><div class=\"vc_empty_space\"   style=\"height: 20px\"><span class=\"vc_empty_space_inner\"><\/span><\/div><h3 style=\"font-size: 22px;color: #111111;line-height: 1.2;text-align: left;font-family:Roboto;font-weight:500;font-style:normal\" class=\"vc_custom_heading\" >Kustannuslaskenta<\/h3><div class=\"vc_empty_space\"   style=\"height: 20px\"><span class=\"vc_empty_space_inner\"><\/span><\/div><h3 style=\"font-size: 16px;color: #111111;line-height: 1.2;text-align: left;font-family:Roboto;font-weight:500;font-style:normal\" class=\"vc_custom_heading\" >Rahoitus EURIBOR + 2,20% (viitteellinen korko).<\/h3><div class=\"vc_empty_space\"   style=\"height: 20px\"><span class=\"vc_empty_space_inner\"><\/span><\/div><h3 style=\"font-size: 16px;color: #111111;line-height: 1.2;text-align: left;font-family:Roboto;font-weight:500;font-style:normal\" class=\"vc_custom_heading\" >Kertaluonteinen riskipreemio<\/h3><div class=\"vc_empty_space\"   style=\"height: 5px\"><span class=\"vc_empty_space_inner\"><\/span><\/div><h3 style=\"font-size: 16px;color: #6b6b6b;line-height: 1.5;text-align: left;font-family:Roboto;font-weight:400;font-style:normal\" class=\"vc_custom_heading\" >Maksat EIFO:lle takuusta riskipreemion. T\u00e4m\u00e4 kertaluonteinen palkkio lasketaan yrityksesi luottokelpoisuuden, taloudellisen analyysin perusteella antamamme luokituksen, maasi poliittisen tilanteen ja arvioidun maariskin perusteella. Palkkiossa otetaan huomioon my\u00f6s luottoaika.<\/h3><\/div><\/div><\/div><div class=\"nm_column wpb_column vc_column_container col-sm-4 vc_col-sm-4 vc_custom_1729159150887\"><div class=\"vc_column-inner\"><div class=\"wpb_wrapper\"><h3 style=\"font-size: 22px;color: #111111;line-height: 1.2;text-align: left;font-family:Roboto;font-weight:500;font-style:normal\" class=\"vc_custom_heading\" >Edut sinulle<\/h3><div class=\"vc_empty_space\"   style=\"height: 20px\"><span class=\"vc_empty_space_inner\"><\/span><\/div>\n\t<div class=\"wpb_text_column wpb_content_element\" >\n\t\t<div class=\"wpb_wrapper\">\n\t\t\t<p><strong>Kilpailukykyiset ehdot<\/strong>: EIFO ottaa riskin, jolloin voit varmistaa pitk\u00e4aikaisen rahoituksen tanskalaisille hankinnoillesi edullisin ehdoin.<br \/>\n<strong>Vakaat maksut<\/strong>: Nauti ennustettavista puolivuosittaisista erist\u00e4, jotka parantavat kassavirran hallintaa.<br \/>\n<strong>AAA-luokiteltu tausta<\/strong>: Hy\u00f6dy Tanskan AAA-luokituksen mukaisesta valtiontuesta, joka takaa luottamuksen rahoitusj\u00e4rjestelyihisi.<\/p>\n\n\t\t<\/div>\n\t<\/div>\n<\/div><\/div><\/div><div class=\"nm_column wpb_column vc_column_container col-sm-4 vc_col-sm-4 vc_custom_1729166743714\"><div class=\"vc_column-inner\"><div class=\"wpb_wrapper\"><h3 style=\"font-size: 22px;color: #111111;line-height: 1.2;text-align: left;font-family:Roboto;font-weight:500;font-style:normal\" class=\"vc_custom_heading\" >Mit\u00e4 se edellytt\u00e4\u00e4?<\/h3><div class=\"vc_empty_space\"   style=\"height: 20px\"><span class=\"vc_empty_space_inner\"><\/span><\/div>\n\t<div class=\"wpb_text_column wpb_content_element\" >\n\t\t<div class=\"wpb_wrapper\">\n\t\t\t<p><strong>3 toimintavuotta<\/strong>: Yrityksesi on oltava toiminut v\u00e4hint\u00e4\u00e4n kolme vuotta, ja kolme viimeisint\u00e4 vuosikertomusta on oltava saatavilla tarkastelua varten.<br \/>\n<strong>Positiivinen EBITDA-kehitys<\/strong>: Yrityksen on osoitettava positiivinen EBITDA-kehitys kolmen viime vuoden ajalta, mik\u00e4 osoittaa yrityksen taloudellista terveytt\u00e4 ja kannattavuutta.<br \/>\n<strong>15% Ennakkomaksu<\/strong>: Rahoitusprosessin aloittaminen edellytt\u00e4\u00e4 v\u00e4hint\u00e4\u00e4n 15%:n k\u00e4sirahaa sopimuksen arvosta.<br \/>\n<strong>Omavaraisuusaste: <\/strong>Yrityksen oman p\u00e4\u00e4oman m\u00e4\u00e4r\u00e4n on oltava yli kolminkertainen rahoitettuun m\u00e4\u00e4r\u00e4\u00e4n n\u00e4hden, mik\u00e4 on 85% sopimuksen arvosta. T\u00e4m\u00e4 takaa taloudellisen vakauden ja minimoi riskin<br \/>\n<strong>Luottokelpoisuus<\/strong>: EIFO arvioi yrityksesi luottokelpoisuuden tilinp\u00e4\u00e4t\u00f6stietojen ja muiden asiakirjojen perusteella.<\/p>\n\n\t\t<\/div>\n\t<\/div>\n<\/div><\/div><\/div><\/div><div class=\"nm-row nm-row-boxed vc_row wpb_row  vc_custom_1729163584148\"><div class=\"nm_column wpb_column vc_column_container col-sm-12 vc_col-sm-12\"><div class=\"vc_column-inner\"><div class=\"wpb_wrapper\"><h4 style=\"font-size: 14px;color: #111111;line-height: 1.4;text-align: left;font-family:Roboto;font-weight:300;font-style:italic\" class=\"vc_custom_heading\" >EIFO on Tanskan kansallinen edist\u00e4mispankki ja vientiluottolaitos, jotka on yhdistetty yhdeksi rahoituslaitokseksi. Valtion omistamana rahoituslaitoksena, jolla on maailmanlaajuinen n\u00e4k\u00f6kulma ja AAA-luottoluokitus, EIFO toimii liikkeellepanevana voimana ja mahdollistajana uusille hankkeille ja kaupalle tanskalaisten yritysten ja niiden kumppaneiden v\u00e4lill\u00e4 maailmanlaajuisesti. EIFO:lla on yli 5 000 asiakasta, ja sen liiketoiminnan kokonaisvolyymi on noin 20 miljardia euroa. Koska EIFO on valmis ottamaan riskej\u00e4 rahoituksessa, se tasoittaa tiet\u00e4 niille, jotka uskaltavat ajatella isommin. Koska maailma on Tanskan asia.<\/h4><\/div><\/div><\/div><\/div><div class=\"nm-row nm-row-full-nopad vc_row wpb_row  vc_custom_1698140593128\"><div class=\"nm_column wpb_column vc_column_container col-sm-12 vc_col-sm-12\"><div class=\"vc_column-inner\"><div class=\"wpb_wrapper\"><div class=\"vc_empty_space\"   style=\"height: 38px\"><span class=\"vc_empty_space_inner\"><\/span><\/div><div class=\"nm-row nm-row-boxed inner\"><div class=\"nm_column nm_column_inner col-sm-12 vc_col-sm-12\"><div class=\"wpb_wrapper\"><h2 style=\"font-size: 28px;line-height: 36px;text-align: center\" class=\"vc_custom_heading\" >Hae rahoituslupaa alla<\/h2><\/div><\/div><\/div>\n\t<div class=\"wpb_raw_code wpb_content_element wpb_raw_html\" >\n\t\t<div class=\"wpb_wrapper\">\n\t\t\t<iframe loading=\"lazy\" style=\"display: block; background: #000; border: none; height: 690px; width: 100%;\" title=\"vuokraus\" src=\"https:\/\/wheelrestore-785d8.web.app\" width=\"100%\" height=\"100%\"><\/iframe>\n\t\t<\/div>\n\t<\/div>\n<\/div><\/div><\/div><\/div>\n<\/div>","protected":false},"excerpt":{"rendered":"","protected":false},"author":1,"featured_media":0,"parent":0,"menu_order":0,"comment_status":"closed","ping_status":"closed","template":"templates\/page-full.php","meta":{"content-type":"","footnotes":""},"class_list":["post-88","page","type-page","status-publish","hentry"],"yoast_head":"<!-- This site is optimized with the Yoast SEO Premium plugin v21.4 (Yoast SEO v27.4) - https:\/\/yoast.com\/product\/yoast-seo-premium-wordpress\/ -->\n<title>Flexible Financing Solutions for Wheel Restore Products<\/title>\n<meta name=\"description\" content=\"Discover flexible financing options for Wheel Restore equipment. Invest with confidence and peace of mind. Start with a custom plan.\" \/>\n<meta name=\"robots\" content=\"index, follow, max-snippet:-1, max-image-preview:large, max-video-preview:-1\" \/>\n<link rel=\"canonical\" href=\"https:\/\/wheelrestore.com\/fi\/financing\/\" \/>\n<meta property=\"og:locale\" content=\"fi_FI\" \/>\n<meta property=\"og:type\" content=\"article\" \/>\n<meta property=\"og:title\" content=\"Financing\" \/>\n<meta property=\"og:description\" content=\"Discover flexible financing options for Wheel Restore equipment. Invest with confidence and peace of mind. Start with a custom plan.\" \/>\n<meta property=\"og:url\" content=\"https:\/\/wheelrestore.com\/fi\/financing\/\" \/>\n<meta property=\"og:site_name\" content=\"WheelRestore\" \/>\n<meta property=\"article:modified_time\" content=\"2025-05-08T10:02:58+00:00\" \/>\n<meta name=\"twitter:card\" content=\"summary_large_image\" \/>\n<meta name=\"twitter:label1\" content=\"Arvioitu lukuaika\" \/>\n\t<meta name=\"twitter:data1\" content=\"5 minuuttia\" \/>\n<script type=\"application\/ld+json\" class=\"yoast-schema-graph\">{\"@context\":\"https:\\\/\\\/schema.org\",\"@graph\":[{\"@type\":\"WebPage\",\"@id\":\"https:\\\/\\\/wheelrestore.com\\\/financing\\\/\",\"url\":\"https:\\\/\\\/wheelrestore.com\\\/financing\\\/\",\"name\":\"Flexible Financing Solutions for Wheel Restore Products\",\"isPartOf\":{\"@id\":\"https:\\\/\\\/wheelrestore.com\\\/#website\"},\"datePublished\":\"2023-10-23T21:40:27+00:00\",\"dateModified\":\"2025-05-08T10:02:58+00:00\",\"description\":\"Discover flexible financing options for Wheel Restore equipment. Invest with confidence and peace of mind. Start with a custom plan.\",\"breadcrumb\":{\"@id\":\"https:\\\/\\\/wheelrestore.com\\\/financing\\\/#breadcrumb\"},\"inLanguage\":\"fi\",\"potentialAction\":[{\"@type\":\"ReadAction\",\"target\":[\"https:\\\/\\\/wheelrestore.com\\\/financing\\\/\"]}]},{\"@type\":\"BreadcrumbList\",\"@id\":\"https:\\\/\\\/wheelrestore.com\\\/financing\\\/#breadcrumb\",\"itemListElement\":[{\"@type\":\"ListItem\",\"position\":1,\"name\":\"Home\",\"item\":\"https:\\\/\\\/wheelrestore.com\\\/\"},{\"@type\":\"ListItem\",\"position\":2,\"name\":\"Financing\"}]},{\"@type\":\"WebSite\",\"@id\":\"https:\\\/\\\/wheelrestore.com\\\/#website\",\"url\":\"https:\\\/\\\/wheelrestore.com\\\/\",\"name\":\"WheelRestore\",\"description\":\"\",\"potentialAction\":[{\"@type\":\"SearchAction\",\"target\":{\"@type\":\"EntryPoint\",\"urlTemplate\":\"https:\\\/\\\/wheelrestore.com\\\/?s={search_term_string}\"},\"query-input\":{\"@type\":\"PropertyValueSpecification\",\"valueRequired\":true,\"valueName\":\"search_term_string\"}}],\"inLanguage\":\"fi\"}]}<\/script>\n<!-- \/ Yoast SEO Premium plugin. -->","yoast_head_json":{"title":"Joustavat rahoitusratkaisut Wheel Restore -tuotteille","description":"Tutustu Wheel Restore -laitteiden joustaviin rahoitusvaihtoehtoihin. Investoi luottavaisin mielin ja mielenrauhassa. Aloita r\u00e4\u00e4t\u00e4l\u00f6idyll\u00e4 suunnitelmalla.","robots":{"index":"index","follow":"follow","max-snippet":"max-snippet:-1","max-image-preview":"max-image-preview:large","max-video-preview":"max-video-preview:-1"},"canonical":"https:\/\/wheelrestore.com\/fi\/financing\/","og_locale":"fi_FI","og_type":"article","og_title":"Financing","og_description":"Discover flexible financing options for Wheel Restore equipment. Invest with confidence and peace of mind. Start with a custom plan.","og_url":"https:\/\/wheelrestore.com\/fi\/financing\/","og_site_name":"WheelRestore","article_modified_time":"2025-05-08T10:02:58+00:00","twitter_card":"summary_large_image","twitter_misc":{"Arvioitu lukuaika":"5 minuuttia"},"schema":{"@context":"https:\/\/schema.org","@graph":[{"@type":"WebPage","@id":"https:\/\/wheelrestore.com\/financing\/","url":"https:\/\/wheelrestore.com\/financing\/","name":"Joustavat rahoitusratkaisut Wheel Restore -tuotteille","isPartOf":{"@id":"https:\/\/wheelrestore.com\/#website"},"datePublished":"2023-10-23T21:40:27+00:00","dateModified":"2025-05-08T10:02:58+00:00","description":"Tutustu Wheel Restore -laitteiden joustaviin rahoitusvaihtoehtoihin. Investoi luottavaisin mielin ja mielenrauhassa. Aloita r\u00e4\u00e4t\u00e4l\u00f6idyll\u00e4 suunnitelmalla.","breadcrumb":{"@id":"https:\/\/wheelrestore.com\/financing\/#breadcrumb"},"inLanguage":"fi","potentialAction":[{"@type":"ReadAction","target":["https:\/\/wheelrestore.com\/financing\/"]}]},{"@type":"BreadcrumbList","@id":"https:\/\/wheelrestore.com\/financing\/#breadcrumb","itemListElement":[{"@type":"ListItem","position":1,"name":"Home","item":"https:\/\/wheelrestore.com\/"},{"@type":"ListItem","position":2,"name":"Financing"}]},{"@type":"WebSite","@id":"https:\/\/wheelrestore.com\/#website","url":"https:\/\/wheelrestore.com\/","name":"WheelRestore","description":"","potentialAction":[{"@type":"SearchAction","target":{"@type":"EntryPoint","urlTemplate":"https:\/\/wheelrestore.com\/?s={search_term_string}"},"query-input":{"@type":"PropertyValueSpecification","valueRequired":true,"valueName":"search_term_string"}}],"inLanguage":"fi"}]}},"_links":{"self":[{"href":"https:\/\/wheelrestore.com\/fi\/wp-json\/wp\/v2\/pages\/88","targetHints":{"allow":["GET"]}}],"collection":[{"href":"https:\/\/wheelrestore.com\/fi\/wp-json\/wp\/v2\/pages"}],"about":[{"href":"https:\/\/wheelrestore.com\/fi\/wp-json\/wp\/v2\/types\/page"}],"author":[{"embeddable":true,"href":"https:\/\/wheelrestore.com\/fi\/wp-json\/wp\/v2\/users\/1"}],"replies":[{"embeddable":true,"href":"https:\/\/wheelrestore.com\/fi\/wp-json\/wp\/v2\/comments?post=88"}],"version-history":[{"count":29,"href":"https:\/\/wheelrestore.com\/fi\/wp-json\/wp\/v2\/pages\/88\/revisions"}],"predecessor-version":[{"id":2193,"href":"https:\/\/wheelrestore.com\/fi\/wp-json\/wp\/v2\/pages\/88\/revisions\/2193"}],"wp:attachment":[{"href":"https:\/\/wheelrestore.com\/fi\/wp-json\/wp\/v2\/media?parent=88"}],"curies":[{"name":"wp","href":"https:\/\/api.w.org\/{rel}","templated":true}]}}