{"id":4040,"date":"2025-11-06T13:00:06","date_gmt":"2025-11-06T13:00:06","guid":{"rendered":"https:\/\/wheelrestore.com\/?page_id=4040"},"modified":"2025-11-27T08:01:20","modified_gmt":"2025-11-27T08:01:20","slug":"continova","status":"publish","type":"page","link":"https:\/\/wheelrestore.com\/fr\/continova\/","title":{"rendered":"Communiqu\u00e9 de presse - Su\u00e8de - Continova"},"content":{"rendered":"<div class=\"wpb-content-wrapper\"><div class=\"nm-row nm-row-full vc_row wpb_row\"><div class=\"nm_column wpb_column vc_column_container col-sm-12 vc_col-sm-12\"><div class=\"vc_column-inner\"><div class=\"wpb_wrapper\"><div class=\"vc_empty_space\"   style=\"height: 32px\"><span class=\"vc_empty_space_inner\"><\/span><\/div><\/div><\/div><\/div><\/div><div class=\"nm-row nm-row-boxed vc_row wpb_row  vc_custom_1762766390988\"><div class=\"nm_column wpb_column vc_column_container col-sm-6 vc_col-sm-6\"><div class=\"vc_column-inner\"><div class=\"wpb_wrapper\"><h1 style=\"font-size: 25px;text-align: left\" class=\"vc_custom_heading\" >Communiqu\u00e9 de presse<\/h1><p style=\"font-size: 16px;text-align: left\" class=\"vc_custom_heading\" >09:30 - 28 novembre 2025<\/p><div class=\"vc_empty_space\"   style=\"height: 5px\"><span class=\"vc_empty_space_inner\"><\/span><\/div><\/div><\/div><\/div><div class=\"nm_column wpb_column vc_column_container col-sm-6 vc_col-sm-6\"><div class=\"vc_column-inner\"><div class=\"wpb_wrapper\"><\/div><\/div><\/div><\/div><div class=\"nm-row nm-row-full-nopad vc_row wpb_row nm-row-flex nm-row-col-middle  vc_custom_1762767232577\"><div class=\"nm_column wpb_column vc_column_container col-sm-12 vc_col-sm-12\"><div class=\"vc_column-inner\"><div class=\"wpb_wrapper\"><div class=\"nm-row nm-row-boxed inner nm-row-flex nm-row-col-middle  vc_custom_1762766356633\"><div class=\"nm_column nm_column_inner col-sm-6 vc_col-sm-6\"><div class=\"wpb_wrapper\"><div class=\"vc_empty_space\"   style=\"height: 20px\"><span class=\"vc_empty_space_inner\"><\/span><\/div><h1 style=\"font-size: 50px;color: #ffffff;line-height: 1.3;text-align: left;font-family:Roboto;font-weight:500;font-style:normal\" class=\"vc_custom_heading\" >Wheel Restore est le distributeur su\u00e9dois de Continova AB<\/h1><div class=\"vc_empty_space\"   style=\"height: 20px\"><span class=\"vc_empty_space_inner\"><\/span><\/div>\r\n    <div class=\"nm-divider separator_align_center\">\r\n        <div class=\"nm-divider-line\" style=\"\"><\/div>\r\n    <\/div><div class=\"vc_empty_space\"   style=\"height: 30px\"><span class=\"vc_empty_space_inner\"><\/span><\/div>\n\t<div  class=\"wpb_single_image wpb_content_element vc_align_left\">\n\t\t\n\t\t<figure class=\"wpb_wrapper vc_figure\">\n\t\t\t<div class=\"vc_single_image-wrapper   vc_box_border_grey\"><img loading=\"lazy\" decoding=\"async\" width=\"200\" height=\"29\" src=\"https:\/\/wheelrestore.com\/wp-content\/uploads\/2025\/11\/continova_logo_200x.avif\" class=\"vc_single_image-img attachment-full\" alt=\"\" title=\"continova_logo_200x\" srcset=\"https:\/\/wheelrestore.com\/wp-content\/uploads\/2025\/11\/continova_logo_200x.avif 200w, https:\/\/wheelrestore.com\/wp-content\/uploads\/2025\/11\/continova_logo_200x-18x3.jpg 18w\" sizes=\"auto, (max-width: 200px) 100vw, 200px\" \/><\/div>\n\t\t<\/figure>\n\t<\/div>\n<div class=\"vc_empty_space\"   style=\"height: 40px\"><span class=\"vc_empty_space_inner\"><\/span><\/div><\/div><\/div><div class=\"nm_column nm_column_inner col-sm-6 vc_col-sm-6\"><div class=\"wpb_wrapper\"><\/div><\/div><\/div><\/div><\/div><\/div><\/div><div class=\"nm-row nm-row-boxed vc_row wpb_row  vc_custom_1762766582442\"><div class=\"nm_column wpb_column vc_column_container col-sm-12 vc_col-sm-12\"><div class=\"vc_column-inner\"><div class=\"wpb_wrapper\"><div class=\"vc_empty_space\"   style=\"height: 20px\"><span class=\"vc_empty_space_inner\"><\/span><\/div>\n\t<div class=\"wpb_text_column wpb_content_element\" >\n\t\t<div class=\"wpb_wrapper\">\n\t\t\t<p data-start=\"467\" data-end=\"531\">St\u00f8vring, Danmark \/ Kungsbacka, Sverige<\/p>\n\n\t\t<\/div>\n\t<\/div>\n<div class=\"vc_empty_space\"   style=\"height: 36px\"><span class=\"vc_empty_space_inner\"><\/span><\/div><h2 style=\"font-size: 28px;line-height: 1.4;text-align: left\" class=\"vc_custom_heading\" >Wheel Restore, leader mondial dans le domaine des solutions automatis\u00e9es pour la pr\u00e9paration et la remise \u00e0 neuf des v\u00e9hicules, a renforc\u00e9 sa pr\u00e9sence dans le Nord afin d'utiliser Continova AB comme distributeur en Su\u00e8de. Ce projet constitue un pas important dans la strat\u00e9gie de Wheel Restores visant \u00e0 mettre en place un syst\u00e8me de r\u00e9paration de carrosserie intelligent et performant qui soit le plus adapt\u00e9 possible aux besoins des entreprises professionnelles de la r\u00e9gion.<\/h2><div class=\"vc_empty_space\"   style=\"height: 20px\"><span class=\"vc_empty_space_inner\"><\/span><\/div><\/div><\/div><\/div><\/div><div class=\"nm-row nm-row-boxed vc_row wpb_row  vc_custom_1762421733021\"><div class=\"nm_column wpb_column vc_column_container col-sm-8 vc_col-sm-8\"><div class=\"vc_column-inner\"><div class=\"wpb_wrapper\"><div class=\"vc_empty_space\"   style=\"height: 25px\"><span class=\"vc_empty_space_inner\"><\/span><\/div>\n\t<div class=\"wpb_text_column wpb_content_element\" >\n\t\t<div class=\"wpb_wrapper\">\n\t\t\t<h2 data-start=\"913\" data-end=\"1282\">La position de la roue est stable et l'utilisation des produits Wheel Restore est compl\u00e8te.<\/h2>\n<p data-start=\"913\" data-end=\"1282\">Ce nouveau partenariat est essentiel pour les entreprises su\u00e9doises qui souhaitent s'approvisionner en produits complets aupr\u00e8s de Wheel Restores, qu'il s'agisse de masques CNC, de robots de carrosserie ou de masques de manutention ou de riktmlings. Gr\u00e2ce \u00e0 l'expertise locale de Continovas, l'assistance, le soutien et l'utilisation sont de plus en plus importants, ce qui permet d'am\u00e9liorer les m\u00e9thodes de travail de l'entreprise pour qu'elle soit efficace, rapide et rentable.<\/p>\n<blockquote data-start=\"911\" data-end=\"1282\">\n<p data-start=\"913\" data-end=\"1282\">\u201cContinova occupe une position forte sur le march\u00e9 su\u00e9dois en mettant l'accent sur la qualit\u00e9, le service et l'assistance pour les entreprises. <strong>Jacob Bro Christensen, directeur des ventes du groupe Wheel Restore<\/strong>. \u201cGr\u00e2ce \u00e0 leur longue exp\u00e9rience et \u00e0 leur expertise technique, les entreprises su\u00e9doises sont en mesure d'offrir un service de qualit\u00e9 \u00e0 leurs clients, de les soutenir et de les aider \u00e0 atteindre leurs objectifs.\u201d<\/p>\n<\/blockquote>\n<h2 data-start=\"1289\" data-end=\"1338\">Un partenaire pour le d\u00e9veloppement de l'entreprise<\/h2>\n<p data-start=\"1340\" data-end=\"1575\">Continova AB propose des services professionnels de conseil, de projet et de maintenance aux entreprises de distribution et de distribution dans toute la Su\u00e8de. Gr\u00e2ce \u00e0 ce nouvel \u00e9chantillon, les fournisseurs su\u00e9dois peuvent d\u00e9sormais s'adresser \u00e0 la Su\u00e8de. <a href=\"https:\/\/wheelrestore.com\/fr\/produits\/\">Restauration de la roue<\/a>, inklusive :<\/p>\n<p data-start=\"1579\" data-end=\"1659\"><a href=\"https:\/\/wheelrestore.com\/fr\/produits\/machine-a-tailler-les-diamants\/\"><strong data-start=\"1579\" data-end=\"1610\">Machine \u00e0 d\u00e9couper les diamants DCM3<\/strong><\/a> - <a href=\"https:\/\/wheelrestore.com\/fr\/produits\/machine-a-tailler-les-diamants\/\">La plus importante unit\u00e9 de fabrication de masques CNC du monde<\/a><br \/>\n<a href=\"https:\/\/wheelrestore.com\/fr\/produits\/automatic-wheel-painting-robot\/\"><strong data-start=\"1662\" data-end=\"1691\">WM600 Machine \u00e0 peindre les roues<\/strong><\/a> - <a href=\"https:\/\/wheelrestore.com\/fr\/produits\/automatic-wheel-painting-robot\/\">Robot de d\u00e9shydratation automatique \u00e0 torsion inbyggd (IR\/UV)<\/a><br \/>\n<a href=\"https:\/\/wheelrestore.com\/fr\/produits\/filtration-en-cabine-de-soufflage\/\"><strong data-start=\"1757\" data-end=\"1789\">Machine de sablage de roues WM750<\/strong><\/a> - <a href=\"https:\/\/wheelrestore.com\/fr\/produits\/filtration-en-cabine-de-soufflage\/\">traitement semi-automatique de l'alimentation en eau avec filtrage en d\u00e9rivation<\/a><br \/>\n<a href=\"https:\/\/wheelrestore.com\/fr\/produits\/electro-hydraulic-wheel-straightener\/\"><strong data-start=\"1856\" data-end=\"1884\">WM300 Redresseur de roues<\/strong><\/a> - <a href=\"https:\/\/wheelrestore.com\/fr\/produits\/electro-hydraulic-wheel-straightener\/\">Masque \u00e9lectro-hydraulique pour le nettoyage \u00e0 sec et l'\u00e9vacuation des eaux us\u00e9es<\/a><\/p>\n<p>Gr\u00e2ce \u00e0 l'application Wheel Restore et aux plateformes SAS, toutes les r\u00e9parations peuvent \u00eatre document\u00e9es et num\u00e9ris\u00e9es - une fonction qui permet d'am\u00e9liorer le contr\u00f4le de la qualit\u00e9 et le support des barri\u00e8res de s\u00e9curit\u00e9.<\/p>\n<h2 data-start=\"2125\" data-end=\"2172\">L'\u00e9conomie circulaire et la lutte contre la pauvret\u00e9 en point de mire<\/h2>\n<p data-start=\"2174\" data-end=\"2421\">B\u00e5de Wheel Restore och Continova estime que la r\u00e9paration est plus difficile que l'entretien. La remise en \u00e9tat d'une roue \u00e0 aubes en vue de la remplacer par un produit qui r\u00e9duit les \u00e9missions de CO\u2082, \u00e9conomise les mat\u00e9riaux et contribue \u00e0 une industrie foresti\u00e8re moins polluante.<\/p>\n<blockquote data-start=\"2423\" data-end=\"2823\">\n<p data-start=\"2425\" data-end=\"2823\">\u201cLes entreprises su\u00e9doises ont recours \u00e0 des solutions qui combinent l'efficacit\u00e9, l'esth\u00e9tique et le confort\u201d, d\u00e9clare le commissaire europ\u00e9en \u00e0 l'\u00e9nergie. <strong data-start=\"2529\" data-end=\"2588\">Claes T\u00f6rnqvist, VD \/ Directeur g\u00e9n\u00e9ral de Continova AB<\/strong>. \u201cAvec Wheel Restore, nous avons la possibilit\u00e9 d'utiliser le syst\u00e8me le plus avanc\u00e9 et le plus lourd du march\u00e9 pour le pr\u00e9parer - il a \u00e9t\u00e9 mis au point et test\u00e9 au Danemark. Nous sommes ravis de pouvoir aider nos clients \u00e0 prendre le premier pas vers l'avenir.\u201d<\/p>\n<\/blockquote>\n\n\t\t<\/div>\n\t<\/div>\n<\/div><\/div><\/div><div class=\"nm_column wpb_column vc_column_container col-sm-4 vc_col-sm-4\"><div class=\"vc_column-inner\"><div class=\"wpb_wrapper\"><div class=\"vc_empty_space\"   style=\"height: 25px\"><span class=\"vc_empty_space_inner\"><\/span><\/div>\n\t<div class=\"wpb_text_column wpb_content_element\" >\n\t\t<div class=\"wpb_wrapper\">\n\t\t\t<h3 data-start=\"2830\" data-end=\"2854\"><strong data-start=\"2834\" data-end=\"2854\">Restauration des roues Om<\/strong><\/h3>\n<p data-start=\"2855\" data-end=\"3306\">Wheel Restore Company ApS est une filiale du groupe HBC et un leader mondial dans le domaine des syst\u00e8mes automatis\u00e9s de pr\u00e9paration des sols. F\u00f6retaget propose un syst\u00e8me complet de masques, de syst\u00e8mes d'\u00e9tanch\u00e9it\u00e9, d'appareils et de produits de post-marquage. Avec plus de 25 ans d'exp\u00e9rience, Wheel Restore fournit des solutions cl\u00e9s en main \u00e0 des entreprises, des constructeurs, des centres de r\u00e9paration et des fabricants de mat\u00e9riel d'origine dans le monde entier.<br data-start=\"3227\" data-end=\"3230\" \/><strong data-start=\"3233\" data-end=\"3253\">Informations sur la mer :<\/strong> <a class=\"decorated-link\" href=\"https:\/\/wheelrestore.com\/fr\/\" target=\"_new\" rel=\"noopener\" data-start=\"3254\" data-end=\"3306\">www.wheelrestore.com<\/a><\/p>\n\n\t\t<\/div>\n\t<\/div>\n<div class=\"vc_empty_space\"   style=\"height: 32px\"><span class=\"vc_empty_space_inner\"><\/span><\/div>\n\t<div class=\"wpb_text_column wpb_content_element\" >\n\t\t<div class=\"wpb_wrapper\">\n\t\t\t<h3 data-start=\"3308\" data-end=\"3333\"><strong data-start=\"3312\" data-end=\"3331\">Om Continova AB<\/strong><\/h3>\n<p data-start=\"3334\" data-end=\"3698\">Continova AB est un fournisseur d'aide \u00e0 la mise en \u0153uvre de mat\u00e9riaux de construction professionnels jusqu'\u00e0 la fabrication de canalisations et de ponts. Sous la direction de <em data-start=\"3467\" data-end=\"3510\">Service, Kunskap, Erfarenhet och Kvalitet<\/em> Nous nous occupons de tout, depuis la conception d'un produit complet jusqu'\u00e0 l'installation, la mise en service et le service apr\u00e8s-vente.<br data-start=\"3627\" data-end=\"3630\" \/><strong data-start=\"3633\" data-end=\"3653\">Informations sur la mer :<\/strong> <a class=\"decorated-link\" href=\"https:\/\/www.continova.se\" target=\"_new\" rel=\"noopener\" data-start=\"3654\" data-end=\"3698\">www.continova.se<\/a><\/p>\n\n\t\t<\/div>\n\t<\/div>\n<\/div><\/div><\/div><\/div><div class=\"nm-row nm-row-full vc_row wpb_row\"><div class=\"nm_column wpb_column vc_column_container col-sm-12 vc_col-sm-12\"><div class=\"vc_column-inner\"><div class=\"wpb_wrapper\"><div class=\"vc_empty_space\"   style=\"height: 42px\"><span class=\"vc_empty_space_inner\"><\/span><\/div><\/div><\/div><\/div><\/div><div class=\"nm-row nm-row-boxed vc_row wpb_row nm-row-flex nm-row-equal-height  vc_custom_1762434504205\"><div class=\"nm_column wpb_column vc_column_container col-sm-8 vc_col-sm-8\"><div class=\"vc_column-inner\"><div class=\"wpb_wrapper\"><div class=\"vc_empty_space\"   style=\"height: 32px\"><span class=\"vc_empty_space_inner\"><\/span><\/div><h2 style=\"text-align: left\" class=\"vc_custom_heading\" >Contact presse<\/h2><div class=\"vc_empty_space\"   style=\"height: 20px\"><span class=\"vc_empty_space_inner\"><\/span><\/div>\n\t<div class=\"wpb_text_column wpb_content_element\" >\n\t\t<div class=\"wpb_wrapper\">\n\t\t\t<p data-start=\"3705\" data-end=\"3849\"><strong data-start=\"3727\" data-end=\"3752\">Jacob Bro Christensen<\/strong><br data-start=\"3752\" data-end=\"3755\" \/>Directeur des ventes du groupe, Wheel Restore \/ HBC Group<br data-start=\"3802\" data-end=\"3805\" \/>+45 26 85 84 10<br data-start=\"3823\" data-end=\"3826\" \/><a class=\"decorated-link\" href=\"mailto:jbc@hbc-system.com\" rel=\"noopener\" data-start=\"3829\" data-end=\"3847\">jbc@hbc-system.com<\/a><\/p>\n<p data-start=\"3851\" data-end=\"3956\"><strong data-start=\"3851\" data-end=\"3870\">Claes T\u00f6rnqvist<\/strong><br data-start=\"3870\" data-end=\"3873\" \/>VD \/ Directeur g\u00e9n\u00e9ral, Continova AB<br data-start=\"3909\" data-end=\"3912\" \/>+46 300 52 14 00<br data-start=\"3931\" data-end=\"3934\" \/><a href=\"mailto:claes.tornqvist@continova.se\"><span data-olk-copy-source=\"MessageBody\">claes.tornqvist@continova.se<\/span><\/a><\/p>\n\n\t\t<\/div>\n\t<\/div>\n<div class=\"vc_empty_space\"   style=\"height: 40px\"><span class=\"vc_empty_space_inner\"><\/span><\/div><\/div><\/div><\/div><div class=\"nm_column wpb_column vc_column_container col-sm-4 vc_col-sm-4\"><div class=\"vc_column-inner\"><div class=\"wpb_wrapper\"><div class=\"vc_empty_space\"   style=\"height: 20px\"><span class=\"vc_empty_space_inner\"><\/span><\/div><\/div><\/div><\/div><\/div><div class=\"nm-row nm-row-full vc_row wpb_row\"><div class=\"nm_column wpb_column vc_column_container col-sm-12 vc_col-sm-12\"><div class=\"vc_column-inner\"><div class=\"wpb_wrapper\"><div class=\"vc_empty_space\"   style=\"height: 55px\"><span class=\"vc_empty_space_inner\"><\/span><\/div><\/div><\/div><\/div><\/div>\n<\/div>","protected":false},"excerpt":{"rendered":"Communiqu\u00e9 de presse09:30 - 28 November 2025Wheel Restore utser Continova AB till svensk distribut\u00f6r St\u00f8vring, Danmark \/ Kungsbacka, Sverige Wheel Restore, un leader mondial dans le domaine des solutions automatis\u00e9es pour la pr\u00e9paration et la r\u00e9novation des sols, renforce sa pr\u00e9sence dans le nord du pays afin d'utiliser Continova AB comme distributeur en Su\u00e8de. Samarbetet markerar ett viktigt steg i Wheel Restores strategi att g\u00f6ra [...]","protected":false},"author":2,"featured_media":0,"parent":0,"menu_order":0,"comment_status":"closed","ping_status":"closed","template":"templates\/page-full.php","meta":{"content-type":"","footnotes":""},"class_list":["post-4040","page","type-page","status-publish","hentry"],"yoast_head":"<!-- This site is optimized with the Yoast SEO Premium plugin v21.4 (Yoast SEO v25.0) - https:\/\/yoast.com\/wordpress\/plugins\/seo\/ -->\n<title>Press Release - Sweden - Continova - WheelRestore<\/title>\n<meta name=\"robots\" content=\"index, follow, max-snippet:-1, max-image-preview:large, max-video-preview:-1\" \/>\n<link rel=\"canonical\" href=\"https:\/\/wheelrestore.com\/fr\/continova\/\" \/>\n<meta property=\"og:locale\" content=\"fr_CA\" \/>\n<meta property=\"og:type\" content=\"article\" \/>\n<meta property=\"og:title\" content=\"Press Release - Sweden - Continova\" \/>\n<meta property=\"og:url\" content=\"https:\/\/wheelrestore.com\/fr\/continova\/\" \/>\n<meta property=\"og:site_name\" content=\"WheelRestore\" \/>\n<meta property=\"article:modified_time\" content=\"2025-11-27T08:01:20+00:00\" \/>\n<meta name=\"twitter:card\" content=\"summary_large_image\" \/>\n<meta name=\"twitter:label1\" content=\"Estimation du temps de lecture\" \/>\n\t<meta name=\"twitter:data1\" content=\"3 minutes\" \/>\n<script type=\"application\/ld+json\" class=\"yoast-schema-graph\">{\"@context\":\"https:\/\/schema.org\",\"@graph\":[{\"@type\":\"WebPage\",\"@id\":\"https:\/\/wheelrestore.com\/continova\/\",\"url\":\"https:\/\/wheelrestore.com\/continova\/\",\"name\":\"Press Release - Sweden - Continova - WheelRestore\",\"isPartOf\":{\"@id\":\"https:\/\/wheelrestore.com\/#website\"},\"datePublished\":\"2025-11-06T13:00:06+00:00\",\"dateModified\":\"2025-11-27T08:01:20+00:00\",\"breadcrumb\":{\"@id\":\"https:\/\/wheelrestore.com\/continova\/#breadcrumb\"},\"inLanguage\":\"fr-CA\",\"potentialAction\":[{\"@type\":\"ReadAction\",\"target\":[\"https:\/\/wheelrestore.com\/continova\/\"]}]},{\"@type\":\"BreadcrumbList\",\"@id\":\"https:\/\/wheelrestore.com\/continova\/#breadcrumb\",\"itemListElement\":[{\"@type\":\"ListItem\",\"position\":1,\"name\":\"Home\",\"item\":\"https:\/\/wheelrestore.com\/\"},{\"@type\":\"ListItem\",\"position\":2,\"name\":\"Press Release &#8211; Sweden &#8211; Continova\"}]},{\"@type\":\"WebSite\",\"@id\":\"https:\/\/wheelrestore.com\/#website\",\"url\":\"https:\/\/wheelrestore.com\/\",\"name\":\"WheelRestore\",\"description\":\"\",\"potentialAction\":[{\"@type\":\"SearchAction\",\"target\":{\"@type\":\"EntryPoint\",\"urlTemplate\":\"https:\/\/wheelrestore.com\/?s={search_term_string}\"},\"query-input\":{\"@type\":\"PropertyValueSpecification\",\"valueRequired\":true,\"valueName\":\"search_term_string\"}}],\"inLanguage\":\"fr-CA\"}]}<\/script>\n<!-- \/ Yoast SEO Premium plugin. -->","yoast_head_json":{"title":"Communiqu\u00e9 de presse - Su\u00e8de - Continova - WheelRestore","robots":{"index":"index","follow":"follow","max-snippet":"max-snippet:-1","max-image-preview":"max-image-preview:large","max-video-preview":"max-video-preview:-1"},"canonical":"https:\/\/wheelrestore.com\/fr\/continova\/","og_locale":"fr_CA","og_type":"article","og_title":"Press Release - Sweden - Continova","og_url":"https:\/\/wheelrestore.com\/fr\/continova\/","og_site_name":"WheelRestore","article_modified_time":"2025-11-27T08:01:20+00:00","twitter_card":"summary_large_image","twitter_misc":{"Estimation du temps de lecture":"3 minutes"},"schema":{"@context":"https:\/\/schema.org","@graph":[{"@type":"WebPage","@id":"https:\/\/wheelrestore.com\/continova\/","url":"https:\/\/wheelrestore.com\/continova\/","name":"Communiqu\u00e9 de presse - Su\u00e8de - Continova - WheelRestore","isPartOf":{"@id":"https:\/\/wheelrestore.com\/#website"},"datePublished":"2025-11-06T13:00:06+00:00","dateModified":"2025-11-27T08:01:20+00:00","breadcrumb":{"@id":"https:\/\/wheelrestore.com\/continova\/#breadcrumb"},"inLanguage":"fr-CA","potentialAction":[{"@type":"ReadAction","target":["https:\/\/wheelrestore.com\/continova\/"]}]},{"@type":"BreadcrumbList","@id":"https:\/\/wheelrestore.com\/continova\/#breadcrumb","itemListElement":[{"@type":"ListItem","position":1,"name":"Home","item":"https:\/\/wheelrestore.com\/"},{"@type":"ListItem","position":2,"name":"Press Release &#8211; Sweden &#8211; Continova"}]},{"@type":"WebSite","@id":"https:\/\/wheelrestore.com\/#website","url":"https:\/\/wheelrestore.com\/","name":"Remise en \u00e9tat des roues","description":"","potentialAction":[{"@type":"SearchAction","target":{"@type":"EntryPoint","urlTemplate":"https:\/\/wheelrestore.com\/?s={search_term_string}"},"query-input":{"@type":"PropertyValueSpecification","valueRequired":true,"valueName":"search_term_string"}}],"inLanguage":"fr-CA"}]}},"_links":{"self":[{"href":"https:\/\/wheelrestore.com\/fr\/wp-json\/wp\/v2\/pages\/4040","targetHints":{"allow":["GET"]}}],"collection":[{"href":"https:\/\/wheelrestore.com\/fr\/wp-json\/wp\/v2\/pages"}],"about":[{"href":"https:\/\/wheelrestore.com\/fr\/wp-json\/wp\/v2\/types\/page"}],"author":[{"embeddable":true,"href":"https:\/\/wheelrestore.com\/fr\/wp-json\/wp\/v2\/users\/2"}],"replies":[{"embeddable":true,"href":"https:\/\/wheelrestore.com\/fr\/wp-json\/wp\/v2\/comments?post=4040"}],"version-history":[{"count":95,"href":"https:\/\/wheelrestore.com\/fr\/wp-json\/wp\/v2\/pages\/4040\/revisions"}],"predecessor-version":[{"id":4147,"href":"https:\/\/wheelrestore.com\/fr\/wp-json\/wp\/v2\/pages\/4040\/revisions\/4147"}],"wp:attachment":[{"href":"https:\/\/wheelrestore.com\/fr\/wp-json\/wp\/v2\/media?parent=4040"}],"curies":[{"name":"wp","href":"https:\/\/api.w.org\/{rel}","templated":true}]}}