{"id":3,"date":"2023-03-31T07:07:37","date_gmt":"2023-03-31T07:07:37","guid":{"rendered":"https:\/\/wheelrestore.com\/?page_id=3"},"modified":"2025-08-28T12:55:30","modified_gmt":"2025-08-28T12:55:30","slug":"privacy-policy","status":"publish","type":"page","link":"https:\/\/wheelrestore.com\/fr_fr\/privacy-policy\/","title":{"rendered":"Politique de confidentialit\u00e9"},"content":{"rendered":"<div class=\"wpb-content-wrapper\"><div class=\"nm-row nm-row-full vc_row wpb_row\"><div class=\"nm_column wpb_column vc_column_container col-sm-12 vc_col-sm-12\"><div class=\"vc_column-inner\"><div class=\"wpb_wrapper\"><div class=\"vc_empty_space\"   style=\"height: 32px\"><span class=\"vc_empty_space_inner\"><\/span><\/div>\n\t<div class=\"wpb_text_column wpb_content_element\" >\n\t\t<div class=\"wpb_wrapper\">\n\t\t\t<h1 style=\"text-align: left;\">Politique de confidentialit\u00e9<\/h1>\n\n\t\t<\/div>\n\t<\/div>\n<div class=\"vc_empty_space\"   style=\"height: 32px\"><span class=\"vc_empty_space_inner\"><\/span><\/div><\/div><\/div><\/div><\/div><div class=\"nm-row nm-row-boxed vc_row wpb_row\"><div class=\"nm_column wpb_column vc_column_container col-sm-6 vc_col-sm-6\"><div class=\"vc_column-inner\"><div class=\"wpb_wrapper\">\n\t<div class=\"wpb_text_column wpb_content_element\" >\n\t\t<div class=\"wpb_wrapper\">\n\t\t\t<p>Chez Wheel Restore, nous respectons votre vie priv\u00e9e et nous nous engageons \u00e0 prot\u00e9ger vos donn\u00e9es personnelles. Cette politique de confidentialit\u00e9 explique comment nous recueillons, utilisons et prot\u00e9geons vos informations lorsque vous visitez notre site web, interagissez avec nos services ou achetez nos produits.<\/p>\n<h3><strong>1. Les informations que nous collectons<\/strong><\/h3>\n<p>Nous pouvons collecter les types d'informations personnelles suivants :<\/p>\n<p>Informations sur le contact : Nom, adresse \u00e9lectronique, num\u00e9ro de t\u00e9l\u00e9phone, coordonn\u00e9es de l'entreprise.<br \/>Informations sur le compte : Identifiants de connexion si vous cr\u00e9ez un compte.<br \/>Donn\u00e9es de transaction : Historique des achats, informations sur les paiements et d\u00e9tails de la facturation.<br \/>Donn\u00e9es d'utilisation : La mani\u00e8re dont vous interagissez avec notre site web, y compris les pages visit\u00e9es et les liens cliqu\u00e9s.<br \/>Pr\u00e9f\u00e9rences en mati\u00e8re de marketing : Vos pr\u00e9f\u00e9rences concernant nos communications.<\/p>\n<h3><strong>2. Comment nous utilisons vos informations<\/strong><\/h3>\n<p>Nous utilisons vos donn\u00e9es personnelles pour :<\/p>\n<p>Fournir et am\u00e9liorer nos produits et services.<br \/>Traiter les commandes, les paiements et les livraisons.<br \/>Communiquer avec vous au sujet de votre compte, de vos commandes ou de vos demandes de renseignements.<br \/>Envoyer des communications marketing si vous avez choisi de le faire.<br \/>Respecter les obligations l\u00e9gales et prot\u00e9ger nos droits l\u00e9gaux.<\/p>\n<h3><strong>3. Partage des informations<\/strong><\/h3>\n<p>Nous ne vendons ni ne louons vos donn\u00e9es personnelles \u00e0 des tiers. Nous pouvons partager vos informations avec<\/p>\n<p>Fournisseurs de services : Soci\u00e9t\u00e9s qui nous assistent dans nos op\u00e9rations (par exemple, processeurs de paiement, services informatiques).<br \/>les autorit\u00e9s l\u00e9gales : Lorsque la loi l'exige ou pour prot\u00e9ger nos droits.<\/p>\n<h3><strong>4. Cookies et tra\u00e7age<\/strong><\/h3>\n<p>Notre site web peut utiliser des cookies et des technologies similaires pour am\u00e9liorer votre exp\u00e9rience de navigation et collecter des donn\u00e9es d'utilisation. Vous pouvez g\u00e9rer vos pr\u00e9f\u00e9rences en mati\u00e8re de cookies par le biais des param\u00e8tres de votre navigateur.<\/p>\n\n\t\t<\/div>\n\t<\/div>\n<\/div><\/div><\/div><div class=\"nm_column wpb_column vc_column_container col-sm-6 vc_col-sm-6\"><div class=\"vc_column-inner\"><div class=\"wpb_wrapper\">\n\t<div class=\"wpb_text_column wpb_content_element\" >\n\t\t<div class=\"wpb_wrapper\">\n\t\t\t<h3><strong>5. Vos droits<\/strong><\/h3>\n<p>Selon l'endroit o\u00f9 vous vous trouvez, vous pouvez avoir le droit de.. :<\/p>\n<p>Acc\u00e9der aux donn\u00e9es personnelles que nous d\u00e9tenons \u00e0 votre sujet.<br \/>Corriger ou mettre \u00e0 jour vos informations.<br \/>Demander la suppression de vos donn\u00e9es personnelles.<br \/>S'opposer au traitement de vos donn\u00e9es ou le restreindre.<br \/>Retirer son consentement aux communications marketing.<br \/>Pour exercer vos droits, veuillez nous contacter \u00e0 l'adresse suivante <a href=\"mailto:info@wheelrestore.com\">info@wheelrestore.com<\/a>.<\/p>\n<h3><strong>6. S\u00e9curit\u00e9 des donn\u00e9es<\/strong><\/h3>\n<p>Nous mettons en \u0153uvre des mesures techniques et organisationnelles appropri\u00e9es pour prot\u00e9ger vos donn\u00e9es contre l'acc\u00e8s non autoris\u00e9, l'alt\u00e9ration, la divulgation ou la destruction.<\/p>\n<h3><strong>7. Conservation des donn\u00e9es<\/strong><\/h3>\n<p>Nous ne conservons les donn\u00e9es \u00e0 caract\u00e8re personnel qu'aussi longtemps que cela est n\u00e9cessaire aux fins d\u00e9crites dans la pr\u00e9sente politique ou que cela est exig\u00e9 par la loi.<\/p>\n<h3><strong>8. Liens avec des tiers<\/strong><\/h3>\n<p>Notre site web peut contenir des liens vers des sites web de tiers. Nous ne sommes pas responsables des pratiques de ces sites en mati\u00e8re de protection de la vie priv\u00e9e et nous vous encourageons \u00e0 consulter leurs politiques de protection de la vie priv\u00e9e.<\/p>\n<h3><strong>9. Mises \u00e0 jour de la pr\u00e9sente politique<\/strong><\/h3>\n<p>Nous pouvons mettre \u00e0 jour cette politique de confidentialit\u00e9 de temps \u00e0 autre. La derni\u00e8re version sera toujours disponible sur notre site web. Nous vous encourageons \u00e0 la consulter r\u00e9guli\u00e8rement.<\/p>\n<h3><strong>10. Nous contacter<\/strong><\/h3>\n<p>Si vous avez des questions ou des pr\u00e9occupations concernant cette politique de confidentialit\u00e9 ou la mani\u00e8re dont nous traitons vos donn\u00e9es personnelles, veuillez nous contacter :<\/p>\n<p>Restauration des roues<br \/>Hobrovej 963<br \/><a href=\"mailto:info@wheelrestore.com\">info@wheelrestore.com<\/a><br \/>+45 7022 7070<\/p>\n\n\t\t<\/div>\n\t<\/div>\n<\/div><\/div><\/div><\/div><div class=\"nm-row nm-row-full vc_row wpb_row\"><div class=\"nm_column wpb_column vc_column_container col-sm-12 vc_col-sm-12\"><div class=\"vc_column-inner\"><div class=\"wpb_wrapper\"><div class=\"vc_empty_space\"   style=\"height: 60px\"><span class=\"vc_empty_space_inner\"><\/span><\/div><\/div><\/div><\/div><\/div><\/div>","protected":false},"excerpt":{"rendered":"Privacy Policy At Wheel Restore, we respect your privacy and are committed to protecting your personal data. This privacy policy explains how we collect, use, and safeguard your information when you visit our website, interact with our services, or purchase our products. 1. Information We Collect We may collect the following types of personal information: [...]","protected":false},"author":1,"featured_media":0,"parent":0,"menu_order":0,"comment_status":"closed","ping_status":"open","template":"","meta":{"content-type":"","footnotes":""},"class_list":["post-3","page","type-page","status-publish","hentry"],"yoast_head":"<!-- This site is optimized with the Yoast SEO Premium plugin v21.4 (Yoast SEO v25.0) - https:\/\/yoast.com\/wordpress\/plugins\/seo\/ -->\n<title>Privacy Policy - WheelRestore<\/title>\n<meta name=\"robots\" content=\"index, follow, max-snippet:-1, max-image-preview:large, max-video-preview:-1\" \/>\n<link rel=\"canonical\" href=\"https:\/\/wheelrestore.com\/fr_fr\/privacy-policy\/\" \/>\n<meta property=\"og:locale\" content=\"fr_FR\" \/>\n<meta property=\"og:type\" content=\"article\" \/>\n<meta property=\"og:title\" content=\"Privacy Policy\" \/>\n<meta property=\"og:url\" content=\"https:\/\/wheelrestore.com\/fr_fr\/privacy-policy\/\" \/>\n<meta property=\"og:site_name\" content=\"WheelRestore\" \/>\n<meta property=\"article:modified_time\" content=\"2025-08-28T12:55:30+00:00\" \/>\n<meta name=\"twitter:card\" content=\"summary_large_image\" \/>\n<meta name=\"twitter:label1\" content=\"Dur\u00e9e de lecture estim\u00e9e\" \/>\n\t<meta name=\"twitter:data1\" content=\"5 minutes\" \/>\n<script type=\"application\/ld+json\" class=\"yoast-schema-graph\">{\"@context\":\"https:\/\/schema.org\",\"@graph\":[{\"@type\":\"WebPage\",\"@id\":\"https:\/\/wheelrestore.com\/privacy-policy\/\",\"url\":\"https:\/\/wheelrestore.com\/privacy-policy\/\",\"name\":\"Privacy Policy - WheelRestore\",\"isPartOf\":{\"@id\":\"https:\/\/wheelrestore.com\/#website\"},\"datePublished\":\"2023-03-31T07:07:37+00:00\",\"dateModified\":\"2025-08-28T12:55:30+00:00\",\"breadcrumb\":{\"@id\":\"https:\/\/wheelrestore.com\/privacy-policy\/#breadcrumb\"},\"inLanguage\":\"fr-FR\",\"potentialAction\":[{\"@type\":\"ReadAction\",\"target\":[\"https:\/\/wheelrestore.com\/privacy-policy\/\"]}]},{\"@type\":\"BreadcrumbList\",\"@id\":\"https:\/\/wheelrestore.com\/privacy-policy\/#breadcrumb\",\"itemListElement\":[{\"@type\":\"ListItem\",\"position\":1,\"name\":\"Home\",\"item\":\"https:\/\/wheelrestore.com\/\"},{\"@type\":\"ListItem\",\"position\":2,\"name\":\"Privacy Policy\"}]},{\"@type\":\"WebSite\",\"@id\":\"https:\/\/wheelrestore.com\/#website\",\"url\":\"https:\/\/wheelrestore.com\/\",\"name\":\"WheelRestore\",\"description\":\"\",\"potentialAction\":[{\"@type\":\"SearchAction\",\"target\":{\"@type\":\"EntryPoint\",\"urlTemplate\":\"https:\/\/wheelrestore.com\/?s={search_term_string}\"},\"query-input\":{\"@type\":\"PropertyValueSpecification\",\"valueRequired\":true,\"valueName\":\"search_term_string\"}}],\"inLanguage\":\"fr-FR\"}]}<\/script>\n<!-- \/ Yoast SEO Premium plugin. -->","yoast_head_json":{"title":"Politique de confidentialit\u00e9 - WheelRestore","robots":{"index":"index","follow":"follow","max-snippet":"max-snippet:-1","max-image-preview":"max-image-preview:large","max-video-preview":"max-video-preview:-1"},"canonical":"https:\/\/wheelrestore.com\/fr_fr\/privacy-policy\/","og_locale":"fr_FR","og_type":"article","og_title":"Privacy Policy","og_url":"https:\/\/wheelrestore.com\/fr_fr\/privacy-policy\/","og_site_name":"WheelRestore","article_modified_time":"2025-08-28T12:55:30+00:00","twitter_card":"summary_large_image","twitter_misc":{"Dur\u00e9e de lecture estim\u00e9e":"5 minutes"},"schema":{"@context":"https:\/\/schema.org","@graph":[{"@type":"WebPage","@id":"https:\/\/wheelrestore.com\/privacy-policy\/","url":"https:\/\/wheelrestore.com\/privacy-policy\/","name":"Politique de confidentialit\u00e9 - WheelRestore","isPartOf":{"@id":"https:\/\/wheelrestore.com\/#website"},"datePublished":"2023-03-31T07:07:37+00:00","dateModified":"2025-08-28T12:55:30+00:00","breadcrumb":{"@id":"https:\/\/wheelrestore.com\/privacy-policy\/#breadcrumb"},"inLanguage":"fr-FR","potentialAction":[{"@type":"ReadAction","target":["https:\/\/wheelrestore.com\/privacy-policy\/"]}]},{"@type":"BreadcrumbList","@id":"https:\/\/wheelrestore.com\/privacy-policy\/#breadcrumb","itemListElement":[{"@type":"ListItem","position":1,"name":"Home","item":"https:\/\/wheelrestore.com\/"},{"@type":"ListItem","position":2,"name":"Privacy Policy"}]},{"@type":"WebSite","@id":"https:\/\/wheelrestore.com\/#website","url":"https:\/\/wheelrestore.com\/","name":"Remise en \u00e9tat des roues","description":"","potentialAction":[{"@type":"SearchAction","target":{"@type":"EntryPoint","urlTemplate":"https:\/\/wheelrestore.com\/?s={search_term_string}"},"query-input":{"@type":"PropertyValueSpecification","valueRequired":true,"valueName":"search_term_string"}}],"inLanguage":"fr-FR"}]}},"_links":{"self":[{"href":"https:\/\/wheelrestore.com\/fr_fr\/wp-json\/wp\/v2\/pages\/3","targetHints":{"allow":["GET"]}}],"collection":[{"href":"https:\/\/wheelrestore.com\/fr_fr\/wp-json\/wp\/v2\/pages"}],"about":[{"href":"https:\/\/wheelrestore.com\/fr_fr\/wp-json\/wp\/v2\/types\/page"}],"author":[{"embeddable":true,"href":"https:\/\/wheelrestore.com\/fr_fr\/wp-json\/wp\/v2\/users\/1"}],"replies":[{"embeddable":true,"href":"https:\/\/wheelrestore.com\/fr_fr\/wp-json\/wp\/v2\/comments?post=3"}],"version-history":[{"count":4,"href":"https:\/\/wheelrestore.com\/fr_fr\/wp-json\/wp\/v2\/pages\/3\/revisions"}],"predecessor-version":[{"id":3377,"href":"https:\/\/wheelrestore.com\/fr_fr\/wp-json\/wp\/v2\/pages\/3\/revisions\/3377"}],"wp:attachment":[{"href":"https:\/\/wheelrestore.com\/fr_fr\/wp-json\/wp\/v2\/media?parent=3"}],"curies":[{"name":"wp","href":"https:\/\/api.w.org\/{rel}","templated":true}]}}