{"id":3,"date":"2023-03-31T07:07:37","date_gmt":"2023-03-31T07:07:37","guid":{"rendered":"https:\/\/wheelrestore.com\/?page_id=3"},"modified":"2025-08-28T12:55:30","modified_gmt":"2025-08-28T12:55:30","slug":"privacy-policy","status":"publish","type":"page","link":"https:\/\/wheelrestore.com\/pl\/privacy-policy\/","title":{"rendered":"Polityka prywatno\u015bci"},"content":{"rendered":"<div class=\"wpb-content-wrapper\"><div class=\"nm-row nm-row-full vc_row wpb_row\"><div class=\"nm_column wpb_column vc_column_container col-sm-12 vc_col-sm-12\"><div class=\"vc_column-inner\"><div class=\"wpb_wrapper\"><div class=\"vc_empty_space\"   style=\"height: 32px\"><span class=\"vc_empty_space_inner\"><\/span><\/div>\n\t<div class=\"wpb_text_column wpb_content_element\" >\n\t\t<div class=\"wpb_wrapper\">\n\t\t\t<h1 style=\"text-align: left;\">Polityka prywatno\u015bci<\/h1>\n\n\t\t<\/div>\n\t<\/div>\n<div class=\"vc_empty_space\"   style=\"height: 32px\"><span class=\"vc_empty_space_inner\"><\/span><\/div><\/div><\/div><\/div><\/div><div class=\"nm-row nm-row-boxed vc_row wpb_row\"><div class=\"nm_column wpb_column vc_column_container col-sm-6 vc_col-sm-6\"><div class=\"vc_column-inner\"><div class=\"wpb_wrapper\">\n\t<div class=\"wpb_text_column wpb_content_element\" >\n\t\t<div class=\"wpb_wrapper\">\n\t\t\t<p>W Wheel Restore szanujemy prywatno\u015b\u0107 u\u017cytkownik\u00f3w i zobowi\u0105zujemy si\u0119 do ochrony ich danych osobowych. Niniejsza polityka prywatno\u015bci wyja\u015bnia, w jaki spos\u00f3b gromadzimy, wykorzystujemy i chronimy dane u\u017cytkownik\u00f3w odwiedzaj\u0105cych nasz\u0105 witryn\u0119 internetow\u0105, korzystaj\u0105cych z naszych us\u0142ug lub kupuj\u0105cych nasze produkty.<\/p>\n<h3><strong>1. Informacje, kt\u00f3re zbieramy<\/strong><\/h3>\n<p>Mo\u017cemy gromadzi\u0107 nast\u0119puj\u0105ce rodzaje danych osobowych:<\/p>\n<p>Informacje kontaktowe: Imi\u0119 i nazwisko, adres e-mail, numer telefonu, dane firmy.<br \/>Informacje o koncie: Dane logowania w przypadku utworzenia konta.<br \/>Dane transakcji: Historia zakup\u00f3w, informacje o p\u0142atno\u015bciach i szczeg\u00f3\u0142y fakturowania.<br \/>Dane o u\u017cytkowaniu: Spos\u00f3b interakcji u\u017cytkownika z nasz\u0105 witryn\u0105, w tym odwiedzane strony i klikane \u0142\u0105cza.<br \/>Preferencje marketingowe: Preferencje u\u017cytkownika dotycz\u0105ce komunikacji z naszej strony.<\/p>\n<h3><strong>2. Jak wykorzystujemy informacje o u\u017cytkowniku<\/strong><\/h3>\n<p>Wykorzystujemy dane osobowe u\u017cytkownika do:<\/p>\n<p>Dostarczanie i ulepszanie naszych produkt\u00f3w i us\u0142ug.<br \/>Przetwarzanie zam\u00f3wie\u0144, p\u0142atno\u015bci i dostaw.<br \/>Komunikowanie si\u0119 z u\u017cytkownikiem w sprawie jego konta, zam\u00f3wie\u0144 lub zapyta\u0144.<br \/>Wysy\u0142anie informacji marketingowych, je\u015bli u\u017cytkownik wyrazi\u0142 na to zgod\u0119.<br \/>Przestrzeganie zobowi\u0105za\u0144 prawnych i ochrona naszych praw.<\/p>\n<h3><strong>3. Udost\u0119pnianie informacji<\/strong><\/h3>\n<p>Nie sprzedajemy ani nie wypo\u017cyczamy danych osobowych u\u017cytkownik\u00f3w stronom trzecim. Mo\u017cemy udost\u0119pnia\u0107 dane u\u017cytkownika<\/p>\n<p>Dostawcy us\u0142ug: Firmy, kt\u00f3re pomagaj\u0105 nam w operacjach (np. podmioty przetwarzaj\u0105ce p\u0142atno\u015bci, us\u0142ugi IT).<br \/>Organy prawne: Gdy jest to wymagane przez prawo lub w celu ochrony naszych praw.<\/p>\n<h3><strong>4. Pliki cookie i \u015bledzenie<\/strong><\/h3>\n<p>Nasza strona internetowa mo\u017ce wykorzystywa\u0107 pliki cookie i podobne technologie w celu poprawy komfortu przegl\u0105dania i gromadzenia danych o u\u017cytkowaniu. Preferencjami dotycz\u0105cymi plik\u00f3w cookie mo\u017cna zarz\u0105dza\u0107 w ustawieniach przegl\u0105darki.<\/p>\n\n\t\t<\/div>\n\t<\/div>\n<\/div><\/div><\/div><div class=\"nm_column wpb_column vc_column_container col-sm-6 vc_col-sm-6\"><div class=\"vc_column-inner\"><div class=\"wpb_wrapper\">\n\t<div class=\"wpb_text_column wpb_content_element\" >\n\t\t<div class=\"wpb_wrapper\">\n\t\t\t<h3><strong>5. Prawa u\u017cytkownika<\/strong><\/h3>\n<p>W zale\u017cno\u015bci od lokalizacji, mo\u017cesz mie\u0107 prawo do:<\/p>\n<p>Dost\u0119p do przechowywanych przez nas danych osobowych u\u017cytkownika.<br \/>Popraw lub zaktualizuj swoje dane.<br \/>\u017b\u0105danie usuni\u0119cia danych osobowych.<br \/>Sprzeciwi\u0107 si\u0119 przetwarzaniu danych lub je ograniczy\u0107.<br \/>Wycofanie zgody na komunikacj\u0119 marketingow\u0105.<br \/>Aby skorzysta\u0107 ze swoich praw, prosimy o kontakt pod adresem: <a href=\"mailto:info@wheelrestore.com\">info@wheelrestore.com<\/a>.<\/p>\n<h3><strong>6. Bezpiecze\u0144stwo danych<\/strong><\/h3>\n<p>Wdra\u017camy odpowiednie \u015brodki techniczne i organizacyjne w celu ochrony danych u\u017cytkownika przed nieuprawnionym dost\u0119pem, zmian\u0105, ujawnieniem lub zniszczeniem.<\/p>\n<h3><strong>7. Przechowywanie danych<\/strong><\/h3>\n<p>Przechowujemy dane osobowe tylko tak d\u0142ugo, jak jest to konieczne do cel\u00f3w okre\u015blonych w niniejszej polityce lub zgodnie z wymogami prawa.<\/p>\n<h3><strong>8. Linki stron trzecich<\/strong><\/h3>\n<p>Nasza witryna internetowa mo\u017ce zawiera\u0107 \u0142\u0105cza do witryn internetowych os\u00f3b trzecich. Nie ponosimy odpowiedzialno\u015bci za polityk\u0119 prywatno\u015bci tych stron i zach\u0119camy do zapoznania si\u0119 z ich polityk\u0105 prywatno\u015bci.<\/p>\n<h3><strong>9. Aktualizacje niniejszej Polityki<\/strong><\/h3>\n<p>Od czasu do czasu mo\u017cemy aktualizowa\u0107 niniejsz\u0105 polityk\u0119 prywatno\u015bci. Najnowsza wersja b\u0119dzie zawsze dost\u0119pna na naszej stronie internetowej. Zach\u0119camy do jej okresowego przegl\u0105dania.<\/p>\n<h3><strong>10. Kontakt<\/strong><\/h3>\n<p>W przypadku jakichkolwiek pyta\u0144 lub w\u0105tpliwo\u015bci dotycz\u0105cych niniejszej polityki prywatno\u015bci lub sposobu, w jaki post\u0119pujemy z danymi osobowymi u\u017cytkownika, prosimy o kontakt:<\/p>\n<p>Przywracanie ko\u0142a<br \/>Hobrovej 963<br \/><a href=\"mailto:info@wheelrestore.com\">info@wheelrestore.com<\/a><br \/>+45 7022 7070<\/p>\n\n\t\t<\/div>\n\t<\/div>\n<\/div><\/div><\/div><\/div><div class=\"nm-row nm-row-full vc_row wpb_row\"><div class=\"nm_column wpb_column vc_column_container col-sm-12 vc_col-sm-12\"><div class=\"vc_column-inner\"><div class=\"wpb_wrapper\"><div class=\"vc_empty_space\"   style=\"height: 60px\"><span class=\"vc_empty_space_inner\"><\/span><\/div><\/div><\/div><\/div><\/div><\/div>","protected":false},"excerpt":{"rendered":"Privacy Policy At Wheel Restore, we respect your privacy and are committed to protecting your personal data. This privacy policy explains how we collect, use, and safeguard your information when you visit our website, interact with our services, or purchase our products. 1. Information We Collect We may collect the following types of personal information: [...]","protected":false},"author":1,"featured_media":0,"parent":0,"menu_order":0,"comment_status":"closed","ping_status":"open","template":"","meta":{"content-type":"","footnotes":""},"class_list":["post-3","page","type-page","status-publish","hentry"],"yoast_head":"<!-- This site is optimized with the Yoast SEO Premium plugin v21.4 (Yoast SEO v25.0) - https:\/\/yoast.com\/wordpress\/plugins\/seo\/ -->\n<title>Privacy Policy - WheelRestore<\/title>\n<meta name=\"robots\" content=\"index, follow, max-snippet:-1, max-image-preview:large, max-video-preview:-1\" \/>\n<link rel=\"canonical\" href=\"https:\/\/wheelrestore.com\/pl\/privacy-policy\/\" \/>\n<meta property=\"og:locale\" content=\"pl_PL\" \/>\n<meta property=\"og:type\" content=\"article\" \/>\n<meta property=\"og:title\" content=\"Privacy Policy\" \/>\n<meta property=\"og:url\" content=\"https:\/\/wheelrestore.com\/pl\/privacy-policy\/\" \/>\n<meta property=\"og:site_name\" content=\"WheelRestore\" \/>\n<meta property=\"article:modified_time\" content=\"2025-08-28T12:55:30+00:00\" \/>\n<meta name=\"twitter:card\" content=\"summary_large_image\" \/>\n<meta name=\"twitter:label1\" content=\"Szacowany czas czytania\" \/>\n\t<meta name=\"twitter:data1\" content=\"5 minut\" \/>\n<script type=\"application\/ld+json\" class=\"yoast-schema-graph\">{\"@context\":\"https:\/\/schema.org\",\"@graph\":[{\"@type\":\"WebPage\",\"@id\":\"https:\/\/wheelrestore.com\/privacy-policy\/\",\"url\":\"https:\/\/wheelrestore.com\/privacy-policy\/\",\"name\":\"Privacy Policy - WheelRestore\",\"isPartOf\":{\"@id\":\"https:\/\/wheelrestore.com\/#website\"},\"datePublished\":\"2023-03-31T07:07:37+00:00\",\"dateModified\":\"2025-08-28T12:55:30+00:00\",\"breadcrumb\":{\"@id\":\"https:\/\/wheelrestore.com\/privacy-policy\/#breadcrumb\"},\"inLanguage\":\"pl-PL\",\"potentialAction\":[{\"@type\":\"ReadAction\",\"target\":[\"https:\/\/wheelrestore.com\/privacy-policy\/\"]}]},{\"@type\":\"BreadcrumbList\",\"@id\":\"https:\/\/wheelrestore.com\/privacy-policy\/#breadcrumb\",\"itemListElement\":[{\"@type\":\"ListItem\",\"position\":1,\"name\":\"Home\",\"item\":\"https:\/\/wheelrestore.com\/\"},{\"@type\":\"ListItem\",\"position\":2,\"name\":\"Privacy Policy\"}]},{\"@type\":\"WebSite\",\"@id\":\"https:\/\/wheelrestore.com\/#website\",\"url\":\"https:\/\/wheelrestore.com\/\",\"name\":\"WheelRestore\",\"description\":\"\",\"potentialAction\":[{\"@type\":\"SearchAction\",\"target\":{\"@type\":\"EntryPoint\",\"urlTemplate\":\"https:\/\/wheelrestore.com\/?s={search_term_string}\"},\"query-input\":{\"@type\":\"PropertyValueSpecification\",\"valueRequired\":true,\"valueName\":\"search_term_string\"}}],\"inLanguage\":\"pl-PL\"}]}<\/script>\n<!-- \/ Yoast SEO Premium plugin. -->","yoast_head_json":{"title":"Polityka prywatno\u015bci - WheelRestore","robots":{"index":"index","follow":"follow","max-snippet":"max-snippet:-1","max-image-preview":"max-image-preview:large","max-video-preview":"max-video-preview:-1"},"canonical":"https:\/\/wheelrestore.com\/pl\/privacy-policy\/","og_locale":"pl_PL","og_type":"article","og_title":"Privacy Policy","og_url":"https:\/\/wheelrestore.com\/pl\/privacy-policy\/","og_site_name":"WheelRestore","article_modified_time":"2025-08-28T12:55:30+00:00","twitter_card":"summary_large_image","twitter_misc":{"Szacowany czas czytania":"5 minut"},"schema":{"@context":"https:\/\/schema.org","@graph":[{"@type":"WebPage","@id":"https:\/\/wheelrestore.com\/privacy-policy\/","url":"https:\/\/wheelrestore.com\/privacy-policy\/","name":"Polityka prywatno\u015bci - WheelRestore","isPartOf":{"@id":"https:\/\/wheelrestore.com\/#website"},"datePublished":"2023-03-31T07:07:37+00:00","dateModified":"2025-08-28T12:55:30+00:00","breadcrumb":{"@id":"https:\/\/wheelrestore.com\/privacy-policy\/#breadcrumb"},"inLanguage":"pl-PL","potentialAction":[{"@type":"ReadAction","target":["https:\/\/wheelrestore.com\/privacy-policy\/"]}]},{"@type":"BreadcrumbList","@id":"https:\/\/wheelrestore.com\/privacy-policy\/#breadcrumb","itemListElement":[{"@type":"ListItem","position":1,"name":"Home","item":"https:\/\/wheelrestore.com\/"},{"@type":"ListItem","position":2,"name":"Privacy Policy"}]},{"@type":"WebSite","@id":"https:\/\/wheelrestore.com\/#website","url":"https:\/\/wheelrestore.com\/","name":"WheelRestore","description":"","potentialAction":[{"@type":"SearchAction","target":{"@type":"EntryPoint","urlTemplate":"https:\/\/wheelrestore.com\/?s={search_term_string}"},"query-input":{"@type":"PropertyValueSpecification","valueRequired":true,"valueName":"search_term_string"}}],"inLanguage":"pl-PL"}]}},"_links":{"self":[{"href":"https:\/\/wheelrestore.com\/pl\/wp-json\/wp\/v2\/pages\/3","targetHints":{"allow":["GET"]}}],"collection":[{"href":"https:\/\/wheelrestore.com\/pl\/wp-json\/wp\/v2\/pages"}],"about":[{"href":"https:\/\/wheelrestore.com\/pl\/wp-json\/wp\/v2\/types\/page"}],"author":[{"embeddable":true,"href":"https:\/\/wheelrestore.com\/pl\/wp-json\/wp\/v2\/users\/1"}],"replies":[{"embeddable":true,"href":"https:\/\/wheelrestore.com\/pl\/wp-json\/wp\/v2\/comments?post=3"}],"version-history":[{"count":4,"href":"https:\/\/wheelrestore.com\/pl\/wp-json\/wp\/v2\/pages\/3\/revisions"}],"predecessor-version":[{"id":3377,"href":"https:\/\/wheelrestore.com\/pl\/wp-json\/wp\/v2\/pages\/3\/revisions\/3377"}],"wp:attachment":[{"href":"https:\/\/wheelrestore.com\/pl\/wp-json\/wp\/v2\/media?parent=3"}],"curies":[{"name":"wp","href":"https:\/\/api.w.org\/{rel}","templated":true}]}}