{"id":4040,"date":"2025-11-06T13:00:06","date_gmt":"2025-11-06T13:00:06","guid":{"rendered":"https:\/\/wheelrestore.com\/?page_id=4040"},"modified":"2025-11-27T08:01:20","modified_gmt":"2025-11-27T08:01:20","slug":"continova","status":"publish","type":"page","link":"https:\/\/wheelrestore.com\/pl\/continova\/","title":{"rendered":"Informacja prasowa - Szwecja - Continova"},"content":{"rendered":"<div class=\"wpb-content-wrapper\"><div class=\"nm-row nm-row-full vc_row wpb_row\"><div class=\"nm_column wpb_column vc_column_container col-sm-12 vc_col-sm-12\"><div class=\"vc_column-inner\"><div class=\"wpb_wrapper\"><div class=\"vc_empty_space\"   style=\"height: 32px\"><span class=\"vc_empty_space_inner\"><\/span><\/div><\/div><\/div><\/div><\/div><div class=\"nm-row nm-row-boxed vc_row wpb_row  vc_custom_1762766390988\"><div class=\"nm_column wpb_column vc_column_container col-sm-6 vc_col-sm-6\"><div class=\"vc_column-inner\"><div class=\"wpb_wrapper\"><h1 style=\"font-size: 25px;text-align: left\" class=\"vc_custom_heading\" >Informacja prasowa<\/h1><p style=\"font-size: 16px;text-align: left\" class=\"vc_custom_heading\" >09:30 - 28 listopada 2025 r.<\/p><div class=\"vc_empty_space\"   style=\"height: 5px\"><span class=\"vc_empty_space_inner\"><\/span><\/div><\/div><\/div><\/div><div class=\"nm_column wpb_column vc_column_container col-sm-6 vc_col-sm-6\"><div class=\"vc_column-inner\"><div class=\"wpb_wrapper\"><\/div><\/div><\/div><\/div><div class=\"nm-row nm-row-full-nopad vc_row wpb_row nm-row-flex nm-row-col-middle  vc_custom_1762767232577\"><div class=\"nm_column wpb_column vc_column_container col-sm-12 vc_col-sm-12\"><div class=\"vc_column-inner\"><div class=\"wpb_wrapper\"><div class=\"nm-row nm-row-boxed inner nm-row-flex nm-row-col-middle  vc_custom_1762766356633\"><div class=\"nm_column nm_column_inner col-sm-6 vc_col-sm-6\"><div class=\"wpb_wrapper\"><div class=\"vc_empty_space\"   style=\"height: 20px\"><span class=\"vc_empty_space_inner\"><\/span><\/div><h1 style=\"font-size: 50px;color: #ffffff;line-height: 1.3;text-align: left;font-family:Roboto;font-weight:500;font-style:normal\" class=\"vc_custom_heading\" >Firma Wheel Restore zapewnia dystrybucj\u0119 Continova AB na terenie S\u0142owenii<\/h1><div class=\"vc_empty_space\"   style=\"height: 20px\"><span class=\"vc_empty_space_inner\"><\/span><\/div>\r\n    <div class=\"nm-divider separator_align_center\">\r\n        <div class=\"nm-divider-line\" style=\"\"><\/div>\r\n    <\/div><div class=\"vc_empty_space\"   style=\"height: 30px\"><span class=\"vc_empty_space_inner\"><\/span><\/div>\n\t<div  class=\"wpb_single_image wpb_content_element vc_align_left\">\n\t\t\n\t\t<figure class=\"wpb_wrapper vc_figure\">\n\t\t\t<div class=\"vc_single_image-wrapper   vc_box_border_grey\"><img loading=\"lazy\" decoding=\"async\" width=\"200\" height=\"29\" src=\"https:\/\/wheelrestore.com\/wp-content\/uploads\/2025\/11\/continova_logo_200x.avif\" class=\"vc_single_image-img attachment-full\" alt=\"\" title=\"continova_logo_200x\" srcset=\"https:\/\/wheelrestore.com\/wp-content\/uploads\/2025\/11\/continova_logo_200x.avif 200w, https:\/\/wheelrestore.com\/wp-content\/uploads\/2025\/11\/continova_logo_200x-18x3.jpg 18w\" sizes=\"auto, (max-width: 200px) 100vw, 200px\" \/><\/div>\n\t\t<\/figure>\n\t<\/div>\n<div class=\"vc_empty_space\"   style=\"height: 40px\"><span class=\"vc_empty_space_inner\"><\/span><\/div><\/div><\/div><div class=\"nm_column nm_column_inner col-sm-6 vc_col-sm-6\"><div class=\"wpb_wrapper\"><\/div><\/div><\/div><\/div><\/div><\/div><\/div><div class=\"nm-row nm-row-boxed vc_row wpb_row  vc_custom_1762766582442\"><div class=\"nm_column wpb_column vc_column_container col-sm-12 vc_col-sm-12\"><div class=\"vc_column-inner\"><div class=\"wpb_wrapper\"><div class=\"vc_empty_space\"   style=\"height: 20px\"><span class=\"vc_empty_space_inner\"><\/span><\/div>\n\t<div class=\"wpb_text_column wpb_content_element\" >\n\t\t<div class=\"wpb_wrapper\">\n\t\t\t<p data-start=\"467\" data-end=\"531\">St\u00f8vring, Dania \/ Kungsbacka, Sverige<\/p>\n\n\t\t<\/div>\n\t<\/div>\n<div class=\"vc_empty_space\"   style=\"height: 36px\"><span class=\"vc_empty_space_inner\"><\/span><\/div><h2 style=\"font-size: 28px;line-height: 1.4;text-align: left\" class=\"vc_custom_heading\" >Wheel Restore, globalny lider w dziedzinie zautomatyzowanych rozwi\u0105za\u0144 do przygotowywania i renowacji pojazd\u00f3w, rozpoczyna dzia\u0142alno\u015b\u0107 w Norwegii, aby wykorzysta\u0107 Continova AB do dystrybucji w Szwecji. Samarbetet stanowi wa\u017cny etap w strategii Wheel Restores, maj\u0105cej na celu stworzenie inteligentnego i niezawodnego systemu przygotowania do pracy, kt\u00f3ry jest najbardziej odpowiedni dla profesjonalnych klient\u00f3w w regionie.<\/h2><div class=\"vc_empty_space\"   style=\"height: 20px\"><span class=\"vc_empty_space_inner\"><\/span><\/div><\/div><\/div><\/div><\/div><div class=\"nm-row nm-row-boxed vc_row wpb_row  vc_custom_1762421733021\"><div class=\"nm_column wpb_column vc_column_container col-sm-8 vc_col-sm-8\"><div class=\"vc_column-inner\"><div class=\"wpb_wrapper\"><div class=\"vc_empty_space\"   style=\"height: 25px\"><span class=\"vc_empty_space_inner\"><\/span><\/div>\n\t<div class=\"wpb_text_column wpb_content_element\" >\n\t\t<div class=\"wpb_wrapper\">\n\t\t\t<h2 data-start=\"913\" data-end=\"1282\">Lokalny i pe\u0142ny dost\u0119p do produkt\u00f3w Wheel Restore<\/h2>\n<p data-start=\"913\" data-end=\"1282\">Nowa umowa partnerska jest niezb\u0119dna dla szwedzkich klient\u00f3w, kt\u00f3rzy chc\u0105 skorzysta\u0107 z kompletnej oferty produktowej Wheel Restores, od maskownic CNC i robot\u00f3w do lakierowania po maskownice do obr\u00f3bki r\u0119cznej i riktmasking. Lokalni eksperci firmy Continovas zapewniaj\u0105 skuteczn\u0105, szybk\u0105 i efektywn\u0105 pomoc, wsparcie i wsparcie techniczne.<\/p>\n<blockquote data-start=\"911\" data-end=\"1282\">\n<p data-start=\"913\" data-end=\"1282\">\u201cContinova ma siln\u0105 pozycj\u0119 na szwedzkim rynku, k\u0142ad\u0105c szczeg\u00f3lny nacisk na warto\u015b\u0107, obs\u0142ug\u0119 i pomoc w zakresie handlu i us\u0142ug\u201d, m\u00f3wi <strong>Jacob Bro Christensen, dyrektor sprzeda\u017cy grupy w Wheel Restore<\/strong>. \u201cDzi\u0119ki wieloletniemu do\u015bwiadczeniu i specjalistycznej wiedzy nasi szwedzcy partnerzy mog\u0105 liczy\u0107 na pomoc, wsparcie i wsparcie na najwy\u017cszym poziomie\u201d.\u201d<\/p>\n<\/blockquote>\n<h2 data-start=\"1289\" data-end=\"1338\">Wsp\u00f3\u0142praca partnerska w zakresie us\u0142ug ramowych<\/h2>\n<p data-start=\"1340\" data-end=\"1575\">Continova AB zapewnia profesjonalne us\u0142ugi, projekty i serwis dla firm zajmuj\u0105cych si\u0119 handlem towarami i us\u0142ugami na terenie ca\u0142ej Szwecji. Dzi\u0119ki nowemu samarbetet svenska verkst\u00e4der nu arbeta med hela <a href=\"https:\/\/wheelrestore.com\/pl\/produkty\/\">Wheel Restore-sortimentet<\/a>, inklusive:<\/p>\n<p data-start=\"1579\" data-end=\"1659\"><a href=\"https:\/\/wheelrestore.com\/pl\/produkty\/maszyna-do-ciecia-diamentow\/\"><strong data-start=\"1579\" data-end=\"1610\">Diamentowa maszyna do ci\u0119cia DCM3<\/strong><\/a> - <a href=\"https:\/\/wheelrestore.com\/pl\/produkty\/maszyna-do-ciecia-diamentow\/\">najbardziej zaawansowana maskownica CNC na \u015bwiecie<\/a><br \/>\n<a href=\"https:\/\/wheelrestore.com\/pl\/produkty\/automatic-wheel-painting-robot\/\"><strong data-start=\"1662\" data-end=\"1691\">Maszyna do malowania k\u00f3\u0142 WM600<\/strong><\/a> - <a href=\"https:\/\/wheelrestore.com\/pl\/produkty\/automatic-wheel-painting-robot\/\">helautomatisk lackeringsrobot med inbyggd torkning (IR\/UV)<\/a><br \/>\n<a href=\"https:\/\/wheelrestore.com\/pl\/produkty\/filtracja-w-komorze-srutowniczej\/\"><strong data-start=\"1757\" data-end=\"1789\">\u015arutownica ko\u0142owa WM750<\/strong><\/a> - <a href=\"https:\/\/wheelrestore.com\/pl\/produkty\/filtracja-w-komorze-srutowniczej\/\">p\u00f3\u0142automatyczne filtrowanie z filtracj\u0105 wg\u0142\u0119bn\u0105<\/a><br \/>\n<a href=\"https:\/\/wheelrestore.com\/pl\/produkty\/elektrohydrauliczna-prostownica-do-kol\/\"><strong data-start=\"1856\" data-end=\"1884\">Prostownica WM300<\/strong><\/a> - <a href=\"https:\/\/wheelrestore.com\/pl\/produkty\/elektrohydrauliczna-prostownica-do-kol\/\">elektrohydrauliczna maskownica do szybkiej i dok\u0142adnej pracy<\/a><\/p>\n<p>Za pomoc\u0105 aplikacji Wheel Restore i formularzy SAS mo\u017cna dokumentowa\u0107 r\u00f3\u017cne naprawy i przesy\u0142a\u0107 je w postaci cyfrowej - jest to funkcja, kt\u00f3ra pomaga w uzyskaniu lepszej jako\u015bci i lepszego wsparcia.<\/p>\n<h2 data-start=\"2125\" data-end=\"2172\">Cirkul\u00e4r ekonomi och h\u00e5llbarhet i fokus<\/h2>\n<p data-start=\"2174\" data-end=\"2421\">B\u00e5de Wheel Restore i Continova zapewniaj\u0105, \u017ce naprawa jest lepszym rozwi\u0105zaniem. Odnawianie felg w celu przywr\u00f3cenia ich do pierwotnego stanu zmniejsza emisj\u0119 CO\u2082, oszcz\u0119dza materia\u0142 i przyczynia si\u0119 do rozwoju przemys\u0142u.<\/p>\n<blockquote data-start=\"2423\" data-end=\"2823\">\n<p data-start=\"2425\" data-end=\"2823\">\u201cSvenska verkst\u00e4der efterfr\u00e5gar l\u00f6sningar som kombinerar effektivitet, l\u00f6nsamhet och h\u00e5llbarhet,\u201d s\u00e4ger <strong data-start=\"2529\" data-end=\"2588\">Claes T\u00f6rnqvist, VD \/ Dyrektor Zarz\u0105dzaj\u0105cy Continova AB<\/strong>. \u201cDzi\u0119ki Wheel Restore mamy mo\u017cliwo\u015b\u0107 wprowadzenia na rynek najbardziej zaawansowanego i zaawansowanego systemu do naprawy - opracowanego i wdro\u017conego w Danii. Vi ser fram emot att hj\u00e4lpa v\u00e5ra kunder ta n\u00e4sta steg mot framtidens verkstad.\u201d<\/p>\n<\/blockquote>\n\n\t\t<\/div>\n\t<\/div>\n<\/div><\/div><\/div><div class=\"nm_column wpb_column vc_column_container col-sm-4 vc_col-sm-4\"><div class=\"vc_column-inner\"><div class=\"wpb_wrapper\"><div class=\"vc_empty_space\"   style=\"height: 25px\"><span class=\"vc_empty_space_inner\"><\/span><\/div>\n\t<div class=\"wpb_text_column wpb_content_element\" >\n\t\t<div class=\"wpb_wrapper\">\n\t\t\t<h3 data-start=\"2830\" data-end=\"2854\"><strong data-start=\"2834\" data-end=\"2854\">Om Wheel Restore<\/strong><\/h3>\n<p data-start=\"2855\" data-end=\"3306\">Wheel Restore Company ApS jest cz\u0119\u015bci\u0105 HBC Group i \u015bwiatowym liderem w dziedzinie zautomatyzowanych narz\u0119dzi do przygotowania powierzchni. Firma oferuje kompletny ekosystem maskownic, system\u00f3w oczyszczania powietrza, aparat\u00f3w i urz\u0105dze\u0144 ko\u0144cowych. Od ponad 25 lat firma Wheel Restore oferuje kompleksowe rozwi\u0105zania pod klucz dla firm zajmuj\u0105cych si\u0119 sprzeda\u017c\u0105, dystrybucj\u0105, centrami kontroli i dostawcami OEM na ca\u0142ym \u015bwiecie.<br data-start=\"3227\" data-end=\"3230\" \/><strong data-start=\"3233\" data-end=\"3253\">Informacje Mer:<\/strong> <a class=\"decorated-link\" href=\"https:\/\/wheelrestore.com\/pl\/\" target=\"_new\" rel=\"noopener\" data-start=\"3254\" data-end=\"3306\">www.wheelrestore.com<\/a><\/p>\n\n\t\t<\/div>\n\t<\/div>\n<div class=\"vc_empty_space\"   style=\"height: 32px\"><span class=\"vc_empty_space_inner\"><\/span><\/div>\n\t<div class=\"wpb_text_column wpb_content_element\" >\n\t\t<div class=\"wpb_wrapper\">\n\t\t\t<h3 data-start=\"3308\" data-end=\"3333\"><strong data-start=\"3312\" data-end=\"3331\">Om Continova AB<\/strong><\/h3>\n<p data-start=\"3334\" data-end=\"3698\">Continova AB jest dostawc\u0105 profesjonalnego sprz\u0119tu i materia\u0142\u00f3w brukarskich dla przemys\u0142u budowlanego. Med ledorden <em data-start=\"3467\" data-end=\"3510\">Obs\u0142uga, Kunskap, Erfarenhet och Kvalitet<\/em> Zapewniamy kompleksow\u0105 obs\u0142ug\u0119 od projektu kompletnego rozwi\u0105zania po instalacj\u0119, uruchomienie i serwis techniczny.<br data-start=\"3627\" data-end=\"3630\" \/><strong data-start=\"3633\" data-end=\"3653\">Informacje Mer:<\/strong> <a class=\"decorated-link\" href=\"https:\/\/www.continova.se\" target=\"_new\" rel=\"noopener\" data-start=\"3654\" data-end=\"3698\">www.continova.se<\/a><\/p>\n\n\t\t<\/div>\n\t<\/div>\n<\/div><\/div><\/div><\/div><div class=\"nm-row nm-row-full vc_row wpb_row\"><div class=\"nm_column wpb_column vc_column_container col-sm-12 vc_col-sm-12\"><div class=\"vc_column-inner\"><div class=\"wpb_wrapper\"><div class=\"vc_empty_space\"   style=\"height: 42px\"><span class=\"vc_empty_space_inner\"><\/span><\/div><\/div><\/div><\/div><\/div><div class=\"nm-row nm-row-boxed vc_row wpb_row nm-row-flex nm-row-equal-height  vc_custom_1762434504205\"><div class=\"nm_column wpb_column vc_column_container col-sm-8 vc_col-sm-8\"><div class=\"vc_column-inner\"><div class=\"wpb_wrapper\"><div class=\"vc_empty_space\"   style=\"height: 32px\"><span class=\"vc_empty_space_inner\"><\/span><\/div><h2 style=\"text-align: left\" class=\"vc_custom_heading\" >Presskontakt<\/h2><div class=\"vc_empty_space\"   style=\"height: 20px\"><span class=\"vc_empty_space_inner\"><\/span><\/div>\n\t<div class=\"wpb_text_column wpb_content_element\" >\n\t\t<div class=\"wpb_wrapper\">\n\t\t\t<p data-start=\"3705\" data-end=\"3849\"><strong data-start=\"3727\" data-end=\"3752\">Jacob Bro Christensen<\/strong><br data-start=\"3752\" data-end=\"3755\" \/>Dyrektor Sprzeda\u017cy Grupy, Wheel Restore \/ Grupa HBC<br data-start=\"3802\" data-end=\"3805\" \/>+45 26 85 84 10<br data-start=\"3823\" data-end=\"3826\" \/><a class=\"decorated-link\" href=\"mailto:jbc@hbc-system.com\" rel=\"noopener\" data-start=\"3829\" data-end=\"3847\">jbc@hbc-system.com<\/a><\/p>\n<p data-start=\"3851\" data-end=\"3956\"><strong data-start=\"3851\" data-end=\"3870\">Claes T\u00f6rnqvist<\/strong><br data-start=\"3870\" data-end=\"3873\" \/>VD \/ Dyrektor Zarz\u0105dzaj\u0105cy, Continova AB<br data-start=\"3909\" data-end=\"3912\" \/>+46 300 52 14 00<br data-start=\"3931\" data-end=\"3934\" \/><a href=\"mailto:claes.tornqvist@continova.se\"><span data-olk-copy-source=\"MessageBody\">claes.tornqvist@continova.se<\/span><\/a><\/p>\n\n\t\t<\/div>\n\t<\/div>\n<div class=\"vc_empty_space\"   style=\"height: 40px\"><span class=\"vc_empty_space_inner\"><\/span><\/div><\/div><\/div><\/div><div class=\"nm_column wpb_column vc_column_container col-sm-4 vc_col-sm-4\"><div class=\"vc_column-inner\"><div class=\"wpb_wrapper\"><div class=\"vc_empty_space\"   style=\"height: 20px\"><span class=\"vc_empty_space_inner\"><\/span><\/div><\/div><\/div><\/div><\/div><div class=\"nm-row nm-row-full vc_row wpb_row\"><div class=\"nm_column wpb_column vc_column_container col-sm-12 vc_col-sm-12\"><div class=\"vc_column-inner\"><div class=\"wpb_wrapper\"><div class=\"vc_empty_space\"   style=\"height: 55px\"><span class=\"vc_empty_space_inner\"><\/span><\/div><\/div><\/div><\/div><\/div>\n<\/div>","protected":false},"excerpt":{"rendered":"Informacja prasowa09:30 - 28 listopada 2025Wheel Restore pozyskuje Continova AB do szwedzkiej dystrybucji St\u00f8vring, Dania \/ Kungsbacka, Szwecja Wheel Restore, globalny lider w dziedzinie zautomatyzowanych rozwi\u0105za\u0144 do przygotowania i odnawiania grunt\u00f3w, rozpoczyna dzia\u0142alno\u015b\u0107 w Norwegii, aby pozyska\u0107 Continova AB do dystrybucji w Szwecji. Samarbetet markerar ett viktigt steg i Wheel Restores strategi att g\u00f6ra [...]","protected":false},"author":2,"featured_media":0,"parent":0,"menu_order":0,"comment_status":"closed","ping_status":"closed","template":"templates\/page-full.php","meta":{"content-type":"","footnotes":""},"class_list":["post-4040","page","type-page","status-publish","hentry"],"yoast_head":"<!-- This site is optimized with the Yoast SEO Premium plugin v21.4 (Yoast SEO v25.0) - https:\/\/yoast.com\/wordpress\/plugins\/seo\/ -->\n<title>Press Release - Sweden - Continova - WheelRestore<\/title>\n<meta name=\"robots\" content=\"index, follow, max-snippet:-1, max-image-preview:large, max-video-preview:-1\" \/>\n<link rel=\"canonical\" href=\"https:\/\/wheelrestore.com\/pl\/continova\/\" \/>\n<meta property=\"og:locale\" content=\"pl_PL\" \/>\n<meta property=\"og:type\" content=\"article\" \/>\n<meta property=\"og:title\" content=\"Press Release - Sweden - Continova\" \/>\n<meta property=\"og:url\" content=\"https:\/\/wheelrestore.com\/pl\/continova\/\" \/>\n<meta property=\"og:site_name\" content=\"WheelRestore\" \/>\n<meta property=\"article:modified_time\" content=\"2025-11-27T08:01:20+00:00\" \/>\n<meta name=\"twitter:card\" content=\"summary_large_image\" \/>\n<meta name=\"twitter:label1\" content=\"Szacowany czas czytania\" \/>\n\t<meta name=\"twitter:data1\" content=\"3 minuty\" \/>\n<script type=\"application\/ld+json\" class=\"yoast-schema-graph\">{\"@context\":\"https:\/\/schema.org\",\"@graph\":[{\"@type\":\"WebPage\",\"@id\":\"https:\/\/wheelrestore.com\/continova\/\",\"url\":\"https:\/\/wheelrestore.com\/continova\/\",\"name\":\"Press Release - Sweden - Continova - WheelRestore\",\"isPartOf\":{\"@id\":\"https:\/\/wheelrestore.com\/#website\"},\"datePublished\":\"2025-11-06T13:00:06+00:00\",\"dateModified\":\"2025-11-27T08:01:20+00:00\",\"breadcrumb\":{\"@id\":\"https:\/\/wheelrestore.com\/continova\/#breadcrumb\"},\"inLanguage\":\"pl-PL\",\"potentialAction\":[{\"@type\":\"ReadAction\",\"target\":[\"https:\/\/wheelrestore.com\/continova\/\"]}]},{\"@type\":\"BreadcrumbList\",\"@id\":\"https:\/\/wheelrestore.com\/continova\/#breadcrumb\",\"itemListElement\":[{\"@type\":\"ListItem\",\"position\":1,\"name\":\"Home\",\"item\":\"https:\/\/wheelrestore.com\/\"},{\"@type\":\"ListItem\",\"position\":2,\"name\":\"Press Release &#8211; Sweden &#8211; Continova\"}]},{\"@type\":\"WebSite\",\"@id\":\"https:\/\/wheelrestore.com\/#website\",\"url\":\"https:\/\/wheelrestore.com\/\",\"name\":\"WheelRestore\",\"description\":\"\",\"potentialAction\":[{\"@type\":\"SearchAction\",\"target\":{\"@type\":\"EntryPoint\",\"urlTemplate\":\"https:\/\/wheelrestore.com\/?s={search_term_string}\"},\"query-input\":{\"@type\":\"PropertyValueSpecification\",\"valueRequired\":true,\"valueName\":\"search_term_string\"}}],\"inLanguage\":\"pl-PL\"}]}<\/script>\n<!-- \/ Yoast SEO Premium plugin. -->","yoast_head_json":{"title":"Informacja prasowa - Szwecja - Continova - WheelRestore","robots":{"index":"index","follow":"follow","max-snippet":"max-snippet:-1","max-image-preview":"max-image-preview:large","max-video-preview":"max-video-preview:-1"},"canonical":"https:\/\/wheelrestore.com\/pl\/continova\/","og_locale":"pl_PL","og_type":"article","og_title":"Press Release - Sweden - Continova","og_url":"https:\/\/wheelrestore.com\/pl\/continova\/","og_site_name":"WheelRestore","article_modified_time":"2025-11-27T08:01:20+00:00","twitter_card":"summary_large_image","twitter_misc":{"Szacowany czas czytania":"3 minuty"},"schema":{"@context":"https:\/\/schema.org","@graph":[{"@type":"WebPage","@id":"https:\/\/wheelrestore.com\/continova\/","url":"https:\/\/wheelrestore.com\/continova\/","name":"Informacja prasowa - Szwecja - Continova - WheelRestore","isPartOf":{"@id":"https:\/\/wheelrestore.com\/#website"},"datePublished":"2025-11-06T13:00:06+00:00","dateModified":"2025-11-27T08:01:20+00:00","breadcrumb":{"@id":"https:\/\/wheelrestore.com\/continova\/#breadcrumb"},"inLanguage":"pl-PL","potentialAction":[{"@type":"ReadAction","target":["https:\/\/wheelrestore.com\/continova\/"]}]},{"@type":"BreadcrumbList","@id":"https:\/\/wheelrestore.com\/continova\/#breadcrumb","itemListElement":[{"@type":"ListItem","position":1,"name":"Home","item":"https:\/\/wheelrestore.com\/"},{"@type":"ListItem","position":2,"name":"Press Release &#8211; Sweden &#8211; Continova"}]},{"@type":"WebSite","@id":"https:\/\/wheelrestore.com\/#website","url":"https:\/\/wheelrestore.com\/","name":"WheelRestore","description":"","potentialAction":[{"@type":"SearchAction","target":{"@type":"EntryPoint","urlTemplate":"https:\/\/wheelrestore.com\/?s={search_term_string}"},"query-input":{"@type":"PropertyValueSpecification","valueRequired":true,"valueName":"search_term_string"}}],"inLanguage":"pl-PL"}]}},"_links":{"self":[{"href":"https:\/\/wheelrestore.com\/pl\/wp-json\/wp\/v2\/pages\/4040","targetHints":{"allow":["GET"]}}],"collection":[{"href":"https:\/\/wheelrestore.com\/pl\/wp-json\/wp\/v2\/pages"}],"about":[{"href":"https:\/\/wheelrestore.com\/pl\/wp-json\/wp\/v2\/types\/page"}],"author":[{"embeddable":true,"href":"https:\/\/wheelrestore.com\/pl\/wp-json\/wp\/v2\/users\/2"}],"replies":[{"embeddable":true,"href":"https:\/\/wheelrestore.com\/pl\/wp-json\/wp\/v2\/comments?post=4040"}],"version-history":[{"count":95,"href":"https:\/\/wheelrestore.com\/pl\/wp-json\/wp\/v2\/pages\/4040\/revisions"}],"predecessor-version":[{"id":4147,"href":"https:\/\/wheelrestore.com\/pl\/wp-json\/wp\/v2\/pages\/4040\/revisions\/4147"}],"wp:attachment":[{"href":"https:\/\/wheelrestore.com\/pl\/wp-json\/wp\/v2\/media?parent=4040"}],"curies":[{"name":"wp","href":"https:\/\/api.w.org\/{rel}","templated":true}]}}