{"id":4040,"date":"2025-11-06T13:00:06","date_gmt":"2025-11-06T13:00:06","guid":{"rendered":"https:\/\/wheelrestore.com\/?page_id=4040"},"modified":"2025-11-27T08:01:20","modified_gmt":"2025-11-27T08:01:20","slug":"continova","status":"publish","type":"page","link":"https:\/\/wheelrestore.com\/pt\/continova\/","title":{"rendered":"Comunicado de imprensa - Su\u00e9cia - Continova"},"content":{"rendered":"<div class=\"wpb-content-wrapper\"><div class=\"nm-row nm-row-full vc_row wpb_row\"><div class=\"nm_column wpb_column vc_column_container col-sm-12 vc_col-sm-12\"><div class=\"vc_column-inner\"><div class=\"wpb_wrapper\"><div class=\"vc_empty_space\"   style=\"height: 32px\"><span class=\"vc_empty_space_inner\"><\/span><\/div><\/div><\/div><\/div><\/div><div class=\"nm-row nm-row-boxed vc_row wpb_row  vc_custom_1762766390988\"><div class=\"nm_column wpb_column vc_column_container col-sm-6 vc_col-sm-6\"><div class=\"vc_column-inner\"><div class=\"wpb_wrapper\"><h1 style=\"font-size: 25px;text-align: left\" class=\"vc_custom_heading\" >Comunicado de imprensa<\/h1><p style=\"font-size: 16px;text-align: left\" class=\"vc_custom_heading\" >09:30 - 28 de novembro de 2025<\/p><div class=\"vc_empty_space\"   style=\"height: 5px\"><span class=\"vc_empty_space_inner\"><\/span><\/div><\/div><\/div><\/div><div class=\"nm_column wpb_column vc_column_container col-sm-6 vc_col-sm-6\"><div class=\"vc_column-inner\"><div class=\"wpb_wrapper\"><\/div><\/div><\/div><\/div><div class=\"nm-row nm-row-full-nopad vc_row wpb_row nm-row-flex nm-row-col-middle  vc_custom_1762767232577\"><div class=\"nm_column wpb_column vc_column_container col-sm-12 vc_col-sm-12\"><div class=\"vc_column-inner\"><div class=\"wpb_wrapper\"><div class=\"nm-row nm-row-boxed inner nm-row-flex nm-row-col-middle  vc_custom_1762766356633\"><div class=\"nm_column nm_column_inner col-sm-6 vc_col-sm-6\"><div class=\"wpb_wrapper\"><div class=\"vc_empty_space\"   style=\"height: 20px\"><span class=\"vc_empty_space_inner\"><\/span><\/div><h1 style=\"font-size: 50px;color: #ffffff;line-height: 1.3;text-align: left;font-family:Roboto;font-weight:500;font-style:normal\" class=\"vc_custom_heading\" >A Wheel Restore utiliza a Continova AB como distribuidor na Su\u00e9cia<\/h1><div class=\"vc_empty_space\"   style=\"height: 20px\"><span class=\"vc_empty_space_inner\"><\/span><\/div>\r\n    <div class=\"nm-divider separator_align_center\">\r\n        <div class=\"nm-divider-line\" style=\"\"><\/div>\r\n    <\/div><div class=\"vc_empty_space\"   style=\"height: 30px\"><span class=\"vc_empty_space_inner\"><\/span><\/div>\n\t<div  class=\"wpb_single_image wpb_content_element vc_align_left\">\n\t\t\n\t\t<figure class=\"wpb_wrapper vc_figure\">\n\t\t\t<div class=\"vc_single_image-wrapper   vc_box_border_grey\"><img loading=\"lazy\" decoding=\"async\" width=\"200\" height=\"29\" src=\"https:\/\/wheelrestore.com\/wp-content\/uploads\/2025\/11\/continova_logo_200x.avif\" class=\"vc_single_image-img attachment-full\" alt=\"\" title=\"continova_logo_200x\" srcset=\"https:\/\/wheelrestore.com\/wp-content\/uploads\/2025\/11\/continova_logo_200x.avif 200w, https:\/\/wheelrestore.com\/wp-content\/uploads\/2025\/11\/continova_logo_200x-18x3.jpg 18w\" sizes=\"auto, (max-width: 200px) 100vw, 200px\" \/><\/div>\n\t\t<\/figure>\n\t<\/div>\n<div class=\"vc_empty_space\"   style=\"height: 40px\"><span class=\"vc_empty_space_inner\"><\/span><\/div><\/div><\/div><div class=\"nm_column nm_column_inner col-sm-6 vc_col-sm-6\"><div class=\"wpb_wrapper\"><\/div><\/div><\/div><\/div><\/div><\/div><\/div><div class=\"nm-row nm-row-boxed vc_row wpb_row  vc_custom_1762766582442\"><div class=\"nm_column wpb_column vc_column_container col-sm-12 vc_col-sm-12\"><div class=\"vc_column-inner\"><div class=\"wpb_wrapper\"><div class=\"vc_empty_space\"   style=\"height: 20px\"><span class=\"vc_empty_space_inner\"><\/span><\/div>\n\t<div class=\"wpb_text_column wpb_content_element\" >\n\t\t<div class=\"wpb_wrapper\">\n\t\t\t<p data-start=\"467\" data-end=\"531\">St\u00f8vring, Dinamarca \/ Kungsbacka, Su\u00e9cia<\/p>\n\n\t\t<\/div>\n\t<\/div>\n<div class=\"vc_empty_space\"   style=\"height: 36px\"><span class=\"vc_empty_space_inner\"><\/span><\/div><h2 style=\"font-size: 28px;line-height: 1.4;text-align: left\" class=\"vc_custom_heading\" >A Wheel Restore, l\u00edder mundial em solu\u00e7\u00f5es automatizadas para a prepara\u00e7\u00e3o e recupera\u00e7\u00e3o de fardos, iniciou a sua atividade na Noruega para colocar a Continova AB como distribuidora na Su\u00e9cia. Samarbetet markerar ett viktigt steg i Wheel Restores strategi att g\u00f6ra sina smarta och h\u00e5llbara hjulreparationssystem mer tillg\u00e4ngliga f\u00f6r professionella verkst\u00e4der i regionen.<\/h2><div class=\"vc_empty_space\"   style=\"height: 20px\"><span class=\"vc_empty_space_inner\"><\/span><\/div><\/div><\/div><\/div><\/div><div class=\"nm-row nm-row-boxed vc_row wpb_row  vc_custom_1762421733021\"><div class=\"nm_column wpb_column vc_column_container col-sm-8 vc_col-sm-8\"><div class=\"vc_column-inner\"><div class=\"wpb_wrapper\"><div class=\"vc_empty_space\"   style=\"height: 25px\"><span class=\"vc_empty_space_inner\"><\/span><\/div>\n\t<div class=\"wpb_text_column wpb_content_element\" >\n\t\t<div class=\"wpb_wrapper\">\n\t\t\t<h2 data-start=\"913\" data-end=\"1282\">Prote\u00e7\u00e3o total e total contra a corros\u00e3o das rodas<\/h2>\n<p data-start=\"913\" data-end=\"1282\">Det nya partnerskapet g\u00f6r det m\u00f6jligt f\u00f6r svenska verkst\u00e4der att enkelt f\u00e5 till till Wheel Restores kompletta produktutbud, fr\u00e5n CNC-f\u00e4lgmaskiner och lackeringsrobotar till f\u00f6rbehandlings- och riktmaskiner. Com a experi\u00eancia local da Continovas, o fornecimento, o apoio e a utiliza\u00e7\u00e3o s\u00e3o mais flex\u00edveis do que os outros, e a Continovas est\u00e1 a desenvolver m\u00e9todos de trabalho eficazes, simples e r\u00e1pidos.<\/p>\n<blockquote data-start=\"911\" data-end=\"1282\">\n<p data-start=\"913\" data-end=\"1282\">\u201cA Continova tem uma posi\u00e7\u00e3o forte no mercado sueco, com especial incid\u00eancia na qualidade, no servi\u00e7o e na assist\u00eancia aos clientes\u201d, afirma <strong>Jacob Bro Christensen, Diretor de Vendas do Grupo p\u00e5 Wheel Restore<\/strong>. \u201cMed deras l\u00e5nga erfarenhet och tekniska expertis f\u00e5r v\u00e5ra svenska kunder nu lokal tillg\u00e5ng till f\u00f6rs\u00e4ljning, support och utbildning p\u00e5 h\u00f6gsta niv\u00e5.\u201d<\/p>\n<\/blockquote>\n<h2 data-start=\"1289\" data-end=\"1338\">Parcerias para a cria\u00e7\u00e3o de empregos<\/h2>\n<p data-start=\"1340\" data-end=\"1575\">A Continova AB oferece servi\u00e7os profissionais de consultoria, projectos e assist\u00eancia t\u00e9cnica a empresas de fornecimento de bens e servi\u00e7os em toda a Su\u00e9cia. A partir de agora, os clientes da Su\u00e9cia podem trabalhar em conjunto com os seus <a href=\"https:\/\/wheelrestore.com\/pt\/produtos\/\">Restauro de rodas - sec\u00e7\u00e3o<\/a>, inklusive:<\/p>\n<p data-start=\"1579\" data-end=\"1659\"><a href=\"https:\/\/wheelrestore.com\/pt\/produtos\/maquina-de-corte-de-diamantes\/\"><strong data-start=\"1579\" data-end=\"1610\">M\u00e1quina de corte de diamante DCM3<\/strong><\/a> - <a href=\"https:\/\/wheelrestore.com\/pt\/produtos\/maquina-de-corte-de-diamantes\/\">a mais antiga m\u00e1quina de corte CNC do mundo<\/a><br \/>\n<a href=\"https:\/\/wheelrestore.com\/pt\/produtos\/robo-automatico-de-pintura-de-rodas\/\"><strong data-start=\"1662\" data-end=\"1691\">M\u00e1quina de pintura de rodas WM600<\/strong><\/a> - <a href=\"https:\/\/wheelrestore.com\/pt\/produtos\/robo-automatico-de-pintura-de-rodas\/\">helautomatisk lackeringsrobot med inbyggd torkning (IR\/UV)<\/a><br \/>\n<a href=\"https:\/\/wheelrestore.com\/pt\/produtos\/filtragem-de-cabinas-de-sopro\/\"><strong data-start=\"1757\" data-end=\"1789\">M\u00e1quina de jato de areia com rodas WM750<\/strong><\/a> - <a href=\"https:\/\/wheelrestore.com\/pt\/produtos\/filtragem-de-cabinas-de-sopro\/\">filtragem semiautom\u00e1tica de res\u00edduos com filtragem por inbyggd<\/a><br \/>\n<a href=\"https:\/\/wheelrestore.com\/pt\/produtos\/electro-hydraulic-wheel-straightener\/\"><strong data-start=\"1856\" data-end=\"1884\">Alisador de rodas WM300<\/strong><\/a> - <a href=\"https:\/\/wheelrestore.com\/pt\/produtos\/electro-hydraulic-wheel-straightener\/\">m\u00e1scara electro-hidr\u00e1ulica para uma resposta r\u00e1pida e exacta<\/a><\/p>\n<p>A partir da aplica\u00e7\u00e3o Wheel Restore e das plataformas SAS, todas as repara\u00e7\u00f5es podem ser documentadas e processadas digitalmente - uma fun\u00e7\u00e3o que permite uma melhor avalia\u00e7\u00e3o da qualidade e um melhor suporte para a seguran\u00e7a.<\/p>\n<h2 data-start=\"2125\" data-end=\"2172\">O objetivo da economia circular e da economia de mercado<\/h2>\n<p data-start=\"2174\" data-end=\"2421\">B\u00e5de Wheel Restore och Continova delar v\u00e4rderingen att reparation \u00e4r b\u00e4ttre \u00e4n ers\u00e4ttning. A repara\u00e7\u00e3o de uma roda de alum\u00ednio \u00e9 uma forma de a substituir por outra que n\u00e3o seja a de reduzir as emiss\u00f5es de CO\u2082, de poupar material ou de a substituir por uma ind\u00fastria de componentes mais econ\u00f3mica.<\/p>\n<blockquote data-start=\"2423\" data-end=\"2823\">\n<p data-start=\"2425\" data-end=\"2823\">\u201cSvenska verkst\u00e4der efterfr\u00e5gar l\u00f6sningar som kombinerar effektivitet, l\u00f6nsamhet och h\u00e5llbarhet,\u201d s\u00e4ger <strong data-start=\"2529\" data-end=\"2588\">Claes T\u00f6rnqvist, VD \/ Diretor Executivo da Continova AB<\/strong>. \u201cCom o Wheel Restore, podemos ajudar a recuperar o sistema mais avan\u00e7ado e mais dif\u00edcil de preparar do mercado - que foi testado e testado na Dinamarca. Vi ser fram emot att hj\u00e4lpa v\u00e5ra kunder ta n\u00e4sta steg mot framtidens verkstad.\u201d<\/p>\n<\/blockquote>\n\n\t\t<\/div>\n\t<\/div>\n<\/div><\/div><\/div><div class=\"nm_column wpb_column vc_column_container col-sm-4 vc_col-sm-4\"><div class=\"vc_column-inner\"><div class=\"wpb_wrapper\"><div class=\"vc_empty_space\"   style=\"height: 25px\"><span class=\"vc_empty_space_inner\"><\/span><\/div>\n\t<div class=\"wpb_text_column wpb_content_element\" >\n\t\t<div class=\"wpb_wrapper\">\n\t\t\t<h3 data-start=\"2830\" data-end=\"2854\"><strong data-start=\"2834\" data-end=\"2854\">Restauro de rodas Om<\/strong><\/h3>\n<p data-start=\"2855\" data-end=\"3306\">A Wheel Restore Company ApS \u00e9 uma empresa do Grupo HBC e \u00e9 l\u00edder mundial em solu\u00e7\u00f5es automatizadas para a prepara\u00e7\u00e3o de gases. A empresa oferece um ecossistema completo de m\u00e1scaras, sistemas de tratamento de superf\u00edcies, aparelhos e sistemas de tratamento de res\u00edduos. Com mais de 25 anos de experi\u00eancia, a Wheel Restore fornece solu\u00e7\u00f5es chave-na-m\u00e3o para empresas de constru\u00e7\u00e3o civil, fabricantes de m\u00e1quinas, centros de distribui\u00e7\u00e3o e fornecedores OEM em todo o mundo.<br data-start=\"3227\" data-end=\"3230\" \/><strong data-start=\"3233\" data-end=\"3253\">Informa\u00e7\u00f5es sobre o Mer:<\/strong> <a class=\"decorated-link\" href=\"https:\/\/wheelrestore.com\/pt\/\" target=\"_new\" rel=\"noopener\" data-start=\"3254\" data-end=\"3306\">www.wheelrestore.com<\/a><\/p>\n\n\t\t<\/div>\n\t<\/div>\n<div class=\"vc_empty_space\"   style=\"height: 32px\"><span class=\"vc_empty_space_inner\"><\/span><\/div>\n\t<div class=\"wpb_text_column wpb_content_element\" >\n\t\t<div class=\"wpb_wrapper\">\n\t\t\t<h3 data-start=\"3308\" data-end=\"3333\"><strong data-start=\"3312\" data-end=\"3331\">Om Continova AB<\/strong><\/h3>\n<p data-start=\"3334\" data-end=\"3698\">A Continova AB \u00e9 um fornecedor de material de constru\u00e7\u00e3o profissional e de materiais de constru\u00e7\u00e3o para a constru\u00e7\u00e3o de pontes. Com dire\u00e7\u00e3o <em data-start=\"3467\" data-end=\"3510\">Servi\u00e7o, Compet\u00eancia, Emprego e Valoriza\u00e7\u00e3o<\/em> fornece tudo, desde o projeto de um sistema completo at\u00e9 \u00e0 instala\u00e7\u00e3o, coloca\u00e7\u00e3o em servi\u00e7o e assist\u00eancia t\u00e9cnica.<br data-start=\"3627\" data-end=\"3630\" \/><strong data-start=\"3633\" data-end=\"3653\">Informa\u00e7\u00f5es sobre o Mer:<\/strong> <a class=\"decorated-link\" href=\"https:\/\/www.continova.se\" target=\"_new\" rel=\"noopener\" data-start=\"3654\" data-end=\"3698\">www.continova.se<\/a><\/p>\n\n\t\t<\/div>\n\t<\/div>\n<\/div><\/div><\/div><\/div><div class=\"nm-row nm-row-full vc_row wpb_row\"><div class=\"nm_column wpb_column vc_column_container col-sm-12 vc_col-sm-12\"><div class=\"vc_column-inner\"><div class=\"wpb_wrapper\"><div class=\"vc_empty_space\"   style=\"height: 42px\"><span class=\"vc_empty_space_inner\"><\/span><\/div><\/div><\/div><\/div><\/div><div class=\"nm-row nm-row-boxed vc_row wpb_row nm-row-flex nm-row-equal-height  vc_custom_1762434504205\"><div class=\"nm_column wpb_column vc_column_container col-sm-8 vc_col-sm-8\"><div class=\"vc_column-inner\"><div class=\"wpb_wrapper\"><div class=\"vc_empty_space\"   style=\"height: 32px\"><span class=\"vc_empty_space_inner\"><\/span><\/div><h2 style=\"text-align: left\" class=\"vc_custom_heading\" >Contactos de imprensa<\/h2><div class=\"vc_empty_space\"   style=\"height: 20px\"><span class=\"vc_empty_space_inner\"><\/span><\/div>\n\t<div class=\"wpb_text_column wpb_content_element\" >\n\t\t<div class=\"wpb_wrapper\">\n\t\t\t<p data-start=\"3705\" data-end=\"3849\"><strong data-start=\"3727\" data-end=\"3752\">Jacob Bro Christensen<\/strong><br data-start=\"3752\" data-end=\"3755\" \/>Diretor de vendas do grupo, Wheel Restore \/ Grupo HBC<br data-start=\"3802\" data-end=\"3805\" \/>+45 26 85 84 10<br data-start=\"3823\" data-end=\"3826\" \/><a class=\"decorated-link\" href=\"mailto:jbc@hbc-system.com\" rel=\"noopener\" data-start=\"3829\" data-end=\"3847\">jbc@hbc-system.com<\/a><\/p>\n<p data-start=\"3851\" data-end=\"3956\"><strong data-start=\"3851\" data-end=\"3870\">Claes T\u00f6rnqvist<\/strong><br data-start=\"3870\" data-end=\"3873\" \/>VD \/ Diretor Geral, Continova AB<br data-start=\"3909\" data-end=\"3912\" \/>+46 300 52 14 00<br data-start=\"3931\" data-end=\"3934\" \/><a href=\"mailto:claes.tornqvist@continova.se\"><span data-olk-copy-source=\"MessageBody\">claes.tornqvist@continova.se<\/span><\/a><\/p>\n\n\t\t<\/div>\n\t<\/div>\n<div class=\"vc_empty_space\"   style=\"height: 40px\"><span class=\"vc_empty_space_inner\"><\/span><\/div><\/div><\/div><\/div><div class=\"nm_column wpb_column vc_column_container col-sm-4 vc_col-sm-4\"><div class=\"vc_column-inner\"><div class=\"wpb_wrapper\"><div class=\"vc_empty_space\"   style=\"height: 20px\"><span class=\"vc_empty_space_inner\"><\/span><\/div><\/div><\/div><\/div><\/div><div class=\"nm-row nm-row-full vc_row wpb_row\"><div class=\"nm_column wpb_column vc_column_container col-sm-12 vc_col-sm-12\"><div class=\"vc_column-inner\"><div class=\"wpb_wrapper\"><div class=\"vc_empty_space\"   style=\"height: 55px\"><span class=\"vc_empty_space_inner\"><\/span><\/div><\/div><\/div><\/div><\/div>\n<\/div>","protected":false},"excerpt":{"rendered":"Comunicado de imprensa09:30 - 28 novembro 2025Wheel Restore utser Continova AB till svensk distribut\u00f6r St\u00f8vring, Danmark \/ Kungsbacka, Sverige Wheel Restore, um l\u00edder global em solu\u00e7\u00f5es automatizadas para a prepara\u00e7\u00e3o e recupera\u00e7\u00e3o de res\u00edduos, inicia a sua atividade na Noruega para colocar a Continova AB como distribuidora na Su\u00e9cia. Samarbetet markerar ett viktigt steg i Wheel Restores strategi att g\u00f6ra [...]","protected":false},"author":2,"featured_media":0,"parent":0,"menu_order":0,"comment_status":"closed","ping_status":"closed","template":"templates\/page-full.php","meta":{"content-type":"","footnotes":""},"class_list":["post-4040","page","type-page","status-publish","hentry"],"yoast_head":"<!-- This site is optimized with the Yoast SEO Premium plugin v21.4 (Yoast SEO v25.0) - https:\/\/yoast.com\/wordpress\/plugins\/seo\/ -->\n<title>Press Release - Sweden - Continova - WheelRestore<\/title>\n<meta name=\"robots\" content=\"index, follow, max-snippet:-1, max-image-preview:large, max-video-preview:-1\" \/>\n<link rel=\"canonical\" href=\"https:\/\/wheelrestore.com\/pt\/continova\/\" \/>\n<meta property=\"og:locale\" content=\"pt_PT\" \/>\n<meta property=\"og:type\" content=\"article\" \/>\n<meta property=\"og:title\" content=\"Press Release - Sweden - Continova\" \/>\n<meta property=\"og:url\" content=\"https:\/\/wheelrestore.com\/pt\/continova\/\" \/>\n<meta property=\"og:site_name\" content=\"WheelRestore\" \/>\n<meta property=\"article:modified_time\" content=\"2025-11-27T08:01:20+00:00\" \/>\n<meta name=\"twitter:card\" content=\"summary_large_image\" \/>\n<meta name=\"twitter:label1\" content=\"Tempo estimado de leitura\" \/>\n\t<meta name=\"twitter:data1\" content=\"3 minutos\" \/>\n<script type=\"application\/ld+json\" class=\"yoast-schema-graph\">{\"@context\":\"https:\/\/schema.org\",\"@graph\":[{\"@type\":\"WebPage\",\"@id\":\"https:\/\/wheelrestore.com\/continova\/\",\"url\":\"https:\/\/wheelrestore.com\/continova\/\",\"name\":\"Press Release - Sweden - Continova - WheelRestore\",\"isPartOf\":{\"@id\":\"https:\/\/wheelrestore.com\/#website\"},\"datePublished\":\"2025-11-06T13:00:06+00:00\",\"dateModified\":\"2025-11-27T08:01:20+00:00\",\"breadcrumb\":{\"@id\":\"https:\/\/wheelrestore.com\/continova\/#breadcrumb\"},\"inLanguage\":\"pt-PT\",\"potentialAction\":[{\"@type\":\"ReadAction\",\"target\":[\"https:\/\/wheelrestore.com\/continova\/\"]}]},{\"@type\":\"BreadcrumbList\",\"@id\":\"https:\/\/wheelrestore.com\/continova\/#breadcrumb\",\"itemListElement\":[{\"@type\":\"ListItem\",\"position\":1,\"name\":\"Home\",\"item\":\"https:\/\/wheelrestore.com\/\"},{\"@type\":\"ListItem\",\"position\":2,\"name\":\"Press Release &#8211; Sweden &#8211; Continova\"}]},{\"@type\":\"WebSite\",\"@id\":\"https:\/\/wheelrestore.com\/#website\",\"url\":\"https:\/\/wheelrestore.com\/\",\"name\":\"WheelRestore\",\"description\":\"\",\"potentialAction\":[{\"@type\":\"SearchAction\",\"target\":{\"@type\":\"EntryPoint\",\"urlTemplate\":\"https:\/\/wheelrestore.com\/?s={search_term_string}\"},\"query-input\":{\"@type\":\"PropertyValueSpecification\",\"valueRequired\":true,\"valueName\":\"search_term_string\"}}],\"inLanguage\":\"pt-PT\"}]}<\/script>\n<!-- \/ Yoast SEO Premium plugin. -->","yoast_head_json":{"title":"Comunicado de imprensa - Su\u00e9cia - Continova - WheelRestore","robots":{"index":"index","follow":"follow","max-snippet":"max-snippet:-1","max-image-preview":"max-image-preview:large","max-video-preview":"max-video-preview:-1"},"canonical":"https:\/\/wheelrestore.com\/pt\/continova\/","og_locale":"pt_PT","og_type":"article","og_title":"Press Release - Sweden - Continova","og_url":"https:\/\/wheelrestore.com\/pt\/continova\/","og_site_name":"WheelRestore","article_modified_time":"2025-11-27T08:01:20+00:00","twitter_card":"summary_large_image","twitter_misc":{"Tempo estimado de leitura":"3 minutos"},"schema":{"@context":"https:\/\/schema.org","@graph":[{"@type":"WebPage","@id":"https:\/\/wheelrestore.com\/continova\/","url":"https:\/\/wheelrestore.com\/continova\/","name":"Comunicado de imprensa - Su\u00e9cia - Continova - WheelRestore","isPartOf":{"@id":"https:\/\/wheelrestore.com\/#website"},"datePublished":"2025-11-06T13:00:06+00:00","dateModified":"2025-11-27T08:01:20+00:00","breadcrumb":{"@id":"https:\/\/wheelrestore.com\/continova\/#breadcrumb"},"inLanguage":"pt-PT","potentialAction":[{"@type":"ReadAction","target":["https:\/\/wheelrestore.com\/continova\/"]}]},{"@type":"BreadcrumbList","@id":"https:\/\/wheelrestore.com\/continova\/#breadcrumb","itemListElement":[{"@type":"ListItem","position":1,"name":"Home","item":"https:\/\/wheelrestore.com\/"},{"@type":"ListItem","position":2,"name":"Press Release &#8211; Sweden &#8211; Continova"}]},{"@type":"WebSite","@id":"https:\/\/wheelrestore.com\/#website","url":"https:\/\/wheelrestore.com\/","name":"Restauro de rodas","description":"","potentialAction":[{"@type":"SearchAction","target":{"@type":"EntryPoint","urlTemplate":"https:\/\/wheelrestore.com\/?s={search_term_string}"},"query-input":{"@type":"PropertyValueSpecification","valueRequired":true,"valueName":"search_term_string"}}],"inLanguage":"pt-PT"}]}},"_links":{"self":[{"href":"https:\/\/wheelrestore.com\/pt\/wp-json\/wp\/v2\/pages\/4040","targetHints":{"allow":["GET"]}}],"collection":[{"href":"https:\/\/wheelrestore.com\/pt\/wp-json\/wp\/v2\/pages"}],"about":[{"href":"https:\/\/wheelrestore.com\/pt\/wp-json\/wp\/v2\/types\/page"}],"author":[{"embeddable":true,"href":"https:\/\/wheelrestore.com\/pt\/wp-json\/wp\/v2\/users\/2"}],"replies":[{"embeddable":true,"href":"https:\/\/wheelrestore.com\/pt\/wp-json\/wp\/v2\/comments?post=4040"}],"version-history":[{"count":95,"href":"https:\/\/wheelrestore.com\/pt\/wp-json\/wp\/v2\/pages\/4040\/revisions"}],"predecessor-version":[{"id":4147,"href":"https:\/\/wheelrestore.com\/pt\/wp-json\/wp\/v2\/pages\/4040\/revisions\/4147"}],"wp:attachment":[{"href":"https:\/\/wheelrestore.com\/pt\/wp-json\/wp\/v2\/media?parent=4040"}],"curies":[{"name":"wp","href":"https:\/\/api.w.org\/{rel}","templated":true}]}}