{"id":88,"date":"2023-10-23T21:40:27","date_gmt":"2023-10-23T21:40:27","guid":{"rendered":"https:\/\/wheelrestore.com\/?page_id=88"},"modified":"2025-05-08T10:02:58","modified_gmt":"2025-05-08T10:02:58","slug":"financiamento","status":"publish","type":"page","link":"https:\/\/wheelrestore.com\/pt\/financiamento\/","title":{"rendered":"Financiamento"},"content":{"rendered":"<div class=\"wpb-content-wrapper\"><div class=\"nm-row nm-row-boxed vc_row wpb_row\"><div class=\"nm_column wpb_column vc_column_container col-sm-12 vc_col-sm-12\"><div class=\"vc_column-inner\"><div class=\"wpb_wrapper\"><!-- start breadcrumbs -->\n\n\t\t\t<p id=\"breadcrumbs\">\n    <span><span><a href=\"https:\/\/wheelrestore.com\/pt\/\">In\u00edcio<\/a><\/span><\/span>\n<\/p>\n\t\t\t<!-- end breadcrumbs --><\/div><\/div><\/div><\/div><div class=\"nm-row nm-row-boxed vc_row wpb_row nm-row-flex nm-row-col-middle\"><div class=\"nm_column wpb_column vc_column_container col-sm-7 vc_col-sm-7\"><div class=\"vc_column-inner\"><div class=\"wpb_wrapper\"><div class=\"vc_empty_space\"   style=\"height: 32px\"><span class=\"vc_empty_space_inner\"><\/span><\/div><h1 style=\"font-size: 34px;color: #111111;line-height: 1.1;text-align: left;font-family:Roboto;font-weight:700;font-style:normal\" class=\"vc_custom_heading\" >SOLU\u00c7\u00d5ES DE FINANCIAMENTO ATRACTIVAS<\/h1><h2 style=\"font-size: 26px;color: #111111;line-height: 1.2;text-align: left;font-family:Roboto;font-weight:400;font-style:normal\" class=\"vc_custom_heading\" >Beneficiar de um financiamento est\u00e1vel e a longo prazo a taxas competitivas<\/h2><div class=\"vc_empty_space\"   style=\"height: 20px\"><span class=\"vc_empty_space_inner\"><\/span><\/div>\n\t<div class=\"wpb_text_column wpb_content_element\" >\n\t\t<div class=\"wpb_wrapper\">\n\t\t\t<p>A Wheel Restore oferece uma op\u00e7\u00e3o de financiamento \u00fanica apoiada pelo governo dinamarqu\u00eas, especificamente concebida para apoiar as actividades de exporta\u00e7\u00e3o. Isto proporciona aos clientes vantagens significativas, incluindo o acesso a financiamento est\u00e1vel e a longo prazo a taxas altamente competitivas, reduzindo a press\u00e3o financeira. Com o apoio da ag\u00eancia de cr\u00e9dito \u00e0 exporta\u00e7\u00e3o de confian\u00e7a da Dinamarca, esta solu\u00e7\u00e3o de financiamento permite-lhe investir no equipamento da Wheel Restore com confian\u00e7a e tranquilidade.<\/p>\n\n\t\t<\/div>\n\t<\/div>\n<div class=\"vc_empty_space\"   style=\"height: 32px\"><span class=\"vc_empty_space_inner\"><\/span><\/div><\/div><\/div><\/div><div class=\"nm_column wpb_column vc_column_container col-sm-5 vc_col-sm-5\"><div class=\"vc_column-inner\"><div class=\"wpb_wrapper\">\n\t<div  class=\"wpb_single_image wpb_content_element vc_align_center\">\n\t\t\n\t\t<figure class=\"wpb_wrapper vc_figure\">\n\t\t\t<div class=\"vc_single_image-wrapper   vc_box_border_grey\"><img loading=\"lazy\" decoding=\"async\" width=\"850\" height=\"622\" src=\"https:\/\/wheelrestore.com\/wp-content\/uploads\/2024\/10\/EIFO-logo-web.webp\" class=\"vc_single_image-img attachment-full\" alt=\"\" title=\"EIFO-logo-web\" srcset=\"https:\/\/wheelrestore.com\/wp-content\/uploads\/2024\/10\/EIFO-logo-web.webp 850w, https:\/\/wheelrestore.com\/wp-content\/uploads\/2024\/10\/EIFO-logo-web-300x220.webp 300w, https:\/\/wheelrestore.com\/wp-content\/uploads\/2024\/10\/EIFO-logo-web-768x562.webp 768w, https:\/\/wheelrestore.com\/wp-content\/uploads\/2024\/10\/EIFO-logo-web-16x12.webp 16w\" sizes=\"auto, (max-width: 850px) 100vw, 850px\" \/><\/div>\n\t\t<\/figure>\n\t<\/div>\n<\/div><\/div><\/div><\/div><div class=\"nm-row nm-row-full-nopad vc_row wpb_row  vc_custom_1746698555710\"><div class=\"nm_column wpb_column vc_column_container col-sm-12 vc_col-sm-12\"><div class=\"vc_column-inner\"><div class=\"wpb_wrapper\"><div class=\"templatera_shortcode\"><p><\/p>\r\n<\/div><\/div><\/div><\/div><\/div><div class=\"nm-row nm-row-boxed vc_row wpb_row nm-row-flex nm-row-col-middle\"><div class=\"nm_column wpb_column vc_column_container col-sm-6 vc_col-sm-6\"><div class=\"vc_column-inner\"><div class=\"wpb_wrapper\"><h2 style=\"font-size: 26px;color: #010101;line-height: 1.2;text-align: center;font-family:Roboto;font-weight:500;font-style:normal\" class=\"vc_custom_heading\" >Como funciona<\/h2>\n\t<div  class=\"wpb_single_image wpb_content_element vc_align_left\">\n\t\t\n\t\t<figure class=\"wpb_wrapper vc_figure\">\n\t\t\t<div class=\"vc_single_image-wrapper   vc_box_border_grey\"><img loading=\"lazy\" decoding=\"async\" width=\"900\" height=\"500\" src=\"https:\/\/wheelrestore.com\/wp-content\/uploads\/2024\/10\/EIFO-animation-1.webp\" class=\"vc_single_image-img attachment-full\" alt=\"\" title=\"Anima\u00e7\u00e3o EIFO\" srcset=\"https:\/\/wheelrestore.com\/wp-content\/uploads\/2024\/10\/EIFO-animation-1.webp 900w, https:\/\/wheelrestore.com\/wp-content\/uploads\/2024\/10\/EIFO-animation-1-300x167.webp 300w, https:\/\/wheelrestore.com\/wp-content\/uploads\/2024\/10\/EIFO-animation-1-768x427.webp 768w, https:\/\/wheelrestore.com\/wp-content\/uploads\/2024\/10\/EIFO-animation-1-18x10.webp 18w\" sizes=\"auto, (max-width: 900px) 100vw, 900px\" \/><\/div>\n\t\t<\/figure>\n\t<\/div>\n<\/div><\/div><\/div><div class=\"nm_column wpb_column vc_column_container col-sm-6 vc_col-sm-6 vc_custom_1729158553628\"><div class=\"vc_column-inner\"><div class=\"wpb_wrapper\">\n\t<div class=\"wpb_text_column wpb_content_element\" >\n\t\t<div class=\"wpb_wrapper\">\n\t\t\t<p><strong>1. Cr\u00e9dito do nosso banco<\/strong><br \/>\nTrabalhamos com o nosso banco para lhe oferecer uma linha de cr\u00e9dito para a sua compra, com um prazo m\u00ednimo de 181 dias para pagar. Para op\u00e7\u00f5es a mais longo prazo, a maioria dos nossos contratos de financiamento oferece um per\u00edodo de reembolso de 3 a 5 anos. No entanto, para que tal seja poss\u00edvel, o nosso banco exige uma garantia de pagamento.<\/p>\n<p><strong>2. Cobertura de riscos com o EIFO<\/strong><br \/>\nO EIFO interv\u00e9m prestando uma garantia que cobre o risco do banco. Isto permite ao banco conceder-lhe o cr\u00e9dito, facilitando-lhe o financiamento da compra.<\/p>\n<p><strong>3. Aprova\u00e7\u00e3o sem descontinuidades<\/strong><br \/>\nO nosso banco solicita a garantia em linha atrav\u00e9s do EIFO, assegurando um processo r\u00e1pido, para que possa receber o produto sem atrasos. O EIFO avaliar\u00e1 a sua solvabilidade com base nas suas demonstra\u00e7\u00f5es financeiras, assegurando uma transa\u00e7\u00e3o sem problemas.<\/p>\n\n\t\t<\/div>\n\t<\/div>\n<\/div><\/div><\/div><\/div><div class=\"nm-row nm-row-boxed vc_row wpb_row nm-row-flex nm-row-equal-height  vc_custom_1729158253684\"><div class=\"nm_column wpb_column vc_column_container col-sm-4 vc_col-sm-4 vc_custom_1729499204055\"><div class=\"vc_column-inner\"><div class=\"wpb_wrapper\"><h3 style=\"font-size: 22px;color: #111111;line-height: 1.2;text-align: left;font-family:Roboto;font-weight:500;font-style:normal\" class=\"vc_custom_heading\" >Processo de integra\u00e7\u00e3o<\/h3><div class=\"vc_empty_space\"   style=\"height: 20px\"><span class=\"vc_empty_space_inner\"><\/span><\/div><h3 style=\"font-size: 16px;color: #111111;line-height: 1.5;text-align: left;font-family:Roboto;font-weight:400;font-style:normal\" class=\"vc_custom_heading\" >Apresenta\u00e7\u00e3o das demonstra\u00e7\u00f5es financeiras dos \u00faltimos 3 anos.<\/h3><div class=\"vc_empty_space\"   style=\"height: 20px\"><span class=\"vc_empty_space_inner\"><\/span><\/div><h3 style=\"font-size: 16px;color: #111111;line-height: 1.5;text-align: left;font-family:Roboto;font-weight:400;font-style:normal\" class=\"vc_custom_heading\" >Uma reuni\u00e3o conjunta para finalizar o montante e a dura\u00e7\u00e3o do financiamento.<\/h3><div class=\"vc_empty_space\"   style=\"height: 20px\"><span class=\"vc_empty_space_inner\"><\/span><\/div><h3 style=\"font-size: 22px;color: #111111;line-height: 1.2;text-align: left;font-family:Roboto;font-weight:500;font-style:normal\" class=\"vc_custom_heading\" >C\u00e1lculo de custos<\/h3><div class=\"vc_empty_space\"   style=\"height: 20px\"><span class=\"vc_empty_space_inner\"><\/span><\/div><h3 style=\"font-size: 16px;color: #111111;line-height: 1.2;text-align: left;font-family:Roboto;font-weight:500;font-style:normal\" class=\"vc_custom_heading\" >Financiamento \u00e0 taxa EURIBOR + 2,20% (taxa indicativa)<\/h3><div class=\"vc_empty_space\"   style=\"height: 20px\"><span class=\"vc_empty_space_inner\"><\/span><\/div><h3 style=\"font-size: 16px;color: #111111;line-height: 1.2;text-align: left;font-family:Roboto;font-weight:500;font-style:normal\" class=\"vc_custom_heading\" >Um pr\u00e9mio de risco \u00fanico<\/h3><div class=\"vc_empty_space\"   style=\"height: 5px\"><span class=\"vc_empty_space_inner\"><\/span><\/div><h3 style=\"font-size: 16px;color: #6b6b6b;line-height: 1.5;text-align: left;font-family:Roboto;font-weight:400;font-style:normal\" class=\"vc_custom_heading\" >O cliente paga um pr\u00e9mio de risco ao EIFO pela garantia. Este pr\u00e9mio \u00fanico \u00e9 calculado com base na solvabilidade da sua empresa, na nota\u00e7\u00e3o que lhe atribu\u00edmos na sequ\u00eancia de uma an\u00e1lise financeira, na situa\u00e7\u00e3o pol\u00edtica do seu pa\u00eds e no risco-pa\u00eds avaliado. O pr\u00e9mio tem igualmente em conta o per\u00edodo de cr\u00e9dito.<\/h3><\/div><\/div><\/div><div class=\"nm_column wpb_column vc_column_container col-sm-4 vc_col-sm-4 vc_custom_1729159150887\"><div class=\"vc_column-inner\"><div class=\"wpb_wrapper\"><h3 style=\"font-size: 22px;color: #111111;line-height: 1.2;text-align: left;font-family:Roboto;font-weight:500;font-style:normal\" class=\"vc_custom_heading\" >Vantagens para si<\/h3><div class=\"vc_empty_space\"   style=\"height: 20px\"><span class=\"vc_empty_space_inner\"><\/span><\/div>\n\t<div class=\"wpb_text_column wpb_content_element\" >\n\t\t<div class=\"wpb_wrapper\">\n\t\t\t<p><strong>Condi\u00e7\u00f5es de concorr\u00eancia<\/strong>: O EIFO assume o risco, permitindo-lhe obter um financiamento a longo prazo para as suas compras na Dinamarca em condi\u00e7\u00f5es atractivas.<br \/>\n<strong>Pagamentos est\u00e1veis<\/strong>: Desfrute de presta\u00e7\u00f5es semestrais previs\u00edveis que melhoram a gest\u00e3o do fluxo de caixa.<br \/>\n<strong>Suporte com classifica\u00e7\u00e3o AAA<\/strong>: Beneficie da seguran\u00e7a do apoio do Estado dinamarqu\u00eas com classifica\u00e7\u00e3o AAA, garantindo a confian\u00e7a nos seus acordos de financiamento.<\/p>\n\n\t\t<\/div>\n\t<\/div>\n<\/div><\/div><\/div><div class=\"nm_column wpb_column vc_column_container col-sm-4 vc_col-sm-4 vc_custom_1729166743714\"><div class=\"vc_column-inner\"><div class=\"wpb_wrapper\"><h3 style=\"font-size: 22px;color: #111111;line-height: 1.2;text-align: left;font-family:Roboto;font-weight:500;font-style:normal\" class=\"vc_custom_heading\" >O que \u00e9 que \u00e9 necess\u00e1rio?<\/h3><div class=\"vc_empty_space\"   style=\"height: 20px\"><span class=\"vc_empty_space_inner\"><\/span><\/div>\n\t<div class=\"wpb_text_column wpb_content_element\" >\n\t\t<div class=\"wpb_wrapper\">\n\t\t\t<p><strong>3 anos de funcionamento<\/strong>: A sua empresa deve estar a funcionar h\u00e1 pelo menos 3 anos, com os tr\u00eas \u00faltimos relat\u00f3rios anuais dispon\u00edveis para an\u00e1lise.<br \/>\n<strong>Evolu\u00e7\u00e3o positiva do EBITDA<\/strong>: A empresa deve demonstrar uma evolu\u00e7\u00e3o positiva do EBITDA nos \u00faltimos tr\u00eas anos, o que demonstra a sua sa\u00fade financeira e a sua rendibilidade.<br \/>\n<strong>15% Adiantamento<\/strong>: Para iniciar o processo de financiamento, \u00e9 necess\u00e1rio um adiantamento m\u00ednimo de 15% do valor do contrato.<br \/>\n<strong>R\u00e1cio de capital pr\u00f3prio: <\/strong>A empresa precisa de ter n\u00edveis de capital pr\u00f3prio superiores a 3 vezes o montante financiado, o que corresponde a 85% do valor do contrato. Isso garante a estabilidade financeira e minimiza os riscos<br \/>\n<strong>Capacidade de cr\u00e9dito<\/strong>: O EIFO avaliar\u00e1 a solvabilidade da sua empresa com base nas demonstra\u00e7\u00f5es financeiras e na documenta\u00e7\u00e3o adicional.<\/p>\n\n\t\t<\/div>\n\t<\/div>\n<\/div><\/div><\/div><\/div><div class=\"nm-row nm-row-boxed vc_row wpb_row  vc_custom_1729163584148\"><div class=\"nm_column wpb_column vc_column_container col-sm-12 vc_col-sm-12\"><div class=\"vc_column-inner\"><div class=\"wpb_wrapper\"><h4 style=\"font-size: 14px;color: #111111;line-height: 1.4;text-align: left;font-family:Roboto;font-weight:300;font-style:italic\" class=\"vc_custom_heading\" >O EIFO \u00e9 o banco de fomento nacional e a ag\u00eancia de cr\u00e9dito \u00e0 exporta\u00e7\u00e3o da Dinamarca, reunidos numa \u00fanica institui\u00e7\u00e3o financeira. Enquanto institui\u00e7\u00e3o financeira p\u00fablica com uma perspetiva global e uma nota\u00e7\u00e3o de cr\u00e9dito AAA, o EIFO actua como for\u00e7a motriz e facilitador de novos empreendimentos e do com\u00e9rcio entre as empresas dinamarquesas e os seus parceiros em todo o mundo. O EIFO tem mais de 5.000 clientes e um volume total de neg\u00f3cios de cerca de 20 mil milh\u00f5es de euros. Com a nossa vontade de assumir riscos no financiamento, o EIFO abre caminho \u00e0queles que ousam pensar mais alto. Porque o mundo \u00e9 o neg\u00f3cio da Dinamarca.<\/h4><\/div><\/div><\/div><\/div><div class=\"nm-row nm-row-full-nopad vc_row wpb_row  vc_custom_1698140593128\"><div class=\"nm_column wpb_column vc_column_container col-sm-12 vc_col-sm-12\"><div class=\"vc_column-inner\"><div class=\"wpb_wrapper\"><div class=\"vc_empty_space\"   style=\"height: 38px\"><span class=\"vc_empty_space_inner\"><\/span><\/div><div class=\"nm-row nm-row-boxed inner\"><div class=\"nm_column nm_column_inner col-sm-12 vc_col-sm-12\"><div class=\"wpb_wrapper\"><h2 style=\"font-size: 28px;line-height: 36px;text-align: center\" class=\"vc_custom_heading\" >Solicite a sua aprova\u00e7\u00e3o financeira abaixo<\/h2><\/div><\/div><\/div>\n\t<div class=\"wpb_raw_code wpb_content_element wpb_raw_html\" >\n\t\t<div class=\"wpb_wrapper\">\n\t\t\t<iframe loading=\"lazy\" style=\"display: block; background: #000; border: none; height: 690px; width: 100%;\" title=\"aluguer\" src=\"https:\/\/wheelrestore-785d8.web.app\" width=\"100%\" height=\"100%\"><\/iframe>\n\t\t<\/div>\n\t<\/div>\n<\/div><\/div><\/div><\/div>\n<\/div>","protected":false},"excerpt":{"rendered":"","protected":false},"author":1,"featured_media":0,"parent":0,"menu_order":0,"comment_status":"closed","ping_status":"closed","template":"templates\/page-full.php","meta":{"content-type":"","footnotes":""},"class_list":["post-88","page","type-page","status-publish","hentry"],"yoast_head":"<!-- This site is optimized with the Yoast SEO Premium plugin v21.4 (Yoast SEO v27.4) - https:\/\/yoast.com\/product\/yoast-seo-premium-wordpress\/ -->\n<title>Flexible Financing Solutions for Wheel Restore Products<\/title>\n<meta name=\"description\" content=\"Discover flexible financing options for Wheel Restore equipment. Invest with confidence and peace of mind. Start with a custom plan.\" \/>\n<meta name=\"robots\" content=\"index, follow, max-snippet:-1, max-image-preview:large, max-video-preview:-1\" \/>\n<link rel=\"canonical\" href=\"https:\/\/wheelrestore.com\/pt\/financiamento\/\" \/>\n<meta property=\"og:locale\" content=\"pt_PT\" \/>\n<meta property=\"og:type\" content=\"article\" \/>\n<meta property=\"og:title\" content=\"Financing\" \/>\n<meta property=\"og:description\" content=\"Discover flexible financing options for Wheel Restore equipment. Invest with confidence and peace of mind. Start with a custom plan.\" \/>\n<meta property=\"og:url\" content=\"https:\/\/wheelrestore.com\/pt\/financiamento\/\" \/>\n<meta property=\"og:site_name\" content=\"WheelRestore\" \/>\n<meta property=\"article:modified_time\" content=\"2025-05-08T10:02:58+00:00\" \/>\n<meta name=\"twitter:card\" content=\"summary_large_image\" \/>\n<meta name=\"twitter:label1\" content=\"Tempo estimado de leitura\" \/>\n\t<meta name=\"twitter:data1\" content=\"5 minutos\" \/>\n<script type=\"application\/ld+json\" class=\"yoast-schema-graph\">{\"@context\":\"https:\\\/\\\/schema.org\",\"@graph\":[{\"@type\":\"WebPage\",\"@id\":\"https:\\\/\\\/wheelrestore.com\\\/financing\\\/\",\"url\":\"https:\\\/\\\/wheelrestore.com\\\/financing\\\/\",\"name\":\"Flexible Financing Solutions for Wheel Restore Products\",\"isPartOf\":{\"@id\":\"https:\\\/\\\/wheelrestore.com\\\/#website\"},\"datePublished\":\"2023-10-23T21:40:27+00:00\",\"dateModified\":\"2025-05-08T10:02:58+00:00\",\"description\":\"Discover flexible financing options for Wheel Restore equipment. Invest with confidence and peace of mind. Start with a custom plan.\",\"breadcrumb\":{\"@id\":\"https:\\\/\\\/wheelrestore.com\\\/financing\\\/#breadcrumb\"},\"inLanguage\":\"pt-PT\",\"potentialAction\":[{\"@type\":\"ReadAction\",\"target\":[\"https:\\\/\\\/wheelrestore.com\\\/financing\\\/\"]}]},{\"@type\":\"BreadcrumbList\",\"@id\":\"https:\\\/\\\/wheelrestore.com\\\/financing\\\/#breadcrumb\",\"itemListElement\":[{\"@type\":\"ListItem\",\"position\":1,\"name\":\"Home\",\"item\":\"https:\\\/\\\/wheelrestore.com\\\/\"},{\"@type\":\"ListItem\",\"position\":2,\"name\":\"Financing\"}]},{\"@type\":\"WebSite\",\"@id\":\"https:\\\/\\\/wheelrestore.com\\\/#website\",\"url\":\"https:\\\/\\\/wheelrestore.com\\\/\",\"name\":\"WheelRestore\",\"description\":\"\",\"potentialAction\":[{\"@type\":\"SearchAction\",\"target\":{\"@type\":\"EntryPoint\",\"urlTemplate\":\"https:\\\/\\\/wheelrestore.com\\\/?s={search_term_string}\"},\"query-input\":{\"@type\":\"PropertyValueSpecification\",\"valueRequired\":true,\"valueName\":\"search_term_string\"}}],\"inLanguage\":\"pt-PT\"}]}<\/script>\n<!-- \/ Yoast SEO Premium plugin. -->","yoast_head_json":{"title":"Solu\u00e7\u00f5es de financiamento flex\u00edveis para produtos de restauro de rodas","description":"Descubra op\u00e7\u00f5es de financiamento flex\u00edveis para o equipamento da Wheel Restore. Invista com confian\u00e7a e paz de esp\u00edrito. Comece com um plano personalizado.","robots":{"index":"index","follow":"follow","max-snippet":"max-snippet:-1","max-image-preview":"max-image-preview:large","max-video-preview":"max-video-preview:-1"},"canonical":"https:\/\/wheelrestore.com\/pt\/financiamento\/","og_locale":"pt_PT","og_type":"article","og_title":"Financing","og_description":"Discover flexible financing options for Wheel Restore equipment. Invest with confidence and peace of mind. Start with a custom plan.","og_url":"https:\/\/wheelrestore.com\/pt\/financiamento\/","og_site_name":"WheelRestore","article_modified_time":"2025-05-08T10:02:58+00:00","twitter_card":"summary_large_image","twitter_misc":{"Tempo estimado de leitura":"5 minutos"},"schema":{"@context":"https:\/\/schema.org","@graph":[{"@type":"WebPage","@id":"https:\/\/wheelrestore.com\/financing\/","url":"https:\/\/wheelrestore.com\/financing\/","name":"Solu\u00e7\u00f5es de financiamento flex\u00edveis para produtos de restauro de rodas","isPartOf":{"@id":"https:\/\/wheelrestore.com\/#website"},"datePublished":"2023-10-23T21:40:27+00:00","dateModified":"2025-05-08T10:02:58+00:00","description":"Descubra op\u00e7\u00f5es de financiamento flex\u00edveis para o equipamento da Wheel Restore. Invista com confian\u00e7a e paz de esp\u00edrito. Comece com um plano personalizado.","breadcrumb":{"@id":"https:\/\/wheelrestore.com\/financing\/#breadcrumb"},"inLanguage":"pt-PT","potentialAction":[{"@type":"ReadAction","target":["https:\/\/wheelrestore.com\/financing\/"]}]},{"@type":"BreadcrumbList","@id":"https:\/\/wheelrestore.com\/financing\/#breadcrumb","itemListElement":[{"@type":"ListItem","position":1,"name":"Home","item":"https:\/\/wheelrestore.com\/"},{"@type":"ListItem","position":2,"name":"Financing"}]},{"@type":"WebSite","@id":"https:\/\/wheelrestore.com\/#website","url":"https:\/\/wheelrestore.com\/","name":"Restauro de rodas","description":"","potentialAction":[{"@type":"SearchAction","target":{"@type":"EntryPoint","urlTemplate":"https:\/\/wheelrestore.com\/?s={search_term_string}"},"query-input":{"@type":"PropertyValueSpecification","valueRequired":true,"valueName":"search_term_string"}}],"inLanguage":"pt-PT"}]}},"_links":{"self":[{"href":"https:\/\/wheelrestore.com\/pt\/wp-json\/wp\/v2\/pages\/88","targetHints":{"allow":["GET"]}}],"collection":[{"href":"https:\/\/wheelrestore.com\/pt\/wp-json\/wp\/v2\/pages"}],"about":[{"href":"https:\/\/wheelrestore.com\/pt\/wp-json\/wp\/v2\/types\/page"}],"author":[{"embeddable":true,"href":"https:\/\/wheelrestore.com\/pt\/wp-json\/wp\/v2\/users\/1"}],"replies":[{"embeddable":true,"href":"https:\/\/wheelrestore.com\/pt\/wp-json\/wp\/v2\/comments?post=88"}],"version-history":[{"count":29,"href":"https:\/\/wheelrestore.com\/pt\/wp-json\/wp\/v2\/pages\/88\/revisions"}],"predecessor-version":[{"id":2193,"href":"https:\/\/wheelrestore.com\/pt\/wp-json\/wp\/v2\/pages\/88\/revisions\/2193"}],"wp:attachment":[{"href":"https:\/\/wheelrestore.com\/pt\/wp-json\/wp\/v2\/media?parent=88"}],"curies":[{"name":"wp","href":"https:\/\/api.w.org\/{rel}","templated":true}]}}