{"id":3,"date":"2023-03-31T07:07:37","date_gmt":"2023-03-31T07:07:37","guid":{"rendered":"https:\/\/wheelrestore.com\/?page_id=3"},"modified":"2025-08-28T12:55:30","modified_gmt":"2025-08-28T12:55:30","slug":"privacy-policy","status":"publish","type":"page","link":"https:\/\/wheelrestore.com\/sv_se\/privacy-policy\/","title":{"rendered":"Integritetspolicy"},"content":{"rendered":"<div class=\"wpb-content-wrapper\"><div class=\"nm-row nm-row-full vc_row wpb_row\"><div class=\"nm_column wpb_column vc_column_container col-sm-12 vc_col-sm-12\"><div class=\"vc_column-inner\"><div class=\"wpb_wrapper\"><div class=\"vc_empty_space\"   style=\"height: 32px\"><span class=\"vc_empty_space_inner\"><\/span><\/div>\n\t<div class=\"wpb_text_column wpb_content_element\" >\n\t\t<div class=\"wpb_wrapper\">\n\t\t\t<h1 style=\"text-align: left;\">Integritetspolicy<\/h1>\n\n\t\t<\/div>\n\t<\/div>\n<div class=\"vc_empty_space\"   style=\"height: 32px\"><span class=\"vc_empty_space_inner\"><\/span><\/div><\/div><\/div><\/div><\/div><div class=\"nm-row nm-row-boxed vc_row wpb_row\"><div class=\"nm_column wpb_column vc_column_container col-sm-6 vc_col-sm-6\"><div class=\"vc_column-inner\"><div class=\"wpb_wrapper\">\n\t<div class=\"wpb_text_column wpb_content_element\" >\n\t\t<div class=\"wpb_wrapper\">\n\t\t\t<p>P\u00e5 Wheel Restore respekterar vi din integritet och \u00e4r fast beslutna att skydda dina personuppgifter. Denna sekretesspolicy f\u00f6rklarar hur vi samlar in, anv\u00e4nder och skyddar din information n\u00e4r du bes\u00f6ker v\u00e5r webbplats, interagerar med v\u00e5ra tj\u00e4nster eller k\u00f6per v\u00e5ra produkter.<\/p>\n<h3><strong>1. Information som vi samlar in<\/strong><\/h3>\n<p>Vi kan samla in f\u00f6ljande typer av personlig information:<\/p>\n<p>Kontaktuppgifter till dig: Namn, e-postadress, telefonnummer, f\u00f6retagsuppgifter.<br \/>Information om konto: Inloggningsuppgifter om du skapar ett konto.<br \/>Transaktionsdata: K\u00f6phistorik, betalningsinformation och faktureringsuppgifter.<br \/>Anv\u00e4ndningsdata: Hur du interagerar med v\u00e5r webbplats, inklusive bes\u00f6kta sidor och klickade l\u00e4nkar.<br \/>Preferenser f\u00f6r marknadsf\u00f6ring: Dina preferenser n\u00e4r det g\u00e4ller kommunikation fr\u00e5n oss.<\/p>\n<h3><strong>2. Hur vi anv\u00e4nder din information<\/strong><\/h3>\n<p>Vi anv\u00e4nder dina personuppgifter f\u00f6r att:<\/p>\n<p>Tillhandah\u00e5lla och f\u00f6rb\u00e4ttra v\u00e5ra produkter och tj\u00e4nster.<br \/>Behandla best\u00e4llningar, betalningar och leveranser.<br \/>Kommunicera med dig om ditt konto, dina best\u00e4llningar eller f\u00f6rfr\u00e5gningar.<br \/>Skicka marknadsf\u00f6ringskommunikation om du har valt det.<br \/>Uppfylla r\u00e4ttsliga skyldigheter och skydda v\u00e5ra lagliga r\u00e4ttigheter.<\/p>\n<h3><strong>3. Delning av din information<\/strong><\/h3>\n<p>Vi s\u00e4ljer eller hyr inte ut dina personuppgifter till tredje part. Vi kan komma att dela din information med:<\/p>\n<p>Tj\u00e4nsteleverant\u00f6rer: F\u00f6retag som hj\u00e4lper oss i v\u00e5r verksamhet (t.ex. betalningsf\u00f6rmedlare, IT-tj\u00e4nster).<br \/>R\u00e4ttsliga myndigheter: N\u00e4r s\u00e5 kr\u00e4vs enligt lag eller f\u00f6r att skydda v\u00e5ra r\u00e4ttigheter.<\/p>\n<h3><strong>4. Cookies och sp\u00e5rning<\/strong><\/h3>\n<p>V\u00e5r webbplats kan anv\u00e4nda cookies och liknande tekniker f\u00f6r att f\u00f6rb\u00e4ttra din surfupplevelse och samla in anv\u00e4ndningsdata. Du kan hantera dina cookiepreferenser via inst\u00e4llningarna i din webbl\u00e4sare.<\/p>\n\n\t\t<\/div>\n\t<\/div>\n<\/div><\/div><\/div><div class=\"nm_column wpb_column vc_column_container col-sm-6 vc_col-sm-6\"><div class=\"vc_column-inner\"><div class=\"wpb_wrapper\">\n\t<div class=\"wpb_text_column wpb_content_element\" >\n\t\t<div class=\"wpb_wrapper\">\n\t\t\t<h3><strong>5. Dina r\u00e4ttigheter<\/strong><\/h3>\n<p>Beroende p\u00e5 var du befinner dig kan du ha r\u00e4tt till:<\/p>\n<p>F\u00e5 tillg\u00e5ng till de personuppgifter vi har om dig.<br \/>Korrigera eller uppdatera din information.<br \/>Beg\u00e4ra radering av dina personuppgifter.<br \/>Inv\u00e4nda mot eller begr\u00e4nsa behandlingen av dina uppgifter.<br \/>\u00c5terkalla samtycke till marknadsf\u00f6ringskommunikation.<br \/>F\u00f6r att ut\u00f6va dina r\u00e4ttigheter, v\u00e4nligen kontakta oss p\u00e5 <a href=\"mailto:info@wheelrestore.com\">info@wheelrestore.com<\/a>.<\/p>\n<h3><strong>6. Datas\u00e4kerhet<\/strong><\/h3>\n<p>Vi vidtar l\u00e4mpliga tekniska och organisatoriska \u00e5tg\u00e4rder f\u00f6r att skydda dina uppgifter fr\u00e5n obeh\u00f6rig \u00e5tkomst, \u00e4ndring, utl\u00e4mnande eller f\u00f6rst\u00f6relse.<\/p>\n<h3><strong>7. Bevarande av uppgifter<\/strong><\/h3>\n<p>Vi beh\u00e5ller personuppgifter endast s\u00e5 l\u00e4nge som det \u00e4r n\u00f6dv\u00e4ndigt f\u00f6r de syften som beskrivs i denna policy eller enligt vad som kr\u00e4vs enligt lag.<\/p>\n<h3><strong>8. L\u00e4nkar till tredje part<\/strong><\/h3>\n<p>V\u00e5r webbplats kan inneh\u00e5lla l\u00e4nkar till tredje parts webbplatser. Vi ansvarar inte f\u00f6r integritetsskyddet p\u00e5 dessa webbplatser och uppmanar dig att l\u00e4sa igenom deras integritetspolicy.<\/p>\n<h3><strong>9. Uppdateringar av denna policy<\/strong><\/h3>\n<p>Vi kan komma att uppdatera denna integritetspolicy fr\u00e5n tid till annan. Den senaste versionen kommer alltid att finnas tillg\u00e4nglig p\u00e5 v\u00e5r webbplats. Vi uppmuntrar dig att l\u00e4sa igenom den med j\u00e4mna mellanrum.<\/p>\n<h3><strong>10. Kontakta oss<\/strong><\/h3>\n<p>Om du har n\u00e5gra fr\u00e5gor eller funderingar kring denna integritetspolicy eller hur vi hanterar dina personuppgifter, v\u00e4nligen kontakta oss:<\/p>\n<p>\u00c5terst\u00e4llning av hjul<br \/>Hobrovej 963<br \/><a href=\"mailto:info@wheelrestore.com\">info@wheelrestore.com<\/a><br \/>+45 7022 7070<\/p>\n\n\t\t<\/div>\n\t<\/div>\n<\/div><\/div><\/div><\/div><div class=\"nm-row nm-row-full vc_row wpb_row\"><div class=\"nm_column wpb_column vc_column_container col-sm-12 vc_col-sm-12\"><div class=\"vc_column-inner\"><div class=\"wpb_wrapper\"><div class=\"vc_empty_space\"   style=\"height: 60px\"><span class=\"vc_empty_space_inner\"><\/span><\/div><\/div><\/div><\/div><\/div><\/div>","protected":false},"excerpt":{"rendered":"Privacy Policy At Wheel Restore, we respect your privacy and are committed to protecting your personal data. This privacy policy explains how we collect, use, and safeguard your information when you visit our website, interact with our services, or purchase our products. 1. Information We Collect We may collect the following types of personal information: [...]","protected":false},"author":1,"featured_media":0,"parent":0,"menu_order":0,"comment_status":"closed","ping_status":"open","template":"","meta":{"content-type":"","footnotes":""},"class_list":["post-3","page","type-page","status-publish","hentry"],"yoast_head":"<!-- This site is optimized with the Yoast SEO Premium plugin v21.4 (Yoast SEO v25.0) - https:\/\/yoast.com\/wordpress\/plugins\/seo\/ -->\n<title>Privacy Policy - WheelRestore<\/title>\n<meta name=\"robots\" content=\"index, follow, max-snippet:-1, max-image-preview:large, max-video-preview:-1\" \/>\n<link rel=\"canonical\" href=\"https:\/\/wheelrestore.com\/sv_se\/privacy-policy\/\" \/>\n<meta property=\"og:locale\" content=\"sv_SE\" \/>\n<meta property=\"og:type\" content=\"article\" \/>\n<meta property=\"og:title\" content=\"Privacy Policy\" \/>\n<meta property=\"og:url\" content=\"https:\/\/wheelrestore.com\/sv_se\/privacy-policy\/\" \/>\n<meta property=\"og:site_name\" content=\"WheelRestore\" \/>\n<meta property=\"article:modified_time\" content=\"2025-08-28T12:55:30+00:00\" \/>\n<meta name=\"twitter:card\" content=\"summary_large_image\" \/>\n<meta name=\"twitter:label1\" content=\"Ber\u00e4knad l\u00e4stid\" \/>\n\t<meta name=\"twitter:data1\" content=\"5 minuter\" \/>\n<script type=\"application\/ld+json\" class=\"yoast-schema-graph\">{\"@context\":\"https:\/\/schema.org\",\"@graph\":[{\"@type\":\"WebPage\",\"@id\":\"https:\/\/wheelrestore.com\/privacy-policy\/\",\"url\":\"https:\/\/wheelrestore.com\/privacy-policy\/\",\"name\":\"Privacy Policy - WheelRestore\",\"isPartOf\":{\"@id\":\"https:\/\/wheelrestore.com\/#website\"},\"datePublished\":\"2023-03-31T07:07:37+00:00\",\"dateModified\":\"2025-08-28T12:55:30+00:00\",\"breadcrumb\":{\"@id\":\"https:\/\/wheelrestore.com\/privacy-policy\/#breadcrumb\"},\"inLanguage\":\"sv-SE\",\"potentialAction\":[{\"@type\":\"ReadAction\",\"target\":[\"https:\/\/wheelrestore.com\/privacy-policy\/\"]}]},{\"@type\":\"BreadcrumbList\",\"@id\":\"https:\/\/wheelrestore.com\/privacy-policy\/#breadcrumb\",\"itemListElement\":[{\"@type\":\"ListItem\",\"position\":1,\"name\":\"Home\",\"item\":\"https:\/\/wheelrestore.com\/\"},{\"@type\":\"ListItem\",\"position\":2,\"name\":\"Privacy Policy\"}]},{\"@type\":\"WebSite\",\"@id\":\"https:\/\/wheelrestore.com\/#website\",\"url\":\"https:\/\/wheelrestore.com\/\",\"name\":\"WheelRestore\",\"description\":\"\",\"potentialAction\":[{\"@type\":\"SearchAction\",\"target\":{\"@type\":\"EntryPoint\",\"urlTemplate\":\"https:\/\/wheelrestore.com\/?s={search_term_string}\"},\"query-input\":{\"@type\":\"PropertyValueSpecification\",\"valueRequired\":true,\"valueName\":\"search_term_string\"}}],\"inLanguage\":\"sv-SE\"}]}<\/script>\n<!-- \/ Yoast SEO Premium plugin. -->","yoast_head_json":{"title":"Integritetspolicy - WheelRestore","robots":{"index":"index","follow":"follow","max-snippet":"max-snippet:-1","max-image-preview":"max-image-preview:large","max-video-preview":"max-video-preview:-1"},"canonical":"https:\/\/wheelrestore.com\/sv_se\/privacy-policy\/","og_locale":"sv_SE","og_type":"article","og_title":"Privacy Policy","og_url":"https:\/\/wheelrestore.com\/sv_se\/privacy-policy\/","og_site_name":"WheelRestore","article_modified_time":"2025-08-28T12:55:30+00:00","twitter_card":"summary_large_image","twitter_misc":{"Ber\u00e4knad l\u00e4stid":"5 minuter"},"schema":{"@context":"https:\/\/schema.org","@graph":[{"@type":"WebPage","@id":"https:\/\/wheelrestore.com\/privacy-policy\/","url":"https:\/\/wheelrestore.com\/privacy-policy\/","name":"Integritetspolicy - WheelRestore","isPartOf":{"@id":"https:\/\/wheelrestore.com\/#website"},"datePublished":"2023-03-31T07:07:37+00:00","dateModified":"2025-08-28T12:55:30+00:00","breadcrumb":{"@id":"https:\/\/wheelrestore.com\/privacy-policy\/#breadcrumb"},"inLanguage":"sv-SE","potentialAction":[{"@type":"ReadAction","target":["https:\/\/wheelrestore.com\/privacy-policy\/"]}]},{"@type":"BreadcrumbList","@id":"https:\/\/wheelrestore.com\/privacy-policy\/#breadcrumb","itemListElement":[{"@type":"ListItem","position":1,"name":"Home","item":"https:\/\/wheelrestore.com\/"},{"@type":"ListItem","position":2,"name":"Privacy Policy"}]},{"@type":"WebSite","@id":"https:\/\/wheelrestore.com\/#website","url":"https:\/\/wheelrestore.com\/","name":"HjulRestaurering","description":"","potentialAction":[{"@type":"SearchAction","target":{"@type":"EntryPoint","urlTemplate":"https:\/\/wheelrestore.com\/?s={search_term_string}"},"query-input":{"@type":"PropertyValueSpecification","valueRequired":true,"valueName":"search_term_string"}}],"inLanguage":"sv-SE"}]}},"_links":{"self":[{"href":"https:\/\/wheelrestore.com\/sv_se\/wp-json\/wp\/v2\/pages\/3","targetHints":{"allow":["GET"]}}],"collection":[{"href":"https:\/\/wheelrestore.com\/sv_se\/wp-json\/wp\/v2\/pages"}],"about":[{"href":"https:\/\/wheelrestore.com\/sv_se\/wp-json\/wp\/v2\/types\/page"}],"author":[{"embeddable":true,"href":"https:\/\/wheelrestore.com\/sv_se\/wp-json\/wp\/v2\/users\/1"}],"replies":[{"embeddable":true,"href":"https:\/\/wheelrestore.com\/sv_se\/wp-json\/wp\/v2\/comments?post=3"}],"version-history":[{"count":4,"href":"https:\/\/wheelrestore.com\/sv_se\/wp-json\/wp\/v2\/pages\/3\/revisions"}],"predecessor-version":[{"id":3377,"href":"https:\/\/wheelrestore.com\/sv_se\/wp-json\/wp\/v2\/pages\/3\/revisions\/3377"}],"wp:attachment":[{"href":"https:\/\/wheelrestore.com\/sv_se\/wp-json\/wp\/v2\/media?parent=3"}],"curies":[{"name":"wp","href":"https:\/\/api.w.org\/{rel}","templated":true}]}}