{"id":4040,"date":"2025-11-06T13:00:06","date_gmt":"2025-11-06T13:00:06","guid":{"rendered":"https:\/\/wheelrestore.com\/?page_id=4040"},"modified":"2025-11-27T08:01:20","modified_gmt":"2025-11-27T08:01:20","slug":"continova","status":"publish","type":"page","link":"https:\/\/wheelrestore.com\/sv_se\/continova\/","title":{"rendered":"Pressmeddelande - Sverige - Continova"},"content":{"rendered":"<div class=\"wpb-content-wrapper\"><div class=\"nm-row nm-row-full vc_row wpb_row\"><div class=\"nm_column wpb_column vc_column_container col-sm-12 vc_col-sm-12\"><div class=\"vc_column-inner\"><div class=\"wpb_wrapper\"><div class=\"vc_empty_space\"   style=\"height: 32px\"><span class=\"vc_empty_space_inner\"><\/span><\/div><\/div><\/div><\/div><\/div><div class=\"nm-row nm-row-boxed vc_row wpb_row  vc_custom_1762766390988\"><div class=\"nm_column wpb_column vc_column_container col-sm-6 vc_col-sm-6\"><div class=\"vc_column-inner\"><div class=\"wpb_wrapper\"><h1 style=\"font-size: 25px;text-align: left\" class=\"vc_custom_heading\" >Pressmeddelande<\/h1><p style=\"font-size: 16px;text-align: left\" class=\"vc_custom_heading\" >09:30 - 28 november 2025<\/p><div class=\"vc_empty_space\"   style=\"height: 5px\"><span class=\"vc_empty_space_inner\"><\/span><\/div><\/div><\/div><\/div><div class=\"nm_column wpb_column vc_column_container col-sm-6 vc_col-sm-6\"><div class=\"vc_column-inner\"><div class=\"wpb_wrapper\"><\/div><\/div><\/div><\/div><div class=\"nm-row nm-row-full-nopad vc_row wpb_row nm-row-flex nm-row-col-middle  vc_custom_1762767232577\"><div class=\"nm_column wpb_column vc_column_container col-sm-12 vc_col-sm-12\"><div class=\"vc_column-inner\"><div class=\"wpb_wrapper\"><div class=\"nm-row nm-row-boxed inner nm-row-flex nm-row-col-middle  vc_custom_1762766356633\"><div class=\"nm_column nm_column_inner col-sm-6 vc_col-sm-6\"><div class=\"wpb_wrapper\"><div class=\"vc_empty_space\"   style=\"height: 20px\"><span class=\"vc_empty_space_inner\"><\/span><\/div><h1 style=\"font-size: 50px;color: #ffffff;line-height: 1.3;text-align: left;font-family:Roboto;font-weight:500;font-style:normal\" class=\"vc_custom_heading\" >Wheel Restore utser Continova AB till svensk distribut\u00f6r<\/h1><div class=\"vc_empty_space\"   style=\"height: 20px\"><span class=\"vc_empty_space_inner\"><\/span><\/div>\r\n    <div class=\"nm-divider separator_align_center\">\r\n        <div class=\"nm-divider-line\" style=\"\"><\/div>\r\n    <\/div><div class=\"vc_empty_space\"   style=\"height: 30px\"><span class=\"vc_empty_space_inner\"><\/span><\/div>\n\t<div  class=\"wpb_single_image wpb_content_element vc_align_left\">\n\t\t\n\t\t<figure class=\"wpb_wrapper vc_figure\">\n\t\t\t<div class=\"vc_single_image-wrapper   vc_box_border_grey\"><img loading=\"lazy\" decoding=\"async\" width=\"200\" height=\"29\" src=\"https:\/\/wheelrestore.com\/wp-content\/uploads\/2025\/11\/continova_logo_200x.avif\" class=\"vc_single_image-img attachment-full\" alt=\"\" title=\"continova_logo_200x\" srcset=\"https:\/\/wheelrestore.com\/wp-content\/uploads\/2025\/11\/continova_logo_200x.avif 200w, https:\/\/wheelrestore.com\/wp-content\/uploads\/2025\/11\/continova_logo_200x-18x3.jpg 18w\" sizes=\"auto, (max-width: 200px) 100vw, 200px\" \/><\/div>\n\t\t<\/figure>\n\t<\/div>\n<div class=\"vc_empty_space\"   style=\"height: 40px\"><span class=\"vc_empty_space_inner\"><\/span><\/div><\/div><\/div><div class=\"nm_column nm_column_inner col-sm-6 vc_col-sm-6\"><div class=\"wpb_wrapper\"><\/div><\/div><\/div><\/div><\/div><\/div><\/div><div class=\"nm-row nm-row-boxed vc_row wpb_row  vc_custom_1762766582442\"><div class=\"nm_column wpb_column vc_column_container col-sm-12 vc_col-sm-12\"><div class=\"vc_column-inner\"><div class=\"wpb_wrapper\"><div class=\"vc_empty_space\"   style=\"height: 20px\"><span class=\"vc_empty_space_inner\"><\/span><\/div>\n\t<div class=\"wpb_text_column wpb_content_element\" >\n\t\t<div class=\"wpb_wrapper\">\n\t\t\t<p data-start=\"467\" data-end=\"531\">St\u00f8vring, Danmark \/ Kungsbacka, Sverige<\/p>\n\n\t\t<\/div>\n\t<\/div>\n<div class=\"vc_empty_space\"   style=\"height: 36px\"><span class=\"vc_empty_space_inner\"><\/span><\/div><h2 style=\"font-size: 28px;line-height: 1.4;text-align: left\" class=\"vc_custom_heading\" >Wheel Restore, en global ledare inom automatiserade l\u00f6sningar f\u00f6r f\u00e4lgreparation och renovering, st\u00e4rker sin n\u00e4rvaro i Norden genom att utse Continova AB till distribut\u00f6r i Sverige. Samarbetet markerar ett viktigt steg i Wheel Restores strategi att g\u00f6ra sina smarta och h\u00e5llbara hjulreparationssystem mer tillg\u00e4ngliga f\u00f6r professionella verkst\u00e4der i regionen.<\/h2><div class=\"vc_empty_space\"   style=\"height: 20px\"><span class=\"vc_empty_space_inner\"><\/span><\/div><\/div><\/div><\/div><\/div><div class=\"nm-row nm-row-boxed vc_row wpb_row  vc_custom_1762421733021\"><div class=\"nm_column wpb_column vc_column_container col-sm-8 vc_col-sm-8\"><div class=\"vc_column-inner\"><div class=\"wpb_wrapper\"><div class=\"vc_empty_space\"   style=\"height: 25px\"><span class=\"vc_empty_space_inner\"><\/span><\/div>\n\t<div class=\"wpb_text_column wpb_content_element\" >\n\t\t<div class=\"wpb_wrapper\">\n\t\t\t<h2 data-start=\"913\" data-end=\"1282\">Lokalt st\u00f6d och full tillg\u00e5ng till Wheel Restore-produkter<\/h2>\n<p data-start=\"913\" data-end=\"1282\">Det nya partnerskapet g\u00f6r det m\u00f6jligt f\u00f6r svenska verkst\u00e4der att enkelt f\u00e5 tillg\u00e5ng till Wheel Restores kompletta produktutbud, fr\u00e5n CNC-f\u00e4lgmaskiner och lackeringsrobotar till f\u00f6rbehandlings- och riktmaskiner. Med Continovas lokala expertis blir f\u00f6rs\u00e4ljning, support och utbildning mer tillg\u00e4nglig \u00e4n n\u00e5gonsin, vilket st\u00e4rker verkst\u00e4dernas m\u00f6jligheter att arbeta effektivt, l\u00f6nsamt och h\u00e5llbart.<\/p>\n<blockquote data-start=\"911\" data-end=\"1282\">\n<p data-start=\"913\" data-end=\"1282\">\u201cContinova har en stark position p\u00e5 den svenska marknaden med tydligt fokus p\u00e5 kvalitet, service och helhetsl\u00f6sningar f\u00f6r bil- och d\u00e4ckverkst\u00e4der,\u201d s\u00e4ger <strong>Jacob Bro Christensen, Group Sales Director p\u00e5 Wheel Restore<\/strong>. \u201cMed deras l\u00e5nga erfarenhet och tekniska expertis f\u00e5r v\u00e5ra svenska kunder nu lokal tillg\u00e5ng till f\u00f6rs\u00e4ljning, support och utbildning p\u00e5 h\u00f6gsta niv\u00e5.\u201d<\/p>\n<\/blockquote>\n<h2 data-start=\"1289\" data-end=\"1338\">Ett partnerskap f\u00f6r framtidens verkst\u00e4der<\/h2>\n<p data-start=\"1340\" data-end=\"1575\">Continova AB erbjuder professionell utrustning, projektering och service till d\u00e4ck- och bilverkst\u00e4der \u00f6ver hela Sverige. Genom det nya samarbetet kan svenska verkst\u00e4der nu arbeta med hela <a href=\"https:\/\/wheelrestore.com\/sv_se\/produkter\/\">F\u00e4lgrenoveringssortimentet<\/a>, inklusive:<\/p>\n<p data-start=\"1579\" data-end=\"1659\"><a href=\"https:\/\/wheelrestore.com\/sv_se\/produkter\/diamant-slip-maskin\/\"><strong data-start=\"1579\" data-end=\"1610\">DCM3 DiamondCut maskin f\u00f6r f\u00e4lgar<\/strong><\/a> - <a href=\"https:\/\/wheelrestore.com\/sv_se\/produkter\/diamant-slip-maskin\/\">v\u00e4rldens mest anv\u00e4ndarv\u00e4nliga CNC-f\u00e4lgmaskin<\/a><br \/>\n<a href=\"https:\/\/wheelrestore.com\/sv_se\/produkter\/automatisk-robot-for-malning-av-hjul\/\"><strong data-start=\"1662\" data-end=\"1691\">WM600 F\u00e4lglackeringsrobot<\/strong><\/a> - <a href=\"https:\/\/wheelrestore.com\/sv_se\/produkter\/automatisk-robot-for-malning-av-hjul\/\">helautomatisk lackeringsrobot med inbyggd torkning (IR\/UV)<\/a><br \/>\n<a href=\"https:\/\/wheelrestore.com\/sv_se\/produkter\/sprangning-kabinett-filtrering\/\"><strong data-start=\"1757\" data-end=\"1789\">WM750 F\u00e4lgbl\u00e4stringsmaskin<\/strong><\/a> - <a href=\"https:\/\/wheelrestore.com\/sv_se\/produkter\/sprangning-kabinett-filtrering\/\">semiautomatisk f\u00f6rbehandlingsl\u00f6sning med inbyggd filtrering<\/a><br \/>\n<a href=\"https:\/\/wheelrestore.com\/sv_se\/produkter\/elektrohydraulisk-hjulratare\/\"><strong data-start=\"1856\" data-end=\"1884\">WM300 F\u00e4lgriktningsmaskin<\/strong><\/a> - <a href=\"https:\/\/wheelrestore.com\/sv_se\/produkter\/elektrohydraulisk-hjulratare\/\">elektrohydraulisk maskin f\u00f6r snabb och exakt riktning<\/a><\/p>\n<p>Genom Wheel Restore App och SAS-plattformen kan varje reparation dokumenteras och sp\u00e5ras digitalt - en funktion som st\u00f6djer b\u00e5de kvalitetss\u00e4kring och h\u00e5llbarhetsrapportering.<\/p>\n<h2 data-start=\"2125\" data-end=\"2172\">Cirkul\u00e4r ekonomi och h\u00e5llbarhet i fokus<\/h2>\n<p data-start=\"2174\" data-end=\"2421\">B\u00e5de Wheel Restore och Continova delar v\u00e4rderingen att reparation \u00e4r b\u00e4ttre \u00e4n ers\u00e4ttning. Att renovera en skadad f\u00e4lg ist\u00e4llet f\u00f6r att ers\u00e4tta den med en ny minskar CO\u2082-utsl\u00e4pp, sparar material och bidrar till en mer cirkul\u00e4r fordonsindustri.<\/p>\n<blockquote data-start=\"2423\" data-end=\"2823\">\n<p data-start=\"2425\" data-end=\"2823\">\u201cSvenska verkst\u00e4der efterfr\u00e5gar l\u00f6sningar som kombinerar effektivitet, l\u00f6nsamhet och h\u00e5llbarhet,\u201d s\u00e4ger <strong data-start=\"2529\" data-end=\"2588\">Claes T\u00f6rnqvist, VD \/ Verkst\u00e4llande direkt\u00f6r p\u00e5 Continova AB<\/strong>. \u201cMed Wheel Restore f\u00e5r vi m\u00f6jlighet att erbjuda marknadens mest avancerade och h\u00e5llbara system f\u00f6r f\u00e4lgreparation - utvecklade och tillverkade i Danmark. Vi ser fram emot att hj\u00e4lpa v\u00e5ra kunder ta n\u00e4sta steg mot framtidens verkstad.\u201d<\/p>\n<\/blockquote>\n\n\t\t<\/div>\n\t<\/div>\n<\/div><\/div><\/div><div class=\"nm_column wpb_column vc_column_container col-sm-4 vc_col-sm-4\"><div class=\"vc_column-inner\"><div class=\"wpb_wrapper\"><div class=\"vc_empty_space\"   style=\"height: 25px\"><span class=\"vc_empty_space_inner\"><\/span><\/div>\n\t<div class=\"wpb_text_column wpb_content_element\" >\n\t\t<div class=\"wpb_wrapper\">\n\t\t\t<h3 data-start=\"2830\" data-end=\"2854\"><strong data-start=\"2834\" data-end=\"2854\">Om Wheel Restore<\/strong><\/h3>\n<p data-start=\"2855\" data-end=\"3306\">Wheel Restore Company ApS \u00e4r en del av HBC Group och \u00e4r global ledare inom automatiserade l\u00f6sningar f\u00f6r f\u00e4lgreparation. F\u00f6retaget erbjuder ett komplett ekosystem av maskiner, f\u00e4rgblandningssystem, appar och eftermarknadsst\u00f6d. Med \u00f6ver 25 \u00e5rs erfarenhet levererar Wheel Restore turn-key-l\u00f6sningar till bil\u00e5terf\u00f6rs\u00e4ljare, verkst\u00e4der, d\u00e4ckcenter och OEM-n\u00e4tverk v\u00e4rlden \u00f6ver.<br data-start=\"3227\" data-end=\"3230\" \/><strong data-start=\"3233\" data-end=\"3253\">Mer information:<\/strong> <a class=\"decorated-link\" href=\"https:\/\/wheelrestore.com\/sv_se\/\" target=\"_new\" rel=\"noopener\" data-start=\"3254\" data-end=\"3306\">www.wheelrestore.com<\/a><\/p>\n\n\t\t<\/div>\n\t<\/div>\n<div class=\"vc_empty_space\"   style=\"height: 32px\"><span class=\"vc_empty_space_inner\"><\/span><\/div>\n\t<div class=\"wpb_text_column wpb_content_element\" >\n\t\t<div class=\"wpb_wrapper\">\n\t\t\t<h3 data-start=\"3308\" data-end=\"3333\"><strong data-start=\"3312\" data-end=\"3331\">Om Continova AB<\/strong><\/h3>\n<p data-start=\"3334\" data-end=\"3698\">Continova AB \u00e4r en helhetsleverant\u00f6r av professionell utrustning och f\u00f6rbrukningsmaterial till d\u00e4ck- och bilverkst\u00e4der. Med ledorden <em data-start=\"3467\" data-end=\"3510\">Service, Kunskap, Erfarenhet och Kvalitet<\/em> erbjuder f\u00f6retaget allt fr\u00e5n projektering av kompletta verkst\u00e4der till installation, utbildning och teknisk service.<br data-start=\"3627\" data-end=\"3630\" \/><strong data-start=\"3633\" data-end=\"3653\">Mer information:<\/strong> <a class=\"decorated-link\" href=\"https:\/\/www.continova.se\" target=\"_new\" rel=\"noopener\" data-start=\"3654\" data-end=\"3698\">www.continova.se<\/a><\/p>\n\n\t\t<\/div>\n\t<\/div>\n<\/div><\/div><\/div><\/div><div class=\"nm-row nm-row-full vc_row wpb_row\"><div class=\"nm_column wpb_column vc_column_container col-sm-12 vc_col-sm-12\"><div class=\"vc_column-inner\"><div class=\"wpb_wrapper\"><div class=\"vc_empty_space\"   style=\"height: 42px\"><span class=\"vc_empty_space_inner\"><\/span><\/div><\/div><\/div><\/div><\/div><div class=\"nm-row nm-row-boxed vc_row wpb_row nm-row-flex nm-row-equal-height  vc_custom_1762434504205\"><div class=\"nm_column wpb_column vc_column_container col-sm-8 vc_col-sm-8\"><div class=\"vc_column-inner\"><div class=\"wpb_wrapper\"><div class=\"vc_empty_space\"   style=\"height: 32px\"><span class=\"vc_empty_space_inner\"><\/span><\/div><h2 style=\"text-align: left\" class=\"vc_custom_heading\" >Presskontakt<\/h2><div class=\"vc_empty_space\"   style=\"height: 20px\"><span class=\"vc_empty_space_inner\"><\/span><\/div>\n\t<div class=\"wpb_text_column wpb_content_element\" >\n\t\t<div class=\"wpb_wrapper\">\n\t\t\t<p data-start=\"3705\" data-end=\"3849\"><strong data-start=\"3727\" data-end=\"3752\">Jacob Bro Christensen<\/strong><br data-start=\"3752\" data-end=\"3755\" \/>F\u00f6rs\u00e4ljningschef, Wheel Restore \/ HBC Group<br data-start=\"3802\" data-end=\"3805\" \/>+45 26 85 84 10<br data-start=\"3823\" data-end=\"3826\" \/><a class=\"decorated-link\" href=\"mailto:jbc@hbc-system.com\" rel=\"noopener\" data-start=\"3829\" data-end=\"3847\">jbc@hbc-system.com<\/a><\/p>\n<p data-start=\"3851\" data-end=\"3956\"><strong data-start=\"3851\" data-end=\"3870\">Claes T\u00f6rnqvist<\/strong><br data-start=\"3870\" data-end=\"3873\" \/>VD \/ Verkst\u00e4llande direkt\u00f6r, Continova AB<br data-start=\"3909\" data-end=\"3912\" \/>+46 300 52 14 00<br data-start=\"3931\" data-end=\"3934\" \/><a href=\"mailto:claes.tornqvist@continova.se\"><span data-olk-copy-source=\"MessageBody\">claes.tornqvist@continova.se<\/span><\/a><\/p>\n\n\t\t<\/div>\n\t<\/div>\n<div class=\"vc_empty_space\"   style=\"height: 40px\"><span class=\"vc_empty_space_inner\"><\/span><\/div><\/div><\/div><\/div><div class=\"nm_column wpb_column vc_column_container col-sm-4 vc_col-sm-4\"><div class=\"vc_column-inner\"><div class=\"wpb_wrapper\"><div class=\"vc_empty_space\"   style=\"height: 20px\"><span class=\"vc_empty_space_inner\"><\/span><\/div><\/div><\/div><\/div><\/div><div class=\"nm-row nm-row-full vc_row wpb_row\"><div class=\"nm_column wpb_column vc_column_container col-sm-12 vc_col-sm-12\"><div class=\"vc_column-inner\"><div class=\"wpb_wrapper\"><div class=\"vc_empty_space\"   style=\"height: 55px\"><span class=\"vc_empty_space_inner\"><\/span><\/div><\/div><\/div><\/div><\/div>\n<\/div>","protected":false},"excerpt":{"rendered":"Pressmeddelande09:30 - 28 november 2025Wheel Restore utser Continova AB till svensk distribut\u00f6r St\u00f8vring, Danmark \/ Kungsbacka, Sverige Wheel Restore, en global ledare inom automatiserade l\u00f6sningar f\u00f6r f\u00e4lgreparation och renovering, st\u00e4rker sin n\u00e4rvaro i Norden genom att utse Continova AB till distribut\u00f6r i Sverige. Samarbetet markerar ett viktigt steg i Wheel Restores strategi att g\u00f6ra [...]","protected":false},"author":2,"featured_media":0,"parent":0,"menu_order":0,"comment_status":"closed","ping_status":"closed","template":"templates\/page-full.php","meta":{"content-type":"","footnotes":""},"class_list":["post-4040","page","type-page","status-publish","hentry"],"yoast_head":"<!-- This site is optimized with the Yoast SEO Premium plugin v21.4 (Yoast SEO v25.0) - https:\/\/yoast.com\/wordpress\/plugins\/seo\/ -->\n<title>Press Release - Sweden - Continova - WheelRestore<\/title>\n<meta name=\"robots\" content=\"index, follow, max-snippet:-1, max-image-preview:large, max-video-preview:-1\" \/>\n<link rel=\"canonical\" href=\"https:\/\/wheelrestore.com\/sv_se\/continova\/\" \/>\n<meta property=\"og:locale\" content=\"sv_SE\" \/>\n<meta property=\"og:type\" content=\"article\" \/>\n<meta property=\"og:title\" content=\"Press Release - Sweden - Continova\" \/>\n<meta property=\"og:url\" content=\"https:\/\/wheelrestore.com\/sv_se\/continova\/\" \/>\n<meta property=\"og:site_name\" content=\"WheelRestore\" \/>\n<meta property=\"article:modified_time\" content=\"2025-11-27T08:01:20+00:00\" \/>\n<meta name=\"twitter:card\" content=\"summary_large_image\" \/>\n<meta name=\"twitter:label1\" content=\"Ber\u00e4knad l\u00e4stid\" \/>\n\t<meta name=\"twitter:data1\" content=\"3 minuter\" \/>\n<script type=\"application\/ld+json\" class=\"yoast-schema-graph\">{\"@context\":\"https:\/\/schema.org\",\"@graph\":[{\"@type\":\"WebPage\",\"@id\":\"https:\/\/wheelrestore.com\/continova\/\",\"url\":\"https:\/\/wheelrestore.com\/continova\/\",\"name\":\"Press Release - Sweden - Continova - WheelRestore\",\"isPartOf\":{\"@id\":\"https:\/\/wheelrestore.com\/#website\"},\"datePublished\":\"2025-11-06T13:00:06+00:00\",\"dateModified\":\"2025-11-27T08:01:20+00:00\",\"breadcrumb\":{\"@id\":\"https:\/\/wheelrestore.com\/continova\/#breadcrumb\"},\"inLanguage\":\"sv-SE\",\"potentialAction\":[{\"@type\":\"ReadAction\",\"target\":[\"https:\/\/wheelrestore.com\/continova\/\"]}]},{\"@type\":\"BreadcrumbList\",\"@id\":\"https:\/\/wheelrestore.com\/continova\/#breadcrumb\",\"itemListElement\":[{\"@type\":\"ListItem\",\"position\":1,\"name\":\"Home\",\"item\":\"https:\/\/wheelrestore.com\/\"},{\"@type\":\"ListItem\",\"position\":2,\"name\":\"Press Release &#8211; Sweden &#8211; Continova\"}]},{\"@type\":\"WebSite\",\"@id\":\"https:\/\/wheelrestore.com\/#website\",\"url\":\"https:\/\/wheelrestore.com\/\",\"name\":\"WheelRestore\",\"description\":\"\",\"potentialAction\":[{\"@type\":\"SearchAction\",\"target\":{\"@type\":\"EntryPoint\",\"urlTemplate\":\"https:\/\/wheelrestore.com\/?s={search_term_string}\"},\"query-input\":{\"@type\":\"PropertyValueSpecification\",\"valueRequired\":true,\"valueName\":\"search_term_string\"}}],\"inLanguage\":\"sv-SE\"}]}<\/script>\n<!-- \/ Yoast SEO Premium plugin. -->","yoast_head_json":{"title":"Pressmeddelande - Sverige - Continova - WheelRestore","robots":{"index":"index","follow":"follow","max-snippet":"max-snippet:-1","max-image-preview":"max-image-preview:large","max-video-preview":"max-video-preview:-1"},"canonical":"https:\/\/wheelrestore.com\/sv_se\/continova\/","og_locale":"sv_SE","og_type":"article","og_title":"Press Release - Sweden - Continova","og_url":"https:\/\/wheelrestore.com\/sv_se\/continova\/","og_site_name":"WheelRestore","article_modified_time":"2025-11-27T08:01:20+00:00","twitter_card":"summary_large_image","twitter_misc":{"Ber\u00e4knad l\u00e4stid":"3 minuter"},"schema":{"@context":"https:\/\/schema.org","@graph":[{"@type":"WebPage","@id":"https:\/\/wheelrestore.com\/continova\/","url":"https:\/\/wheelrestore.com\/continova\/","name":"Pressmeddelande - Sverige - Continova - WheelRestore","isPartOf":{"@id":"https:\/\/wheelrestore.com\/#website"},"datePublished":"2025-11-06T13:00:06+00:00","dateModified":"2025-11-27T08:01:20+00:00","breadcrumb":{"@id":"https:\/\/wheelrestore.com\/continova\/#breadcrumb"},"inLanguage":"sv-SE","potentialAction":[{"@type":"ReadAction","target":["https:\/\/wheelrestore.com\/continova\/"]}]},{"@type":"BreadcrumbList","@id":"https:\/\/wheelrestore.com\/continova\/#breadcrumb","itemListElement":[{"@type":"ListItem","position":1,"name":"Home","item":"https:\/\/wheelrestore.com\/"},{"@type":"ListItem","position":2,"name":"Press Release &#8211; Sweden &#8211; Continova"}]},{"@type":"WebSite","@id":"https:\/\/wheelrestore.com\/#website","url":"https:\/\/wheelrestore.com\/","name":"HjulRestaurering","description":"","potentialAction":[{"@type":"SearchAction","target":{"@type":"EntryPoint","urlTemplate":"https:\/\/wheelrestore.com\/?s={search_term_string}"},"query-input":{"@type":"PropertyValueSpecification","valueRequired":true,"valueName":"search_term_string"}}],"inLanguage":"sv-SE"}]}},"_links":{"self":[{"href":"https:\/\/wheelrestore.com\/sv_se\/wp-json\/wp\/v2\/pages\/4040","targetHints":{"allow":["GET"]}}],"collection":[{"href":"https:\/\/wheelrestore.com\/sv_se\/wp-json\/wp\/v2\/pages"}],"about":[{"href":"https:\/\/wheelrestore.com\/sv_se\/wp-json\/wp\/v2\/types\/page"}],"author":[{"embeddable":true,"href":"https:\/\/wheelrestore.com\/sv_se\/wp-json\/wp\/v2\/users\/2"}],"replies":[{"embeddable":true,"href":"https:\/\/wheelrestore.com\/sv_se\/wp-json\/wp\/v2\/comments?post=4040"}],"version-history":[{"count":95,"href":"https:\/\/wheelrestore.com\/sv_se\/wp-json\/wp\/v2\/pages\/4040\/revisions"}],"predecessor-version":[{"id":4147,"href":"https:\/\/wheelrestore.com\/sv_se\/wp-json\/wp\/v2\/pages\/4040\/revisions\/4147"}],"wp:attachment":[{"href":"https:\/\/wheelrestore.com\/sv_se\/wp-json\/wp\/v2\/media?parent=4040"}],"curies":[{"name":"wp","href":"https:\/\/api.w.org\/{rel}","templated":true}]}}