{"id":88,"date":"2023-10-23T21:40:27","date_gmt":"2023-10-23T21:40:27","guid":{"rendered":"https:\/\/wheelrestore.com\/?page_id=88"},"modified":"2025-05-08T10:02:58","modified_gmt":"2025-05-08T10:02:58","slug":"finansiering","status":"publish","type":"page","link":"https:\/\/wheelrestore.com\/sv_se\/finansiering\/","title":{"rendered":"Finansiering"},"content":{"rendered":"<div class=\"wpb-content-wrapper\"><div class=\"nm-row nm-row-boxed vc_row wpb_row\"><div class=\"nm_column wpb_column vc_column_container col-sm-12 vc_col-sm-12\"><div class=\"vc_column-inner\"><div class=\"wpb_wrapper\"><!-- start breadcrumbs -->\n\n\t\t\t<p id=\"breadcrumbs\">\n    <span><span><a href=\"https:\/\/wheelrestore.com\/sv_se\/\">Hem<\/a><\/span><\/span>\n<\/p>\n\t\t\t<!-- end breadcrumbs --><\/div><\/div><\/div><\/div><div class=\"nm-row nm-row-boxed vc_row wpb_row nm-row-flex nm-row-col-middle\"><div class=\"nm_column wpb_column vc_column_container col-sm-7 vc_col-sm-7\"><div class=\"vc_column-inner\"><div class=\"wpb_wrapper\"><div class=\"vc_empty_space\"   style=\"height: 32px\"><span class=\"vc_empty_space_inner\"><\/span><\/div><h1 style=\"font-size: 34px;color: #111111;line-height: 1.1;text-align: left;font-family:Roboto;font-weight:700;font-style:normal\" class=\"vc_custom_heading\" >ATTRAKTIVA FINANSIERINGSL\u00d6SNINGAR<\/h1><h2 style=\"font-size: 26px;color: #111111;line-height: 1.2;text-align: left;font-family:Roboto;font-weight:400;font-style:normal\" class=\"vc_custom_heading\" >Dra nytta av stabil, l\u00e5ngsiktig finansiering till konkurrenskraftiga priser<\/h2><div class=\"vc_empty_space\"   style=\"height: 20px\"><span class=\"vc_empty_space_inner\"><\/span><\/div>\n\t<div class=\"wpb_text_column wpb_content_element\" >\n\t\t<div class=\"wpb_wrapper\">\n\t\t\t<p>Wheel Restore erbjuder ett unikt finansieringsalternativ som backas upp av den danska regeringen och som \u00e4r s\u00e4rskilt utformat f\u00f6r att st\u00f6dja exportaktiviteter. Detta ger kunderna betydande f\u00f6rdelar, bland annat tillg\u00e5ng till l\u00e5ngsiktig, stabil finansiering till mycket konkurrenskraftiga priser, vilket minskar den ekonomiska belastningen. Med st\u00f6d av Danmarks betrodda exportkreditinstitut g\u00f6r denna finansieringsl\u00f6sning att du kan investera i Wheel Restore-utrustning med tillf\u00f6rsikt och sinnesro.<\/p>\n\n\t\t<\/div>\n\t<\/div>\n<div class=\"vc_empty_space\"   style=\"height: 32px\"><span class=\"vc_empty_space_inner\"><\/span><\/div><\/div><\/div><\/div><div class=\"nm_column wpb_column vc_column_container col-sm-5 vc_col-sm-5\"><div class=\"vc_column-inner\"><div class=\"wpb_wrapper\">\n\t<div  class=\"wpb_single_image wpb_content_element vc_align_center\">\n\t\t\n\t\t<figure class=\"wpb_wrapper vc_figure\">\n\t\t\t<div class=\"vc_single_image-wrapper   vc_box_border_grey\"><img loading=\"lazy\" decoding=\"async\" width=\"850\" height=\"622\" src=\"https:\/\/wheelrestore.com\/wp-content\/uploads\/2024\/10\/EIFO-logo-web.webp\" class=\"vc_single_image-img attachment-full\" alt=\"\" title=\"EIFO-logo-webb\" srcset=\"https:\/\/wheelrestore.com\/wp-content\/uploads\/2024\/10\/EIFO-logo-web.webp 850w, https:\/\/wheelrestore.com\/wp-content\/uploads\/2024\/10\/EIFO-logo-web-300x220.webp 300w, https:\/\/wheelrestore.com\/wp-content\/uploads\/2024\/10\/EIFO-logo-web-768x562.webp 768w, https:\/\/wheelrestore.com\/wp-content\/uploads\/2024\/10\/EIFO-logo-web-16x12.webp 16w\" sizes=\"auto, (max-width: 850px) 100vw, 850px\" \/><\/div>\n\t\t<\/figure>\n\t<\/div>\n<\/div><\/div><\/div><\/div><div class=\"nm-row nm-row-full-nopad vc_row wpb_row  vc_custom_1746698555710\"><div class=\"nm_column wpb_column vc_column_container col-sm-12 vc_col-sm-12\"><div class=\"vc_column-inner\"><div class=\"wpb_wrapper\"><div class=\"templatera_shortcode\"><p><\/p>\r\n<\/div><\/div><\/div><\/div><\/div><div class=\"nm-row nm-row-boxed vc_row wpb_row nm-row-flex nm-row-col-middle\"><div class=\"nm_column wpb_column vc_column_container col-sm-6 vc_col-sm-6\"><div class=\"vc_column-inner\"><div class=\"wpb_wrapper\"><h2 style=\"font-size: 26px;color: #010101;line-height: 1.2;text-align: center;font-family:Roboto;font-weight:500;font-style:normal\" class=\"vc_custom_heading\" >Hur det fungerar<\/h2>\n\t<div  class=\"wpb_single_image wpb_content_element vc_align_left\">\n\t\t\n\t\t<figure class=\"wpb_wrapper vc_figure\">\n\t\t\t<div class=\"vc_single_image-wrapper   vc_box_border_grey\"><img loading=\"lazy\" decoding=\"async\" width=\"900\" height=\"500\" src=\"https:\/\/wheelrestore.com\/wp-content\/uploads\/2024\/10\/EIFO-animation-1.webp\" class=\"vc_single_image-img attachment-full\" alt=\"\" title=\"EIFO-animation\" srcset=\"https:\/\/wheelrestore.com\/wp-content\/uploads\/2024\/10\/EIFO-animation-1.webp 900w, https:\/\/wheelrestore.com\/wp-content\/uploads\/2024\/10\/EIFO-animation-1-300x167.webp 300w, https:\/\/wheelrestore.com\/wp-content\/uploads\/2024\/10\/EIFO-animation-1-768x427.webp 768w, https:\/\/wheelrestore.com\/wp-content\/uploads\/2024\/10\/EIFO-animation-1-18x10.webp 18w\" sizes=\"auto, (max-width: 900px) 100vw, 900px\" \/><\/div>\n\t\t<\/figure>\n\t<\/div>\n<\/div><\/div><\/div><div class=\"nm_column wpb_column vc_column_container col-sm-6 vc_col-sm-6 vc_custom_1729158553628\"><div class=\"vc_column-inner\"><div class=\"wpb_wrapper\">\n\t<div class=\"wpb_text_column wpb_content_element\" >\n\t\t<div class=\"wpb_wrapper\">\n\t\t\t<p><strong>1. Kredit fr\u00e5n v\u00e5r bank<\/strong><br \/>\nVi samarbetar med v\u00e5r bank f\u00f6r att erbjuda dig en kreditgr\u00e4ns f\u00f6r ditt k\u00f6p, vilket ger dig minst 181 dagars betalningstid. F\u00f6r mer l\u00e5ngfristiga alternativ erbjuder de flesta av v\u00e5ra finansieringsavtal en \u00e5terbetalningstid p\u00e5 3 till 5 \u00e5r. F\u00f6r att g\u00f6ra detta m\u00f6jligt kr\u00e4ver dock v\u00e5r bank en garanti f\u00f6r betalningen.<\/p>\n<p><strong>2. Riskt\u00e4ckning med EIFO<\/strong><br \/>\nEIFO g\u00e5r in med en garanti som t\u00e4cker bankens risk. Detta g\u00f6r det m\u00f6jligt f\u00f6r banken att bevilja dig krediten, vilket g\u00f6r det l\u00e4ttare f\u00f6r dig att finansiera k\u00f6pet.<\/p>\n<p><strong>3. S\u00f6ml\u00f6st godk\u00e4nnande<\/strong><br \/>\nV\u00e5r bank ans\u00f6ker om garantin online via EIFO, vilket s\u00e4kerst\u00e4ller en snabb process s\u00e5 att du kan f\u00e5 produkten utan f\u00f6rseningar. EIFO kommer att bed\u00f6ma din kreditv\u00e4rdighet baserat p\u00e5 dina finansiella rapporter, vilket s\u00e4kerst\u00e4ller en smidig transaktion.<\/p>\n\n\t\t<\/div>\n\t<\/div>\n<\/div><\/div><\/div><\/div><div class=\"nm-row nm-row-boxed vc_row wpb_row nm-row-flex nm-row-equal-height  vc_custom_1729158253684\"><div class=\"nm_column wpb_column vc_column_container col-sm-4 vc_col-sm-4 vc_custom_1729499204055\"><div class=\"vc_column-inner\"><div class=\"wpb_wrapper\"><h3 style=\"font-size: 22px;color: #111111;line-height: 1.2;text-align: left;font-family:Roboto;font-weight:500;font-style:normal\" class=\"vc_custom_heading\" >Onboarding-process<\/h3><div class=\"vc_empty_space\"   style=\"height: 20px\"><span class=\"vc_empty_space_inner\"><\/span><\/div><h3 style=\"font-size: 16px;color: #111111;line-height: 1.5;text-align: left;font-family:Roboto;font-weight:400;font-style:normal\" class=\"vc_custom_heading\" >Inl\u00e4mnande av de senaste 3 \u00e5rens finansiella rapporter.<\/h3><div class=\"vc_empty_space\"   style=\"height: 20px\"><span class=\"vc_empty_space_inner\"><\/span><\/div><h3 style=\"font-size: 16px;color: #111111;line-height: 1.5;text-align: left;font-family:Roboto;font-weight:400;font-style:normal\" class=\"vc_custom_heading\" >Ett gemensamt m\u00f6te f\u00f6r att fastst\u00e4lla finansieringens storlek och varaktighet.<\/h3><div class=\"vc_empty_space\"   style=\"height: 20px\"><span class=\"vc_empty_space_inner\"><\/span><\/div><h3 style=\"font-size: 22px;color: #111111;line-height: 1.2;text-align: left;font-family:Roboto;font-weight:500;font-style:normal\" class=\"vc_custom_heading\" >Kostnadsber\u00e4kning<\/h3><div class=\"vc_empty_space\"   style=\"height: 20px\"><span class=\"vc_empty_space_inner\"><\/span><\/div><h3 style=\"font-size: 16px;color: #111111;line-height: 1.2;text-align: left;font-family:Roboto;font-weight:500;font-style:normal\" class=\"vc_custom_heading\" >Finansiering till EURIBOR + 2,20% (indikativ r\u00e4nta)<\/h3><div class=\"vc_empty_space\"   style=\"height: 20px\"><span class=\"vc_empty_space_inner\"><\/span><\/div><h3 style=\"font-size: 16px;color: #111111;line-height: 1.2;text-align: left;font-family:Roboto;font-weight:500;font-style:normal\" class=\"vc_custom_heading\" >En riskpremie av eng\u00e5ngskarakt\u00e4r<\/h3><div class=\"vc_empty_space\"   style=\"height: 5px\"><span class=\"vc_empty_space_inner\"><\/span><\/div><h3 style=\"font-size: 16px;color: #6b6b6b;line-height: 1.5;text-align: left;font-family:Roboto;font-weight:400;font-style:normal\" class=\"vc_custom_heading\" >Du betalar en riskpremie till EIFO f\u00f6r garantin. Denna eng\u00e5ngspremie ber\u00e4knas utifr\u00e5n ditt f\u00f6retags kreditv\u00e4rdighet, den rating vi ger efter en finansiell analys, den politiska situationen i ditt land och den bed\u00f6mda landrisken. Premien tar \u00e4ven h\u00e4nsyn till kredittiden.<\/h3><\/div><\/div><\/div><div class=\"nm_column wpb_column vc_column_container col-sm-4 vc_col-sm-4 vc_custom_1729159150887\"><div class=\"vc_column-inner\"><div class=\"wpb_wrapper\"><h3 style=\"font-size: 22px;color: #111111;line-height: 1.2;text-align: left;font-family:Roboto;font-weight:500;font-style:normal\" class=\"vc_custom_heading\" >F\u00f6rdelar f\u00f6r dig<\/h3><div class=\"vc_empty_space\"   style=\"height: 20px\"><span class=\"vc_empty_space_inner\"><\/span><\/div>\n\t<div class=\"wpb_text_column wpb_content_element\" >\n\t\t<div class=\"wpb_wrapper\">\n\t\t\t<p><strong>Konkurrenskraftiga villkor<\/strong>: EIFO tar p\u00e5 sig risken, vilket g\u00f6r det m\u00f6jligt f\u00f6r dig att s\u00e4kra l\u00e5ngsiktig finansiering f\u00f6r dina danska ink\u00f6p till attraktiva villkor.<br \/>\n<strong>Stabila betalningar<\/strong>: F\u00f6ruts\u00e4gbara halv\u00e5rsbetalningar som f\u00f6rb\u00e4ttrar hanteringen av kassafl\u00f6det.<br \/>\n<strong>AAA-klassad baksida<\/strong>: Dra nytta av det AAA-klassade danska statliga st\u00f6det, vilket skapar f\u00f6rtroende f\u00f6r dina finansieringsarrangemang.<\/p>\n\n\t\t<\/div>\n\t<\/div>\n<\/div><\/div><\/div><div class=\"nm_column wpb_column vc_column_container col-sm-4 vc_col-sm-4 vc_custom_1729166743714\"><div class=\"vc_column-inner\"><div class=\"wpb_wrapper\"><h3 style=\"font-size: 22px;color: #111111;line-height: 1.2;text-align: left;font-family:Roboto;font-weight:500;font-style:normal\" class=\"vc_custom_heading\" >Vad kr\u00e4ver det?<\/h3><div class=\"vc_empty_space\"   style=\"height: 20px\"><span class=\"vc_empty_space_inner\"><\/span><\/div>\n\t<div class=\"wpb_text_column wpb_content_element\" >\n\t\t<div class=\"wpb_wrapper\">\n\t\t\t<p><strong>3 \u00e5rs drift<\/strong>: Ditt f\u00f6retag m\u00e5ste ha varit verksamt i minst 3 \u00e5r, med de tre senaste \u00e5rsredovisningarna tillg\u00e4ngliga f\u00f6r granskning.<br \/>\n<strong>Positiv EBITDA-utveckling<\/strong>: F\u00f6retaget m\u00e5ste uppvisa en positiv EBITDA-utveckling under de senaste tre \u00e5ren, vilket visar p\u00e5 finansiell h\u00e4lsa och l\u00f6nsamhet.<br \/>\n<strong>15% Handpenning<\/strong>: En minsta handpenning p\u00e5 15% av kontraktsv\u00e4rdet kr\u00e4vs f\u00f6r att inleda finansieringsprocessen.<br \/>\n<strong>Soliditet: <\/strong>Bolaget m\u00e5ste ha ett eget kapital som \u00f6verstiger 3 g\u00e5nger det finansierade beloppet, vilket \u00e4r 85% av kontraktsv\u00e4rdet. Detta s\u00e4kerst\u00e4ller finansiell stabilitet och minimerar risken<br \/>\n<strong>Kreditv\u00e4rdighet<\/strong>: EIFO kommer att bed\u00f6ma ditt f\u00f6retags kreditv\u00e4rdighet baserat p\u00e5 bokslutet och ytterligare dokumentation.<\/p>\n\n\t\t<\/div>\n\t<\/div>\n<\/div><\/div><\/div><\/div><div class=\"nm-row nm-row-boxed vc_row wpb_row  vc_custom_1729163584148\"><div class=\"nm_column wpb_column vc_column_container col-sm-12 vc_col-sm-12\"><div class=\"vc_column-inner\"><div class=\"wpb_wrapper\"><h4 style=\"font-size: 14px;color: #111111;line-height: 1.4;text-align: left;font-family:Roboto;font-weight:300;font-style:italic\" class=\"vc_custom_heading\" >EIFO \u00e4r Danmarks nationella fr\u00e4mjande bank och exportkreditinstitut kombinerat i en finansiell institution. Som en statligt \u00e4gd finansiell institution med ett globalt perspektiv och en AAA-kreditv\u00e4rdering fungerar EIFO som en drivkraft och m\u00f6jligg\u00f6rare f\u00f6r nya satsningar och handel mellan danska f\u00f6retag och deras partners \u00f6ver hela v\u00e4rlden. EIFO har mer \u00e4n 5.000 kunder och en total aff\u00e4rsvolym p\u00e5 cirka 20 miljarder euro. Med v\u00e5r vilja att ta risker inom finansiering banar EIFO v\u00e4g f\u00f6r dem som v\u00e5gar t\u00e4nka st\u00f6rre. F\u00f6r v\u00e4rlden \u00e4r Danmarks angel\u00e4genhet.<\/h4><\/div><\/div><\/div><\/div><div class=\"nm-row nm-row-full-nopad vc_row wpb_row  vc_custom_1698140593128\"><div class=\"nm_column wpb_column vc_column_container col-sm-12 vc_col-sm-12\"><div class=\"vc_column-inner\"><div class=\"wpb_wrapper\"><div class=\"vc_empty_space\"   style=\"height: 38px\"><span class=\"vc_empty_space_inner\"><\/span><\/div><div class=\"nm-row nm-row-boxed inner\"><div class=\"nm_column nm_column_inner col-sm-12 vc_col-sm-12\"><div class=\"wpb_wrapper\"><h2 style=\"font-size: 28px;line-height: 36px;text-align: center\" class=\"vc_custom_heading\" >Ans\u00f6k om din finansiering nedan<\/h2><\/div><\/div><\/div>\n\t<div class=\"wpb_raw_code wpb_content_element wpb_raw_html\" >\n\t\t<div class=\"wpb_wrapper\">\n\t\t\t<iframe loading=\"lazy\" style=\"display: block; background: #000; border: none; height: 690px; width: 100%;\" title=\"hyra\" src=\"https:\/\/wheelrestore-785d8.web.app\" width=\"100%\" height=\"100%\"><\/iframe>\n\t\t<\/div>\n\t<\/div>\n<\/div><\/div><\/div><\/div>\n<\/div>","protected":false},"excerpt":{"rendered":"","protected":false},"author":1,"featured_media":0,"parent":0,"menu_order":0,"comment_status":"closed","ping_status":"closed","template":"templates\/page-full.php","meta":{"content-type":"","footnotes":""},"class_list":["post-88","page","type-page","status-publish","hentry"],"yoast_head":"<!-- This site is optimized with the Yoast SEO Premium plugin v21.4 (Yoast SEO v27.4) - https:\/\/yoast.com\/product\/yoast-seo-premium-wordpress\/ -->\n<title>Flexible Financing Solutions for Wheel Restore Products<\/title>\n<meta name=\"description\" content=\"Discover flexible financing options for Wheel Restore equipment. Invest with confidence and peace of mind. Start with a custom plan.\" \/>\n<meta name=\"robots\" content=\"index, follow, max-snippet:-1, max-image-preview:large, max-video-preview:-1\" \/>\n<link rel=\"canonical\" href=\"https:\/\/wheelrestore.com\/sv_se\/finansiering\/\" \/>\n<meta property=\"og:locale\" content=\"sv_SE\" \/>\n<meta property=\"og:type\" content=\"article\" \/>\n<meta property=\"og:title\" content=\"Financing\" \/>\n<meta property=\"og:description\" content=\"Discover flexible financing options for Wheel Restore equipment. Invest with confidence and peace of mind. Start with a custom plan.\" \/>\n<meta property=\"og:url\" content=\"https:\/\/wheelrestore.com\/sv_se\/finansiering\/\" \/>\n<meta property=\"og:site_name\" content=\"WheelRestore\" \/>\n<meta property=\"article:modified_time\" content=\"2025-05-08T10:02:58+00:00\" \/>\n<meta name=\"twitter:card\" content=\"summary_large_image\" \/>\n<meta name=\"twitter:label1\" content=\"Ber\u00e4knad l\u00e4stid\" \/>\n\t<meta name=\"twitter:data1\" content=\"5 minuter\" \/>\n<script type=\"application\/ld+json\" class=\"yoast-schema-graph\">{\"@context\":\"https:\\\/\\\/schema.org\",\"@graph\":[{\"@type\":\"WebPage\",\"@id\":\"https:\\\/\\\/wheelrestore.com\\\/financing\\\/\",\"url\":\"https:\\\/\\\/wheelrestore.com\\\/financing\\\/\",\"name\":\"Flexible Financing Solutions for Wheel Restore Products\",\"isPartOf\":{\"@id\":\"https:\\\/\\\/wheelrestore.com\\\/#website\"},\"datePublished\":\"2023-10-23T21:40:27+00:00\",\"dateModified\":\"2025-05-08T10:02:58+00:00\",\"description\":\"Discover flexible financing options for Wheel Restore equipment. Invest with confidence and peace of mind. Start with a custom plan.\",\"breadcrumb\":{\"@id\":\"https:\\\/\\\/wheelrestore.com\\\/financing\\\/#breadcrumb\"},\"inLanguage\":\"sv-SE\",\"potentialAction\":[{\"@type\":\"ReadAction\",\"target\":[\"https:\\\/\\\/wheelrestore.com\\\/financing\\\/\"]}]},{\"@type\":\"BreadcrumbList\",\"@id\":\"https:\\\/\\\/wheelrestore.com\\\/financing\\\/#breadcrumb\",\"itemListElement\":[{\"@type\":\"ListItem\",\"position\":1,\"name\":\"Home\",\"item\":\"https:\\\/\\\/wheelrestore.com\\\/\"},{\"@type\":\"ListItem\",\"position\":2,\"name\":\"Financing\"}]},{\"@type\":\"WebSite\",\"@id\":\"https:\\\/\\\/wheelrestore.com\\\/#website\",\"url\":\"https:\\\/\\\/wheelrestore.com\\\/\",\"name\":\"WheelRestore\",\"description\":\"\",\"potentialAction\":[{\"@type\":\"SearchAction\",\"target\":{\"@type\":\"EntryPoint\",\"urlTemplate\":\"https:\\\/\\\/wheelrestore.com\\\/?s={search_term_string}\"},\"query-input\":{\"@type\":\"PropertyValueSpecification\",\"valueRequired\":true,\"valueName\":\"search_term_string\"}}],\"inLanguage\":\"sv-SE\"}]}<\/script>\n<!-- \/ Yoast SEO Premium plugin. -->","yoast_head_json":{"title":"Flexibla finansieringsl\u00f6sningar f\u00f6r Wheel Restore-produkter","description":"Uppt\u00e4ck flexibla finansieringsalternativ f\u00f6r Wheel Restore-utrustning. Investera med f\u00f6rtroende och sinnesfrid. B\u00f6rja med en anpassad plan.","robots":{"index":"index","follow":"follow","max-snippet":"max-snippet:-1","max-image-preview":"max-image-preview:large","max-video-preview":"max-video-preview:-1"},"canonical":"https:\/\/wheelrestore.com\/sv_se\/finansiering\/","og_locale":"sv_SE","og_type":"article","og_title":"Financing","og_description":"Discover flexible financing options for Wheel Restore equipment. Invest with confidence and peace of mind. Start with a custom plan.","og_url":"https:\/\/wheelrestore.com\/sv_se\/finansiering\/","og_site_name":"WheelRestore","article_modified_time":"2025-05-08T10:02:58+00:00","twitter_card":"summary_large_image","twitter_misc":{"Ber\u00e4knad l\u00e4stid":"5 minuter"},"schema":{"@context":"https:\/\/schema.org","@graph":[{"@type":"WebPage","@id":"https:\/\/wheelrestore.com\/financing\/","url":"https:\/\/wheelrestore.com\/financing\/","name":"Flexibla finansieringsl\u00f6sningar f\u00f6r Wheel Restore-produkter","isPartOf":{"@id":"https:\/\/wheelrestore.com\/#website"},"datePublished":"2023-10-23T21:40:27+00:00","dateModified":"2025-05-08T10:02:58+00:00","description":"Uppt\u00e4ck flexibla finansieringsalternativ f\u00f6r Wheel Restore-utrustning. Investera med f\u00f6rtroende och sinnesfrid. B\u00f6rja med en anpassad plan.","breadcrumb":{"@id":"https:\/\/wheelrestore.com\/financing\/#breadcrumb"},"inLanguage":"sv-SE","potentialAction":[{"@type":"ReadAction","target":["https:\/\/wheelrestore.com\/financing\/"]}]},{"@type":"BreadcrumbList","@id":"https:\/\/wheelrestore.com\/financing\/#breadcrumb","itemListElement":[{"@type":"ListItem","position":1,"name":"Home","item":"https:\/\/wheelrestore.com\/"},{"@type":"ListItem","position":2,"name":"Financing"}]},{"@type":"WebSite","@id":"https:\/\/wheelrestore.com\/#website","url":"https:\/\/wheelrestore.com\/","name":"HjulRestaurering","description":"","potentialAction":[{"@type":"SearchAction","target":{"@type":"EntryPoint","urlTemplate":"https:\/\/wheelrestore.com\/?s={search_term_string}"},"query-input":{"@type":"PropertyValueSpecification","valueRequired":true,"valueName":"search_term_string"}}],"inLanguage":"sv-SE"}]}},"_links":{"self":[{"href":"https:\/\/wheelrestore.com\/sv_se\/wp-json\/wp\/v2\/pages\/88","targetHints":{"allow":["GET"]}}],"collection":[{"href":"https:\/\/wheelrestore.com\/sv_se\/wp-json\/wp\/v2\/pages"}],"about":[{"href":"https:\/\/wheelrestore.com\/sv_se\/wp-json\/wp\/v2\/types\/page"}],"author":[{"embeddable":true,"href":"https:\/\/wheelrestore.com\/sv_se\/wp-json\/wp\/v2\/users\/1"}],"replies":[{"embeddable":true,"href":"https:\/\/wheelrestore.com\/sv_se\/wp-json\/wp\/v2\/comments?post=88"}],"version-history":[{"count":29,"href":"https:\/\/wheelrestore.com\/sv_se\/wp-json\/wp\/v2\/pages\/88\/revisions"}],"predecessor-version":[{"id":2193,"href":"https:\/\/wheelrestore.com\/sv_se\/wp-json\/wp\/v2\/pages\/88\/revisions\/2193"}],"wp:attachment":[{"href":"https:\/\/wheelrestore.com\/sv_se\/wp-json\/wp\/v2\/media?parent=88"}],"curies":[{"name":"wp","href":"https:\/\/api.w.org\/{rel}","templated":true}]}}