{"id":4040,"date":"2025-11-06T13:00:06","date_gmt":"2025-11-06T13:00:06","guid":{"rendered":"https:\/\/wheelrestore.com\/?page_id=4040"},"modified":"2025-11-27T08:01:20","modified_gmt":"2025-11-27T08:01:20","slug":"continova","status":"publish","type":"page","link":"https:\/\/wheelrestore.com\/th\/continova\/","title":{"rendered":"\u0e02\u0e48\u0e32\u0e27\u0e1b\u0e23\u0e30\u0e0a\u0e32\u0e2a\u0e31\u0e21\u0e1e\u0e31\u0e19\u0e18\u0e4c \u2013 \u0e2a\u0e27\u0e35\u0e40\u0e14\u0e19 \u2013 Continova"},"content":{"rendered":"<div class=\"wpb-content-wrapper\"><div class=\"nm-row nm-row-full vc_row wpb_row\"><div class=\"nm_column wpb_column vc_column_container col-sm-12 vc_col-sm-12\"><div class=\"vc_column-inner\"><div class=\"wpb_wrapper\"><div class=\"vc_empty_space\"   style=\"height: 32px\"><span class=\"vc_empty_space_inner\"><\/span><\/div><\/div><\/div><\/div><\/div><div class=\"nm-row nm-row-boxed vc_row wpb_row  vc_custom_1762766390988\"><div class=\"nm_column wpb_column vc_column_container col-sm-6 vc_col-sm-6\"><div class=\"vc_column-inner\"><div class=\"wpb_wrapper\"><h1 style=\"font-size: 25px;text-align: left\" class=\"vc_custom_heading\" >\u0e02\u0e48\u0e32\u0e27\u0e1b\u0e23\u0e30\u0e0a\u0e32\u0e2a\u0e31\u0e21\u0e1e\u0e31\u0e19\u0e18\u0e4c<\/h1><p style=\"font-size: 16px;text-align: left\" class=\"vc_custom_heading\" >09:30 - 28 \u0e1e\u0e24\u0e28\u0e08\u0e34\u0e01\u0e32\u0e22\u0e19 2568<\/p><div class=\"vc_empty_space\"   style=\"height: 5px\"><span class=\"vc_empty_space_inner\"><\/span><\/div><\/div><\/div><\/div><div class=\"nm_column wpb_column vc_column_container col-sm-6 vc_col-sm-6\"><div class=\"vc_column-inner\"><div class=\"wpb_wrapper\"><\/div><\/div><\/div><\/div><div class=\"nm-row nm-row-full-nopad vc_row wpb_row nm-row-flex nm-row-col-middle  vc_custom_1762767232577\"><div class=\"nm_column wpb_column vc_column_container col-sm-12 vc_col-sm-12\"><div class=\"vc_column-inner\"><div class=\"wpb_wrapper\"><div class=\"nm-row nm-row-boxed inner nm-row-flex nm-row-col-middle  vc_custom_1762766356633\"><div class=\"nm_column nm_column_inner col-sm-6 vc_col-sm-6\"><div class=\"wpb_wrapper\"><div class=\"vc_empty_space\"   style=\"height: 20px\"><span class=\"vc_empty_space_inner\"><\/span><\/div><h1 style=\"font-size: 50px;color: #ffffff;line-height: 1.3;text-align: left;font-family:Roboto;font-weight:500;font-style:normal\" class=\"vc_custom_heading\" >Wheel Restore utser Continova AB \u0e08\u0e19\u0e16\u0e36\u0e07\u0e1c\u0e39\u0e49\u0e08\u0e31\u0e14\u0e08\u0e33\u0e2b\u0e19\u0e48\u0e32\u0e22 svensk<\/h1><div class=\"vc_empty_space\"   style=\"height: 20px\"><span class=\"vc_empty_space_inner\"><\/span><\/div>\r\n    <div class=\"nm-divider separator_align_center\">\r\n        <div class=\"nm-divider-line\" style=\"\"><\/div>\r\n    <\/div><div class=\"vc_empty_space\"   style=\"height: 30px\"><span class=\"vc_empty_space_inner\"><\/span><\/div>\n\t<div  class=\"wpb_single_image wpb_content_element vc_align_left\">\n\t\t\n\t\t<figure class=\"wpb_wrapper vc_figure\">\n\t\t\t<div class=\"vc_single_image-wrapper   vc_box_border_grey\"><img loading=\"lazy\" decoding=\"async\" width=\"200\" height=\"29\" src=\"https:\/\/wheelrestore.com\/wp-content\/uploads\/2025\/11\/continova_logo_200x.avif\" class=\"vc_single_image-img attachment-full\" alt=\"\" title=\"continova_logo_200x\" srcset=\"https:\/\/wheelrestore.com\/wp-content\/uploads\/2025\/11\/continova_logo_200x.avif 200w, https:\/\/wheelrestore.com\/wp-content\/uploads\/2025\/11\/continova_logo_200x-18x3.jpg 18w\" sizes=\"auto, (max-width: 200px) 100vw, 200px\" \/><\/div>\n\t\t<\/figure>\n\t<\/div>\n<div class=\"vc_empty_space\"   style=\"height: 40px\"><span class=\"vc_empty_space_inner\"><\/span><\/div><\/div><\/div><div class=\"nm_column nm_column_inner col-sm-6 vc_col-sm-6\"><div class=\"wpb_wrapper\"><\/div><\/div><\/div><\/div><\/div><\/div><\/div><div class=\"nm-row nm-row-boxed vc_row wpb_row  vc_custom_1762766582442\"><div class=\"nm_column wpb_column vc_column_container col-sm-12 vc_col-sm-12\"><div class=\"vc_column-inner\"><div class=\"wpb_wrapper\"><div class=\"vc_empty_space\"   style=\"height: 20px\"><span class=\"vc_empty_space_inner\"><\/span><\/div>\n\t<div class=\"wpb_text_column wpb_content_element\" >\n\t\t<div class=\"wpb_wrapper\">\n\t\t\t<p data-start=\"467\" data-end=\"531\">St\u00f8vring, Danmark \/ Kungsbacka, Sverige<\/p>\n\n\t\t<\/div>\n\t<\/div>\n<div class=\"vc_empty_space\"   style=\"height: 36px\"><span class=\"vc_empty_space_inner\"><\/span><\/div><h2 style=\"font-size: 28px;line-height: 1.4;text-align: left\" class=\"vc_custom_heading\" >\u0e01\u0e32\u0e23\u0e04\u0e37\u0e19\u0e04\u0e48\u0e32\u0e25\u0e49\u0e2d \u0e14\u0e33\u0e40\u0e19\u0e34\u0e19\u0e01\u0e32\u0e23\u0e17\u0e31\u0e48\u0e27\u0e42\u0e25\u0e01\u0e43\u0e19\u0e01\u0e32\u0e23\u0e14\u0e33\u0e40\u0e19\u0e34\u0e19\u0e01\u0e32\u0e23\u0e2d\u0e31\u0e15\u0e42\u0e19\u0e21\u0e31\u0e15\u0e34\u0e2a\u0e33\u0e2b\u0e23\u0e31\u0e1a\u0e01\u0e32\u0e23\u0e14\u0e33\u0e40\u0e19\u0e34\u0e19\u0e01\u0e32\u0e23\u0e41\u0e25\u0e30\u0e01\u0e32\u0e23\u0e1b\u0e23\u0e31\u0e1a\u0e1b\u0e23\u0e38\u0e07\u0e43\u0e2b\u0e21\u0e48 \u0e14\u0e33\u0e40\u0e19\u0e34\u0e19\u0e01\u0e32\u0e23\u0e40\u0e23\u0e34\u0e48\u0e21\u0e15\u0e49\u0e19\u0e41\u0e25\u0e30\u0e14\u0e33\u0e40\u0e19\u0e34\u0e19\u0e01\u0e32\u0e23\u0e08\u0e35\u0e42\u0e19\u0e21\u0e02\u0e2d\u0e07 Norden \u0e42\u0e14\u0e22\u0e43\u0e0a\u0e49 Continova AB \u0e08\u0e19\u0e16\u0e36\u0e07\u0e01\u0e32\u0e23\u0e08\u0e31\u0e14\u0e08\u0e33\u0e2b\u0e19\u0e48\u0e32\u0e22\u0e43\u0e19 Sverige \u0e21\u0e32\u0e23\u0e4c\u0e40\u0e1a\u0e47\u0e15\u0e40\u0e15\u0e47\u0e17 et viktigt steg i Wheel Restores strategi att g\u00f6ra sina smarta och h\u00e5llbara hjulreparationssystem mertilg\u00e4ngliga f\u00f6r professionalella verkst\u00e4der and Regionen.<\/h2><div class=\"vc_empty_space\"   style=\"height: 20px\"><span class=\"vc_empty_space_inner\"><\/span><\/div><\/div><\/div><\/div><\/div><div class=\"nm-row nm-row-boxed vc_row wpb_row  vc_custom_1762421733021\"><div class=\"nm_column wpb_column vc_column_container col-sm-8 vc_col-sm-8\"><div class=\"vc_column-inner\"><div class=\"wpb_wrapper\"><div class=\"vc_empty_space\"   style=\"height: 25px\"><span class=\"vc_empty_space_inner\"><\/span><\/div>\n\t<div class=\"wpb_text_column wpb_content_element\" >\n\t\t<div class=\"wpb_wrapper\">\n\t\t\t<h2 data-start=\"913\" data-end=\"1282\">Lokalt \u0e14\u0e33\u0e40\u0e19\u0e34\u0e19\u0e01\u0e32\u0e23\u0e08\u0e19\u0e16\u0e36\u0e07\u0e40\u0e15\u0e47\u0e21\u0e08\u0e19\u0e16\u0e36\u0e07\u0e1c\u0e25\u0e34\u0e15\u0e20\u0e31\u0e13\u0e11\u0e4c\u0e04\u0e37\u0e19\u0e25\u0e49\u0e2d<\/h2>\n<p data-start=\"913\" data-end=\"1282\">\u0e1e\u0e31\u0e19\u0e18\u0e21\u0e34\u0e15\u0e23\u0e02\u0e2d\u0e07\u0e40\u0e23\u0e32\u0e44\u0e14\u0e49\u0e14\u0e33\u0e40\u0e19\u0e34\u0e19\u0e01\u0e32\u0e23\u0e44\u0e1b\u0e41\u0e25\u0e49\u0e27\u0e2a\u0e33\u0e2b\u0e23\u0e31\u0e1a svenska verkst\u00e4der att enkelt f\u00e5tilg\u00e5ng until Wheel Restores kompletta produktutbud, fr\u00e5n CNC-f\u00e4lgmaskiner ochlackeringsrobotar until f\u00f6rbehandlings- och riktmaskiner. Med Continovas lokala \u0e1c\u0e39\u0e49\u0e40\u0e0a\u0e35\u0e48\u0e22\u0e27\u0e0a\u0e32\u0e0d blir f\u00f6rs\u00e4ljning, \u0e2a\u0e19\u0e31\u0e1a\u0e2a\u0e19\u0e38\u0e19 och utbildning mertilg\u00e4nglig \u00e4n n\u00e5gonsin, vilket st\u00e4rker verkst\u00e4dernas m\u00f6jligheter att arbeta effektivt, l\u00f6nsamt och h\u00e5llbart.<\/p>\n<blockquote data-start=\"911\" data-end=\"1282\">\n<p data-start=\"913\" data-end=\"1282\">\u201cContinova har en stark position p\u00e5 den svenska marknaden med tydligt fokus p\u00e5 kvalitet, service och helhetsl\u00f6sningar f\u00f6r bil- och d\u00e4ckverkst\u00e4der,\u201d s\u00e4ger <strong>Jacob Bro Christensen \u0e1c\u0e39\u0e49\u0e2d\u0e33\u0e19\u0e27\u0e22\u0e01\u0e32\u0e23\u0e1d\u0e48\u0e32\u0e22\u0e02\u0e32\u0e22\u0e01\u0e25\u0e38\u0e48\u0e21\u0e02\u0e2d\u0e07 Wheel Restore<\/strong>. - \u201cMed deras l\u00e5nga erfarenhet och tekniska Expertis f\u00e5r v\u00e5ra svenska kunder nu lokaltilg\u00e5ng \u0e08\u0e19\u0e16\u0e36\u0e07 f\u00f6rs\u00e4ljning, \u0e2a\u0e19\u0e31\u0e1a\u0e2a\u0e19\u0e38\u0e19 och utbildning p\u00e5 h\u00f6gsta niv\u00e5\u201d<\/p>\n<\/blockquote>\n<h2 data-start=\"1289\" data-end=\"1338\">Ett Partnerkap \u0e2a\u0e33\u0e2b\u0e23\u0e31\u0e1a framtidens verkst\u00e4der<\/h2>\n<p data-start=\"1340\" data-end=\"1575\">Continova AB erbjuder professionalell uttrusting, projektering och service until d\u00e4ck- och bilverkst\u00e4der \u00f6ver hela Sverige. Genom det nya samarbetet kan svenska verkst\u00e4der nu arbeta med hela <a href=\"https:\/\/wheelrestore.com\/th\/products\/\">Wheel Restore-sortimentet<\/a>, \u0e23\u0e27\u0e21\u0e16\u0e36\u0e07:<\/p>\n<p data-start=\"1579\" data-end=\"1659\"><a href=\"https:\/\/wheelrestore.com\/th\/products\/diamond-cut-machine\/\"><strong data-start=\"1579\" data-end=\"1610\">\u0e40\u0e04\u0e23\u0e37\u0e48\u0e2d\u0e07\u0e15\u0e31\u0e14\u0e40\u0e1e\u0e0a\u0e23 DCM3<\/strong><\/a> \u2013 <a href=\"https:\/\/wheelrestore.com\/th\/products\/diamond-cut-machine\/\">\u0e40\u0e04\u0e23\u0e37\u0e48\u0e2d\u0e07\u0e15\u0e31\u0e14\u0e02\u0e2d\u0e1a\u0e25\u0e49\u0e2d CNC \u0e17\u0e35\u0e48\u0e43\u0e0a\u0e49\u0e07\u0e32\u0e19\u0e07\u0e48\u0e32\u0e22\u0e17\u0e35\u0e48\u0e2a\u0e38\u0e14\u0e43\u0e19\u0e42\u0e25\u0e01<\/a><br \/>\n<a href=\"https:\/\/wheelrestore.com\/th\/products\/automatic-wheel-painting-robot\/\"><strong data-start=\"1662\" data-end=\"1691\">\u0e40\u0e04\u0e23\u0e37\u0e48\u0e2d\u0e07\u0e1e\u0e48\u0e19\u0e2a\u0e35\u0e25\u0e49\u0e2d WM600<\/strong><\/a> \u2013 <a href=\"https:\/\/wheelrestore.com\/th\/products\/automatic-wheel-painting-robot\/\">\u0e2b\u0e38\u0e48\u0e19\u0e22\u0e19\u0e15\u0e4c\u0e1e\u0e48\u0e19\u0e2a\u0e35\u0e2d\u0e31\u0e15\u0e42\u0e19\u0e21\u0e31\u0e15\u0e34\u0e1e\u0e23\u0e49\u0e2d\u0e21\u0e23\u0e30\u0e1a\u0e1a\u0e2d\u0e1a\u0e41\u0e2b\u0e49\u0e07\u0e43\u0e19\u0e15\u0e31\u0e27 (IR\/UV)<\/a><br \/>\n<a href=\"https:\/\/wheelrestore.com\/th\/products\/blast-cabinet-filtration\/\"><strong data-start=\"1757\" data-end=\"1789\">\u0e40\u0e04\u0e23\u0e37\u0e48\u0e2d\u0e07\u0e1e\u0e48\u0e19\u0e25\u0e49\u0e2d WM750<\/strong><\/a> \u2013 <a href=\"https:\/\/wheelrestore.com\/th\/products\/blast-cabinet-filtration\/\">\u0e19\u0e49\u0e33\u0e22\u0e32\u0e17\u0e33\u0e04\u0e27\u0e32\u0e21\u0e2a\u0e30\u0e2d\u0e32\u0e14\u0e25\u0e48\u0e27\u0e07\u0e2b\u0e19\u0e49\u0e32\u0e41\u0e1a\u0e1a\u0e01\u0e36\u0e48\u0e07\u0e2d\u0e31\u0e15\u0e42\u0e19\u0e21\u0e31\u0e15\u0e34\u0e1e\u0e23\u0e49\u0e2d\u0e21\u0e23\u0e30\u0e1a\u0e1a\u0e01\u0e23\u0e2d\u0e07\u0e43\u0e19\u0e15\u0e31\u0e27<\/a><br \/>\n<a href=\"https:\/\/wheelrestore.com\/th\/products\/electro-hydraulic-wheel-straightener\/\"><strong data-start=\"1856\" data-end=\"1884\">\u0e40\u0e04\u0e23\u0e37\u0e48\u0e2d\u0e07\u0e22\u0e37\u0e14\u0e25\u0e49\u0e2d WM300<\/strong><\/a> \u2013 <a href=\"https:\/\/wheelrestore.com\/th\/products\/electro-hydraulic-wheel-straightener\/\">\u0e40\u0e04\u0e23\u0e37\u0e48\u0e2d\u0e07\u0e08\u0e31\u0e01\u0e23\u0e44\u0e2e\u0e14\u0e23\u0e2d\u0e25\u0e34\u0e01\u0e44\u0e1f\u0e1f\u0e49\u0e32\u0e2a\u0e33\u0e2b\u0e23\u0e31\u0e1a\u0e01\u0e32\u0e23\u0e01\u0e33\u0e2b\u0e19\u0e14\u0e17\u0e34\u0e28\u0e17\u0e32\u0e07\u0e17\u0e35\u0e48\u0e23\u0e27\u0e14\u0e40\u0e23\u0e47\u0e27\u0e41\u0e25\u0e30\u0e41\u0e21\u0e48\u0e19\u0e22\u0e33<\/a><\/p>\n<p>\u0e41\u0e2d\u0e1b Genom Wheel Restore \u0e2b\u0e23\u0e37\u0e2d SAS-plattformen \u0e2b\u0e23\u0e37\u0e2d\u0e40\u0e2d\u0e01\u0e2a\u0e32\u0e23\u0e01\u0e32\u0e23\u0e0b\u0e48\u0e2d\u0e21\u0e41\u0e0b\u0e21\u0e41\u0e25\u0e30\u0e02\u0e31\u0e49\u0e19\u0e15\u0e2d\u0e19\u0e14\u0e34\u0e08\u0e34\u0e17\u0e31\u0e25 \u2013 \u0e1f\u0e31\u0e07\u0e01\u0e4c\u0e0a\u0e31\u0e19\u0e01\u0e32\u0e23\u0e17\u0e33\u0e07\u0e32\u0e19\u0e2d\u0e37\u0e48\u0e19 \u0e46 \u0e40\u0e0a\u0e48\u0e19\u0e02\u0e31\u0e49\u0e19\u0e15\u0e2d\u0e19\u0e01\u0e32\u0e23\u0e17\u0e33\u0e07\u0e32\u0e19\u0e41\u0e25\u0e30\u0e01\u0e32\u0e23\u0e14\u0e33\u0e40\u0e19\u0e34\u0e19\u0e01\u0e32\u0e23\u0e2d\u0e37\u0e48\u0e19 \u0e46.<\/p>\n<h2 data-start=\"2125\" data-end=\"2172\">Cirkul\u00e4r ekonomi och h\u00e5llbarhet \u0e41\u0e25\u0e30 fokus<\/h2>\n<p data-start=\"2174\" data-end=\"2421\">B\u00e5de Wheel Restore \u0e41\u0e25\u0e30 Continova \u0e08\u0e30\u0e14\u0e33\u0e40\u0e19\u0e34\u0e19\u0e01\u0e32\u0e23\u0e0b\u0e48\u0e2d\u0e21\u0e41\u0e0b\u0e21\u0e41\u0e25\u0e30\u0e14\u0e33\u0e40\u0e19\u0e34\u0e19\u0e01\u0e32\u0e23\u0e15\u0e48\u0e2d\u0e44\u0e1b Att renovera en skadad f\u00e4lg ist\u00e4llet f\u00f6r att ers\u00e4tta den med en ny minskar CO\u2082-utsl\u00e4pp, \u0e41\u0e1a\u0e48\u0e07\u0e27\u0e31\u0e2a\u0e14\u0e38 och bidrar \u0e08\u0e19\u0e16\u0e36\u0e07 en mer cirkul\u00e4r fordonsindustri.<\/p>\n<blockquote data-start=\"2423\" data-end=\"2823\">\n<p data-start=\"2425\" data-end=\"2823\">\u201cSvenska verkst\u00e4der efterfr\u00e5gar l\u00f6sningar som kombinerar effektivitet, l\u00f6nsamhet och h\u00e5llbarhet,\u201d s\u00e4ger <strong data-start=\"2529\" data-end=\"2588\">Claes T\u00f6rnqvist, VD \/ \u0e01\u0e23\u0e23\u0e21\u0e01\u0e32\u0e23\u0e1c\u0e39\u0e49\u0e08\u0e31\u0e14\u0e01\u0e32\u0e23\u0e02\u0e2d\u0e07 Continova AB<\/strong>. - \u201cMed Wheel Restore f\u00e5r vi m\u00f6jlighet att erbjuda marknadens mest avancerade och h\u00e5llbara system for f\u00f6r f\u00e4lgreparation \u2013 utvecklade ochtilverkade i Danmark. Vi ser fram emot att hj\u00e4lpa v\u00e5ra kunder ta n\u00e4sta steg mot framtidens verkstad\u201d<\/p>\n<\/blockquote>\n\n\t\t<\/div>\n\t<\/div>\n<\/div><\/div><\/div><div class=\"nm_column wpb_column vc_column_container col-sm-4 vc_col-sm-4\"><div class=\"vc_column-inner\"><div class=\"wpb_wrapper\"><div class=\"vc_empty_space\"   style=\"height: 25px\"><span class=\"vc_empty_space_inner\"><\/span><\/div>\n\t<div class=\"wpb_text_column wpb_content_element\" >\n\t\t<div class=\"wpb_wrapper\">\n\t\t\t<h3 data-start=\"2830\" data-end=\"2854\"><strong data-start=\"2834\" data-end=\"2854\">\u0e01\u0e32\u0e23\u0e1f\u0e37\u0e49\u0e19\u0e1f\u0e39\u0e27\u0e07\u0e25\u0e49\u0e2d\u0e42\u0e2d\u0e21<\/strong><\/h3>\n<p data-start=\"2855\" data-end=\"3306\">Wheel Restore Company ApS \u0e2d\u0e22\u0e39\u0e48\u0e43\u0e19\u0e01\u0e25\u0e38\u0e48\u0e21 HBC \u0e41\u0e25\u0e30\u0e40\u0e1b\u0e47\u0e19\u0e1c\u0e39\u0e49\u0e19\u0e33\u0e23\u0e30\u0e14\u0e31\u0e1a\u0e42\u0e25\u0e01\u0e43\u0e19\u0e01\u0e32\u0e23\u0e14\u0e33\u0e40\u0e19\u0e34\u0e19\u0e01\u0e32\u0e23\u0e2d\u0e31\u0e15\u0e42\u0e19\u0e21\u0e31\u0e15\u0e34\u0e40\u0e1e\u0e37\u0e48\u0e2d\u0e01\u0e32\u0e23\u0e14\u0e33\u0e40\u0e19\u0e34\u0e19\u0e01\u0e32\u0e23 F\u00f6retaget erbjuder ett komplett ekosystem av maskiner, f\u00e4rgblandningssystem, \u0e1b\u0e23\u0e32\u0e01\u0e0f\u0e08\u0e32\u0e01 eftermarknadsst\u00f6d \u0e2d\u0e32\u0e22\u0e38 25 \u0e1b\u0e35\u0e02\u0e36\u0e49\u0e19\u0e44\u0e1b Wheel Restore Turn-key-l\u00f6sningar until bil\u00e5terf\u00f6rs\u00e4ljare, verkst\u00e4der, d\u00e4ckcenter och OEM-n\u00e4tverk v\u00e4rlden \u00f6ver.<br data-start=\"3227\" data-end=\"3230\" \/><strong data-start=\"3233\" data-end=\"3253\">\u0e02\u0e49\u0e2d\u0e21\u0e39\u0e25\u0e40\u0e1e\u0e34\u0e48\u0e21\u0e40\u0e15\u0e34\u0e21:<\/strong> <a class=\"decorated-link\" href=\"https:\/\/wheelrestore.com\/th\/\" target=\"_new\" rel=\"noopener\" data-start=\"3254\" data-end=\"3306\">www.wheelrestore.com<\/a><\/p>\n\n\t\t<\/div>\n\t<\/div>\n<div class=\"vc_empty_space\"   style=\"height: 32px\"><span class=\"vc_empty_space_inner\"><\/span><\/div>\n\t<div class=\"wpb_text_column wpb_content_element\" >\n\t\t<div class=\"wpb_wrapper\">\n\t\t\t<h3 data-start=\"3308\" data-end=\"3333\"><strong data-start=\"3312\" data-end=\"3331\">\u0e1a\u0e23\u0e34\u0e29\u0e31\u0e17 \u0e42\u0e2d\u0e21 \u0e04\u0e2d\u0e19\u0e15\u0e34\u0e42\u0e19\u0e27\u0e32 \u0e40\u0e2d\u0e1a\u0e35<\/strong><\/h3>\n<p data-start=\"3334\" data-end=\"3698\">Continova AB \u00e4r en helhetsleverant\u00f6r av professionalell uttrusting och f\u00f6rbrukningsmaterial until d\u00e4ck- och bilverkst\u00e4der. \u0e40\u0e21\u0e14 \u0e40\u0e25\u0e14\u0e2d\u0e23\u0e4c\u0e40\u0e14\u0e19 <em data-start=\"3467\" data-end=\"3510\">\u0e1a\u0e23\u0e34\u0e01\u0e32\u0e23, Kunskap, Erfarenhet \u0e41\u0e25\u0e30 Kvalitet<\/em> erbjuder f\u00f6retaget allt fr\u00e5n projektering av kompletta verkst\u00e4der \u0e08\u0e19\u0e16\u0e36\u0e07\u0e01\u0e32\u0e23\u0e15\u0e34\u0e14\u0e15\u0e31\u0e49\u0e07 \u0e01\u0e32\u0e23\u0e2a\u0e23\u0e49\u0e32\u0e07\u0e20\u0e32\u0e1e \u0e41\u0e25\u0e30\u0e01\u0e32\u0e23\u0e1a\u0e23\u0e34\u0e01\u0e32\u0e23\u0e14\u0e49\u0e32\u0e19\u0e40\u0e17\u0e04\u0e19\u0e34\u0e04.<br data-start=\"3627\" data-end=\"3630\" \/><strong data-start=\"3633\" data-end=\"3653\">\u0e02\u0e49\u0e2d\u0e21\u0e39\u0e25\u0e40\u0e1e\u0e34\u0e48\u0e21\u0e40\u0e15\u0e34\u0e21:<\/strong> <a class=\"decorated-link\" href=\"https:\/\/www.continova.se\" target=\"_new\" rel=\"noopener\" data-start=\"3654\" data-end=\"3698\">www.continova.se<\/a><\/p>\n\n\t\t<\/div>\n\t<\/div>\n<\/div><\/div><\/div><\/div><div class=\"nm-row nm-row-full vc_row wpb_row\"><div class=\"nm_column wpb_column vc_column_container col-sm-12 vc_col-sm-12\"><div class=\"vc_column-inner\"><div class=\"wpb_wrapper\"><div class=\"vc_empty_space\"   style=\"height: 42px\"><span class=\"vc_empty_space_inner\"><\/span><\/div><\/div><\/div><\/div><\/div><div class=\"nm-row nm-row-boxed vc_row wpb_row nm-row-flex nm-row-equal-height  vc_custom_1762434504205\"><div class=\"nm_column wpb_column vc_column_container col-sm-8 vc_col-sm-8\"><div class=\"vc_column-inner\"><div class=\"wpb_wrapper\"><div class=\"vc_empty_space\"   style=\"height: 32px\"><span class=\"vc_empty_space_inner\"><\/span><\/div><h2 style=\"text-align: left\" class=\"vc_custom_heading\" >\u0e15\u0e34\u0e14\u0e15\u0e48\u0e2d\u0e40\u0e23\u0e32<\/h2><div class=\"vc_empty_space\"   style=\"height: 20px\"><span class=\"vc_empty_space_inner\"><\/span><\/div>\n\t<div class=\"wpb_text_column wpb_content_element\" >\n\t\t<div class=\"wpb_wrapper\">\n\t\t\t<p data-start=\"3705\" data-end=\"3849\"><strong data-start=\"3727\" data-end=\"3752\">\u0e40\u0e08\u0e04\u0e2d\u0e1a \u0e1a\u0e23\u0e32\u0e40\u0e18\u0e2d\u0e23\u0e4c \u0e04\u0e23\u0e34\u0e2a\u0e40\u0e15\u0e19\u0e40\u0e0b\u0e48\u0e19<\/strong><br data-start=\"3752\" data-end=\"3755\" \/>\u0e1c\u0e39\u0e49\u0e2d\u0e33\u0e19\u0e27\u0e22\u0e01\u0e32\u0e23\u0e1d\u0e48\u0e32\u0e22\u0e02\u0e32\u0e22\u0e01\u0e25\u0e38\u0e48\u0e21 Wheel Restore \/ HBC Group<br data-start=\"3802\" data-end=\"3805\" \/>+45 26 85 84 10<br data-start=\"3823\" data-end=\"3826\" \/><a class=\"decorated-link\" href=\"mailto:jbc@hbc-system.com\" rel=\"noopener\" data-start=\"3829\" data-end=\"3847\">jbc@hbc-system.com<\/a><\/p>\n<p data-start=\"3851\" data-end=\"3956\"><strong data-start=\"3851\" data-end=\"3870\">\u0e40\u0e04\u0e25\u0e2a \u0e17\u0e2d\u0e23\u0e4c\u0e19\u0e04\u0e27\u0e34\u0e2a\u0e15\u0e4c<\/strong><br data-start=\"3870\" data-end=\"3873\" \/>VD \/ \u0e01\u0e23\u0e23\u0e21\u0e01\u0e32\u0e23\u0e1c\u0e39\u0e49\u0e08\u0e31\u0e14\u0e01\u0e32\u0e23 Continova AB<br data-start=\"3909\" data-end=\"3912\" \/>+46 300 52 14 00<br data-start=\"3931\" data-end=\"3934\" \/><a href=\"mailto:claes.tornqvist@continova.se\"><span data-olk-copy-source=\"MessageBody\">claes.tornqvist@continova.se<\/span><\/a><\/p>\n\n\t\t<\/div>\n\t<\/div>\n<div class=\"vc_empty_space\"   style=\"height: 40px\"><span class=\"vc_empty_space_inner\"><\/span><\/div><\/div><\/div><\/div><div class=\"nm_column wpb_column vc_column_container col-sm-4 vc_col-sm-4\"><div class=\"vc_column-inner\"><div class=\"wpb_wrapper\"><div class=\"vc_empty_space\"   style=\"height: 20px\"><span class=\"vc_empty_space_inner\"><\/span><\/div><\/div><\/div><\/div><\/div><div class=\"nm-row nm-row-full vc_row wpb_row\"><div class=\"nm_column wpb_column vc_column_container col-sm-12 vc_col-sm-12\"><div class=\"vc_column-inner\"><div class=\"wpb_wrapper\"><div class=\"vc_empty_space\"   style=\"height: 55px\"><span class=\"vc_empty_space_inner\"><\/span><\/div><\/div><\/div><\/div><\/div>\n<\/div>","protected":false},"excerpt":{"rendered":"\u0e02\u0e48\u0e32\u0e27\u0e1b\u0e23\u0e30\u0e0a\u0e32\u0e2a\u0e31\u0e21\u0e1e\u0e31\u0e19\u0e18\u0e4c 09:30 - 28 \u0e1e\u0e24\u0e28\u0e08\u0e34\u0e01\u0e32\u0e22\u0e19 2025 Wheel Restore \u0e41\u0e15\u0e48\u0e07\u0e15\u0e31\u0e49\u0e07 Continova AB \u0e40\u0e1b\u0e47\u0e19\u0e15\u0e31\u0e27\u0e41\u0e17\u0e19\u0e08\u0e33\u0e2b\u0e19\u0e48\u0e32\u0e22\u0e43\u0e19\u0e2a\u0e27\u0e35\u0e40\u0e14\u0e19 St\u00f8vring, \u0e40\u0e14\u0e19\u0e21\u0e32\u0e23\u0e4c\u0e01 \/ Kungsbacka, \u0e2a\u0e27\u0e35\u0e40\u0e14\u0e19 Wheel Restore \u0e1c\u0e39\u0e49\u0e19\u0e33\u0e23\u0e30\u0e14\u0e31\u0e1a\u0e42\u0e25\u0e01\u0e14\u0e49\u0e32\u0e19\u0e42\u0e0b\u0e25\u0e39\u0e0a\u0e31\u0e19\u0e2d\u0e31\u0e15\u0e42\u0e19\u0e21\u0e31\u0e15\u0e34\u0e2a\u0e33\u0e2b\u0e23\u0e31\u0e1a\u0e01\u0e32\u0e23\u0e0b\u0e48\u0e2d\u0e21\u0e41\u0e0b\u0e21\u0e41\u0e25\u0e30\u0e1f\u0e37\u0e49\u0e19\u0e1f\u0e39\u0e25\u0e49\u0e2d\u0e23\u0e16\u0e22\u0e19\u0e15\u0e4c \u0e40\u0e2a\u0e23\u0e34\u0e21\u0e04\u0e27\u0e32\u0e21\u0e41\u0e02\u0e47\u0e07\u0e41\u0e01\u0e23\u0e48\u0e07\u0e43\u0e19\u0e15\u0e25\u0e32\u0e14\u0e19\u0e2d\u0e23\u0e4c\u0e14\u0e34\u0e01\u0e14\u0e49\u0e27\u0e22\u0e01\u0e32\u0e23\u0e41\u0e15\u0e48\u0e07\u0e15\u0e31\u0e49\u0e07 Continova AB \u0e40\u0e1b\u0e47\u0e19\u0e15\u0e31\u0e27\u0e41\u0e17\u0e19\u0e08\u0e33\u0e2b\u0e19\u0e48\u0e32\u0e22\u0e43\u0e19\u0e2a\u0e27\u0e35\u0e40\u0e14\u0e19\u0e04\u0e27\u0e32\u0e21\u0e23\u0e48\u0e27\u0e21\u0e21\u0e37\u0e2d\u0e19\u0e35\u0e49\u0e16\u0e37\u0e2d\u0e40\u0e1b\u0e47\u0e19\u0e01\u0e49\u0e32\u0e27\u0e2a\u0e33\u0e04\u0e31\u0e0d\u0e43\u0e19\u0e01\u0e25\u0e22\u0e38\u0e17\u0e18\u0e4c\u0e02\u0e2d\u0e07 Wheel Restores \u0e17\u0e35\u0e48\u0e08\u0e30\u0e17\u0e33\u0e43\u0e2b\u0e49 [...]","protected":false},"author":2,"featured_media":0,"parent":0,"menu_order":0,"comment_status":"closed","ping_status":"closed","template":"templates\/page-full.php","meta":{"content-type":"","footnotes":""},"class_list":["post-4040","page","type-page","status-publish","hentry"],"yoast_head":"<!-- This site is optimized with the Yoast SEO Premium plugin v21.4 (Yoast SEO v25.0) - https:\/\/yoast.com\/wordpress\/plugins\/seo\/ -->\n<title>Press Release - Sweden - Continova - WheelRestore<\/title>\n<meta name=\"robots\" content=\"index, follow, max-snippet:-1, max-image-preview:large, max-video-preview:-1\" \/>\n<link rel=\"canonical\" href=\"https:\/\/wheelrestore.com\/th\/continova\/\" \/>\n<meta property=\"og:locale\" content=\"th_TH\" \/>\n<meta property=\"og:type\" content=\"article\" \/>\n<meta property=\"og:title\" content=\"Press Release - Sweden - Continova\" \/>\n<meta property=\"og:url\" content=\"https:\/\/wheelrestore.com\/th\/continova\/\" \/>\n<meta property=\"og:site_name\" content=\"WheelRestore\" \/>\n<meta property=\"article:modified_time\" content=\"2025-11-27T08:01:20+00:00\" \/>\n<meta name=\"twitter:card\" content=\"summary_large_image\" \/>\n<meta name=\"twitter:label1\" content=\"Est. reading time\" \/>\n\t<meta name=\"twitter:data1\" content=\"3 \u0e19\u0e32\u0e17\u0e35\" \/>\n<script type=\"application\/ld+json\" class=\"yoast-schema-graph\">{\"@context\":\"https:\/\/schema.org\",\"@graph\":[{\"@type\":\"WebPage\",\"@id\":\"https:\/\/wheelrestore.com\/continova\/\",\"url\":\"https:\/\/wheelrestore.com\/continova\/\",\"name\":\"Press Release - Sweden - Continova - WheelRestore\",\"isPartOf\":{\"@id\":\"https:\/\/wheelrestore.com\/#website\"},\"datePublished\":\"2025-11-06T13:00:06+00:00\",\"dateModified\":\"2025-11-27T08:01:20+00:00\",\"breadcrumb\":{\"@id\":\"https:\/\/wheelrestore.com\/continova\/#breadcrumb\"},\"inLanguage\":\"th\",\"potentialAction\":[{\"@type\":\"ReadAction\",\"target\":[\"https:\/\/wheelrestore.com\/continova\/\"]}]},{\"@type\":\"BreadcrumbList\",\"@id\":\"https:\/\/wheelrestore.com\/continova\/#breadcrumb\",\"itemListElement\":[{\"@type\":\"ListItem\",\"position\":1,\"name\":\"Home\",\"item\":\"https:\/\/wheelrestore.com\/\"},{\"@type\":\"ListItem\",\"position\":2,\"name\":\"Press Release &#8211; Sweden &#8211; Continova\"}]},{\"@type\":\"WebSite\",\"@id\":\"https:\/\/wheelrestore.com\/#website\",\"url\":\"https:\/\/wheelrestore.com\/\",\"name\":\"WheelRestore\",\"description\":\"\",\"potentialAction\":[{\"@type\":\"SearchAction\",\"target\":{\"@type\":\"EntryPoint\",\"urlTemplate\":\"https:\/\/wheelrestore.com\/?s={search_term_string}\"},\"query-input\":{\"@type\":\"PropertyValueSpecification\",\"valueRequired\":true,\"valueName\":\"search_term_string\"}}],\"inLanguage\":\"th\"}]}<\/script>\n<!-- \/ Yoast SEO Premium plugin. -->","yoast_head_json":{"title":"\u0e02\u0e48\u0e32\u0e27\u0e1b\u0e23\u0e30\u0e0a\u0e32\u0e2a\u0e31\u0e21\u0e1e\u0e31\u0e19\u0e18\u0e4c - \u0e2a\u0e27\u0e35\u0e40\u0e14\u0e19 - Continova - WheelRestore","robots":{"index":"index","follow":"follow","max-snippet":"max-snippet:-1","max-image-preview":"max-image-preview:large","max-video-preview":"max-video-preview:-1"},"canonical":"https:\/\/wheelrestore.com\/th\/continova\/","og_locale":"th_TH","og_type":"article","og_title":"Press Release - Sweden - Continova","og_url":"https:\/\/wheelrestore.com\/th\/continova\/","og_site_name":"WheelRestore","article_modified_time":"2025-11-27T08:01:20+00:00","twitter_card":"summary_large_image","twitter_misc":{"Est. reading time":"3 \u0e19\u0e32\u0e17\u0e35"},"schema":{"@context":"https:\/\/schema.org","@graph":[{"@type":"WebPage","@id":"https:\/\/wheelrestore.com\/continova\/","url":"https:\/\/wheelrestore.com\/continova\/","name":"\u0e02\u0e48\u0e32\u0e27\u0e1b\u0e23\u0e30\u0e0a\u0e32\u0e2a\u0e31\u0e21\u0e1e\u0e31\u0e19\u0e18\u0e4c - \u0e2a\u0e27\u0e35\u0e40\u0e14\u0e19 - Continova - WheelRestore","isPartOf":{"@id":"https:\/\/wheelrestore.com\/#website"},"datePublished":"2025-11-06T13:00:06+00:00","dateModified":"2025-11-27T08:01:20+00:00","breadcrumb":{"@id":"https:\/\/wheelrestore.com\/continova\/#breadcrumb"},"inLanguage":"th","potentialAction":[{"@type":"ReadAction","target":["https:\/\/wheelrestore.com\/continova\/"]}]},{"@type":"BreadcrumbList","@id":"https:\/\/wheelrestore.com\/continova\/#breadcrumb","itemListElement":[{"@type":"ListItem","position":1,"name":"Home","item":"https:\/\/wheelrestore.com\/"},{"@type":"ListItem","position":2,"name":"Press Release &#8211; Sweden &#8211; Continova"}]},{"@type":"WebSite","@id":"https:\/\/wheelrestore.com\/#website","url":"https:\/\/wheelrestore.com\/","name":"\u0e27\u0e35\u0e25\u0e23\u0e35\u0e2a\u0e42\u0e15\u0e23\u0e4c","description":"","potentialAction":[{"@type":"SearchAction","target":{"@type":"EntryPoint","urlTemplate":"https:\/\/wheelrestore.com\/?s={search_term_string}"},"query-input":{"@type":"PropertyValueSpecification","valueRequired":true,"valueName":"search_term_string"}}],"inLanguage":"th"}]}},"_links":{"self":[{"href":"https:\/\/wheelrestore.com\/th\/wp-json\/wp\/v2\/pages\/4040","targetHints":{"allow":["GET"]}}],"collection":[{"href":"https:\/\/wheelrestore.com\/th\/wp-json\/wp\/v2\/pages"}],"about":[{"href":"https:\/\/wheelrestore.com\/th\/wp-json\/wp\/v2\/types\/page"}],"author":[{"embeddable":true,"href":"https:\/\/wheelrestore.com\/th\/wp-json\/wp\/v2\/users\/2"}],"replies":[{"embeddable":true,"href":"https:\/\/wheelrestore.com\/th\/wp-json\/wp\/v2\/comments?post=4040"}],"version-history":[{"count":95,"href":"https:\/\/wheelrestore.com\/th\/wp-json\/wp\/v2\/pages\/4040\/revisions"}],"predecessor-version":[{"id":4147,"href":"https:\/\/wheelrestore.com\/th\/wp-json\/wp\/v2\/pages\/4040\/revisions\/4147"}],"wp:attachment":[{"href":"https:\/\/wheelrestore.com\/th\/wp-json\/wp\/v2\/media?parent=4040"}],"curies":[{"name":"wp","href":"https:\/\/api.w.org\/{rel}","templated":true}]}}