{"id":203,"date":"2023-10-26T06:39:56","date_gmt":"2023-10-26T06:39:56","guid":{"rendered":"https:\/\/wheelrestore.com\/?page_id=203"},"modified":"2025-05-22T11:52:14","modified_gmt":"2025-05-22T11:52:14","slug":"bize-ulasin","status":"publish","type":"page","link":"https:\/\/wheelrestore.com\/tr\/bize-ulasin\/","title":{"rendered":"Bize ula\u015f\u0131n"},"content":{"rendered":"<div class=\"wpb-content-wrapper\"><div class=\"nm-row nm-row-boxed vc_row wpb_row\"><div class=\"nm_column wpb_column vc_column_container col-sm-12 vc_col-sm-12\"><div class=\"vc_column-inner\"><div class=\"wpb_wrapper\"><!-- start breadcrumbs -->\n\n\t\t\t<p id=\"breadcrumbs\">\n    <span><span><a href=\"https:\/\/wheelrestore.com\/tr\/\">Ev<\/a><\/span><\/span>\n<\/p>\n\t\t\t<!-- end breadcrumbs --><\/div><\/div><\/div><\/div><div class=\"nm-row nm-row-boxed vc_row wpb_row\"><div class=\"nm_column wpb_column vc_column_container col-sm-4 vc_col-sm-4\"><div class=\"vc_column-inner\"><div class=\"wpb_wrapper\"><div class=\"vc_empty_space\"   style=\"height: 25px\"><span class=\"vc_empty_space_inner\"><\/span><\/div><h1 style=\"font-size: 34px;line-height: 1.1;text-align: left;font-family:Roboto;font-weight:900;font-style:normal\" class=\"vc_custom_heading\" >B\u0130ZE ULA\u015eIN<\/h1><div class=\"vc_empty_space\"   style=\"height: 15px\"><span class=\"vc_empty_space_inner\"><\/span><\/div><\/div><\/div><\/div><div class=\"nm_column wpb_column vc_column_container col-sm-8 vc_col-sm-8\"><div class=\"vc_column-inner\"><div class=\"wpb_wrapper\"><div class=\"vc_empty_space\"   style=\"height: 25px\"><span class=\"vc_empty_space_inner\"><\/span><\/div>\n\t<div class=\"wpb_text_column wpb_content_element\" >\n\t\t<div class=\"wpb_wrapper\">\n\t\t\t<p>Bir Wheel Restore \u00fcr\u00fcn\u00fcyle ilgili yard\u0131ma m\u0131 ihtiyac\u0131n\u0131z var veya bir sorunuz mu var? Wheel Restore ekibimizle ileti\u015fime ge\u00e7in. A\u015fa\u011f\u0131daki ileti\u015fim formunu doldurun, en k\u0131sa s\u00fcrede size geri d\u00f6nece\u011fiz.<\/p>\n\n\t\t<\/div>\n\t<\/div>\n<div class=\"vc_empty_space\"   style=\"height: 15px\"><span class=\"vc_empty_space_inner\"><\/span><\/div><\/div><\/div><\/div><\/div><div class=\"nm-row nm-row-full vc_row wpb_row\"><div class=\"nm_column wpb_column vc_column_container col-sm-12 vc_col-sm-12\"><div class=\"vc_column-inner\"><div class=\"wpb_wrapper\"><div class=\"vc_empty_space\"   style=\"height: 32px\"><span class=\"vc_empty_space_inner\"><\/span><\/div><\/div><\/div><\/div><\/div><div class=\"nm-row nm-row-boxed vc_row wpb_row\"><div class=\"nm_column wpb_column vc_column_container col-sm-8 vc_col-sm-8\"><div class=\"vc_column-inner\"><div class=\"wpb_wrapper\">\n<div class=\"wpcf7 no-js\" id=\"wpcf7-f11-o1\" lang=\"en-US\" dir=\"ltr\" data-wpcf7-id=\"11\">\n<div class=\"screen-reader-response\"><p role=\"status\" aria-live=\"polite\" aria-atomic=\"true\"><\/p> <ul><\/ul><\/div>\n<form action=\"\/tr\/wp-json\/wp\/v2\/pages\/203#wpcf7-f11-o1\" method=\"post\" class=\"wpcf7-form init\" aria-label=\"\u0130leti\u015fim formu\" novalidate=\"novalidate\" data-status=\"init\" data-trp-original-action=\"\/tr\/wp-json\/wp\/v2\/pages\/203#wpcf7-f11-o1\">\n<fieldset class=\"hidden-fields-container\"><input type=\"hidden\" name=\"_wpcf7\" value=\"11\" \/><input type=\"hidden\" name=\"_wpcf7_version\" value=\"6.1.5\" \/><input type=\"hidden\" name=\"_wpcf7_locale\" value=\"en_US\" \/><input type=\"hidden\" name=\"_wpcf7_unit_tag\" value=\"wpcf7-f11-o1\" \/><input type=\"hidden\" name=\"_wpcf7_container_post\" value=\"0\" \/><input type=\"hidden\" name=\"_wpcf7_posted_data_hash\" value=\"\" \/>\n<\/fieldset>\n<div class=\"col-sm-6\" style=\"flex-grow: 1\">\n\t<p><label> \u0130sminiz?<br \/>\n<span class=\"wpcf7-form-control-wrap\" data-name=\"your-name\"><input size=\"40\" maxlength=\"400\" class=\"wpcf7-form-control wpcf7-text wpcf7-validates-as-required\" autocomplete=\"name\" aria-required=\"true\" aria-invalid=\"false\" value=\"\" type=\"text\" name=\"your-name\" \/><\/span> <\/label>\n\t<\/p>\n<\/div>\n<div class=\"col-sm-6\" style=\"flex-grow: 1\">\n\t<p><label> E-postan m\u0131?<br \/>\n<span class=\"wpcf7-form-control-wrap\" data-name=\"your-email\"><input size=\"40\" maxlength=\"400\" class=\"wpcf7-form-control wpcf7-email wpcf7-validates-as-required wpcf7-text wpcf7-validates-as-email\" autocomplete=\"email\" aria-required=\"true\" aria-invalid=\"false\" value=\"\" type=\"email\" name=\"your-email\" \/><\/span> <\/label>\n\t<\/p>\n<\/div>\n<div class=\"col-sm-6\" style=\"flex-grow: 1\">\n\t<p><label> Telefon numaran m\u0131?<br \/>\n<span class=\"wpcf7-form-control-wrap\" data-name=\"tel-917\"><input size=\"40\" maxlength=\"400\" class=\"wpcf7-form-control wpcf7-tel wpcf7-validates-as-required wpcf7-text wpcf7-validates-as-tel\" autocomplete=\"tel\" aria-required=\"true\" aria-invalid=\"false\" value=\"\" type=\"tel\" name=\"tel-917\" \/><\/span> <\/label>\n\t<\/p>\n<\/div>\n<div class=\"col-sm-6\" style=\"flex-grow: 1\">\n\t<p><label> \u015eirket<br \/>\n<span class=\"wpcf7-form-control-wrap\" data-name=\"your-company\"><input size=\"40\" maxlength=\"400\" class=\"wpcf7-form-control wpcf7-text wpcf7-validates-as-required\" autocomplete=\"organization\" aria-required=\"true\" aria-invalid=\"false\" value=\"\" type=\"text\" name=\"your-company\" \/><\/span> <\/label>\n\t<\/p>\n<\/div>\n<div class=\"col-sm-6\" style=\"flex-grow: 1\">\n\t<p><label> Sizin \u00fclkeniz<br \/>\n<span class=\"wpcf7-form-control-wrap\" data-name=\"your-country\"><input size=\"40\" maxlength=\"400\" class=\"wpcf7-form-control wpcf7-text wpcf7-validates-as-required\" autocomplete=\"country\" aria-required=\"true\" aria-invalid=\"false\" value=\"\" type=\"text\" name=\"your-country\" \/><\/span> <\/label>\n\t<\/p>\n<\/div>\n<div class=\"col-sm-6\" style=\"flex-grow: 1\">\n\t<p><label> Bizi nereden duydunuz?<br \/>\n<span class=\"wpcf7-form-control-wrap\" data-name=\"where-about\"><input size=\"40\" maxlength=\"400\" class=\"wpcf7-form-control wpcf7-text\" aria-invalid=\"false\" value=\"\" type=\"text\" name=\"where-about\" \/><\/span> <\/label>\n\t<\/p>\n<\/div>\n<div class=\"col-sm-6\" style=\"flex-grow: 1\">\n\t<p><label> \u00d6ncelikli ilgi alan\u0131n\u0131z nedir?<\/label><br \/>\n<span class=\"wpcf7-form-control-wrap\" data-name=\"checkbox-plastic\"><span class=\"wpcf7-form-control wpcf7-checkbox\"><span class=\"wpcf7-list-item first\"><label><input type=\"checkbox\" name=\"checkbox-plastic[]\" value=\"Distribution\" \/><span class=\"wpcf7-list-item-label\">Da\u011f\u0131t\u0131m<\/span><\/label><\/span><span class=\"wpcf7-list-item\"><label><input type=\"checkbox\" name=\"checkbox-plastic[]\" value=\"Financing\" \/><span class=\"wpcf7-list-item-label\">Finansman<\/span><\/label><\/span><span class=\"wpcf7-list-item\"><label><input type=\"checkbox\" name=\"checkbox-plastic[]\" value=\"Diamond Cut Machine\" \/><span class=\"wpcf7-list-item-label\">Elmas Kesim Makinesi<\/span><\/label><\/span><span class=\"wpcf7-list-item\"><label><input type=\"checkbox\" name=\"checkbox-plastic[]\" value=\"Automatic Wheel Painting Robot\" \/><span class=\"wpcf7-list-item-label\">Otomatik Tekerlek Boyama Robotu<\/span><\/label><\/span><span class=\"wpcf7-list-item\"><label><input type=\"checkbox\" name=\"checkbox-plastic[]\" value=\"Wheel Blast Cabinet\" \/><span class=\"wpcf7-list-item-label\">Tekerlek Patlatma Dolab\u0131<\/span><\/label><\/span><span class=\"wpcf7-list-item\"><label><input type=\"checkbox\" name=\"checkbox-plastic[]\" value=\"Wheel Straightener\" \/><span class=\"wpcf7-list-item-label\">Tekerlek D\u00fczle\u015ftirici<\/span><\/label><\/span><span class=\"wpcf7-list-item\"><label><input type=\"checkbox\" name=\"checkbox-plastic[]\" value=\"Tyre Bead Breaker\" \/><span class=\"wpcf7-list-item-label\">Lastik Damak K\u0131r\u0131c\u0131<\/span><\/label><\/span><span class=\"wpcf7-list-item last\"><label><input type=\"checkbox\" name=\"checkbox-plastic[]\" value=\"Wheel Prep and Spray Bays\" \/><span class=\"wpcf7-list-item-label\">Jant Haz\u0131rlama ve P\u00fcsk\u00fcrtme B\u00f6lmeleri<\/span><\/label><\/span><\/span><\/span>\n\t<\/p>\n<\/div>\n<div class=\"col-sm-6\" style=\"flex-grow: 1\">\n\t<p><label> Ek yorumlar<br \/>\n<span class=\"wpcf7-form-control-wrap\" data-name=\"your-message\"><textarea cols=\"40\" rows=\"10\" maxlength=\"2000\" class=\"wpcf7-form-control wpcf7-textarea\" aria-invalid=\"false\" name=\"your-message\"><\/textarea><\/span> <\/label>\n\t<\/p>\n<\/div>\n<div id=\"cf7sr-69e16ed5a51f3\" class=\"cf7sr-g-turnstile\" data-theme=\"light\" data-language=\"auto\" data-size=\"normal\" data-appearance=\"always\" data-sitekey=\"0x4AAAAAAA5xiFo_x3gkQ4tE\"><\/div><span class=\"wpcf7-form-control-wrap cf7sr-turnstile\" data-name=\"cf7sr-turnstile\"><input type=\"hidden\" name=\"cf7sr-turnstile\" value=\"\" class=\"wpcf7-form-control\"><\/span>\n<\/p>\n<div class=\"col-sm-12\" style=\"flex-grow: 1\">\n\t<p><input class=\"wpcf7-form-control wpcf7-submit has-spinner\" type=\"submit\" value=\"G\u00f6nder\" \/>\n\t<\/p>\n<\/div><div class=\"wpcf7-response-output\" aria-hidden=\"true\"><\/div>\n<input type=\"hidden\" name=\"trp-form-language\" value=\"tr\"\/><\/form>\n<\/div>\n<\/div><\/div><\/div><div class=\"nm_column wpb_column vc_column_container col-sm-4 vc_col-sm-4\"><div class=\"vc_column-inner\"><div class=\"wpb_wrapper\"><div class=\"vc_empty_space\"   style=\"height: 32px\"><span class=\"vc_empty_space_inner\"><\/span><\/div><h2 style=\"font-size: 18px;color: #020202;text-align: left;font-family:Montserrat;font-weight:700;font-style:normal\" class=\"vc_custom_heading\" >OF\u0130SLER<\/h2><div class=\"vc_empty_space\"   style=\"height: 20px\"><span class=\"vc_empty_space_inner\"><\/span><\/div>\r\n    <div class=\"nm-divider separator_align_center\">\r\n        <div class=\"nm-divider-line\" style=\"height:2px; \"><\/div>\r\n    <\/div><div class=\"vc_empty_space\"   style=\"height: 20px\"><span class=\"vc_empty_space_inner\"><\/span><\/div><h2 style=\"font-size: 18px;color: #7a003c;text-align: left;font-family:Montserrat;font-weight:700;font-style:normal\" class=\"vc_custom_heading\" >HBC Group Genel Merkezi - Danimarka<\/h2><div class=\"vc_empty_space\"   style=\"height: 10px\"><span class=\"vc_empty_space_inner\"><\/span><\/div>\n\t<div class=\"wpb_text_column wpb_content_element\" >\n\t\t<div class=\"wpb_wrapper\">\n\t\t\t<p>Hobrovej 961-965<br \/>\nDK9530 St\u00f8vring, Danimarka<br \/>\nE-posta:\u00a0<a href=\"mailto:info@hbc-system.com\">info@hbc-system.com<\/a><br \/>\nTelefon: <a href=\"tel:004570227070\">+45 7022 7070<\/a><br \/>\nKDV Sicil no: DK 40293698<\/p>\n\n\t\t<\/div>\n\t<\/div>\n<div class=\"vc_empty_space\"   style=\"height: 20px\"><span class=\"vc_empty_space_inner\"><\/span><\/div>\r\n    <div class=\"nm-divider separator_align_center\">\r\n        <div class=\"nm-divider-line\" style=\"height:2px; \"><\/div>\r\n    <\/div><div class=\"vc_empty_space\"   style=\"height: 20px\"><span class=\"vc_empty_space_inner\"><\/span><\/div><h2 style=\"font-size: 18px;color: #7a003c;text-align: left;font-family:Montserrat;font-weight:700;font-style:normal\" class=\"vc_custom_heading\" >HBC Group Kuzey Amerika Inc.<\/h2><div class=\"vc_empty_space\"   style=\"height: 10px\"><span class=\"vc_empty_space_inner\"><\/span><\/div>\n\t<div class=\"wpb_text_column wpb_content_element\" >\n\t\t<div class=\"wpb_wrapper\">\n\t\t\t<p>370 Jay St. Brooklyn,<br \/>\nNew York, 11201, ABD<\/p>\n\n\t\t<\/div>\n\t<\/div>\n\n\t<div class=\"wpb_text_column wpb_content_element\" >\n\t\t<div class=\"wpb_wrapper\">\n\t\t\t<div class=\"wpb_text_column wpb_content_element vc_custom_1682506002008 text_white\">\n<div class=\"wpb_wrapper\">\n<p>E-posta:\u00a0<a href=\"mailto:info@hbc-system.com\">info@hbc-system.com<\/a><br \/>\nTel.: \u00a0<a href=\"tel:0019179638280\">+1 917 963 8280<\/a><\/p>\n<\/div>\n<\/div>\n\n\t\t<\/div>\n\t<\/div>\n<div class=\"vc_empty_space\"   style=\"height: 20px\"><span class=\"vc_empty_space_inner\"><\/span><\/div>\r\n    <div class=\"nm-divider separator_align_center\">\r\n        <div class=\"nm-divider-line\" style=\"height:2px; \"><\/div>\r\n    <\/div><div class=\"vc_empty_space\"   style=\"height: 20px\"><span class=\"vc_empty_space_inner\"><\/span><\/div><h2 style=\"font-size: 18px;color: #7a003c;text-align: left;font-family:Montserrat;font-weight:700;font-style:normal\" class=\"vc_custom_heading\" >HBC Group Almanya<\/h2><div class=\"vc_empty_space\"   style=\"height: 10px\"><span class=\"vc_empty_space_inner\"><\/span><\/div>\n\t<div class=\"wpb_text_column wpb_content_element\" >\n\t\t<div class=\"wpb_wrapper\">\n\t\t\t<div class=\"wpb_text_column wpb_content_element vc_custom_1682506002008 text_white\">\n<div class=\"wpb_wrapper\">\n<p>E-posta:\u00a0<a href=\"mailto:verkauf@hbc-system.com\">verkauf@hbc-system.com<\/a><br \/>\nTel.: \u00a0<a href=\"tel:004943190499891\">+49 43190499891<\/a><br \/>\nFaks: +49 4307900192<\/p>\n<\/div>\n<\/div>\n\n\t\t<\/div>\n\t<\/div>\n<div class=\"vc_empty_space\"   style=\"height: 20px\"><span class=\"vc_empty_space_inner\"><\/span><\/div><\/div><\/div><\/div><\/div><div class=\"nm-row nm-row-full vc_row wpb_row\"><div class=\"nm_column wpb_column vc_column_container col-sm-12 vc_col-sm-12\"><div class=\"vc_column-inner\"><div class=\"wpb_wrapper\"><div class=\"vc_empty_space\"   style=\"height: 50px\"><span class=\"vc_empty_space_inner\"><\/span><\/div><\/div><\/div><\/div><\/div>\n<\/div>","protected":false},"excerpt":{"rendered":"Beratung auf Deutsch Bizim Felgenreparaturl\u00f6sungen ile ilgileniyor musunuz? Vertriebsteam'\u0131m\u0131zla ileti\u015fime ge\u00e7in veya s\u0131n\u0131rs\u0131z, \u00fccretsiz bir Demo isteyin: +49 431 90499891","protected":false},"author":1,"featured_media":0,"parent":0,"menu_order":0,"comment_status":"closed","ping_status":"closed","template":"templates\/page-full.php","meta":{"content-type":"","footnotes":""},"class_list":["post-203","page","type-page","status-publish","hentry"],"yoast_head":"<!-- This site is optimized with the Yoast SEO Premium plugin v21.4 (Yoast SEO v27.4) - https:\/\/yoast.com\/product\/yoast-seo-premium-wordpress\/ -->\n<title>Contact Wheel Restore - Get in Touch With our Team<\/title>\n<meta name=\"description\" content=\"Need help with a Wheel Restore product or have a question? Reach out to our team\u2014we\u2019re here to help with wheel repair solutions and support.\" \/>\n<meta name=\"robots\" content=\"index, follow, max-snippet:-1, max-image-preview:large, max-video-preview:-1\" \/>\n<link rel=\"canonical\" href=\"https:\/\/wheelrestore.com\/tr\/bize-ulasin\/\" \/>\n<meta property=\"og:locale\" content=\"tr_TR\" \/>\n<meta property=\"og:type\" content=\"article\" \/>\n<meta property=\"og:title\" content=\"Contact us\" \/>\n<meta property=\"og:description\" content=\"Need help with a Wheel Restore product or have a question? Reach out to our team\u2014we\u2019re here to help with wheel repair solutions and support.\" \/>\n<meta property=\"og:url\" content=\"https:\/\/wheelrestore.com\/tr\/bize-ulasin\/\" \/>\n<meta property=\"og:site_name\" content=\"WheelRestore\" \/>\n<meta property=\"article:modified_time\" content=\"2025-05-22T11:52:14+00:00\" \/>\n<meta name=\"twitter:card\" content=\"summary_large_image\" \/>\n<meta name=\"twitter:label1\" content=\"Tahmini okuma s\u00fcresi\" \/>\n\t<meta name=\"twitter:data1\" content=\"1 dakika\" \/>\n<script type=\"application\/ld+json\" class=\"yoast-schema-graph\">{\"@context\":\"https:\\\/\\\/schema.org\",\"@graph\":[{\"@type\":\"WebPage\",\"@id\":\"https:\\\/\\\/wheelrestore.com\\\/contact-us\\\/\",\"url\":\"https:\\\/\\\/wheelrestore.com\\\/contact-us\\\/\",\"name\":\"Contact Wheel Restore - Get in Touch With our Team\",\"isPartOf\":{\"@id\":\"https:\\\/\\\/wheelrestore.com\\\/#website\"},\"datePublished\":\"2023-10-26T06:39:56+00:00\",\"dateModified\":\"2025-05-22T11:52:14+00:00\",\"description\":\"Need help with a Wheel Restore product or have a question? Reach out to our team\u2014we\u2019re here to help with wheel repair solutions and support.\",\"breadcrumb\":{\"@id\":\"https:\\\/\\\/wheelrestore.com\\\/contact-us\\\/#breadcrumb\"},\"inLanguage\":\"tr\",\"potentialAction\":[{\"@type\":\"ReadAction\",\"target\":[\"https:\\\/\\\/wheelrestore.com\\\/contact-us\\\/\"]}]},{\"@type\":\"BreadcrumbList\",\"@id\":\"https:\\\/\\\/wheelrestore.com\\\/contact-us\\\/#breadcrumb\",\"itemListElement\":[{\"@type\":\"ListItem\",\"position\":1,\"name\":\"Home\",\"item\":\"https:\\\/\\\/wheelrestore.com\\\/\"},{\"@type\":\"ListItem\",\"position\":2,\"name\":\"Contact us\"}]},{\"@type\":\"WebSite\",\"@id\":\"https:\\\/\\\/wheelrestore.com\\\/#website\",\"url\":\"https:\\\/\\\/wheelrestore.com\\\/\",\"name\":\"WheelRestore\",\"description\":\"\",\"potentialAction\":[{\"@type\":\"SearchAction\",\"target\":{\"@type\":\"EntryPoint\",\"urlTemplate\":\"https:\\\/\\\/wheelrestore.com\\\/?s={search_term_string}\"},\"query-input\":{\"@type\":\"PropertyValueSpecification\",\"valueRequired\":true,\"valueName\":\"search_term_string\"}}],\"inLanguage\":\"tr\"}]}<\/script>\n<!-- \/ Yoast SEO Premium plugin. -->","yoast_head_json":{"title":"Wheel Restore ile \u0130leti\u015fime Ge\u00e7in - Ekibimizle \u0130leti\u015fime Ge\u00e7in","description":"Bir Wheel Restore \u00fcr\u00fcn\u00fcyle ilgili yard\u0131ma m\u0131 ihtiyac\u0131n\u0131z var veya bir sorunuz mu var? Ekibimize ula\u015f\u0131n; jant onar\u0131m \u00e7\u00f6z\u00fcmleri ve destek konusunda yard\u0131mc\u0131 olmak i\u00e7in buraday\u0131z.","robots":{"index":"index","follow":"follow","max-snippet":"max-snippet:-1","max-image-preview":"max-image-preview:large","max-video-preview":"max-video-preview:-1"},"canonical":"https:\/\/wheelrestore.com\/tr\/bize-ulasin\/","og_locale":"tr_TR","og_type":"article","og_title":"Contact us","og_description":"Need help with a Wheel Restore product or have a question? Reach out to our team\u2014we\u2019re here to help with wheel repair solutions and support.","og_url":"https:\/\/wheelrestore.com\/tr\/bize-ulasin\/","og_site_name":"WheelRestore","article_modified_time":"2025-05-22T11:52:14+00:00","twitter_card":"summary_large_image","twitter_misc":{"Tahmini okuma s\u00fcresi":"1 dakika"},"schema":{"@context":"https:\/\/schema.org","@graph":[{"@type":"WebPage","@id":"https:\/\/wheelrestore.com\/contact-us\/","url":"https:\/\/wheelrestore.com\/contact-us\/","name":"Wheel Restore ile \u0130leti\u015fime Ge\u00e7in - Ekibimizle \u0130leti\u015fime Ge\u00e7in","isPartOf":{"@id":"https:\/\/wheelrestore.com\/#website"},"datePublished":"2023-10-26T06:39:56+00:00","dateModified":"2025-05-22T11:52:14+00:00","description":"Bir Wheel Restore \u00fcr\u00fcn\u00fcyle ilgili yard\u0131ma m\u0131 ihtiyac\u0131n\u0131z var veya bir sorunuz mu var? Ekibimize ula\u015f\u0131n; jant onar\u0131m \u00e7\u00f6z\u00fcmleri ve destek konusunda yard\u0131mc\u0131 olmak i\u00e7in buraday\u0131z.","breadcrumb":{"@id":"https:\/\/wheelrestore.com\/contact-us\/#breadcrumb"},"inLanguage":"tr","potentialAction":[{"@type":"ReadAction","target":["https:\/\/wheelrestore.com\/contact-us\/"]}]},{"@type":"BreadcrumbList","@id":"https:\/\/wheelrestore.com\/contact-us\/#breadcrumb","itemListElement":[{"@type":"ListItem","position":1,"name":"Home","item":"https:\/\/wheelrestore.com\/"},{"@type":"ListItem","position":2,"name":"Contact us"}]},{"@type":"WebSite","@id":"https:\/\/wheelrestore.com\/#website","url":"https:\/\/wheelrestore.com\/","name":"WheelRestore","description":"","potentialAction":[{"@type":"SearchAction","target":{"@type":"EntryPoint","urlTemplate":"https:\/\/wheelrestore.com\/?s={search_term_string}"},"query-input":{"@type":"PropertyValueSpecification","valueRequired":true,"valueName":"search_term_string"}}],"inLanguage":"tr"}]}},"_links":{"self":[{"href":"https:\/\/wheelrestore.com\/tr\/wp-json\/wp\/v2\/pages\/203","targetHints":{"allow":["GET"]}}],"collection":[{"href":"https:\/\/wheelrestore.com\/tr\/wp-json\/wp\/v2\/pages"}],"about":[{"href":"https:\/\/wheelrestore.com\/tr\/wp-json\/wp\/v2\/types\/page"}],"author":[{"embeddable":true,"href":"https:\/\/wheelrestore.com\/tr\/wp-json\/wp\/v2\/users\/1"}],"replies":[{"embeddable":true,"href":"https:\/\/wheelrestore.com\/tr\/wp-json\/wp\/v2\/comments?post=203"}],"version-history":[{"count":26,"href":"https:\/\/wheelrestore.com\/tr\/wp-json\/wp\/v2\/pages\/203\/revisions"}],"predecessor-version":[{"id":2320,"href":"https:\/\/wheelrestore.com\/tr\/wp-json\/wp\/v2\/pages\/203\/revisions\/2320"}],"wp:attachment":[{"href":"https:\/\/wheelrestore.com\/tr\/wp-json\/wp\/v2\/media?parent=203"}],"curies":[{"name":"wp","href":"https:\/\/api.w.org\/{rel}","templated":true}]}}