{"id":88,"date":"2023-10-23T21:40:27","date_gmt":"2023-10-23T21:40:27","guid":{"rendered":"https:\/\/wheelrestore.com\/?page_id=88"},"modified":"2025-05-08T10:02:58","modified_gmt":"2025-05-08T10:02:58","slug":"financing","status":"publish","type":"page","link":"https:\/\/wheelrestore.com\/tr\/financing\/","title":{"rendered":"Finansman"},"content":{"rendered":"<div class=\"wpb-content-wrapper\"><div class=\"nm-row nm-row-boxed vc_row wpb_row\"><div class=\"nm_column wpb_column vc_column_container col-sm-12 vc_col-sm-12\"><div class=\"vc_column-inner\"><div class=\"wpb_wrapper\"><!-- start breadcrumbs -->\n\n\t\t\t<p id=\"breadcrumbs\">\n    <span><span><a href=\"https:\/\/wheelrestore.com\/tr\/\">Ev<\/a><\/span><\/span>\n<\/p>\n\t\t\t<!-- end breadcrumbs --><\/div><\/div><\/div><\/div><div class=\"nm-row nm-row-boxed vc_row wpb_row nm-row-flex nm-row-col-middle\"><div class=\"nm_column wpb_column vc_column_container col-sm-7 vc_col-sm-7\"><div class=\"vc_column-inner\"><div class=\"wpb_wrapper\"><div class=\"vc_empty_space\"   style=\"height: 32px\"><span class=\"vc_empty_space_inner\"><\/span><\/div><h1 style=\"font-size: 34px;color: #111111;line-height: 1.1;text-align: left;font-family:Roboto;font-weight:700;font-style:normal\" class=\"vc_custom_heading\" >CAZI\u0307P FI\u0307NANSMAN \u00c7\u00d6Z\u00dcMLERI\u0307<\/h1><h2 style=\"font-size: 26px;color: #111111;line-height: 1.2;text-align: left;font-family:Roboto;font-weight:400;font-style:normal\" class=\"vc_custom_heading\" >Rekabet\u00e7i oranlarda istikrarl\u0131, uzun vadeli finansmandan yararlan\u0131n<\/h2><div class=\"vc_empty_space\"   style=\"height: 20px\"><span class=\"vc_empty_space_inner\"><\/span><\/div>\n\t<div class=\"wpb_text_column wpb_content_element\" >\n\t\t<div class=\"wpb_wrapper\">\n\t\t\t<p>Wheel Restore, Danimarka h\u00fck\u00fcmeti taraf\u0131ndan desteklenen ve \u00f6zellikle ihracat faaliyetlerini desteklemek \u00fczere tasarlanm\u0131\u015f benzersiz bir finansman se\u00e7ene\u011fi sunmaktad\u0131r. Bu, m\u00fc\u015fterilere son derece rekabet\u00e7i oranlarda uzun vadeli, istikrarl\u0131 finansmana eri\u015fim de dahil olmak \u00fczere \u00f6nemli avantajlar sa\u011flayarak finansal y\u00fck\u00fc azalt\u0131r. Danimarka'n\u0131n g\u00fcvenilir ihracat kredi kurulu\u015funun deste\u011fiyle bu finansman \u00e7\u00f6z\u00fcm\u00fc, Wheel Restore ekipmanlar\u0131na g\u00fcvenle ve g\u00f6n\u00fcl rahatl\u0131\u011f\u0131yla yat\u0131r\u0131m yapman\u0131z\u0131 sa\u011flar.<\/p>\n\n\t\t<\/div>\n\t<\/div>\n<div class=\"vc_empty_space\"   style=\"height: 32px\"><span class=\"vc_empty_space_inner\"><\/span><\/div><\/div><\/div><\/div><div class=\"nm_column wpb_column vc_column_container col-sm-5 vc_col-sm-5\"><div class=\"vc_column-inner\"><div class=\"wpb_wrapper\">\n\t<div  class=\"wpb_single_image wpb_content_element vc_align_center\">\n\t\t\n\t\t<figure class=\"wpb_wrapper vc_figure\">\n\t\t\t<div class=\"vc_single_image-wrapper   vc_box_border_grey\"><img loading=\"lazy\" decoding=\"async\" width=\"850\" height=\"622\" src=\"https:\/\/wheelrestore.com\/wp-content\/uploads\/2024\/10\/EIFO-logo-web.webp\" class=\"vc_single_image-img attachment-full\" alt=\"\" title=\"EIFO-logo-web\" srcset=\"https:\/\/wheelrestore.com\/wp-content\/uploads\/2024\/10\/EIFO-logo-web.webp 850w, https:\/\/wheelrestore.com\/wp-content\/uploads\/2024\/10\/EIFO-logo-web-300x220.webp 300w, https:\/\/wheelrestore.com\/wp-content\/uploads\/2024\/10\/EIFO-logo-web-768x562.webp 768w, https:\/\/wheelrestore.com\/wp-content\/uploads\/2024\/10\/EIFO-logo-web-16x12.webp 16w\" sizes=\"auto, (max-width: 850px) 100vw, 850px\" \/><\/div>\n\t\t<\/figure>\n\t<\/div>\n<\/div><\/div><\/div><\/div><div class=\"nm-row nm-row-full-nopad vc_row wpb_row  vc_custom_1746698555710\"><div class=\"nm_column wpb_column vc_column_container col-sm-12 vc_col-sm-12\"><div class=\"vc_column-inner\"><div class=\"wpb_wrapper\"><div class=\"templatera_shortcode\"><p><\/p>\r\n<\/div><\/div><\/div><\/div><\/div><div class=\"nm-row nm-row-boxed vc_row wpb_row nm-row-flex nm-row-col-middle\"><div class=\"nm_column wpb_column vc_column_container col-sm-6 vc_col-sm-6\"><div class=\"vc_column-inner\"><div class=\"wpb_wrapper\"><h2 style=\"font-size: 26px;color: #010101;line-height: 1.2;text-align: center;font-family:Roboto;font-weight:500;font-style:normal\" class=\"vc_custom_heading\" >Nas\u0131l \u00e7al\u0131\u015f\u0131r<\/h2>\n\t<div  class=\"wpb_single_image wpb_content_element vc_align_left\">\n\t\t\n\t\t<figure class=\"wpb_wrapper vc_figure\">\n\t\t\t<div class=\"vc_single_image-wrapper   vc_box_border_grey\"><img loading=\"lazy\" decoding=\"async\" width=\"900\" height=\"500\" src=\"https:\/\/wheelrestore.com\/wp-content\/uploads\/2024\/10\/EIFO-animation-1.webp\" class=\"vc_single_image-img attachment-full\" alt=\"\" title=\"EIFO-animasyon\" srcset=\"https:\/\/wheelrestore.com\/wp-content\/uploads\/2024\/10\/EIFO-animation-1.webp 900w, https:\/\/wheelrestore.com\/wp-content\/uploads\/2024\/10\/EIFO-animation-1-300x167.webp 300w, https:\/\/wheelrestore.com\/wp-content\/uploads\/2024\/10\/EIFO-animation-1-768x427.webp 768w, https:\/\/wheelrestore.com\/wp-content\/uploads\/2024\/10\/EIFO-animation-1-18x10.webp 18w\" sizes=\"auto, (max-width: 900px) 100vw, 900px\" \/><\/div>\n\t\t<\/figure>\n\t<\/div>\n<\/div><\/div><\/div><div class=\"nm_column wpb_column vc_column_container col-sm-6 vc_col-sm-6 vc_custom_1729158553628\"><div class=\"vc_column-inner\"><div class=\"wpb_wrapper\">\n\t<div class=\"wpb_text_column wpb_content_element\" >\n\t\t<div class=\"wpb_wrapper\">\n\t\t\t<p><strong>1. Bankam\u0131zdan Kredi<\/strong><br \/>\nSat\u0131n alma i\u015fleminiz i\u00e7in size en az 181 g\u00fcnl\u00fck \u00f6deme s\u00fcresi sa\u011flayan bir kredi limiti sunmak \u00fczere bankam\u0131zla birlikte \u00e7al\u0131\u015f\u0131yoruz. Daha uzun vadeli se\u00e7enekler i\u00e7in, finansman anla\u015fmalar\u0131m\u0131z\u0131n \u00e7o\u011fu 3 ila 5 y\u0131ll\u0131k bir geri \u00f6deme s\u00fcresi sunar. Ancak bunu m\u00fcmk\u00fcn k\u0131lmak i\u00e7in bankam\u0131z \u00f6deme garantisi talep etmektedir.<\/p>\n<p><strong>2. EIFO ile Risk Kapsam\u0131<\/strong><br \/>\nEIFO, bankan\u0131n riskini kar\u015f\u0131layan bir garanti sa\u011flayarak devreye girer. Bu, bankan\u0131n size kredi vermesini sa\u011flayarak sat\u0131n alma i\u015flemini finanse etmenizi kolayla\u015ft\u0131r\u0131r.<\/p>\n<p><strong>3. Sorunsuz Onay<\/strong><br \/>\nBankam\u0131z EIFO arac\u0131l\u0131\u011f\u0131yla online olarak teminat ba\u015fvurusunda bulunarak h\u0131zl\u0131 bir s\u00fcre\u00e7 sa\u011flar, b\u00f6ylece \u00fcr\u00fcn\u00fc gecikmeden teslim alabilirsiniz. EIFO, mali tablolar\u0131n\u0131za dayanarak kredi itibar\u0131n\u0131z\u0131 de\u011ferlendirecek ve sorunsuz bir i\u015flem sa\u011flayacakt\u0131r.<\/p>\n\n\t\t<\/div>\n\t<\/div>\n<\/div><\/div><\/div><\/div><div class=\"nm-row nm-row-boxed vc_row wpb_row nm-row-flex nm-row-equal-height  vc_custom_1729158253684\"><div class=\"nm_column wpb_column vc_column_container col-sm-4 vc_col-sm-4 vc_custom_1729499204055\"><div class=\"vc_column-inner\"><div class=\"wpb_wrapper\"><h3 style=\"font-size: 22px;color: #111111;line-height: 1.2;text-align: left;font-family:Roboto;font-weight:500;font-style:normal\" class=\"vc_custom_heading\" >\u0130\u015fe Al\u0131m S\u00fcreci<\/h3><div class=\"vc_empty_space\"   style=\"height: 20px\"><span class=\"vc_empty_space_inner\"><\/span><\/div><h3 style=\"font-size: 16px;color: #111111;line-height: 1.5;text-align: left;font-family:Roboto;font-weight:400;font-style:normal\" class=\"vc_custom_heading\" >Son 3 y\u0131ll\u0131k mali tablolar\u0131n sunulmas\u0131.<\/h3><div class=\"vc_empty_space\"   style=\"height: 20px\"><span class=\"vc_empty_space_inner\"><\/span><\/div><h3 style=\"font-size: 16px;color: #111111;line-height: 1.5;text-align: left;font-family:Roboto;font-weight:400;font-style:normal\" class=\"vc_custom_heading\" >Finansman miktar\u0131n\u0131 ve s\u00fcresini kesinle\u015ftirmek i\u00e7in ortak bir toplant\u0131.<\/h3><div class=\"vc_empty_space\"   style=\"height: 20px\"><span class=\"vc_empty_space_inner\"><\/span><\/div><h3 style=\"font-size: 22px;color: #111111;line-height: 1.2;text-align: left;font-family:Roboto;font-weight:500;font-style:normal\" class=\"vc_custom_heading\" >Maliyetlendirme<\/h3><div class=\"vc_empty_space\"   style=\"height: 20px\"><span class=\"vc_empty_space_inner\"><\/span><\/div><h3 style=\"font-size: 16px;color: #111111;line-height: 1.2;text-align: left;font-family:Roboto;font-weight:500;font-style:normal\" class=\"vc_custom_heading\" >EURIBOR + 2,20% (g\u00f6sterge faiz oran\u0131) \u00fczerinden finansman<\/h3><div class=\"vc_empty_space\"   style=\"height: 20px\"><span class=\"vc_empty_space_inner\"><\/span><\/div><h3 style=\"font-size: 16px;color: #111111;line-height: 1.2;text-align: left;font-family:Roboto;font-weight:500;font-style:normal\" class=\"vc_custom_heading\" >Tek seferlik risk primi<\/h3><div class=\"vc_empty_space\"   style=\"height: 5px\"><span class=\"vc_empty_space_inner\"><\/span><\/div><h3 style=\"font-size: 16px;color: #6b6b6b;line-height: 1.5;text-align: left;font-family:Roboto;font-weight:400;font-style:normal\" class=\"vc_custom_heading\" >Garanti i\u00e7in EIFO'ya bir risk primi \u00f6dersiniz. Bu tek seferlik prim, \u015firketinizin kredibilitesine, mali analizin ard\u0131ndan verdi\u011fimiz dereceye, \u00fclkenizdeki siyasi duruma ve de\u011ferlendirilen \u00fclke riskine g\u00f6re hesaplan\u0131r. Prim ayr\u0131ca kredi s\u00fcresini de dikkate al\u0131r.<\/h3><\/div><\/div><\/div><div class=\"nm_column wpb_column vc_column_container col-sm-4 vc_col-sm-4 vc_custom_1729159150887\"><div class=\"vc_column-inner\"><div class=\"wpb_wrapper\"><h3 style=\"font-size: 22px;color: #111111;line-height: 1.2;text-align: left;font-family:Roboto;font-weight:500;font-style:normal\" class=\"vc_custom_heading\" >Sizin i\u00e7in avantajlar\u0131<\/h3><div class=\"vc_empty_space\"   style=\"height: 20px\"><span class=\"vc_empty_space_inner\"><\/span><\/div>\n\t<div class=\"wpb_text_column wpb_content_element\" >\n\t\t<div class=\"wpb_wrapper\">\n\t\t\t<p><strong>Rekabet Ko\u015fullar\u0131<\/strong>: EIFO riski \u00fcstlenerek Danimarka'daki al\u0131mlar\u0131n\u0131z i\u00e7in cazip ko\u015fullar alt\u0131nda uzun vadeli finansman sa\u011flaman\u0131za olanak tan\u0131r.<br \/>\n<strong>\u0130stikrarl\u0131 \u00d6demeler<\/strong>: Nakit ak\u0131\u015f\u0131 y\u00f6netimini geli\u015ftiren \u00f6ng\u00f6r\u00fclebilir alt\u0131 ayl\u0131k taksitlerin keyfini \u00e7\u0131kar\u0131n.<br \/>\n<strong>AAA Dereceli Destek<\/strong>: AAA dereceli Danimarka devlet deste\u011finin g\u00fcvenli\u011finden yararlanarak finansman d\u00fczenlemelerinize g\u00fcven duyman\u0131z\u0131 sa\u011flar.<\/p>\n\n\t\t<\/div>\n\t<\/div>\n<\/div><\/div><\/div><div class=\"nm_column wpb_column vc_column_container col-sm-4 vc_col-sm-4 vc_custom_1729166743714\"><div class=\"vc_column-inner\"><div class=\"wpb_wrapper\"><h3 style=\"font-size: 22px;color: #111111;line-height: 1.2;text-align: left;font-family:Roboto;font-weight:500;font-style:normal\" class=\"vc_custom_heading\" >Ne gerekiyor?<\/h3><div class=\"vc_empty_space\"   style=\"height: 20px\"><span class=\"vc_empty_space_inner\"><\/span><\/div>\n\t<div class=\"wpb_text_column wpb_content_element\" >\n\t\t<div class=\"wpb_wrapper\">\n\t\t\t<p><strong>3 Y\u0131ll\u0131k \u00c7al\u0131\u015fma<\/strong>: \u0130\u015fletmenizin en az 3 y\u0131ld\u0131r faaliyette olmas\u0131 ve son \u00fc\u00e7 y\u0131ll\u0131k raporun incelemeye haz\u0131r olmas\u0131 gerekir.<br \/>\n<strong>Pozitif FAV\u00d6K Trendi<\/strong>: \u015eirketin son \u00fc\u00e7 y\u0131lda pozitif bir FAV\u00d6K trendi g\u00f6stermesi, finansal sa\u011fl\u0131k ve karl\u0131l\u0131k sergilemesi gerekmektedir.<br \/>\n<strong>15% Pe\u015finat<\/strong>: Finansman s\u00fcrecini ba\u015flatmak i\u00e7in s\u00f6zle\u015fme bedelinin minimum 15%'si tutar\u0131nda pe\u015finat \u00f6denmesi gerekmektedir.<br \/>\n<strong>\u00d6zkaynak Oran\u0131: <\/strong>\u015eirketin, s\u00f6zle\u015fme de\u011ferinin 85%'si olan finanse edilen tutar\u0131n 3 kat\u0131n\u0131 a\u015fan \u00f6zkaynak seviyelerine sahip olmas\u0131 gerekir. Bu, finansal istikrar\u0131 sa\u011flar ve riski en aza indirir<br \/>\n<strong>Kredibilite<\/strong>: EIFO, mali tablolara ve ek belgelere dayanarak i\u015fletmenizin kredibilitesini de\u011ferlendirecektir.<\/p>\n\n\t\t<\/div>\n\t<\/div>\n<\/div><\/div><\/div><\/div><div class=\"nm-row nm-row-boxed vc_row wpb_row  vc_custom_1729163584148\"><div class=\"nm_column wpb_column vc_column_container col-sm-12 vc_col-sm-12\"><div class=\"vc_column-inner\"><div class=\"wpb_wrapper\"><h4 style=\"font-size: 14px;color: #111111;line-height: 1.4;text-align: left;font-family:Roboto;font-weight:300;font-style:italic\" class=\"vc_custom_heading\" >EIFO, Danimarka'n\u0131n ulusal tan\u0131t\u0131m bankas\u0131 ve ihracat kredi ajans\u0131n\u0131n tek bir finansal kurumda birle\u015fmi\u015f halidir. K\u00fcresel bir perspektife ve AAA kredi notuna sahip devlete ait bir finans kurumu olan EIFO, Danimarkal\u0131 \u015firketler ve onlar\u0131n d\u00fcnya \u00e7ap\u0131ndaki ortaklar\u0131 aras\u0131nda yeni giri\u015fimler ve ticaret i\u00e7in itici bir g\u00fc\u00e7 ve kolayla\u015ft\u0131r\u0131c\u0131 olarak hareket etmektedir. EIFO'nun 5.000'den fazla m\u00fc\u015fterisi ve yakla\u015f\u0131k 20 milyar Euro'luk toplam i\u015f hacmi bulunmaktad\u0131r. Finansman konusunda risk alma iste\u011fimizle EIFO, daha b\u00fcy\u00fck d\u00fc\u015f\u00fcnmeye cesaret edenlerin \u00f6n\u00fcn\u00fc a\u00e7maktad\u0131r. \u00c7\u00fcnk\u00fc d\u00fcnya Danimarka'n\u0131n i\u015fidir.<\/h4><\/div><\/div><\/div><\/div><div class=\"nm-row nm-row-full-nopad vc_row wpb_row  vc_custom_1698140593128\"><div class=\"nm_column wpb_column vc_column_container col-sm-12 vc_col-sm-12\"><div class=\"vc_column-inner\"><div class=\"wpb_wrapper\"><div class=\"vc_empty_space\"   style=\"height: 38px\"><span class=\"vc_empty_space_inner\"><\/span><\/div><div class=\"nm-row nm-row-boxed inner\"><div class=\"nm_column nm_column_inner col-sm-12 vc_col-sm-12\"><div class=\"wpb_wrapper\"><h2 style=\"font-size: 28px;line-height: 36px;text-align: center\" class=\"vc_custom_heading\" >Finansman Onay\u0131n\u0131z \u0130\u00e7in A\u015fa\u011f\u0131dan Ba\u015fvurun<\/h2><\/div><\/div><\/div>\n\t<div class=\"wpb_raw_code wpb_content_element wpb_raw_html\" >\n\t\t<div class=\"wpb_wrapper\">\n\t\t\t<iframe loading=\"lazy\" style=\"display: block; background: #000; border: none; height: 690px; width: 100%;\" title=\"K\u0130RALAMA\" src=\"https:\/\/wheelrestore-785d8.web.app\" width=\"100%\" height=\"100%\"><\/iframe>\n\t\t<\/div>\n\t<\/div>\n<\/div><\/div><\/div><\/div>\n<\/div>","protected":false},"excerpt":{"rendered":"","protected":false},"author":1,"featured_media":0,"parent":0,"menu_order":0,"comment_status":"closed","ping_status":"closed","template":"templates\/page-full.php","meta":{"content-type":"","footnotes":""},"class_list":["post-88","page","type-page","status-publish","hentry"],"yoast_head":"<!-- This site is optimized with the Yoast SEO Premium plugin v21.4 (Yoast SEO v27.4) - https:\/\/yoast.com\/product\/yoast-seo-premium-wordpress\/ -->\n<title>Flexible Financing Solutions for Wheel Restore Products<\/title>\n<meta name=\"description\" content=\"Discover flexible financing options for Wheel Restore equipment. Invest with confidence and peace of mind. Start with a custom plan.\" \/>\n<meta name=\"robots\" content=\"index, follow, max-snippet:-1, max-image-preview:large, max-video-preview:-1\" \/>\n<link rel=\"canonical\" href=\"https:\/\/wheelrestore.com\/tr\/financing\/\" \/>\n<meta property=\"og:locale\" content=\"tr_TR\" \/>\n<meta property=\"og:type\" content=\"article\" \/>\n<meta property=\"og:title\" content=\"Financing\" \/>\n<meta property=\"og:description\" content=\"Discover flexible financing options for Wheel Restore equipment. Invest with confidence and peace of mind. Start with a custom plan.\" \/>\n<meta property=\"og:url\" content=\"https:\/\/wheelrestore.com\/tr\/financing\/\" \/>\n<meta property=\"og:site_name\" content=\"WheelRestore\" \/>\n<meta property=\"article:modified_time\" content=\"2025-05-08T10:02:58+00:00\" \/>\n<meta name=\"twitter:card\" content=\"summary_large_image\" \/>\n<meta name=\"twitter:label1\" content=\"Tahmini okuma s\u00fcresi\" \/>\n\t<meta name=\"twitter:data1\" content=\"5 dakika\" \/>\n<script type=\"application\/ld+json\" class=\"yoast-schema-graph\">{\"@context\":\"https:\\\/\\\/schema.org\",\"@graph\":[{\"@type\":\"WebPage\",\"@id\":\"https:\\\/\\\/wheelrestore.com\\\/financing\\\/\",\"url\":\"https:\\\/\\\/wheelrestore.com\\\/financing\\\/\",\"name\":\"Flexible Financing Solutions for Wheel Restore Products\",\"isPartOf\":{\"@id\":\"https:\\\/\\\/wheelrestore.com\\\/#website\"},\"datePublished\":\"2023-10-23T21:40:27+00:00\",\"dateModified\":\"2025-05-08T10:02:58+00:00\",\"description\":\"Discover flexible financing options for Wheel Restore equipment. Invest with confidence and peace of mind. Start with a custom plan.\",\"breadcrumb\":{\"@id\":\"https:\\\/\\\/wheelrestore.com\\\/financing\\\/#breadcrumb\"},\"inLanguage\":\"tr\",\"potentialAction\":[{\"@type\":\"ReadAction\",\"target\":[\"https:\\\/\\\/wheelrestore.com\\\/financing\\\/\"]}]},{\"@type\":\"BreadcrumbList\",\"@id\":\"https:\\\/\\\/wheelrestore.com\\\/financing\\\/#breadcrumb\",\"itemListElement\":[{\"@type\":\"ListItem\",\"position\":1,\"name\":\"Home\",\"item\":\"https:\\\/\\\/wheelrestore.com\\\/\"},{\"@type\":\"ListItem\",\"position\":2,\"name\":\"Financing\"}]},{\"@type\":\"WebSite\",\"@id\":\"https:\\\/\\\/wheelrestore.com\\\/#website\",\"url\":\"https:\\\/\\\/wheelrestore.com\\\/\",\"name\":\"WheelRestore\",\"description\":\"\",\"potentialAction\":[{\"@type\":\"SearchAction\",\"target\":{\"@type\":\"EntryPoint\",\"urlTemplate\":\"https:\\\/\\\/wheelrestore.com\\\/?s={search_term_string}\"},\"query-input\":{\"@type\":\"PropertyValueSpecification\",\"valueRequired\":true,\"valueName\":\"search_term_string\"}}],\"inLanguage\":\"tr\"}]}<\/script>\n<!-- \/ Yoast SEO Premium plugin. -->","yoast_head_json":{"title":"Wheel Restore \u00dcr\u00fcnleri i\u00e7in Esnek Finansman \u00c7\u00f6z\u00fcmleri","description":"Wheel Restore ekipman\u0131 i\u00e7in esnek finansman se\u00e7eneklerini ke\u015ffedin. G\u00fcvenle ve g\u00f6n\u00fcl rahatl\u0131\u011f\u0131yla yat\u0131r\u0131m yap\u0131n. \u00d6zel bir planla ba\u015flay\u0131n.","robots":{"index":"index","follow":"follow","max-snippet":"max-snippet:-1","max-image-preview":"max-image-preview:large","max-video-preview":"max-video-preview:-1"},"canonical":"https:\/\/wheelrestore.com\/tr\/financing\/","og_locale":"tr_TR","og_type":"article","og_title":"Financing","og_description":"Discover flexible financing options for Wheel Restore equipment. Invest with confidence and peace of mind. Start with a custom plan.","og_url":"https:\/\/wheelrestore.com\/tr\/financing\/","og_site_name":"WheelRestore","article_modified_time":"2025-05-08T10:02:58+00:00","twitter_card":"summary_large_image","twitter_misc":{"Tahmini okuma s\u00fcresi":"5 dakika"},"schema":{"@context":"https:\/\/schema.org","@graph":[{"@type":"WebPage","@id":"https:\/\/wheelrestore.com\/financing\/","url":"https:\/\/wheelrestore.com\/financing\/","name":"Wheel Restore \u00dcr\u00fcnleri i\u00e7in Esnek Finansman \u00c7\u00f6z\u00fcmleri","isPartOf":{"@id":"https:\/\/wheelrestore.com\/#website"},"datePublished":"2023-10-23T21:40:27+00:00","dateModified":"2025-05-08T10:02:58+00:00","description":"Wheel Restore ekipman\u0131 i\u00e7in esnek finansman se\u00e7eneklerini ke\u015ffedin. G\u00fcvenle ve g\u00f6n\u00fcl rahatl\u0131\u011f\u0131yla yat\u0131r\u0131m yap\u0131n. \u00d6zel bir planla ba\u015flay\u0131n.","breadcrumb":{"@id":"https:\/\/wheelrestore.com\/financing\/#breadcrumb"},"inLanguage":"tr","potentialAction":[{"@type":"ReadAction","target":["https:\/\/wheelrestore.com\/financing\/"]}]},{"@type":"BreadcrumbList","@id":"https:\/\/wheelrestore.com\/financing\/#breadcrumb","itemListElement":[{"@type":"ListItem","position":1,"name":"Home","item":"https:\/\/wheelrestore.com\/"},{"@type":"ListItem","position":2,"name":"Financing"}]},{"@type":"WebSite","@id":"https:\/\/wheelrestore.com\/#website","url":"https:\/\/wheelrestore.com\/","name":"WheelRestore","description":"","potentialAction":[{"@type":"SearchAction","target":{"@type":"EntryPoint","urlTemplate":"https:\/\/wheelrestore.com\/?s={search_term_string}"},"query-input":{"@type":"PropertyValueSpecification","valueRequired":true,"valueName":"search_term_string"}}],"inLanguage":"tr"}]}},"_links":{"self":[{"href":"https:\/\/wheelrestore.com\/tr\/wp-json\/wp\/v2\/pages\/88","targetHints":{"allow":["GET"]}}],"collection":[{"href":"https:\/\/wheelrestore.com\/tr\/wp-json\/wp\/v2\/pages"}],"about":[{"href":"https:\/\/wheelrestore.com\/tr\/wp-json\/wp\/v2\/types\/page"}],"author":[{"embeddable":true,"href":"https:\/\/wheelrestore.com\/tr\/wp-json\/wp\/v2\/users\/1"}],"replies":[{"embeddable":true,"href":"https:\/\/wheelrestore.com\/tr\/wp-json\/wp\/v2\/comments?post=88"}],"version-history":[{"count":29,"href":"https:\/\/wheelrestore.com\/tr\/wp-json\/wp\/v2\/pages\/88\/revisions"}],"predecessor-version":[{"id":2193,"href":"https:\/\/wheelrestore.com\/tr\/wp-json\/wp\/v2\/pages\/88\/revisions\/2193"}],"wp:attachment":[{"href":"https:\/\/wheelrestore.com\/tr\/wp-json\/wp\/v2\/media?parent=88"}],"curies":[{"name":"wp","href":"https:\/\/api.w.org\/{rel}","templated":true}]}}