{"id":92,"date":"2023-10-23T21:40:43","date_gmt":"2023-10-23T21:40:43","guid":{"rendered":"https:\/\/wheelrestore.com\/?page_id=92"},"modified":"2025-05-08T10:45:38","modified_gmt":"2025-05-08T10:45:38","slug":"katalog","status":"publish","type":"page","link":"https:\/\/wheelrestore.com\/tr\/katalog\/","title":{"rendered":"Katalog"},"content":{"rendered":"<div class=\"wpb-content-wrapper\"><div class=\"nm-row nm-row-boxed vc_row wpb_row  vc_custom_1698308021400\"><div class=\"nm_column wpb_column vc_column_container col-sm-12 vc_col-sm-12\"><div class=\"vc_column-inner\"><div class=\"wpb_wrapper\"><!-- start breadcrumbs -->\n\n\t\t\t<p id=\"breadcrumbs\">\n    <span><span><a href=\"https:\/\/wheelrestore.com\/tr\/\">Ev<\/a><\/span><\/span>\n<\/p>\n\t\t\t<!-- end breadcrumbs --><\/div><\/div><\/div><\/div><div class=\"nm-row nm-row-boxed vc_row wpb_row nm-row-flex nm-row-col-middle\"><div class=\"nm_column wpb_column vc_column_container col-sm-4 vc_col-sm-4\"><div class=\"vc_column-inner\"><div class=\"wpb_wrapper\"><div class=\"vc_empty_space\"   style=\"height: 15px\"><span class=\"vc_empty_space_inner\"><\/span><\/div><h1 style=\"font-size: 34px;line-height: 1.1;text-align: left;font-family:Roboto;font-weight:900;font-style:normal\" class=\"vc_custom_heading\" >TEKERLEK YENILEME KATALO\u011eU<\/h1><div class=\"vc_empty_space\"   style=\"height: 15px\"><span class=\"vc_empty_space_inner\"><\/span><\/div><\/div><\/div><\/div><div class=\"nm_column wpb_column vc_column_container col-sm-8 vc_col-sm-8\"><div class=\"vc_column-inner\"><div class=\"wpb_wrapper\"><div class=\"vc_empty_space\"   style=\"height: 15px\"><span class=\"vc_empty_space_inner\"><\/span><\/div>\n\t<div class=\"wpb_text_column wpb_content_element\" >\n\t\t<div class=\"wpb_wrapper\">\n\t\t\t<p>T\u00fcm ala\u015f\u0131m jant onar\u0131m ve yenileme ekipmanlar\u0131m\u0131z\u0131 ke\u015ffetmek i\u00e7in Wheel Restore \u00fcr\u00fcn katalo\u011funun tamam\u0131na g\u00f6z at\u0131n. Her \u00fcr\u00fcn listesi, i\u015fletmeniz i\u00e7in do\u011fru \u00e7\u00f6z\u00fcm\u00fc se\u00e7menize yard\u0131mc\u0131 olacak g\u00fcncel teknik \u00f6zellikleri, \u00f6zellikleri ve se\u00e7enekleri i\u00e7erir.<\/p>\n\n\t\t<\/div>\n\t<\/div>\n<div class=\"vc_empty_space\"   style=\"height: 15px\"><span class=\"vc_empty_space_inner\"><\/span><\/div><\/div><\/div><\/div><\/div><div class=\"nm-row nm-row-full-nopad vc_row wpb_row\"><div class=\"nm_column wpb_column vc_column_container col-sm-12 vc_col-sm-12\"><div class=\"vc_column-inner\"><div class=\"wpb_wrapper\"><div class=\"vc_empty_space\"   style=\"height: 30px\"><span class=\"vc_empty_space_inner\"><\/span><\/div><\/div><\/div><\/div><\/div><div class=\"nm-row nm-row-boxed vc_row wpb_row  vc_custom_1698996061342\"><div class=\"nm_column wpb_column vc_column_container col-sm-12 vc_col-sm-12\"><div class=\"vc_column-inner\"><div class=\"wpb_wrapper\">\n\t<div class=\"wpb_text_column wpb_content_element\" >\n\t\t<div class=\"wpb_wrapper\">\n\t\t\t<div style=\"position: relative; padding-bottom: 56.25%; height: 0; overflow: hidden; max-width: 100%;\" data-page-width=\"452\" data-page-height=\"640\"><iframe style=\"position: absolute; top: 0; left: 0; width: 100%; height: 100%;\" src=\"https:\/\/www.yumpu.com\/en\/embed\/view\/w0rOC1hTZWYy5GUR\" frameborder=\"0\" allowfullscreen=\"allowfullscreen\"><\/iframe><\/div>\n\n\t\t<\/div>\n\t<\/div>\n<\/div><\/div><\/div><\/div><div class=\"nm-row nm-row-boxed vc_row wpb_row\"><div class=\"nm_column wpb_column vc_column_container col-sm-12 vc_col-sm-12\"><div class=\"vc_column-inner\"><div class=\"wpb_wrapper\"><h2 style=\"font-size: 18px;color: #111111;line-height: 1.2;text-align: center;font-family:Roboto;font-weight:400;font-style:normal\" class=\"vc_custom_heading\" ><a href=\"https:\/\/www.yumpu.com\/en\/document\/read\/63573629\/alloy-wheel-restore-catalogue\" title=\"Wheel Restore Katalog Okuyucu\">Tekerlek Geri Y\u00fckleme Katalo\u011fu (\u00e7evirmeli versiyon)<\/a><\/h2><\/div><\/div><\/div><\/div><div class=\"nm-row nm-row-full vc_row wpb_row\"><div class=\"nm_column wpb_column vc_column_container col-sm-12 vc_col-sm-12\"><div class=\"vc_column-inner\"><div class=\"wpb_wrapper\"><div class=\"vc_empty_space\"   style=\"height: 60px\"><span class=\"vc_empty_space_inner\"><\/span><\/div><\/div><\/div><\/div><\/div><div class=\"nm-row nm-row-full-nopad vc_row wpb_row\"><div class=\"nm_column wpb_column vc_column_container col-sm-12 vc_col-sm-12\"><div class=\"vc_column-inner\"><div class=\"wpb_wrapper\"><div class=\"templatera_shortcode\"><p><\/p>\r\n<\/div><\/div><\/div><\/div><\/div>\n<\/div>","protected":false},"excerpt":{"rendered":"","protected":false},"author":1,"featured_media":0,"parent":0,"menu_order":0,"comment_status":"closed","ping_status":"closed","template":"templates\/page-full.php","meta":{"content-type":"","footnotes":""},"class_list":["post-92","page","type-page","status-publish","hentry"],"yoast_head":"<!-- This site is optimized with the Yoast SEO Premium plugin v21.4 (Yoast SEO v27.4) - https:\/\/yoast.com\/product\/yoast-seo-premium-wordpress\/ -->\n<title>Wheel Restore Product Catalogue<\/title>\n<meta name=\"description\" content=\"Explore the full Wheel Restore product catalogue featuring our updated product range with technical spcifications. View online or download.\" \/>\n<meta name=\"robots\" content=\"index, follow, max-snippet:-1, max-image-preview:large, max-video-preview:-1\" \/>\n<link rel=\"canonical\" href=\"https:\/\/wheelrestore.com\/tr\/katalog\/\" \/>\n<meta property=\"og:locale\" content=\"tr_TR\" \/>\n<meta property=\"og:type\" content=\"article\" \/>\n<meta property=\"og:title\" content=\"Catalogue\" \/>\n<meta property=\"og:description\" content=\"Explore the full Wheel Restore product catalogue featuring our updated product range with technical spcifications. View online or download.\" \/>\n<meta property=\"og:url\" content=\"https:\/\/wheelrestore.com\/tr\/katalog\/\" \/>\n<meta property=\"og:site_name\" content=\"WheelRestore\" \/>\n<meta property=\"article:modified_time\" content=\"2025-05-08T10:45:38+00:00\" \/>\n<meta name=\"twitter:card\" content=\"summary_large_image\" \/>\n<meta name=\"twitter:label1\" content=\"Tahmini okuma s\u00fcresi\" \/>\n\t<meta name=\"twitter:data1\" content=\"1 dakika\" \/>\n<script type=\"application\/ld+json\" class=\"yoast-schema-graph\">{\"@context\":\"https:\\\/\\\/schema.org\",\"@graph\":[{\"@type\":\"WebPage\",\"@id\":\"https:\\\/\\\/wheelrestore.com\\\/catalogue\\\/\",\"url\":\"https:\\\/\\\/wheelrestore.com\\\/catalogue\\\/\",\"name\":\"Wheel Restore Product Catalogue\",\"isPartOf\":{\"@id\":\"https:\\\/\\\/wheelrestore.com\\\/#website\"},\"datePublished\":\"2023-10-23T21:40:43+00:00\",\"dateModified\":\"2025-05-08T10:45:38+00:00\",\"description\":\"Explore the full Wheel Restore product catalogue featuring our updated product range with technical spcifications. View online or download.\",\"breadcrumb\":{\"@id\":\"https:\\\/\\\/wheelrestore.com\\\/catalogue\\\/#breadcrumb\"},\"inLanguage\":\"tr\",\"potentialAction\":[{\"@type\":\"ReadAction\",\"target\":[\"https:\\\/\\\/wheelrestore.com\\\/catalogue\\\/\"]}]},{\"@type\":\"BreadcrumbList\",\"@id\":\"https:\\\/\\\/wheelrestore.com\\\/catalogue\\\/#breadcrumb\",\"itemListElement\":[{\"@type\":\"ListItem\",\"position\":1,\"name\":\"Home\",\"item\":\"https:\\\/\\\/wheelrestore.com\\\/\"},{\"@type\":\"ListItem\",\"position\":2,\"name\":\"Catalogue\"}]},{\"@type\":\"WebSite\",\"@id\":\"https:\\\/\\\/wheelrestore.com\\\/#website\",\"url\":\"https:\\\/\\\/wheelrestore.com\\\/\",\"name\":\"WheelRestore\",\"description\":\"\",\"potentialAction\":[{\"@type\":\"SearchAction\",\"target\":{\"@type\":\"EntryPoint\",\"urlTemplate\":\"https:\\\/\\\/wheelrestore.com\\\/?s={search_term_string}\"},\"query-input\":{\"@type\":\"PropertyValueSpecification\",\"valueRequired\":true,\"valueName\":\"search_term_string\"}}],\"inLanguage\":\"tr\"}]}<\/script>\n<!-- \/ Yoast SEO Premium plugin. -->","yoast_head_json":{"title":"Wheel Restore \u00dcr\u00fcn Katalo\u011fu","description":"Teknik \u00f6zellikleriyle birlikte g\u00fcncellenmi\u015f \u00fcr\u00fcn yelpazemizi i\u00e7eren Wheel Restore \u00fcr\u00fcn katalo\u011funun tamam\u0131n\u0131 ke\u015ffedin. \u00c7evrimi\u00e7i g\u00f6r\u00fcnt\u00fcleyin veya indirin.","robots":{"index":"index","follow":"follow","max-snippet":"max-snippet:-1","max-image-preview":"max-image-preview:large","max-video-preview":"max-video-preview:-1"},"canonical":"https:\/\/wheelrestore.com\/tr\/katalog\/","og_locale":"tr_TR","og_type":"article","og_title":"Catalogue","og_description":"Explore the full Wheel Restore product catalogue featuring our updated product range with technical spcifications. View online or download.","og_url":"https:\/\/wheelrestore.com\/tr\/katalog\/","og_site_name":"WheelRestore","article_modified_time":"2025-05-08T10:45:38+00:00","twitter_card":"summary_large_image","twitter_misc":{"Tahmini okuma s\u00fcresi":"1 dakika"},"schema":{"@context":"https:\/\/schema.org","@graph":[{"@type":"WebPage","@id":"https:\/\/wheelrestore.com\/catalogue\/","url":"https:\/\/wheelrestore.com\/catalogue\/","name":"Wheel Restore \u00dcr\u00fcn Katalo\u011fu","isPartOf":{"@id":"https:\/\/wheelrestore.com\/#website"},"datePublished":"2023-10-23T21:40:43+00:00","dateModified":"2025-05-08T10:45:38+00:00","description":"Teknik \u00f6zellikleriyle birlikte g\u00fcncellenmi\u015f \u00fcr\u00fcn yelpazemizi i\u00e7eren Wheel Restore \u00fcr\u00fcn katalo\u011funun tamam\u0131n\u0131 ke\u015ffedin. \u00c7evrimi\u00e7i g\u00f6r\u00fcnt\u00fcleyin veya indirin.","breadcrumb":{"@id":"https:\/\/wheelrestore.com\/catalogue\/#breadcrumb"},"inLanguage":"tr","potentialAction":[{"@type":"ReadAction","target":["https:\/\/wheelrestore.com\/catalogue\/"]}]},{"@type":"BreadcrumbList","@id":"https:\/\/wheelrestore.com\/catalogue\/#breadcrumb","itemListElement":[{"@type":"ListItem","position":1,"name":"Home","item":"https:\/\/wheelrestore.com\/"},{"@type":"ListItem","position":2,"name":"Catalogue"}]},{"@type":"WebSite","@id":"https:\/\/wheelrestore.com\/#website","url":"https:\/\/wheelrestore.com\/","name":"WheelRestore","description":"","potentialAction":[{"@type":"SearchAction","target":{"@type":"EntryPoint","urlTemplate":"https:\/\/wheelrestore.com\/?s={search_term_string}"},"query-input":{"@type":"PropertyValueSpecification","valueRequired":true,"valueName":"search_term_string"}}],"inLanguage":"tr"}]}},"_links":{"self":[{"href":"https:\/\/wheelrestore.com\/tr\/wp-json\/wp\/v2\/pages\/92","targetHints":{"allow":["GET"]}}],"collection":[{"href":"https:\/\/wheelrestore.com\/tr\/wp-json\/wp\/v2\/pages"}],"about":[{"href":"https:\/\/wheelrestore.com\/tr\/wp-json\/wp\/v2\/types\/page"}],"author":[{"embeddable":true,"href":"https:\/\/wheelrestore.com\/tr\/wp-json\/wp\/v2\/users\/1"}],"replies":[{"embeddable":true,"href":"https:\/\/wheelrestore.com\/tr\/wp-json\/wp\/v2\/comments?post=92"}],"version-history":[{"count":15,"href":"https:\/\/wheelrestore.com\/tr\/wp-json\/wp\/v2\/pages\/92\/revisions"}],"predecessor-version":[{"id":2195,"href":"https:\/\/wheelrestore.com\/tr\/wp-json\/wp\/v2\/pages\/92\/revisions\/2195"}],"wp:attachment":[{"href":"https:\/\/wheelrestore.com\/tr\/wp-json\/wp\/v2\/media?parent=92"}],"curies":[{"name":"wp","href":"https:\/\/api.w.org\/{rel}","templated":true}]}}